{"id":105512,"date":"2025-07-02T16:28:01","date_gmt":"2025-07-02T13:28:02","guid":{"rendered":"https:\/\/www.miil.ee\/?post_type=product&#038;p=105512"},"modified":"2025-07-02T16:44:39","modified_gmt":"2025-07-02T13:44:39","slug":"mafi-traileri","status":"publish","type":"product","link":"https:\/\/miil.dev.almic.ee\/fi\/toode\/mafi-traileri\/","title":{"rendered":"MAFI traileri"},"content":{"rendered":"<h1 data-start=\"0\" data-end=\"17\"><strong data-start=\"0\" data-end=\"17\">MAFI-traileri<\/strong><\/h1>\n<p data-start=\"19\" data-end=\"597\">MAFI-traileri, tunnetaan my\u00f6s nimell\u00e4 rullavaunu, on raskaan k\u00e4yt\u00f6n tasopintainen ja moottoroimaton kuljetusalusta, jota k\u00e4ytet\u00e4\u00e4n ensisijaisesti satamissa ja teollisuusymp\u00e4rist\u00f6iss\u00e4 suurikokoisen tai raskaan tavaran siirt\u00e4miseen. Se on suunniteltu k\u00e4ytett\u00e4v\u00e4ksi vetotraktorien tai terminaalitraktorien kanssa, ja se on olennainen ratkaisu ylikokoisten tai paikallaan olevien kuormien k\u00e4sittelyyn, joita ei voida siirt\u00e4\u00e4 tavallisissa konteissa. Trailerit ovat yleens\u00e4 6\u201319 metrin pituisia, ja ne on rakennettu ter\u00e4srungolla sek\u00e4 kovapuusta tai ter\u00e4ksest\u00e4 valmistetulla kannella.<\/p>\n<p data-start=\"599\" data-end=\"1115\">N\u00e4it\u00e4 trailereita k\u00e4ytet\u00e4\u00e4n laajasti <strong data-start=\"636\" data-end=\"644\">RoRo<\/strong> (Roll-on\/Roll-off) -toiminnoissa, joissa lasti rullataan alukseen. Ne ovat erityisen hy\u00f6dyllisi\u00e4 terminaaleissa, joissa k\u00e4sitell\u00e4\u00e4n koneita, ter\u00e4st\u00e4, projektikuormia tai muuta ei-konttikuljetuksena toimitettavaa tavaraa. Kuorma lastataan trailerille nostureilla tai trukeilla, kiinnitet\u00e4\u00e4n kuormaliinoilla tai ketjuilla ja siirret\u00e4\u00e4n sataman sis\u00e4ll\u00e4. Suurin osa MAFI-trailereista on tarkoitettu k\u00e4ytett\u00e4v\u00e4ksi vain terminaalialueilla, eik\u00e4 niit\u00e4 k\u00e4ytet\u00e4 yleisill\u00e4 teill\u00e4.<\/p>\n<p data-start=\"1117\" data-end=\"1465\">MAFI-trailerit kest\u00e4v\u00e4t kuormia 40:st\u00e4 yli 120 tonniin. Ne voidaan my\u00f6s r\u00e4\u00e4t\u00e4l\u00f6id\u00e4 erilaisilla lis\u00e4varusteilla, kuten kela-alustoilla, tukipylv\u00e4ill\u00e4, twist lock -lukituksilla ja erilaisilla kansimateriaaleilla, vastaamaan erityistarpeita. Monet satamat vuokraavat niit\u00e4 tarpeen mukaan, ja viiv\u00e4styneest\u00e4 purkamisesta voi aiheutua demurrage-maksuja.<\/p>\n<p data-start=\"1467\" data-end=\"1656\">Kaiken kaikkiaan MAFI-trailerit ovat t\u00e4rke\u00e4 logistinen ty\u00f6kalu satamatoiminnoissa, tarjoten turvallisen ja tehokkaan tavan k\u00e4sitell\u00e4 ylikokoista tai ei-konttikuljetukseen soveltuvaa lastia.<\/p>\n<p>seuraa meit\u00e4 my\u00f6s <a href=\"https:\/\/www.instagram.com\/ou_miil\/\">Instagramissa<\/a> tai <a href=\"https:\/\/www.facebook.com\/merekonteiner\">Facebookissa.<\/a><\/p>\n","protected":false},"excerpt":{"rendered":"<p>Merikonttitelineet.<br \/>\nHyllyt &#8221;Rainis&#8221;, sopivat merikontin yl\u00e4lenkeille.<br \/>\nMerikonttihyllyt &#8221;Rainis&#8221; ovat nopea ja k\u00e4tev\u00e4 ratkaisu kun on tarpeen s\u00e4ilytt\u00e4\u00e4 putkia, putkia tai muita pidempi\u00e4 tuotteita.<br \/>\nHyllyss\u00e4 on lis\u00e4vahvikkeet ja kaikki kuvan aukot ovat k\u00e4ytt\u00f6kelpoisia.<br \/>\nP\u00f6yt\u00e4kappaleita voidaan my\u00f6s lis\u00e4t\u00e4 ja k\u00e4ytt\u00e4\u00e4 tavallisena hyllyn\u00e4.<\/p>\n","protected":false},"featured_media":105516,"comment_status":"closed","ping_status":"closed","template":"","meta":{"_acf_changed":false},"product_cat":[335],"product_tag":[],"class_list":{"0":"post-105512","1":"product","2":"type-product","3":"status-publish","4":"has-post-thumbnail","6":"product_cat-lisavarusteet","8":"first","9":"instock","10":"shipping-taxable","11":"purchasable","12":"product-type-simple"},"acf":[],"yoast_head":"<!-- This site is optimized with the Yoast SEO Premium plugin v23.9 (Yoast SEO v27.5) - https:\/\/yoast.com\/product\/yoast-seo-premium-wordpress\/ -->\n<title>MAFI traileri - Miil O\u00dc<\/title>\n<meta name=\"description\" content=\"MAFI-per\u00e4vaunu, Raskaan kaluston kuljetus, MAFI-traileri, Merikonttien lis\u00e4varusteet, Rullavaunu, RoRo, Ylikokoinen rahti, Kuljetusalusta,\" \/>\n<meta name=\"robots\" content=\"index, follow, max-snippet:-1, max-image-preview:large, max-video-preview:-1\" \/>\n<link rel=\"canonical\" href=\"https:\/\/miil.dev.almic.ee\/fi\/toode\/mafi-traileri\/\" \/>\n<meta property=\"og:locale\" content=\"fi_FI\" \/>\n<meta property=\"og:type\" content=\"article\" \/>\n<meta property=\"og:title\" content=\"MAFI traileri\" \/>\n<meta property=\"og:description\" content=\"MAFI-per\u00e4vaunu, Raskaan kaluston kuljetus, MAFI-traileri, Merikonttien lis\u00e4varusteet, Rullavaunu, RoRo, Ylikokoinen rahti, Kuljetusalusta,\" \/>\n<meta property=\"og:url\" content=\"https:\/\/miil.dev.almic.ee\/fi\/toode\/mafi-traileri\/\" \/>\n<meta property=\"og:site_name\" content=\"Miil O\u00dc\" \/>\n<meta property=\"article:publisher\" content=\"https:\/\/www.facebook.com\/konteinerveod\/\" \/>\n<meta property=\"article:modified_time\" content=\"2025-07-02T13:44:39+00:00\" \/>\n<meta property=\"og:image\" content=\"https:\/\/miil.dev.almic.ee\/wp-content\/uploads\/2025\/07\/MAFI-treiler-0-scaled.jpg\" \/>\n\t<meta property=\"og:image:width\" content=\"1900\" \/>\n\t<meta property=\"og:image:height\" content=\"1425\" \/>\n\t<meta property=\"og:image:type\" content=\"image\/jpeg\" \/>\n<meta name=\"twitter:card\" content=\"summary_large_image\" \/>\n<meta name=\"twitter:label1\" content=\"Hinta\" \/>\n\t<meta name=\"twitter:data1\" content=\"2490,00&nbsp;&euro;\" \/>\n\t<meta name=\"twitter:label2\" content=\"Saatavuus\" \/>\n\t<meta name=\"twitter:data2\" content=\"Varastossa\" \/>\n<script type=\"application\/ld+json\" class=\"yoast-schema-graph\">{\"@context\":\"https:\\\/\\\/schema.org\",\"@graph\":[{\"@type\":\"WebPage\",\"@id\":\"https:\\\/\\\/miil.dev.almic.ee\\\/fi\\\/toode\\\/mafi-traileri\\\/\",\"url\":\"https:\\\/\\\/miil.dev.almic.ee\\\/fi\\\/toode\\\/mafi-traileri\\\/\",\"name\":\"MAFI traileri - Miil O\u00dc\",\"isPartOf\":{\"@id\":\"https:\\\/\\\/miil.dev.almic.ee\\\/#website\"},\"primaryImageOfPage\":{\"@id\":\"https:\\\/\\\/miil.dev.almic.ee\\\/fi\\\/toode\\\/mafi-traileri\\\/#primaryimage\"},\"image\":{\"@id\":\"https:\\\/\\\/miil.dev.almic.ee\\\/fi\\\/toode\\\/mafi-traileri\\\/#primaryimage\"},\"thumbnailUrl\":\"https:\\\/\\\/miil.dev.almic.ee\\\/wp-content\\\/uploads\\\/2025\\\/07\\\/MAFI-treiler-0-scaled.jpg\",\"datePublished\":\"2025-07-02T13:28:02+00:00\",\"dateModified\":\"2025-07-02T13:44:39+00:00\",\"description\":\"MAFI-per\u00e4vaunu, Raskaan kaluston kuljetus, MAFI-traileri, Merikonttien lis\u00e4varusteet, Rullavaunu, RoRo, Ylikokoinen rahti, Kuljetusalusta,\",\"breadcrumb\":{\"@id\":\"https:\\\/\\\/miil.dev.almic.ee\\\/fi\\\/toode\\\/mafi-traileri\\\/#breadcrumb\"},\"inLanguage\":\"fi\",\"potentialAction\":[{\"@type\":\"ReadAction\",\"target\":[\"https:\\\/\\\/miil.dev.almic.ee\\\/fi\\\/toode\\\/mafi-traileri\\\/\"]}]},{\"@type\":\"ImageObject\",\"inLanguage\":\"fi\",\"@id\":\"https:\\\/\\\/miil.dev.almic.ee\\\/fi\\\/toode\\\/mafi-traileri\\\/#primaryimage\",\"url\":\"https:\\\/\\\/miil.dev.almic.ee\\\/wp-content\\\/uploads\\\/2025\\\/07\\\/MAFI-treiler-0-scaled.jpg\",\"contentUrl\":\"https:\\\/\\\/miil.dev.almic.ee\\\/wp-content\\\/uploads\\\/2025\\\/07\\\/MAFI-treiler-0-scaled.jpg\",\"width\":1900,\"height\":1425},{\"@type\":\"BreadcrumbList\",\"@id\":\"https:\\\/\\\/miil.dev.almic.ee\\\/fi\\\/toode\\\/mafi-traileri\\\/#breadcrumb\",\"itemListElement\":[{\"@type\":\"ListItem\",\"position\":1,\"name\":\"Home\",\"item\":\"https:\\\/\\\/miil.dev.almic.ee\\\/fi\\\/\"},{\"@type\":\"ListItem\",\"position\":2,\"name\":\"Kauppa\",\"item\":\"https:\\\/\\\/miil.dev.almic.ee\\\/fi\\\/kauppa\\\/\"},{\"@type\":\"ListItem\",\"position\":3,\"name\":\"MAFI traileri\"}]},{\"@type\":\"WebSite\",\"@id\":\"https:\\\/\\\/miil.dev.almic.ee\\\/#website\",\"url\":\"https:\\\/\\\/miil.dev.almic.ee\\\/\",\"name\":\"Miil O\u00dc\",\"description\":\"Konteinerveod\",\"publisher\":{\"@id\":\"https:\\\/\\\/miil.dev.almic.ee\\\/#organization\"},\"potentialAction\":[{\"@type\":\"SearchAction\",\"target\":{\"@type\":\"EntryPoint\",\"urlTemplate\":\"https:\\\/\\\/miil.dev.almic.ee\\\/?s={search_term_string}\"},\"query-input\":{\"@type\":\"PropertyValueSpecification\",\"valueRequired\":true,\"valueName\":\"search_term_string\"}}],\"inLanguage\":\"fi\"},{\"@type\":\"Organization\",\"@id\":\"https:\\\/\\\/miil.dev.almic.ee\\\/#organization\",\"name\":\"Miil O\u00dc\",\"url\":\"https:\\\/\\\/miil.dev.almic.ee\\\/\",\"logo\":{\"@type\":\"ImageObject\",\"inLanguage\":\"fi\",\"@id\":\"https:\\\/\\\/miil.dev.almic.ee\\\/#\\\/schema\\\/logo\\\/image\\\/\",\"url\":\"https:\\\/\\\/www.miil.ee\\\/wp-content\\\/uploads\\\/2022\\\/02\\\/Miil-logo.svg\",\"contentUrl\":\"https:\\\/\\\/www.miil.ee\\\/wp-content\\\/uploads\\\/2022\\\/02\\\/Miil-logo.svg\",\"width\":\"1024\",\"height\":\"1024\",\"caption\":\"Miil O\u00dc\"},\"image\":{\"@id\":\"https:\\\/\\\/miil.dev.almic.ee\\\/#\\\/schema\\\/logo\\\/image\\\/\"},\"sameAs\":[\"https:\\\/\\\/www.facebook.com\\\/konteinerveod\\\/\",\"https:\\\/\\\/www.instagram.com\\\/ou_miil\\\/\"]}]}<\/script>\n<meta property=\"product:price:amount\" content=\"2490.00\" \/>\n<meta property=\"product:price:currency\" content=\"EUR\" \/>\n<meta property=\"og:availability\" content=\"instock\" \/>\n<meta property=\"product:availability\" content=\"instock\" \/>\n<meta property=\"product:retailer_item_id\" content=\"1568112553753-1-1-2-1\" \/>\n<meta property=\"product:condition\" content=\"new\" \/>\n<!-- \/ Yoast SEO Premium plugin. -->","yoast_head_json":{"title":"MAFI traileri - Miil O\u00dc","description":"MAFI-per\u00e4vaunu, Raskaan kaluston kuljetus, MAFI-traileri, Merikonttien lis\u00e4varusteet, Rullavaunu, RoRo, Ylikokoinen rahti, Kuljetusalusta,","robots":{"index":"index","follow":"follow","max-snippet":"max-snippet:-1","max-image-preview":"max-image-preview:large","max-video-preview":"max-video-preview:-1"},"canonical":"https:\/\/miil.dev.almic.ee\/fi\/toode\/mafi-traileri\/","og_locale":"fi_FI","og_type":"article","og_title":"MAFI traileri","og_description":"MAFI-per\u00e4vaunu, Raskaan kaluston kuljetus, MAFI-traileri, Merikonttien lis\u00e4varusteet, Rullavaunu, RoRo, Ylikokoinen rahti, Kuljetusalusta,","og_url":"https:\/\/miil.dev.almic.ee\/fi\/toode\/mafi-traileri\/","og_site_name":"Miil O\u00dc","article_publisher":"https:\/\/www.facebook.com\/konteinerveod\/","article_modified_time":"2025-07-02T13:44:39+00:00","og_image":[{"width":1900,"height":1425,"url":"https:\/\/miil.dev.almic.ee\/wp-content\/uploads\/2025\/07\/MAFI-treiler-0-scaled.jpg","type":"image\/jpeg"}],"twitter_card":"summary_large_image","twitter_misc":{"Hinta":"2490,00&nbsp;&euro;","Saatavuus":"Varastossa"},"schema":{"@context":"https:\/\/schema.org","@graph":[{"@type":"WebPage","@id":"https:\/\/miil.dev.almic.ee\/fi\/toode\/mafi-traileri\/","url":"https:\/\/miil.dev.almic.ee\/fi\/toode\/mafi-traileri\/","name":"MAFI traileri - Miil O\u00dc","isPartOf":{"@id":"https:\/\/miil.dev.almic.ee\/#website"},"primaryImageOfPage":{"@id":"https:\/\/miil.dev.almic.ee\/fi\/toode\/mafi-traileri\/#primaryimage"},"image":{"@id":"https:\/\/miil.dev.almic.ee\/fi\/toode\/mafi-traileri\/#primaryimage"},"thumbnailUrl":"https:\/\/miil.dev.almic.ee\/wp-content\/uploads\/2025\/07\/MAFI-treiler-0-scaled.jpg","datePublished":"2025-07-02T13:28:02+00:00","dateModified":"2025-07-02T13:44:39+00:00","description":"MAFI-per\u00e4vaunu, Raskaan kaluston kuljetus, MAFI-traileri, Merikonttien lis\u00e4varusteet, Rullavaunu, RoRo, Ylikokoinen rahti, Kuljetusalusta,","breadcrumb":{"@id":"https:\/\/miil.dev.almic.ee\/fi\/toode\/mafi-traileri\/#breadcrumb"},"inLanguage":"fi","potentialAction":[{"@type":"ReadAction","target":["https:\/\/miil.dev.almic.ee\/fi\/toode\/mafi-traileri\/"]}]},{"@type":"ImageObject","inLanguage":"fi","@id":"https:\/\/miil.dev.almic.ee\/fi\/toode\/mafi-traileri\/#primaryimage","url":"https:\/\/miil.dev.almic.ee\/wp-content\/uploads\/2025\/07\/MAFI-treiler-0-scaled.jpg","contentUrl":"https:\/\/miil.dev.almic.ee\/wp-content\/uploads\/2025\/07\/MAFI-treiler-0-scaled.jpg","width":1900,"height":1425},{"@type":"BreadcrumbList","@id":"https:\/\/miil.dev.almic.ee\/fi\/toode\/mafi-traileri\/#breadcrumb","itemListElement":[{"@type":"ListItem","position":1,"name":"Home","item":"https:\/\/miil.dev.almic.ee\/fi\/"},{"@type":"ListItem","position":2,"name":"Kauppa","item":"https:\/\/miil.dev.almic.ee\/fi\/kauppa\/"},{"@type":"ListItem","position":3,"name":"MAFI traileri"}]},{"@type":"WebSite","@id":"https:\/\/miil.dev.almic.ee\/#website","url":"https:\/\/miil.dev.almic.ee\/","name":"Miil O\u00dc","description":"Konteinerveod","publisher":{"@id":"https:\/\/miil.dev.almic.ee\/#organization"},"potentialAction":[{"@type":"SearchAction","target":{"@type":"EntryPoint","urlTemplate":"https:\/\/miil.dev.almic.ee\/?s={search_term_string}"},"query-input":{"@type":"PropertyValueSpecification","valueRequired":true,"valueName":"search_term_string"}}],"inLanguage":"fi"},{"@type":"Organization","@id":"https:\/\/miil.dev.almic.ee\/#organization","name":"Miil O\u00dc","url":"https:\/\/miil.dev.almic.ee\/","logo":{"@type":"ImageObject","inLanguage":"fi","@id":"https:\/\/miil.dev.almic.ee\/#\/schema\/logo\/image\/","url":"https:\/\/www.miil.ee\/wp-content\/uploads\/2022\/02\/Miil-logo.svg","contentUrl":"https:\/\/www.miil.ee\/wp-content\/uploads\/2022\/02\/Miil-logo.svg","width":"1024","height":"1024","caption":"Miil O\u00dc"},"image":{"@id":"https:\/\/miil.dev.almic.ee\/#\/schema\/logo\/image\/"},"sameAs":["https:\/\/www.facebook.com\/konteinerveod\/","https:\/\/www.instagram.com\/ou_miil\/"]}]},"product_price_amount":"2490.00","product_price_currency":"EUR","og_availability":"instock","product_availability":"instock","product_retailer_item_id":"1568112553753-1-1-2-1","product_condition":"new"},"_links":{"self":[{"href":"https:\/\/miil.dev.almic.ee\/fi\/wp-json\/wp\/v2\/product\/105512","targetHints":{"allow":["GET"]}}],"collection":[{"href":"https:\/\/miil.dev.almic.ee\/fi\/wp-json\/wp\/v2\/product"}],"about":[{"href":"https:\/\/miil.dev.almic.ee\/fi\/wp-json\/wp\/v2\/types\/product"}],"replies":[{"embeddable":true,"href":"https:\/\/miil.dev.almic.ee\/fi\/wp-json\/wp\/v2\/comments?post=105512"}],"wp:featuredmedia":[{"embeddable":true,"href":"https:\/\/miil.dev.almic.ee\/fi\/wp-json\/wp\/v2\/media\/105516"}],"wp:attachment":[{"href":"https:\/\/miil.dev.almic.ee\/fi\/wp-json\/wp\/v2\/media?parent=105512"}],"wp:term":[{"taxonomy":"product_cat","embeddable":true,"href":"https:\/\/miil.dev.almic.ee\/fi\/wp-json\/wp\/v2\/product_cat?post=105512"},{"taxonomy":"product_tag","embeddable":true,"href":"https:\/\/miil.dev.almic.ee\/fi\/wp-json\/wp\/v2\/product_tag?post=105512"}],"curies":[{"name":"wp","href":"https:\/\/api.w.org\/{rel}","templated":true}]}}