{"id":103064,"date":"2025-06-13T16:45:23","date_gmt":"2025-06-13T13:45:23","guid":{"rendered":"https:\/\/www.miil.ee\/?post_type=product&#038;p=103064"},"modified":"2025-06-13T16:58:41","modified_gmt":"2025-06-13T13:58:41","slug":"ulkokaymala-kaksinkertainen-1200x2400-miiu092285015","status":"publish","type":"product","link":"https:\/\/miil.dev.almic.ee\/fi\/toode\/ulkokaymala-kaksinkertainen-1200x2400-miiu092285015\/","title":{"rendered":"Ulkok\u00e4ym\u00e4l\u00e4 kaksinkertainen 1200&#215;2400 MIIU092285015"},"content":{"rendered":"<h1>Ulkok\u00e4ym\u00e4l\u00e4 kaksinkertainen MIIU092285015<\/h1>\n<p>Lukittavalla ovella varustetussa Ulkok\u00e4ym\u00e4l\u00e4 kaksinkertainen on l\u00e4mminvesivaraaja, wc, pesuallas ja patteri. Lis\u00e4ksi WC:ss\u00e4 on vaateripustin, s\u00e4hk\u00f6paneeli ja kunnollinen valaistus.<br \/>\nUlkok\u00e4ym\u00e4l\u00e4 on helppo siirt\u00e4\u00e4 trukin tai kuormaimen piikeille suunniteltujen erikoisreikien ansiosta.<\/p>\n<h2>Ulkok\u00e4ym\u00e4l\u00e4 kaksinkertainen MIIU092285015 &#8211; M\u00f6kki ja minitalo<\/h2>\n<ul>\n<li>Eristetty hytti ei ole en\u00e4\u00e4 vain tilap\u00e4inen rakennus ty\u00f6maalla, modernit laadukkaat pulttiliit\u00e4nn\u00e4t sopivat mainiosti kes\u00e4m\u00f6kille tai liiketilaan.<\/li>\n<li>Valmis minitalo ei tarvitse perustusta tai rakentajaa \u2013 tilaa ja nauti?<\/li>\n<li>Asennus kest\u00e4\u00e4 alle 30 minuuttia ja talo voi myyd\u00e4 valmiin ratkaisun, mik\u00e4 tarkoittaa, ett\u00e4 se voidaan toimittaa samana p\u00e4iv\u00e4n\u00e4.<\/li>\n<li>Jos haluat valita ikkunan tai oven sijainnin, se vie hieman enemm\u00e4n aikaa.<\/li>\n<li>Lis\u00e4ksi voimme asentaa puuverhoilun, isot ikkunat, nostimen tai vaihtovirtapumpun.<\/li>\n<li>Rullaovinen ohjaamo on avattavissa k\u00e4sin, lis\u00e4maksusta voimme asentaa moottorin ohjauksen kaukos\u00e4\u00e4timell\u00e4, koodilla tai sovelluksella.<\/li>\n<\/ul>\n<h2>Containex ostaa tai vuokrata?<\/h2>\n<p>Myynnin lis\u00e4ksi vuokraamme my\u00f6s m\u00f6kkej\u00e4.<br \/>\nContainex Basic on ihanteellinen vaihtoehto, jos tarvitset m\u00f6kin lyhytaikaiseen rakennusk\u00e4ytt\u00f6\u00f6n tai miksei kausim\u00f6kiksi, toimistoksi tai myyntipisteeksi.<br \/>\nM\u00f6kkien vuokraus on taattu ja l\u00f6yd\u00e4mme jokaiselle asiakkaalle sopivan ratkaisun.<br \/>\nMeilt\u00e4 voit my\u00f6s vuokrata panoraamaikkunoita, puutaloja tai tavallisia l\u00e4mpimi\u00e4 taloja ja minitaloja.<br \/>\nToimitamme toimistokontti ja asennamme sen asiakkaan toiveiden mukaan.<br \/>\nTarjoamme laajan valikoiman yhteisty\u00f6mahdollisuuksia esimerkiksi sesongin ulkopuoliseen varastointiin eri kaupungeissa. Osta nyt, maksa my\u00f6hemmin Inbank.ee:n kautta alennuskoodilla &#8221;Konteiner&#8221;.<br \/>\nJos tarvitset yksi-, kaksi- tai monikerroksisen ratkaisun, olet tullut oikeaan paikkaan!<br \/>\nMik\u00e4\u00e4n projekti ei ole meille liian iso tai pieni, kysy rohkeasti, niin l\u00f6yd\u00e4mme yhdess\u00e4 parhaan ratkaisun &#8211; <a href=\"mailto:info@miil.ee\">info@miil.ee<\/a><\/p>\n<p>K\u00e4yt\u00e4mme kuljetukseen\u00a0<a href=\"https:\/\/www.miil.ee\/fi\/palvelut\/nosturi\/\">nosturia<\/a>\u00a0tai\u00a0<a href=\"https:\/\/www.miil.ee\/fi\/palvelut\/sideloader\/\">sideloader<\/a><br \/>\nmonimutkaisempi kuljetus on mahdollista\u00a0<a href=\"https:\/\/www.miil.ee\/fi\/palvelut\/ram-kippauslaite\/\">RAM per\u00e4vaunulla<\/a>.<\/p>\n<p>Seuraa meit\u00e4\u00a0<a href=\"https:\/\/www.facebook.com\/konteinerveod\/\">Facebook<\/a>\u00a0tai\u00a0<a href=\"https:\/\/www.instagram.com\/ou_miil\/\">Instagram<\/a> tai tule katsomaan Valtsi 1, Lagedi omin silmin<\/p>\n","protected":false},"excerpt":{"rendered":"<p>Eristetty kaksinkertainen wc on erikoistunut kannettava wc, joka on suunniteltu \u00e4\u00e4rimm\u00e4isiin s\u00e4\u00e4olosuhteisiin. Sen seiniss\u00e4 on eristys, joka auttaa yll\u00e4pit\u00e4m\u00e4\u00e4n mukavampaa l\u00e4mp\u00f6tilaa my\u00f6s kylmiss\u00e4 tai kuumissa ymp\u00e4rist\u00f6iss\u00e4. N\u00e4it\u00e4 k\u00e4ym\u00e4l\u00f6it\u00e4 k\u00e4ytet\u00e4\u00e4n tyypillisesti ulkotiloissa, joissa l\u00e4mp\u00f6tilanvaihtelut voivat vaikuttaa tavallisiin kannettaviin k\u00e4ym\u00e4l\u00f6ihin, kuten et\u00e4isill\u00e4 rakennusty\u00f6mailla, talvifestivaaleilla tai retkeilytapahtumilla. Kaksoisrakenne sis\u00e4lt\u00e4\u00e4 usein erilliset lokerot kullekin k\u00e4ytt\u00e4j\u00e4lle, mik\u00e4 lis\u00e4\u00e4 yksityisyytt\u00e4 ja toimivuutta ja varmistaa mukavuuden ankaralla s\u00e4\u00e4ll\u00e4.<\/p>\n","protected":false},"featured_media":103069,"comment_status":"closed","ping_status":"closed","template":"","meta":{"_acf_changed":false},"product_cat":[411],"product_tag":[],"class_list":{"0":"post-103064","1":"product","2":"type-product","3":"status-publish","4":"has-post-thumbnail","6":"product_cat-ulkokaymalat","8":"first","9":"instock","10":"shipping-taxable","11":"purchasable","12":"product-type-simple"},"acf":[],"yoast_head":"<!-- This site is optimized with the Yoast SEO Premium plugin v23.9 (Yoast SEO v27.5) - https:\/\/yoast.com\/product\/yoast-seo-premium-wordpress\/ -->\n<title>Ulkok\u00e4ym\u00e4l\u00e4 kaksinkertainen MIIU092285015 - Miil O\u00dc<\/title>\n<meta name=\"description\" content=\"Ulkok\u00e4ym\u00e4l\u00e4 kaksinkertainen MIIU092285015 | Mittatilausty\u00f6n\u00e4 tehdyt kannettavat hytit | Minitalot ja -m\u00f6kit | M\u00f6kkien vuokraus ja myynti |\" \/>\n<meta name=\"robots\" content=\"index, follow, max-snippet:-1, max-image-preview:large, max-video-preview:-1\" \/>\n<link rel=\"canonical\" href=\"https:\/\/miil.dev.almic.ee\/fi\/toode\/ulkokaymala-kaksinkertainen-1200x2400-miiu092285015\/\" \/>\n<meta property=\"og:locale\" content=\"fi_FI\" \/>\n<meta property=\"og:type\" content=\"article\" \/>\n<meta property=\"og:title\" content=\"Ulkok\u00e4ym\u00e4l\u00e4 kaksinkertainen 1200x2400 MIIU092285015\" \/>\n<meta property=\"og:description\" content=\"Ulkok\u00e4ym\u00e4l\u00e4 kaksinkertainen MIIU092285015 | Mittatilausty\u00f6n\u00e4 tehdyt kannettavat hytit | Minitalot ja -m\u00f6kit | M\u00f6kkien vuokraus ja myynti |\" \/>\n<meta property=\"og:url\" content=\"https:\/\/miil.dev.almic.ee\/fi\/toode\/ulkokaymala-kaksinkertainen-1200x2400-miiu092285015\/\" \/>\n<meta property=\"og:site_name\" content=\"Miil O\u00dc\" \/>\n<meta property=\"article:publisher\" content=\"https:\/\/www.facebook.com\/konteinerveod\/\" \/>\n<meta property=\"article:modified_time\" content=\"2025-06-13T13:58:41+00:00\" \/>\n<meta property=\"og:image\" content=\"https:\/\/miil.dev.almic.ee\/wp-content\/uploads\/2025\/06\/Valikaimla-soojustatud-kahene-1200x2400-1-1-scaled.jpg\" \/>\n\t<meta property=\"og:image:width\" content=\"1900\" \/>\n\t<meta property=\"og:image:height\" content=\"1425\" \/>\n\t<meta property=\"og:image:type\" content=\"image\/jpeg\" \/>\n<meta name=\"twitter:card\" content=\"summary_large_image\" \/>\n<meta name=\"twitter:label1\" content=\"Hinta\" \/>\n\t<meta name=\"twitter:data1\" content=\"4950,00&nbsp;&euro;\" \/>\n\t<meta name=\"twitter:label2\" content=\"Saatavuus\" \/>\n\t<meta name=\"twitter:data2\" content=\"Varastossa\" \/>\n<script type=\"application\/ld+json\" class=\"yoast-schema-graph\">{\"@context\":\"https:\\\/\\\/schema.org\",\"@graph\":[{\"@type\":\"WebPage\",\"@id\":\"https:\\\/\\\/miil.dev.almic.ee\\\/fi\\\/toode\\\/ulkokaymala-kaksinkertainen-1200x2400-miiu092285015\\\/\",\"url\":\"https:\\\/\\\/miil.dev.almic.ee\\\/fi\\\/toode\\\/ulkokaymala-kaksinkertainen-1200x2400-miiu092285015\\\/\",\"name\":\"Ulkok\u00e4ym\u00e4l\u00e4 kaksinkertainen MIIU092285015 - Miil O\u00dc\",\"isPartOf\":{\"@id\":\"https:\\\/\\\/miil.dev.almic.ee\\\/#website\"},\"primaryImageOfPage\":{\"@id\":\"https:\\\/\\\/miil.dev.almic.ee\\\/fi\\\/toode\\\/ulkokaymala-kaksinkertainen-1200x2400-miiu092285015\\\/#primaryimage\"},\"image\":{\"@id\":\"https:\\\/\\\/miil.dev.almic.ee\\\/fi\\\/toode\\\/ulkokaymala-kaksinkertainen-1200x2400-miiu092285015\\\/#primaryimage\"},\"thumbnailUrl\":\"https:\\\/\\\/miil.dev.almic.ee\\\/wp-content\\\/uploads\\\/2025\\\/06\\\/Valikaimla-soojustatud-kahene-1200x2400-1-1-scaled.jpg\",\"datePublished\":\"2025-06-13T13:45:23+00:00\",\"dateModified\":\"2025-06-13T13:58:41+00:00\",\"description\":\"Ulkok\u00e4ym\u00e4l\u00e4 kaksinkertainen MIIU092285015 | Mittatilausty\u00f6n\u00e4 tehdyt kannettavat hytit | Minitalot ja -m\u00f6kit | M\u00f6kkien vuokraus ja myynti |\",\"breadcrumb\":{\"@id\":\"https:\\\/\\\/miil.dev.almic.ee\\\/fi\\\/toode\\\/ulkokaymala-kaksinkertainen-1200x2400-miiu092285015\\\/#breadcrumb\"},\"inLanguage\":\"fi\",\"potentialAction\":[{\"@type\":\"ReadAction\",\"target\":[\"https:\\\/\\\/miil.dev.almic.ee\\\/fi\\\/toode\\\/ulkokaymala-kaksinkertainen-1200x2400-miiu092285015\\\/\"]}]},{\"@type\":\"ImageObject\",\"inLanguage\":\"fi\",\"@id\":\"https:\\\/\\\/miil.dev.almic.ee\\\/fi\\\/toode\\\/ulkokaymala-kaksinkertainen-1200x2400-miiu092285015\\\/#primaryimage\",\"url\":\"https:\\\/\\\/miil.dev.almic.ee\\\/wp-content\\\/uploads\\\/2025\\\/06\\\/Valikaimla-soojustatud-kahene-1200x2400-1-1-scaled.jpg\",\"contentUrl\":\"https:\\\/\\\/miil.dev.almic.ee\\\/wp-content\\\/uploads\\\/2025\\\/06\\\/Valikaimla-soojustatud-kahene-1200x2400-1-1-scaled.jpg\",\"width\":1900,\"height\":1425},{\"@type\":\"BreadcrumbList\",\"@id\":\"https:\\\/\\\/miil.dev.almic.ee\\\/fi\\\/toode\\\/ulkokaymala-kaksinkertainen-1200x2400-miiu092285015\\\/#breadcrumb\",\"itemListElement\":[{\"@type\":\"ListItem\",\"position\":1,\"name\":\"Home\",\"item\":\"https:\\\/\\\/miil.dev.almic.ee\\\/fi\\\/\"},{\"@type\":\"ListItem\",\"position\":2,\"name\":\"Kauppa\",\"item\":\"https:\\\/\\\/miil.dev.almic.ee\\\/fi\\\/kauppa\\\/\"},{\"@type\":\"ListItem\",\"position\":3,\"name\":\"Ulkok\u00e4ym\u00e4l\u00e4 kaksinkertainen 1200&#215;2400 MIIU092285015\"}]},{\"@type\":\"WebSite\",\"@id\":\"https:\\\/\\\/miil.dev.almic.ee\\\/#website\",\"url\":\"https:\\\/\\\/miil.dev.almic.ee\\\/\",\"name\":\"Miil O\u00dc\",\"description\":\"Konteinerveod\",\"publisher\":{\"@id\":\"https:\\\/\\\/miil.dev.almic.ee\\\/#organization\"},\"potentialAction\":[{\"@type\":\"SearchAction\",\"target\":{\"@type\":\"EntryPoint\",\"urlTemplate\":\"https:\\\/\\\/miil.dev.almic.ee\\\/?s={search_term_string}\"},\"query-input\":{\"@type\":\"PropertyValueSpecification\",\"valueRequired\":true,\"valueName\":\"search_term_string\"}}],\"inLanguage\":\"fi\"},{\"@type\":\"Organization\",\"@id\":\"https:\\\/\\\/miil.dev.almic.ee\\\/#organization\",\"name\":\"Miil O\u00dc\",\"url\":\"https:\\\/\\\/miil.dev.almic.ee\\\/\",\"logo\":{\"@type\":\"ImageObject\",\"inLanguage\":\"fi\",\"@id\":\"https:\\\/\\\/miil.dev.almic.ee\\\/#\\\/schema\\\/logo\\\/image\\\/\",\"url\":\"https:\\\/\\\/www.miil.ee\\\/wp-content\\\/uploads\\\/2022\\\/02\\\/Miil-logo.svg\",\"contentUrl\":\"https:\\\/\\\/www.miil.ee\\\/wp-content\\\/uploads\\\/2022\\\/02\\\/Miil-logo.svg\",\"width\":\"1024\",\"height\":\"1024\",\"caption\":\"Miil O\u00dc\"},\"image\":{\"@id\":\"https:\\\/\\\/miil.dev.almic.ee\\\/#\\\/schema\\\/logo\\\/image\\\/\"},\"sameAs\":[\"https:\\\/\\\/www.facebook.com\\\/konteinerveod\\\/\",\"https:\\\/\\\/www.instagram.com\\\/ou_miil\\\/\"]}]}<\/script>\n<meta property=\"product:price:amount\" content=\"4950.00\" \/>\n<meta property=\"product:price:currency\" content=\"EUR\" \/>\n<meta property=\"og:availability\" content=\"instock\" \/>\n<meta property=\"product:availability\" content=\"instock\" \/>\n<meta property=\"product:retailer_item_id\" content=\"MIIU092285015\" \/>\n<meta property=\"product:condition\" content=\"new\" \/>\n<!-- \/ Yoast SEO Premium plugin. -->","yoast_head_json":{"title":"Ulkok\u00e4ym\u00e4l\u00e4 kaksinkertainen MIIU092285015 - Miil O\u00dc","description":"Ulkok\u00e4ym\u00e4l\u00e4 kaksinkertainen MIIU092285015 | Mittatilausty\u00f6n\u00e4 tehdyt kannettavat hytit | Minitalot ja -m\u00f6kit | M\u00f6kkien vuokraus ja myynti |","robots":{"index":"index","follow":"follow","max-snippet":"max-snippet:-1","max-image-preview":"max-image-preview:large","max-video-preview":"max-video-preview:-1"},"canonical":"https:\/\/miil.dev.almic.ee\/fi\/toode\/ulkokaymala-kaksinkertainen-1200x2400-miiu092285015\/","og_locale":"fi_FI","og_type":"article","og_title":"Ulkok\u00e4ym\u00e4l\u00e4 kaksinkertainen 1200x2400 MIIU092285015","og_description":"Ulkok\u00e4ym\u00e4l\u00e4 kaksinkertainen MIIU092285015 | Mittatilausty\u00f6n\u00e4 tehdyt kannettavat hytit | Minitalot ja -m\u00f6kit | M\u00f6kkien vuokraus ja myynti |","og_url":"https:\/\/miil.dev.almic.ee\/fi\/toode\/ulkokaymala-kaksinkertainen-1200x2400-miiu092285015\/","og_site_name":"Miil O\u00dc","article_publisher":"https:\/\/www.facebook.com\/konteinerveod\/","article_modified_time":"2025-06-13T13:58:41+00:00","og_image":[{"width":1900,"height":1425,"url":"https:\/\/miil.dev.almic.ee\/wp-content\/uploads\/2025\/06\/Valikaimla-soojustatud-kahene-1200x2400-1-1-scaled.jpg","type":"image\/jpeg"}],"twitter_card":"summary_large_image","twitter_misc":{"Hinta":"4950,00&nbsp;&euro;","Saatavuus":"Varastossa"},"schema":{"@context":"https:\/\/schema.org","@graph":[{"@type":"WebPage","@id":"https:\/\/miil.dev.almic.ee\/fi\/toode\/ulkokaymala-kaksinkertainen-1200x2400-miiu092285015\/","url":"https:\/\/miil.dev.almic.ee\/fi\/toode\/ulkokaymala-kaksinkertainen-1200x2400-miiu092285015\/","name":"Ulkok\u00e4ym\u00e4l\u00e4 kaksinkertainen MIIU092285015 - Miil O\u00dc","isPartOf":{"@id":"https:\/\/miil.dev.almic.ee\/#website"},"primaryImageOfPage":{"@id":"https:\/\/miil.dev.almic.ee\/fi\/toode\/ulkokaymala-kaksinkertainen-1200x2400-miiu092285015\/#primaryimage"},"image":{"@id":"https:\/\/miil.dev.almic.ee\/fi\/toode\/ulkokaymala-kaksinkertainen-1200x2400-miiu092285015\/#primaryimage"},"thumbnailUrl":"https:\/\/miil.dev.almic.ee\/wp-content\/uploads\/2025\/06\/Valikaimla-soojustatud-kahene-1200x2400-1-1-scaled.jpg","datePublished":"2025-06-13T13:45:23+00:00","dateModified":"2025-06-13T13:58:41+00:00","description":"Ulkok\u00e4ym\u00e4l\u00e4 kaksinkertainen MIIU092285015 | Mittatilausty\u00f6n\u00e4 tehdyt kannettavat hytit | Minitalot ja -m\u00f6kit | M\u00f6kkien vuokraus ja myynti |","breadcrumb":{"@id":"https:\/\/miil.dev.almic.ee\/fi\/toode\/ulkokaymala-kaksinkertainen-1200x2400-miiu092285015\/#breadcrumb"},"inLanguage":"fi","potentialAction":[{"@type":"ReadAction","target":["https:\/\/miil.dev.almic.ee\/fi\/toode\/ulkokaymala-kaksinkertainen-1200x2400-miiu092285015\/"]}]},{"@type":"ImageObject","inLanguage":"fi","@id":"https:\/\/miil.dev.almic.ee\/fi\/toode\/ulkokaymala-kaksinkertainen-1200x2400-miiu092285015\/#primaryimage","url":"https:\/\/miil.dev.almic.ee\/wp-content\/uploads\/2025\/06\/Valikaimla-soojustatud-kahene-1200x2400-1-1-scaled.jpg","contentUrl":"https:\/\/miil.dev.almic.ee\/wp-content\/uploads\/2025\/06\/Valikaimla-soojustatud-kahene-1200x2400-1-1-scaled.jpg","width":1900,"height":1425},{"@type":"BreadcrumbList","@id":"https:\/\/miil.dev.almic.ee\/fi\/toode\/ulkokaymala-kaksinkertainen-1200x2400-miiu092285015\/#breadcrumb","itemListElement":[{"@type":"ListItem","position":1,"name":"Home","item":"https:\/\/miil.dev.almic.ee\/fi\/"},{"@type":"ListItem","position":2,"name":"Kauppa","item":"https:\/\/miil.dev.almic.ee\/fi\/kauppa\/"},{"@type":"ListItem","position":3,"name":"Ulkok\u00e4ym\u00e4l\u00e4 kaksinkertainen 1200&#215;2400 MIIU092285015"}]},{"@type":"WebSite","@id":"https:\/\/miil.dev.almic.ee\/#website","url":"https:\/\/miil.dev.almic.ee\/","name":"Miil O\u00dc","description":"Konteinerveod","publisher":{"@id":"https:\/\/miil.dev.almic.ee\/#organization"},"potentialAction":[{"@type":"SearchAction","target":{"@type":"EntryPoint","urlTemplate":"https:\/\/miil.dev.almic.ee\/?s={search_term_string}"},"query-input":{"@type":"PropertyValueSpecification","valueRequired":true,"valueName":"search_term_string"}}],"inLanguage":"fi"},{"@type":"Organization","@id":"https:\/\/miil.dev.almic.ee\/#organization","name":"Miil O\u00dc","url":"https:\/\/miil.dev.almic.ee\/","logo":{"@type":"ImageObject","inLanguage":"fi","@id":"https:\/\/miil.dev.almic.ee\/#\/schema\/logo\/image\/","url":"https:\/\/www.miil.ee\/wp-content\/uploads\/2022\/02\/Miil-logo.svg","contentUrl":"https:\/\/www.miil.ee\/wp-content\/uploads\/2022\/02\/Miil-logo.svg","width":"1024","height":"1024","caption":"Miil O\u00dc"},"image":{"@id":"https:\/\/miil.dev.almic.ee\/#\/schema\/logo\/image\/"},"sameAs":["https:\/\/www.facebook.com\/konteinerveod\/","https:\/\/www.instagram.com\/ou_miil\/"]}]},"product_price_amount":"4950.00","product_price_currency":"EUR","og_availability":"instock","product_availability":"instock","product_retailer_item_id":"MIIU092285015","product_condition":"new"},"_links":{"self":[{"href":"https:\/\/miil.dev.almic.ee\/fi\/wp-json\/wp\/v2\/product\/103064","targetHints":{"allow":["GET"]}}],"collection":[{"href":"https:\/\/miil.dev.almic.ee\/fi\/wp-json\/wp\/v2\/product"}],"about":[{"href":"https:\/\/miil.dev.almic.ee\/fi\/wp-json\/wp\/v2\/types\/product"}],"replies":[{"embeddable":true,"href":"https:\/\/miil.dev.almic.ee\/fi\/wp-json\/wp\/v2\/comments?post=103064"}],"wp:featuredmedia":[{"embeddable":true,"href":"https:\/\/miil.dev.almic.ee\/fi\/wp-json\/wp\/v2\/media\/103069"}],"wp:attachment":[{"href":"https:\/\/miil.dev.almic.ee\/fi\/wp-json\/wp\/v2\/media?parent=103064"}],"wp:term":[{"taxonomy":"product_cat","embeddable":true,"href":"https:\/\/miil.dev.almic.ee\/fi\/wp-json\/wp\/v2\/product_cat?post=103064"},{"taxonomy":"product_tag","embeddable":true,"href":"https:\/\/miil.dev.almic.ee\/fi\/wp-json\/wp\/v2\/product_tag?post=103064"}],"curies":[{"name":"wp","href":"https:\/\/api.w.org\/{rel}","templated":true}]}}