{"id":103061,"date":"2025-06-13T10:49:37","date_gmt":"2025-06-13T07:49:37","guid":{"rendered":"https:\/\/www.miil.ee\/toode\/ulkokaymala-eristetty-suihku-1200x2400\/"},"modified":"2025-06-13T12:19:40","modified_gmt":"2025-06-13T09:19:40","slug":"ulkokaymala-eristetty-suihku-1200x2400","status":"publish","type":"product","link":"https:\/\/miil.dev.almic.ee\/fi\/toode\/ulkokaymala-eristetty-suihku-1200x2400\/","title":{"rendered":"Ulkok\u00e4ym\u00e4l\u00e4 eristetty + suihku 1200&#215;2400"},"content":{"rendered":"<h1>Ulkok\u00e4ym\u00e4l\u00e4 eristetty + suihku 2,88 m2<\/h1>\n<p>Eristetty ulkowc + suihku &#8211; Lukittavilla ovilla ja erillisell\u00e4 pesuhuoneella varustetussa ulkok\u00e4ym\u00e4l\u00e4ss\u00e4 on l\u00e4mminvesivaraaja, k\u00e4ym\u00e4l\u00e4, peseytymismahdollisuudet ja patteri. Lis\u00e4ksi k\u00e4ym\u00e4l\u00e4ss\u00e4 on teline, s\u00e4hk\u00f6paneeli ja asianmukainen valaistus.<\/p>\n<p>Trukin tassuille suunnitellut aukot helpottavat ulkok\u00e4ym\u00e4l\u00e4n siirt\u00e4mist\u00e4.<\/p>\n<h2>Ulkok\u00e4ym\u00e4l\u00e4 eristetty + suihku &#8211; Kuljetus ja asennus?<\/h2>\n<p>Sopivan kontin valinnan j\u00e4lkeen voimme hoitaa pakkaamisen ja kuljetuksen.<br \/>\nK\u00e4yt\u00e4mme kuljetukseen\u00a0<a href=\"https:\/\/www.miil.ee\/fi\/palvelut\/nosturi\/\">nosturia<\/a>\u00a0tai\u00a0<a href=\"https:\/\/www.miil.ee\/fi\/palvelut\/sideloader\/\">sideloader<\/a><br \/>\nmonimutkaisempi kuljetus on mahdollista\u00a0<a href=\"https:\/\/www.miil.ee\/fi\/palvelut\/ram-kippauslaite\/\">RAM per\u00e4vaunulla<\/a>.<br \/>\nKun olet ostanut sen, s\u00e4ilyt\u00e4mme konttisi terminaalissamme maksutta jopa kuusi kuukautta.<br \/>\nAina on mahdollista sopia pidemm\u00e4st\u00e4kin ajanjaksosta.<br \/>\nEsimerkiksi jos paikka ei ole viel\u00e4 valmis tai k\u00e4ytett\u00e4viss\u00e4 kontin toimittamiseksi.<br \/>\nT\u00e4ll\u00f6in kontin hinta ei muutu ja voit olla varma, ett\u00e4 saat valitun kontin sovittuna aikana.<\/p>\n<ul>\n<li>Parhaan hinnan takuu \u2013 teemme aina parhaan tarjouksen kontista.<\/li>\n<\/ul>\n<h2>M\u00f6kki ja minim\u00f6kki<\/h2>\n<p>Kasvihuone ei ole en\u00e4\u00e4 vain v\u00e4liaikainen rakennus ty\u00f6maalla, vaan modernit ja laadukkaat, pulttiliitoksilla varustetut kasvihuoneet sopivat t\u00e4ydellisesti kes\u00e4m\u00f6kiksi tai liiketilaksi.<\/p>\n<p>Valmis minim\u00f6kki ei vaadi perustusta tai rakentajaa \u2013 tilaa ja nauti?<\/p>\n<p>Asennus kest\u00e4\u00e4 alle 30 minuuttia ja voimme myyd\u00e4 talon valmiina ratkaisuna, mik\u00e4 tarkoittaa, ett\u00e4 se voidaan vastaanottaa samana p\u00e4iv\u00e4n\u00e4.<\/p>\n<p>Jos haluat itse valita ikkunan tai oven sijainnin, se kest\u00e4\u00e4 enint\u00e4\u00e4n viikon.<\/p>\n<p>Lis\u00e4ty\u00f6t, kuten rimoitus ja suuret ikkunat, kest\u00e4v\u00e4t noin nelj\u00e4 viikkoa.<\/p>\n<h2>Eristetty ulkowc + suihku \u2013 ostaa vai vuokrata?<\/h2>\n<p>Myynnin lis\u00e4ksi vuokraamme kasvihuoneita.<br \/>\nT\u00e4m\u00e4 ratkaisu on ihanteellinen, jos l\u00e4mmint\u00e4 taloa tarvitaan lyhytaikaiseen k\u00e4ytt\u00f6\u00f6n rakentamisen aikana tai miksei sesonkik\u00e4ytt\u00f6\u00f6n kes\u00e4m\u00f6kiksi, toimistoksi tai myyntipisteeksi.<\/p>\n<p>L\u00e4mpim\u00e4n talon vuokraus on joustavaa ja l\u00f6yd\u00e4mme sopivan ratkaisun jokaiselle asiakkaalle.<\/p>\n<p>Voimme vuokrata my\u00f6s l\u00e4mpimi\u00e4 taloja panoraamaikkunoilla, laudoilla tai tavallisilla l\u00e4mpimill\u00e4 taloilla ja minitaloilla.<\/p>\n<p>Toimitamme ja asennamme l\u00e4mpim\u00e4n talon asiakkaan toiveiden mukaan.<\/p>\n<p>Tarjoamme laajan valikoiman yhteisty\u00f6mahdollisuuksia, esimerkiksi sesongin ulkopuoliseen varastointiin eri kaupungeissa ja osamaksuihin Inbank.ee:n kautta.<\/p>\n<p>Jos tarvitset yksi-, kaksi- tai monikerroksisen ratkaisun, olet tullut oikeaan paikkaan!<br \/>\nMik\u00e4\u00e4n projekti ei ole meille liian suuri tai pieni, kysy rohkeasti, niin l\u00f6yd\u00e4mme yhdess\u00e4 parhaan ratkaisun.<\/p>\n<p><span>Seuraa meit\u00e4\u00a0<\/span><a href=\"https:\/\/www.facebook.com\/konteinerveod\/\">Facebook<\/a><span>\u00a0tai\u00a0<\/span><a href=\"https:\/\/www.instagram.com\/ou_miil\/\">Instagram<\/a><\/p>\n","protected":false},"excerpt":{"rendered":"<p>Ulkok\u00e4ym\u00e4l\u00e4 eristetty + suihku 2,88 m2 Eristetty ulkowc + suihku &#8211; Lukittavilla ovilla ja erillisell\u00e4 pesuhuoneella varustetussa ulkok\u00e4ym\u00e4l\u00e4ss\u00e4 on l\u00e4mminvesivaraaja, k\u00e4ym\u00e4l\u00e4, peseytymismahdollisuudet ja patteri. Lis\u00e4ksi k\u00e4ym\u00e4l\u00e4ss\u00e4 on teline, s\u00e4hk\u00f6paneeli ja asianmukainen valaistus. Trukin tassuille suunnitellut aukot helpottavat ulkok\u00e4ym\u00e4l\u00e4n siirt\u00e4mist\u00e4. Ulkok\u00e4ym\u00e4l\u00e4 eristetty + suihku &#8211; Kuljetus ja asennus? Sopivan kontin valinnan j\u00e4lkeen voimme hoitaa pakkaamisen ja&#8230;<\/p>\n","protected":false},"featured_media":102964,"comment_status":"closed","ping_status":"closed","template":"","meta":{"_acf_changed":false},"product_cat":[343,411],"product_tag":[],"class_list":{"0":"post-103061","1":"product","2":"type-product","3":"status-publish","4":"has-post-thumbnail","6":"product_cat-eristekontit","7":"product_cat-ulkokaymalat","9":"first","10":"instock","11":"shipping-taxable","12":"purchasable","13":"product-type-simple"},"acf":[],"yoast_head":"<!-- This site is optimized with the Yoast SEO Premium plugin v23.9 (Yoast SEO v27.5) - https:\/\/yoast.com\/product\/yoast-seo-premium-wordpress\/ -->\n<title>Eristetty ulkowc + suihku - Miil O\u00dc<\/title>\n<meta name=\"description\" content=\"Eristetty ulkowc + suihku | siirrett\u00e4v\u00e4 k\u00e4ym\u00e4l\u00e4 | Tilap\u00e4inen k\u00e4ym\u00e4l\u00e4 | K\u00e4m\u00e4l\u00e4 | Myyt\u00e4v\u00e4t eristettyj\u00e4 k\u00e4ym\u00e4l\u00f6it\u00e4 | Vuokrattavat eristettyj\u00e4 m\u00f6kkej\u00e4 |\" \/>\n<meta name=\"robots\" content=\"index, follow, max-snippet:-1, max-image-preview:large, max-video-preview:-1\" \/>\n<link rel=\"canonical\" href=\"https:\/\/miil.dev.almic.ee\/fi\/toode\/ulkokaymala-eristetty-suihku-1200x2400\/\" \/>\n<meta property=\"og:locale\" content=\"fi_FI\" \/>\n<meta property=\"og:type\" content=\"article\" \/>\n<meta property=\"og:title\" content=\"Ulkok\u00e4ym\u00e4l\u00e4 eristetty + suihku 1200x2400\" \/>\n<meta property=\"og:description\" content=\"Eristetty ulkowc + suihku | siirrett\u00e4v\u00e4 k\u00e4ym\u00e4l\u00e4 | Tilap\u00e4inen k\u00e4ym\u00e4l\u00e4 | K\u00e4m\u00e4l\u00e4 | Myyt\u00e4v\u00e4t eristettyj\u00e4 k\u00e4ym\u00e4l\u00f6it\u00e4 | Vuokrattavat eristettyj\u00e4 m\u00f6kkej\u00e4 |\" \/>\n<meta property=\"og:url\" content=\"https:\/\/miil.dev.almic.ee\/fi\/toode\/ulkokaymala-eristetty-suihku-1200x2400\/\" \/>\n<meta property=\"og:site_name\" content=\"Miil O\u00dc\" \/>\n<meta property=\"article:publisher\" content=\"https:\/\/www.facebook.com\/konteinerveod\/\" \/>\n<meta property=\"article:modified_time\" content=\"2025-06-13T09:19:40+00:00\" \/>\n<meta property=\"og:image\" content=\"https:\/\/miil.dev.almic.ee\/wp-content\/uploads\/2025\/06\/Valikaimla-soojustatud-kahene-1200x2400-2-scaled.jpg\" \/>\n\t<meta property=\"og:image:width\" content=\"1900\" \/>\n\t<meta property=\"og:image:height\" content=\"1425\" \/>\n\t<meta property=\"og:image:type\" content=\"image\/jpeg\" \/>\n<meta name=\"twitter:card\" content=\"summary_large_image\" \/>\n<meta name=\"twitter:label1\" content=\"Hinta\" \/>\n\t<meta name=\"twitter:data1\" content=\"4950,00&nbsp;&euro;\" \/>\n\t<meta name=\"twitter:label2\" content=\"Saatavuus\" \/>\n\t<meta name=\"twitter:data2\" content=\"Varastossa\" \/>\n<script type=\"application\/ld+json\" class=\"yoast-schema-graph\">{\"@context\":\"https:\\\/\\\/schema.org\",\"@graph\":[{\"@type\":\"WebPage\",\"@id\":\"https:\\\/\\\/miil.dev.almic.ee\\\/fi\\\/toode\\\/ulkokaymala-eristetty-suihku-1200x2400\\\/\",\"url\":\"https:\\\/\\\/miil.dev.almic.ee\\\/fi\\\/toode\\\/ulkokaymala-eristetty-suihku-1200x2400\\\/\",\"name\":\"Eristetty ulkowc + suihku - Miil O\u00dc\",\"isPartOf\":{\"@id\":\"https:\\\/\\\/miil.dev.almic.ee\\\/#website\"},\"primaryImageOfPage\":{\"@id\":\"https:\\\/\\\/miil.dev.almic.ee\\\/fi\\\/toode\\\/ulkokaymala-eristetty-suihku-1200x2400\\\/#primaryimage\"},\"image\":{\"@id\":\"https:\\\/\\\/miil.dev.almic.ee\\\/fi\\\/toode\\\/ulkokaymala-eristetty-suihku-1200x2400\\\/#primaryimage\"},\"thumbnailUrl\":\"https:\\\/\\\/miil.dev.almic.ee\\\/wp-content\\\/uploads\\\/2025\\\/06\\\/Valikaimla-soojustatud-kahene-1200x2400-2-scaled.jpg\",\"datePublished\":\"2025-06-13T07:49:37+00:00\",\"dateModified\":\"2025-06-13T09:19:40+00:00\",\"description\":\"Eristetty ulkowc + suihku | siirrett\u00e4v\u00e4 k\u00e4ym\u00e4l\u00e4 | Tilap\u00e4inen k\u00e4ym\u00e4l\u00e4 | K\u00e4m\u00e4l\u00e4 | Myyt\u00e4v\u00e4t eristettyj\u00e4 k\u00e4ym\u00e4l\u00f6it\u00e4 | Vuokrattavat eristettyj\u00e4 m\u00f6kkej\u00e4 |\",\"breadcrumb\":{\"@id\":\"https:\\\/\\\/miil.dev.almic.ee\\\/fi\\\/toode\\\/ulkokaymala-eristetty-suihku-1200x2400\\\/#breadcrumb\"},\"inLanguage\":\"fi\",\"potentialAction\":[{\"@type\":\"ReadAction\",\"target\":[\"https:\\\/\\\/miil.dev.almic.ee\\\/fi\\\/toode\\\/ulkokaymala-eristetty-suihku-1200x2400\\\/\"]}]},{\"@type\":\"ImageObject\",\"inLanguage\":\"fi\",\"@id\":\"https:\\\/\\\/miil.dev.almic.ee\\\/fi\\\/toode\\\/ulkokaymala-eristetty-suihku-1200x2400\\\/#primaryimage\",\"url\":\"https:\\\/\\\/miil.dev.almic.ee\\\/wp-content\\\/uploads\\\/2025\\\/06\\\/Valikaimla-soojustatud-kahene-1200x2400-2-scaled.jpg\",\"contentUrl\":\"https:\\\/\\\/miil.dev.almic.ee\\\/wp-content\\\/uploads\\\/2025\\\/06\\\/Valikaimla-soojustatud-kahene-1200x2400-2-scaled.jpg\",\"width\":1900,\"height\":1425},{\"@type\":\"BreadcrumbList\",\"@id\":\"https:\\\/\\\/miil.dev.almic.ee\\\/fi\\\/toode\\\/ulkokaymala-eristetty-suihku-1200x2400\\\/#breadcrumb\",\"itemListElement\":[{\"@type\":\"ListItem\",\"position\":1,\"name\":\"Home\",\"item\":\"https:\\\/\\\/miil.dev.almic.ee\\\/fi\\\/\"},{\"@type\":\"ListItem\",\"position\":2,\"name\":\"Kauppa\",\"item\":\"https:\\\/\\\/miil.dev.almic.ee\\\/fi\\\/kauppa\\\/\"},{\"@type\":\"ListItem\",\"position\":3,\"name\":\"Ulkok\u00e4ym\u00e4l\u00e4 eristetty + suihku 1200&#215;2400\"}]},{\"@type\":\"WebSite\",\"@id\":\"https:\\\/\\\/miil.dev.almic.ee\\\/#website\",\"url\":\"https:\\\/\\\/miil.dev.almic.ee\\\/\",\"name\":\"Miil O\u00dc\",\"description\":\"Konteinerveod\",\"publisher\":{\"@id\":\"https:\\\/\\\/miil.dev.almic.ee\\\/#organization\"},\"potentialAction\":[{\"@type\":\"SearchAction\",\"target\":{\"@type\":\"EntryPoint\",\"urlTemplate\":\"https:\\\/\\\/miil.dev.almic.ee\\\/?s={search_term_string}\"},\"query-input\":{\"@type\":\"PropertyValueSpecification\",\"valueRequired\":true,\"valueName\":\"search_term_string\"}}],\"inLanguage\":\"fi\"},{\"@type\":\"Organization\",\"@id\":\"https:\\\/\\\/miil.dev.almic.ee\\\/#organization\",\"name\":\"Miil O\u00dc\",\"url\":\"https:\\\/\\\/miil.dev.almic.ee\\\/\",\"logo\":{\"@type\":\"ImageObject\",\"inLanguage\":\"fi\",\"@id\":\"https:\\\/\\\/miil.dev.almic.ee\\\/#\\\/schema\\\/logo\\\/image\\\/\",\"url\":\"https:\\\/\\\/www.miil.ee\\\/wp-content\\\/uploads\\\/2022\\\/02\\\/Miil-logo.svg\",\"contentUrl\":\"https:\\\/\\\/www.miil.ee\\\/wp-content\\\/uploads\\\/2022\\\/02\\\/Miil-logo.svg\",\"width\":\"1024\",\"height\":\"1024\",\"caption\":\"Miil O\u00dc\"},\"image\":{\"@id\":\"https:\\\/\\\/miil.dev.almic.ee\\\/#\\\/schema\\\/logo\\\/image\\\/\"},\"sameAs\":[\"https:\\\/\\\/www.facebook.com\\\/konteinerveod\\\/\",\"https:\\\/\\\/www.instagram.com\\\/ou_miil\\\/\"]}]}<\/script>\n<meta property=\"product:price:amount\" content=\"4950.00\" \/>\n<meta property=\"product:price:currency\" content=\"EUR\" \/>\n<meta property=\"og:availability\" content=\"instock\" \/>\n<meta property=\"product:availability\" content=\"instock\" \/>\n<meta property=\"product:condition\" content=\"new\" \/>\n<!-- \/ Yoast SEO Premium plugin. -->","yoast_head_json":{"title":"Eristetty ulkowc + suihku - Miil O\u00dc","description":"Eristetty ulkowc + suihku | siirrett\u00e4v\u00e4 k\u00e4ym\u00e4l\u00e4 | Tilap\u00e4inen k\u00e4ym\u00e4l\u00e4 | K\u00e4m\u00e4l\u00e4 | Myyt\u00e4v\u00e4t eristettyj\u00e4 k\u00e4ym\u00e4l\u00f6it\u00e4 | Vuokrattavat eristettyj\u00e4 m\u00f6kkej\u00e4 |","robots":{"index":"index","follow":"follow","max-snippet":"max-snippet:-1","max-image-preview":"max-image-preview:large","max-video-preview":"max-video-preview:-1"},"canonical":"https:\/\/miil.dev.almic.ee\/fi\/toode\/ulkokaymala-eristetty-suihku-1200x2400\/","og_locale":"fi_FI","og_type":"article","og_title":"Ulkok\u00e4ym\u00e4l\u00e4 eristetty + suihku 1200x2400","og_description":"Eristetty ulkowc + suihku | siirrett\u00e4v\u00e4 k\u00e4ym\u00e4l\u00e4 | Tilap\u00e4inen k\u00e4ym\u00e4l\u00e4 | K\u00e4m\u00e4l\u00e4 | Myyt\u00e4v\u00e4t eristettyj\u00e4 k\u00e4ym\u00e4l\u00f6it\u00e4 | Vuokrattavat eristettyj\u00e4 m\u00f6kkej\u00e4 |","og_url":"https:\/\/miil.dev.almic.ee\/fi\/toode\/ulkokaymala-eristetty-suihku-1200x2400\/","og_site_name":"Miil O\u00dc","article_publisher":"https:\/\/www.facebook.com\/konteinerveod\/","article_modified_time":"2025-06-13T09:19:40+00:00","og_image":[{"width":1900,"height":1425,"url":"https:\/\/miil.dev.almic.ee\/wp-content\/uploads\/2025\/06\/Valikaimla-soojustatud-kahene-1200x2400-2-scaled.jpg","type":"image\/jpeg"}],"twitter_card":"summary_large_image","twitter_misc":{"Hinta":"4950,00&nbsp;&euro;","Saatavuus":"Varastossa"},"schema":{"@context":"https:\/\/schema.org","@graph":[{"@type":"WebPage","@id":"https:\/\/miil.dev.almic.ee\/fi\/toode\/ulkokaymala-eristetty-suihku-1200x2400\/","url":"https:\/\/miil.dev.almic.ee\/fi\/toode\/ulkokaymala-eristetty-suihku-1200x2400\/","name":"Eristetty ulkowc + suihku - Miil O\u00dc","isPartOf":{"@id":"https:\/\/miil.dev.almic.ee\/#website"},"primaryImageOfPage":{"@id":"https:\/\/miil.dev.almic.ee\/fi\/toode\/ulkokaymala-eristetty-suihku-1200x2400\/#primaryimage"},"image":{"@id":"https:\/\/miil.dev.almic.ee\/fi\/toode\/ulkokaymala-eristetty-suihku-1200x2400\/#primaryimage"},"thumbnailUrl":"https:\/\/miil.dev.almic.ee\/wp-content\/uploads\/2025\/06\/Valikaimla-soojustatud-kahene-1200x2400-2-scaled.jpg","datePublished":"2025-06-13T07:49:37+00:00","dateModified":"2025-06-13T09:19:40+00:00","description":"Eristetty ulkowc + suihku | siirrett\u00e4v\u00e4 k\u00e4ym\u00e4l\u00e4 | Tilap\u00e4inen k\u00e4ym\u00e4l\u00e4 | K\u00e4m\u00e4l\u00e4 | Myyt\u00e4v\u00e4t eristettyj\u00e4 k\u00e4ym\u00e4l\u00f6it\u00e4 | Vuokrattavat eristettyj\u00e4 m\u00f6kkej\u00e4 |","breadcrumb":{"@id":"https:\/\/miil.dev.almic.ee\/fi\/toode\/ulkokaymala-eristetty-suihku-1200x2400\/#breadcrumb"},"inLanguage":"fi","potentialAction":[{"@type":"ReadAction","target":["https:\/\/miil.dev.almic.ee\/fi\/toode\/ulkokaymala-eristetty-suihku-1200x2400\/"]}]},{"@type":"ImageObject","inLanguage":"fi","@id":"https:\/\/miil.dev.almic.ee\/fi\/toode\/ulkokaymala-eristetty-suihku-1200x2400\/#primaryimage","url":"https:\/\/miil.dev.almic.ee\/wp-content\/uploads\/2025\/06\/Valikaimla-soojustatud-kahene-1200x2400-2-scaled.jpg","contentUrl":"https:\/\/miil.dev.almic.ee\/wp-content\/uploads\/2025\/06\/Valikaimla-soojustatud-kahene-1200x2400-2-scaled.jpg","width":1900,"height":1425},{"@type":"BreadcrumbList","@id":"https:\/\/miil.dev.almic.ee\/fi\/toode\/ulkokaymala-eristetty-suihku-1200x2400\/#breadcrumb","itemListElement":[{"@type":"ListItem","position":1,"name":"Home","item":"https:\/\/miil.dev.almic.ee\/fi\/"},{"@type":"ListItem","position":2,"name":"Kauppa","item":"https:\/\/miil.dev.almic.ee\/fi\/kauppa\/"},{"@type":"ListItem","position":3,"name":"Ulkok\u00e4ym\u00e4l\u00e4 eristetty + suihku 1200&#215;2400"}]},{"@type":"WebSite","@id":"https:\/\/miil.dev.almic.ee\/#website","url":"https:\/\/miil.dev.almic.ee\/","name":"Miil O\u00dc","description":"Konteinerveod","publisher":{"@id":"https:\/\/miil.dev.almic.ee\/#organization"},"potentialAction":[{"@type":"SearchAction","target":{"@type":"EntryPoint","urlTemplate":"https:\/\/miil.dev.almic.ee\/?s={search_term_string}"},"query-input":{"@type":"PropertyValueSpecification","valueRequired":true,"valueName":"search_term_string"}}],"inLanguage":"fi"},{"@type":"Organization","@id":"https:\/\/miil.dev.almic.ee\/#organization","name":"Miil O\u00dc","url":"https:\/\/miil.dev.almic.ee\/","logo":{"@type":"ImageObject","inLanguage":"fi","@id":"https:\/\/miil.dev.almic.ee\/#\/schema\/logo\/image\/","url":"https:\/\/www.miil.ee\/wp-content\/uploads\/2022\/02\/Miil-logo.svg","contentUrl":"https:\/\/www.miil.ee\/wp-content\/uploads\/2022\/02\/Miil-logo.svg","width":"1024","height":"1024","caption":"Miil O\u00dc"},"image":{"@id":"https:\/\/miil.dev.almic.ee\/#\/schema\/logo\/image\/"},"sameAs":["https:\/\/www.facebook.com\/konteinerveod\/","https:\/\/www.instagram.com\/ou_miil\/"]}]},"product_price_amount":"4950.00","product_price_currency":"EUR","og_availability":"instock","product_availability":"instock","product_condition":"new"},"_links":{"self":[{"href":"https:\/\/miil.dev.almic.ee\/fi\/wp-json\/wp\/v2\/product\/103061","targetHints":{"allow":["GET"]}}],"collection":[{"href":"https:\/\/miil.dev.almic.ee\/fi\/wp-json\/wp\/v2\/product"}],"about":[{"href":"https:\/\/miil.dev.almic.ee\/fi\/wp-json\/wp\/v2\/types\/product"}],"replies":[{"embeddable":true,"href":"https:\/\/miil.dev.almic.ee\/fi\/wp-json\/wp\/v2\/comments?post=103061"}],"wp:featuredmedia":[{"embeddable":true,"href":"https:\/\/miil.dev.almic.ee\/fi\/wp-json\/wp\/v2\/media\/102964"}],"wp:attachment":[{"href":"https:\/\/miil.dev.almic.ee\/fi\/wp-json\/wp\/v2\/media?parent=103061"}],"wp:term":[{"taxonomy":"product_cat","embeddable":true,"href":"https:\/\/miil.dev.almic.ee\/fi\/wp-json\/wp\/v2\/product_cat?post=103061"},{"taxonomy":"product_tag","embeddable":true,"href":"https:\/\/miil.dev.almic.ee\/fi\/wp-json\/wp\/v2\/product_tag?post=103061"}],"curies":[{"name":"wp","href":"https:\/\/api.w.org\/{rel}","templated":true}]}}