{"id":102494,"date":"2025-06-11T17:18:15","date_gmt":"2025-06-11T14:18:16","guid":{"rendered":"https:\/\/www.miil.ee\/?post_type=product&#038;p=102494"},"modified":"2025-06-11T17:33:07","modified_gmt":"2025-06-11T14:33:07","slug":"kontinpyorat-vetokahvalla","status":"publish","type":"product","link":"https:\/\/miil.dev.almic.ee\/fi\/toode\/kontinpyorat-vetokahvalla\/","title":{"rendered":"Kontinpy\u00f6r\u00e4t vetokahvalla"},"content":{"rendered":"<p>Kontinpy\u00f6r\u00e4t vetokahvalla on suunniteltu parantamaan liikkuvuutta, tehden kontin vet\u00e4misest\u00e4 ja ohjaamisesta helpompaa. Vetokahva kiinnitet\u00e4\u00e4n kontin etuosaan, jolloin sit\u00e4 voidaan vet\u00e4\u00e4 ajoneuvolla tai traktorilla. Py\u00f6r\u00e4t ovat kest\u00e4v\u00e4t ja asennettu kontin jokaiseen kulmaan, mik\u00e4 takaa vakauden ja sujuvan liikkumisen. Kontinpy\u00f6rien vuokraus sopii erinomaisesti konttien siirt\u00e4miseen varastoissa, satamissa tai varastoalueilla, tarjoten enemm\u00e4n joustavuutta ja helppoa k\u00e4sittely\u00e4 ilman nostureita tai trukkeja.<\/p>\n<p>Nosta kontti tunkin, nosturin tai trukin avulla ja kiinnit\u00e4 py\u00f6r\u00e4t kiinnityspuristimilla. Kun py\u00f6r\u00e4t on kiinnitetty, kontti on valmis siirrett\u00e4v\u00e4ksi.<\/p>\n<p>Maksimikantavuus on 2,2 tonnia per py\u00f6r\u00e4.<\/p>\n<p>Kontinpy\u00f6r\u00e4t vetokahvalla \u2013 sarja sis\u00e4lt\u00e4\u00e4:<\/p>\n<ul>\n<li>2 kiinte\u00e4\u00e4 py\u00f6r\u00e4\u00e4<\/li>\n<li>2 k\u00e4\u00e4ntyv\u00e4\u00e4 py\u00f6r\u00e4\u00e4<\/li>\n<li>4 lukittavaa kiinnikett\u00e4 py\u00f6rien kiinnitt\u00e4miseen konttiin<\/li>\n<li>Py\u00f6r\u00e4 vetokahvalle<\/li>\n<li>Vetokahva vetoaisalla (Vetop\u00e4\u00e4 voidaan vaihtaa tarvittaessa)<\/li>\n<\/ul>\n<p>Pyyd\u00e4 tarjous: <a href=\"mailto:info@miil.ee\">info@miil.ee<\/a><br \/>\nSeuraa meit\u00e4 <a href=\"https:\/\/www.facebook.com\/konteinerveod\/\">Facebookissa <\/a>tai <a href=\"https:\/\/www.instagram.com\/ou_miil\/\">Instagramissa<\/a><\/p>\n","protected":false},"excerpt":{"rendered":"<p>Kontinpy\u00f6r\u00e4t vetokahvalla mahdollistavat kontin helpon ja joustavan siirt\u00e4misen ilman nosturia tai trukkia. Kest\u00e4v\u00e4 sarja sis\u00e4lt\u00e4\u00e4 kaikki tarvittavat osat vakaaseen ja sujuvaan kuljetukseen varastoissa, satamissa tai ty\u00f6mailla.<\/p>\n","protected":false},"featured_media":102499,"comment_status":"open","ping_status":"closed","template":"","meta":{"_acf_changed":false},"product_cat":[335],"product_tag":[],"class_list":{"0":"post-102494","1":"product","2":"type-product","3":"status-publish","4":"has-post-thumbnail","6":"product_cat-lisavarusteet","8":"first","9":"instock","10":"shipping-taxable","11":"product-type-simple"},"acf":[],"yoast_head":"<!-- This site is optimized with the Yoast SEO Premium plugin v23.9 (Yoast SEO v27.5) - https:\/\/yoast.com\/product\/yoast-seo-premium-wordpress\/ -->\n<title>Kontinpy\u00f6r\u00e4t vetokahvalla - Miil O\u00dc<\/title>\n<meta name=\"description\" content=\"Kontinpy\u00f6r\u00e4t vetokahvalla | Lukittavat konttipy\u00f6r\u00e4t | Merikontin siirto | S\u00e4ili\u00f6n tarvikkeet | Py\u00f6r\u00e4t | Konttikuljetus | O\u00dc MIIL \u2b50\ufe0f\u2b50\ufe0f\u2b50\ufe0f\u2b50\ufe0f\u2b50\" \/>\n<meta name=\"robots\" content=\"index, follow, max-snippet:-1, max-image-preview:large, max-video-preview:-1\" \/>\n<link rel=\"canonical\" href=\"https:\/\/miil.dev.almic.ee\/fi\/toode\/kontinpyorat-vetokahvalla\/\" \/>\n<meta property=\"og:locale\" content=\"fi_FI\" \/>\n<meta property=\"og:type\" content=\"article\" \/>\n<meta property=\"og:title\" content=\"Kontinpy\u00f6r\u00e4t vetokahvalla\" \/>\n<meta property=\"og:description\" content=\"Kontinpy\u00f6r\u00e4t vetokahvalla | Lukittavat konttipy\u00f6r\u00e4t | Merikontin siirto | S\u00e4ili\u00f6n tarvikkeet | Py\u00f6r\u00e4t | Konttikuljetus | O\u00dc MIIL \u2b50\ufe0f\u2b50\ufe0f\u2b50\ufe0f\u2b50\ufe0f\u2b50\" \/>\n<meta property=\"og:url\" content=\"https:\/\/miil.dev.almic.ee\/fi\/toode\/kontinpyorat-vetokahvalla\/\" \/>\n<meta property=\"og:site_name\" content=\"Miil O\u00dc\" \/>\n<meta property=\"article:publisher\" content=\"https:\/\/www.facebook.com\/konteinerveod\/\" \/>\n<meta property=\"article:modified_time\" content=\"2025-06-11T14:33:07+00:00\" \/>\n<meta property=\"og:image\" content=\"https:\/\/miil.dev.almic.ee\/wp-content\/uploads\/2025\/06\/Konteineri-rattad-koos-tiisliga.png\" \/>\n\t<meta property=\"og:image:width\" content=\"1222\" \/>\n\t<meta property=\"og:image:height\" content=\"942\" \/>\n\t<meta property=\"og:image:type\" content=\"image\/png\" \/>\n<meta name=\"twitter:card\" content=\"summary_large_image\" \/>\n<meta name=\"twitter:label1\" content=\"Hinta\" \/>\n\t<meta name=\"twitter:data1\" content=\"\" \/>\n\t<meta name=\"twitter:label2\" content=\"Saatavuus\" \/>\n\t<meta name=\"twitter:data2\" content=\"Varastossa\" \/>\n<script type=\"application\/ld+json\" class=\"yoast-schema-graph\">{\"@context\":\"https:\\\/\\\/schema.org\",\"@graph\":[{\"@type\":\"WebPage\",\"@id\":\"https:\\\/\\\/miil.dev.almic.ee\\\/fi\\\/toode\\\/kontinpyorat-vetokahvalla\\\/\",\"url\":\"https:\\\/\\\/miil.dev.almic.ee\\\/fi\\\/toode\\\/kontinpyorat-vetokahvalla\\\/\",\"name\":\"Kontinpy\u00f6r\u00e4t vetokahvalla - Miil O\u00dc\",\"isPartOf\":{\"@id\":\"https:\\\/\\\/miil.dev.almic.ee\\\/#website\"},\"primaryImageOfPage\":{\"@id\":\"https:\\\/\\\/miil.dev.almic.ee\\\/fi\\\/toode\\\/kontinpyorat-vetokahvalla\\\/#primaryimage\"},\"image\":{\"@id\":\"https:\\\/\\\/miil.dev.almic.ee\\\/fi\\\/toode\\\/kontinpyorat-vetokahvalla\\\/#primaryimage\"},\"thumbnailUrl\":\"https:\\\/\\\/miil.dev.almic.ee\\\/wp-content\\\/uploads\\\/2025\\\/06\\\/Konteineri-rattad-koos-tiisliga.png\",\"datePublished\":\"2025-06-11T14:18:16+00:00\",\"dateModified\":\"2025-06-11T14:33:07+00:00\",\"description\":\"Kontinpy\u00f6r\u00e4t vetokahvalla | Lukittavat konttipy\u00f6r\u00e4t | Merikontin siirto | S\u00e4ili\u00f6n tarvikkeet | Py\u00f6r\u00e4t | Konttikuljetus | O\u00dc MIIL \u2b50\ufe0f\u2b50\ufe0f\u2b50\ufe0f\u2b50\ufe0f\u2b50\",\"breadcrumb\":{\"@id\":\"https:\\\/\\\/miil.dev.almic.ee\\\/fi\\\/toode\\\/kontinpyorat-vetokahvalla\\\/#breadcrumb\"},\"inLanguage\":\"fi\",\"potentialAction\":[{\"@type\":\"ReadAction\",\"target\":[\"https:\\\/\\\/miil.dev.almic.ee\\\/fi\\\/toode\\\/kontinpyorat-vetokahvalla\\\/\"]}]},{\"@type\":\"ImageObject\",\"inLanguage\":\"fi\",\"@id\":\"https:\\\/\\\/miil.dev.almic.ee\\\/fi\\\/toode\\\/kontinpyorat-vetokahvalla\\\/#primaryimage\",\"url\":\"https:\\\/\\\/miil.dev.almic.ee\\\/wp-content\\\/uploads\\\/2025\\\/06\\\/Konteineri-rattad-koos-tiisliga.png\",\"contentUrl\":\"https:\\\/\\\/miil.dev.almic.ee\\\/wp-content\\\/uploads\\\/2025\\\/06\\\/Konteineri-rattad-koos-tiisliga.png\",\"width\":1222,\"height\":942},{\"@type\":\"BreadcrumbList\",\"@id\":\"https:\\\/\\\/miil.dev.almic.ee\\\/fi\\\/toode\\\/kontinpyorat-vetokahvalla\\\/#breadcrumb\",\"itemListElement\":[{\"@type\":\"ListItem\",\"position\":1,\"name\":\"Home\",\"item\":\"https:\\\/\\\/miil.dev.almic.ee\\\/fi\\\/\"},{\"@type\":\"ListItem\",\"position\":2,\"name\":\"Kauppa\",\"item\":\"https:\\\/\\\/miil.dev.almic.ee\\\/fi\\\/kauppa\\\/\"},{\"@type\":\"ListItem\",\"position\":3,\"name\":\"Kontinpy\u00f6r\u00e4t vetokahvalla\"}]},{\"@type\":\"WebSite\",\"@id\":\"https:\\\/\\\/miil.dev.almic.ee\\\/#website\",\"url\":\"https:\\\/\\\/miil.dev.almic.ee\\\/\",\"name\":\"Miil O\u00dc\",\"description\":\"Konteinerveod\",\"publisher\":{\"@id\":\"https:\\\/\\\/miil.dev.almic.ee\\\/#organization\"},\"potentialAction\":[{\"@type\":\"SearchAction\",\"target\":{\"@type\":\"EntryPoint\",\"urlTemplate\":\"https:\\\/\\\/miil.dev.almic.ee\\\/?s={search_term_string}\"},\"query-input\":{\"@type\":\"PropertyValueSpecification\",\"valueRequired\":true,\"valueName\":\"search_term_string\"}}],\"inLanguage\":\"fi\"},{\"@type\":\"Organization\",\"@id\":\"https:\\\/\\\/miil.dev.almic.ee\\\/#organization\",\"name\":\"Miil O\u00dc\",\"url\":\"https:\\\/\\\/miil.dev.almic.ee\\\/\",\"logo\":{\"@type\":\"ImageObject\",\"inLanguage\":\"fi\",\"@id\":\"https:\\\/\\\/miil.dev.almic.ee\\\/#\\\/schema\\\/logo\\\/image\\\/\",\"url\":\"https:\\\/\\\/www.miil.ee\\\/wp-content\\\/uploads\\\/2022\\\/02\\\/Miil-logo.svg\",\"contentUrl\":\"https:\\\/\\\/www.miil.ee\\\/wp-content\\\/uploads\\\/2022\\\/02\\\/Miil-logo.svg\",\"width\":\"1024\",\"height\":\"1024\",\"caption\":\"Miil O\u00dc\"},\"image\":{\"@id\":\"https:\\\/\\\/miil.dev.almic.ee\\\/#\\\/schema\\\/logo\\\/image\\\/\"},\"sameAs\":[\"https:\\\/\\\/www.facebook.com\\\/konteinerveod\\\/\",\"https:\\\/\\\/www.instagram.com\\\/ou_miil\\\/\"]}]}<\/script>\n<meta property=\"product:price:amount\" content=\"0.00\" \/>\n<meta property=\"product:price:currency\" content=\"EUR\" \/>\n<meta property=\"og:availability\" content=\"instock\" \/>\n<meta property=\"product:availability\" content=\"instock\" \/>\n<meta property=\"product:retailer_item_id\" content=\"MIIU3602200-2\" \/>\n<meta property=\"product:condition\" content=\"new\" \/>\n<!-- \/ Yoast SEO Premium plugin. -->","yoast_head_json":{"title":"Kontinpy\u00f6r\u00e4t vetokahvalla - Miil O\u00dc","description":"Kontinpy\u00f6r\u00e4t vetokahvalla | Lukittavat konttipy\u00f6r\u00e4t | Merikontin siirto | S\u00e4ili\u00f6n tarvikkeet | Py\u00f6r\u00e4t | Konttikuljetus | O\u00dc MIIL \u2b50\ufe0f\u2b50\ufe0f\u2b50\ufe0f\u2b50\ufe0f\u2b50","robots":{"index":"index","follow":"follow","max-snippet":"max-snippet:-1","max-image-preview":"max-image-preview:large","max-video-preview":"max-video-preview:-1"},"canonical":"https:\/\/miil.dev.almic.ee\/fi\/toode\/kontinpyorat-vetokahvalla\/","og_locale":"fi_FI","og_type":"article","og_title":"Kontinpy\u00f6r\u00e4t vetokahvalla","og_description":"Kontinpy\u00f6r\u00e4t vetokahvalla | Lukittavat konttipy\u00f6r\u00e4t | Merikontin siirto | S\u00e4ili\u00f6n tarvikkeet | Py\u00f6r\u00e4t | Konttikuljetus | O\u00dc MIIL \u2b50\ufe0f\u2b50\ufe0f\u2b50\ufe0f\u2b50\ufe0f\u2b50","og_url":"https:\/\/miil.dev.almic.ee\/fi\/toode\/kontinpyorat-vetokahvalla\/","og_site_name":"Miil O\u00dc","article_publisher":"https:\/\/www.facebook.com\/konteinerveod\/","article_modified_time":"2025-06-11T14:33:07+00:00","og_image":[{"width":1222,"height":942,"url":"https:\/\/miil.dev.almic.ee\/wp-content\/uploads\/2025\/06\/Konteineri-rattad-koos-tiisliga.png","type":"image\/png"}],"twitter_card":"summary_large_image","twitter_misc":{"Hinta":"","Saatavuus":"Varastossa"},"schema":{"@context":"https:\/\/schema.org","@graph":[{"@type":"WebPage","@id":"https:\/\/miil.dev.almic.ee\/fi\/toode\/kontinpyorat-vetokahvalla\/","url":"https:\/\/miil.dev.almic.ee\/fi\/toode\/kontinpyorat-vetokahvalla\/","name":"Kontinpy\u00f6r\u00e4t vetokahvalla - Miil O\u00dc","isPartOf":{"@id":"https:\/\/miil.dev.almic.ee\/#website"},"primaryImageOfPage":{"@id":"https:\/\/miil.dev.almic.ee\/fi\/toode\/kontinpyorat-vetokahvalla\/#primaryimage"},"image":{"@id":"https:\/\/miil.dev.almic.ee\/fi\/toode\/kontinpyorat-vetokahvalla\/#primaryimage"},"thumbnailUrl":"https:\/\/miil.dev.almic.ee\/wp-content\/uploads\/2025\/06\/Konteineri-rattad-koos-tiisliga.png","datePublished":"2025-06-11T14:18:16+00:00","dateModified":"2025-06-11T14:33:07+00:00","description":"Kontinpy\u00f6r\u00e4t vetokahvalla | Lukittavat konttipy\u00f6r\u00e4t | Merikontin siirto | S\u00e4ili\u00f6n tarvikkeet | Py\u00f6r\u00e4t | Konttikuljetus | O\u00dc MIIL \u2b50\ufe0f\u2b50\ufe0f\u2b50\ufe0f\u2b50\ufe0f\u2b50","breadcrumb":{"@id":"https:\/\/miil.dev.almic.ee\/fi\/toode\/kontinpyorat-vetokahvalla\/#breadcrumb"},"inLanguage":"fi","potentialAction":[{"@type":"ReadAction","target":["https:\/\/miil.dev.almic.ee\/fi\/toode\/kontinpyorat-vetokahvalla\/"]}]},{"@type":"ImageObject","inLanguage":"fi","@id":"https:\/\/miil.dev.almic.ee\/fi\/toode\/kontinpyorat-vetokahvalla\/#primaryimage","url":"https:\/\/miil.dev.almic.ee\/wp-content\/uploads\/2025\/06\/Konteineri-rattad-koos-tiisliga.png","contentUrl":"https:\/\/miil.dev.almic.ee\/wp-content\/uploads\/2025\/06\/Konteineri-rattad-koos-tiisliga.png","width":1222,"height":942},{"@type":"BreadcrumbList","@id":"https:\/\/miil.dev.almic.ee\/fi\/toode\/kontinpyorat-vetokahvalla\/#breadcrumb","itemListElement":[{"@type":"ListItem","position":1,"name":"Home","item":"https:\/\/miil.dev.almic.ee\/fi\/"},{"@type":"ListItem","position":2,"name":"Kauppa","item":"https:\/\/miil.dev.almic.ee\/fi\/kauppa\/"},{"@type":"ListItem","position":3,"name":"Kontinpy\u00f6r\u00e4t vetokahvalla"}]},{"@type":"WebSite","@id":"https:\/\/miil.dev.almic.ee\/#website","url":"https:\/\/miil.dev.almic.ee\/","name":"Miil O\u00dc","description":"Konteinerveod","publisher":{"@id":"https:\/\/miil.dev.almic.ee\/#organization"},"potentialAction":[{"@type":"SearchAction","target":{"@type":"EntryPoint","urlTemplate":"https:\/\/miil.dev.almic.ee\/?s={search_term_string}"},"query-input":{"@type":"PropertyValueSpecification","valueRequired":true,"valueName":"search_term_string"}}],"inLanguage":"fi"},{"@type":"Organization","@id":"https:\/\/miil.dev.almic.ee\/#organization","name":"Miil O\u00dc","url":"https:\/\/miil.dev.almic.ee\/","logo":{"@type":"ImageObject","inLanguage":"fi","@id":"https:\/\/miil.dev.almic.ee\/#\/schema\/logo\/image\/","url":"https:\/\/www.miil.ee\/wp-content\/uploads\/2022\/02\/Miil-logo.svg","contentUrl":"https:\/\/www.miil.ee\/wp-content\/uploads\/2022\/02\/Miil-logo.svg","width":"1024","height":"1024","caption":"Miil O\u00dc"},"image":{"@id":"https:\/\/miil.dev.almic.ee\/#\/schema\/logo\/image\/"},"sameAs":["https:\/\/www.facebook.com\/konteinerveod\/","https:\/\/www.instagram.com\/ou_miil\/"]}]},"product_price_amount":"0.00","product_price_currency":"EUR","og_availability":"instock","product_availability":"instock","product_retailer_item_id":"MIIU3602200-2","product_condition":"new"},"_links":{"self":[{"href":"https:\/\/miil.dev.almic.ee\/fi\/wp-json\/wp\/v2\/product\/102494","targetHints":{"allow":["GET"]}}],"collection":[{"href":"https:\/\/miil.dev.almic.ee\/fi\/wp-json\/wp\/v2\/product"}],"about":[{"href":"https:\/\/miil.dev.almic.ee\/fi\/wp-json\/wp\/v2\/types\/product"}],"replies":[{"embeddable":true,"href":"https:\/\/miil.dev.almic.ee\/fi\/wp-json\/wp\/v2\/comments?post=102494"}],"wp:featuredmedia":[{"embeddable":true,"href":"https:\/\/miil.dev.almic.ee\/fi\/wp-json\/wp\/v2\/media\/102499"}],"wp:attachment":[{"href":"https:\/\/miil.dev.almic.ee\/fi\/wp-json\/wp\/v2\/media?parent=102494"}],"wp:term":[{"taxonomy":"product_cat","embeddable":true,"href":"https:\/\/miil.dev.almic.ee\/fi\/wp-json\/wp\/v2\/product_cat?post=102494"},{"taxonomy":"product_tag","embeddable":true,"href":"https:\/\/miil.dev.almic.ee\/fi\/wp-json\/wp\/v2\/product_tag?post=102494"}],"curies":[{"name":"wp","href":"https:\/\/api.w.org\/{rel}","templated":true}]}}