{"id":100863,"date":"2025-05-28T11:04:25","date_gmt":"2025-05-28T08:04:27","guid":{"rendered":"https:\/\/www.miil.ee\/?post_type=product&#038;p=100863"},"modified":"2025-05-28T11:08:02","modified_gmt":"2025-05-28T08:08:02","slug":"20dc-merikontti-miiu8811511-tallinn","status":"publish","type":"product","link":"https:\/\/miil.dev.almic.ee\/fi\/toode\/20dc-merikontti-miiu8811511-tallinn\/","title":{"rendered":"20DC Merikontti MIIU8811511 &#8211; TALLINN"},"content":{"rendered":"<h1>Uusi merikontti myynti MIIU8811511 \u2013 YKSISUUNTAINEN merikontti.<\/h1>\n<p>Uusi merikontti myynti MIIU8811511.<br \/>\nKaikki kontit valmistetaan Aasiassa.<br \/>\nUudet kontit siirtyv\u00e4t terminaaliimme yksisuuntaisella lastilla v\u00e4ltt\u00e4\u00e4kseen kuljetuskustannuksia, jotka muuten lis\u00e4isiv\u00e4t kontin hintaan.<\/p>\n<ul>\n<li>S\u00e4\u00e4nkest\u00e4vyyden takuu 50 vuotta.<\/li>\n<li>Kuvat vastaavat mainostettua pakkausta.<\/li>\n<li>S\u00e4ili\u00f6ss\u00e4 voi olla pieni\u00e4 kosmeettisia vikoja kuljetuksen aikana.<\/li>\n<li>Merikontissa on yhteens\u00e4 nelj\u00e4 lenkki\u00e4 ja siihen voidaan asentaa 3+ lukkoa.<\/li>\n<li>Varastikontissa on yhteens\u00e4 kolme lenkki\u00e4, jotka ovat korkeammalla kuin merikontin linkit.<\/li>\n<li>Lukkosuojus sijaitsee kahden oven keskell\u00e4.<\/li>\n<li>Lis\u00e4tuuletus sivuilla.<\/li>\n<li>Inbank.ee ja alennuskoodi \u201dKONTEINER\u201d tulevat per\u00e4ss\u00e4.<\/li>\n<li>Merikontin vuokraus on mahdollista sopimuksen mukaan.<\/li>\n<li>Parhaan hinnan takuu!<\/li>\n<\/ul>\n<p>Teemme aina parhaan tarjouksen vastaavasta astiasta tai eristekontti.<\/p>\n<h2>Miten kontin hinta lasketaan?<\/h2>\n<p>Merikontin hinta riippuu monesta asiasta, mutta myyntihinta liittyy yleens\u00e4 kontin kuntoon.<br \/>\nHintaan vaikuttavat my\u00f6s kontin hankintahinta, kontin saapumistapa terminaaliin, kontin sijainti terminaalissa ja onko kontista loppuneet lis\u00e4kulut, kuten v\u00e4lisiivous, sis\u00e4siivous tai remontti. . Jotta voimme palvella asiakkaitamme paremmin, myyntipisteemme sijaitsevat eri puolilla Viroa. P\u00e4\u00e4kaupungin ulkopuolella olevan kontin hinta riippuu my\u00f6s siit\u00e4, miten se kuljetetaan terminaalien v\u00e4lill\u00e4.<\/p>\n<h2>Uusi merikontti myynti MIIU8811511 \u2013 Kuljetus ja nosto?<\/h2>\n<p>Sopivan kontin valinnan j\u00e4lkeen voimme hoitaa pakkaamisen ja kuljetuksen.<br \/>\nK\u00e4yt\u00e4mme kuljetukseen\u00a0<a href=\"https:\/\/www.miil.ee\/fi\/palvelut\/nosturi\/\">nosturia<\/a>\u00a0tai\u00a0<a href=\"https:\/\/www.miil.ee\/fi\/palvelut\/sideloader\/\">sideloader<\/a><br \/>\nmonimutkaisempi kuljetus on mahdollista\u00a0<a href=\"https:\/\/www.miil.ee\/fi\/palvelut\/ram-kippauslaite\/\">RAM per\u00e4vaunulla<\/a>.<br \/>\nKun olet ostanut sen, s\u00e4ilyt\u00e4mme konttisi terminaalissamme maksutta jopa kuusi kuukautta.<br \/>\nAina on mahdollista sopia pidemm\u00e4st\u00e4kin ajanjaksosta.<br \/>\nEsimerkiksi jos paikka ei ole viel\u00e4 valmis tai k\u00e4ytett\u00e4viss\u00e4 kontin toimittamiseksi.<br \/>\nT\u00e4ll\u00f6in kontin hinta ei muutu ja voit olla varma, ett\u00e4 saat valitun kontin sovittuna aikana.<\/p>\n<ul>\n<li>Parhaan hinnan takuu \u2013 teemme aina parhaan tarjouksen kontista.<\/li>\n<\/ul>\n<p>Seuraa meit\u00e4\u00a0<a href=\"https:\/\/www.facebook.com\/konteinerveod\/\">Facebook<\/a>\u00a0tai\u00a0<a href=\"https:\/\/www.instagram.com\/ou_miil\/\">Instagram<\/a><\/p>\n","protected":false},"excerpt":{"rendered":"<p>Uusi merikontti saapuu terminaaliin yksisuuntaisella lastilla kustannusten v\u00e4hent\u00e4miseksi, ja sill\u00e4 on 50 vuoden s\u00e4\u00e4nkest\u00e4vyyden takuu sek\u00e4 mahdollisuus vuokraukseen. Kuljetus onnistuu nosturilla, sideloaderilla tai RAM-per\u00e4vaunulla, ja konttia voidaan s\u00e4ilytt\u00e4\u00e4 maksutta terminaalissa jopa kuusi kuukautta.<\/p>\n","protected":false},"featured_media":100867,"comment_status":"closed","ping_status":"closed","template":"","meta":{"_acf_changed":false},"product_cat":[355,451,455],"product_tag":[],"class_list":{"0":"post-100863","1":"product","2":"type-product","3":"status-publish","4":"has-post-thumbnail","6":"product_cat-uudet-kontit","7":"product_cat-20-6-metria-fi","8":"product_cat-20-dc-vakio-fi","10":"first","11":"outofstock","12":"sale","13":"shipping-taxable","14":"purchasable","15":"product-type-simple"},"acf":[],"yoast_head":"<!-- This site is optimized with the Yoast SEO Premium plugin v23.9 (Yoast SEO v27.5) - https:\/\/yoast.com\/product\/yoast-seo-premium-wordpress\/ -->\n<title>Uusi merikontti myynti MIIU8811511 - Miil O\u00dc - The Best in Finland!<\/title>\n<meta name=\"description\" content=\"Uusi merikontti myynti MIIU8811511 | Containex myynti | Kontti Myynti | Merikontti myynti | Sideloader transport | The Best In Finland\" \/>\n<meta name=\"robots\" content=\"index, follow, max-snippet:-1, max-image-preview:large, max-video-preview:-1\" \/>\n<link rel=\"canonical\" href=\"https:\/\/miil.dev.almic.ee\/fi\/toode\/20dc-merikontti-miiu8811511-tallinn\/\" \/>\n<meta property=\"og:locale\" content=\"fi_FI\" \/>\n<meta property=\"og:type\" content=\"article\" \/>\n<meta property=\"og:title\" content=\"20DC Merikontti MIIU8811511 - TALLINN\" \/>\n<meta property=\"og:description\" content=\"Uusi merikontti myynti MIIU8811511 | Containex myynti | Kontti Myynti | Merikontti myynti | Sideloader transport | The Best In Finland\" \/>\n<meta property=\"og:url\" content=\"https:\/\/miil.dev.almic.ee\/fi\/toode\/20dc-merikontti-miiu8811511-tallinn\/\" \/>\n<meta property=\"og:site_name\" content=\"Miil O\u00dc\" \/>\n<meta property=\"article:publisher\" content=\"https:\/\/www.facebook.com\/konteinerveod\/\" \/>\n<meta property=\"article:modified_time\" content=\"2025-05-28T08:08:02+00:00\" \/>\n<meta property=\"og:image\" content=\"https:\/\/miil.dev.almic.ee\/wp-content\/uploads\/2025\/05\/20DC-Laokonteiner-MIIU8811511-TALLINN-must-RAL9005-1-scaled.jpg\" \/>\n\t<meta property=\"og:image:width\" content=\"1900\" \/>\n\t<meta property=\"og:image:height\" content=\"1425\" \/>\n\t<meta property=\"og:image:type\" content=\"image\/jpeg\" \/>\n<meta name=\"twitter:card\" content=\"summary_large_image\" \/>\n<meta name=\"twitter:label1\" content=\"Hinta\" \/>\n\t<meta name=\"twitter:data1\" content=\"2790,00&nbsp;&euro;\" \/>\n\t<meta name=\"twitter:label2\" content=\"Saatavuus\" \/>\n\t<meta name=\"twitter:data2\" content=\"Loppu varastosta\" \/>\n<script type=\"application\/ld+json\" class=\"yoast-schema-graph\">{\"@context\":\"https:\\\/\\\/schema.org\",\"@graph\":[{\"@type\":\"WebPage\",\"@id\":\"https:\\\/\\\/miil.dev.almic.ee\\\/fi\\\/toode\\\/20dc-merikontti-miiu8811511-tallinn\\\/\",\"url\":\"https:\\\/\\\/miil.dev.almic.ee\\\/fi\\\/toode\\\/20dc-merikontti-miiu8811511-tallinn\\\/\",\"name\":\"Uusi merikontti myynti MIIU8811511 - Miil O\u00dc - The Best in Finland!\",\"isPartOf\":{\"@id\":\"https:\\\/\\\/miil.dev.almic.ee\\\/#website\"},\"primaryImageOfPage\":{\"@id\":\"https:\\\/\\\/miil.dev.almic.ee\\\/fi\\\/toode\\\/20dc-merikontti-miiu8811511-tallinn\\\/#primaryimage\"},\"image\":{\"@id\":\"https:\\\/\\\/miil.dev.almic.ee\\\/fi\\\/toode\\\/20dc-merikontti-miiu8811511-tallinn\\\/#primaryimage\"},\"thumbnailUrl\":\"https:\\\/\\\/miil.dev.almic.ee\\\/wp-content\\\/uploads\\\/2025\\\/05\\\/20DC-Laokonteiner-MIIU8811511-TALLINN-must-RAL9005-1-scaled.jpg\",\"datePublished\":\"2025-05-28T08:04:27+00:00\",\"dateModified\":\"2025-05-28T08:08:02+00:00\",\"description\":\"Uusi merikontti myynti MIIU8811511 | Containex myynti | Kontti Myynti | Merikontti myynti | Sideloader transport | The Best In Finland\",\"breadcrumb\":{\"@id\":\"https:\\\/\\\/miil.dev.almic.ee\\\/fi\\\/toode\\\/20dc-merikontti-miiu8811511-tallinn\\\/#breadcrumb\"},\"inLanguage\":\"fi\",\"potentialAction\":[{\"@type\":\"ReadAction\",\"target\":[\"https:\\\/\\\/miil.dev.almic.ee\\\/fi\\\/toode\\\/20dc-merikontti-miiu8811511-tallinn\\\/\"]}]},{\"@type\":\"ImageObject\",\"inLanguage\":\"fi\",\"@id\":\"https:\\\/\\\/miil.dev.almic.ee\\\/fi\\\/toode\\\/20dc-merikontti-miiu8811511-tallinn\\\/#primaryimage\",\"url\":\"https:\\\/\\\/miil.dev.almic.ee\\\/wp-content\\\/uploads\\\/2025\\\/05\\\/20DC-Laokonteiner-MIIU8811511-TALLINN-must-RAL9005-1-scaled.jpg\",\"contentUrl\":\"https:\\\/\\\/miil.dev.almic.ee\\\/wp-content\\\/uploads\\\/2025\\\/05\\\/20DC-Laokonteiner-MIIU8811511-TALLINN-must-RAL9005-1-scaled.jpg\",\"width\":1900,\"height\":1425},{\"@type\":\"BreadcrumbList\",\"@id\":\"https:\\\/\\\/miil.dev.almic.ee\\\/fi\\\/toode\\\/20dc-merikontti-miiu8811511-tallinn\\\/#breadcrumb\",\"itemListElement\":[{\"@type\":\"ListItem\",\"position\":1,\"name\":\"Home\",\"item\":\"https:\\\/\\\/miil.dev.almic.ee\\\/fi\\\/\"},{\"@type\":\"ListItem\",\"position\":2,\"name\":\"Kauppa\",\"item\":\"https:\\\/\\\/miil.dev.almic.ee\\\/fi\\\/kauppa\\\/\"},{\"@type\":\"ListItem\",\"position\":3,\"name\":\"20DC Merikontti MIIU8811511 &#8211; TALLINN\"}]},{\"@type\":\"WebSite\",\"@id\":\"https:\\\/\\\/miil.dev.almic.ee\\\/#website\",\"url\":\"https:\\\/\\\/miil.dev.almic.ee\\\/\",\"name\":\"Miil O\u00dc\",\"description\":\"Konteinerveod\",\"publisher\":{\"@id\":\"https:\\\/\\\/miil.dev.almic.ee\\\/#organization\"},\"potentialAction\":[{\"@type\":\"SearchAction\",\"target\":{\"@type\":\"EntryPoint\",\"urlTemplate\":\"https:\\\/\\\/miil.dev.almic.ee\\\/?s={search_term_string}\"},\"query-input\":{\"@type\":\"PropertyValueSpecification\",\"valueRequired\":true,\"valueName\":\"search_term_string\"}}],\"inLanguage\":\"fi\"},{\"@type\":\"Organization\",\"@id\":\"https:\\\/\\\/miil.dev.almic.ee\\\/#organization\",\"name\":\"Miil O\u00dc\",\"url\":\"https:\\\/\\\/miil.dev.almic.ee\\\/\",\"logo\":{\"@type\":\"ImageObject\",\"inLanguage\":\"fi\",\"@id\":\"https:\\\/\\\/miil.dev.almic.ee\\\/#\\\/schema\\\/logo\\\/image\\\/\",\"url\":\"https:\\\/\\\/www.miil.ee\\\/wp-content\\\/uploads\\\/2022\\\/02\\\/Miil-logo.svg\",\"contentUrl\":\"https:\\\/\\\/www.miil.ee\\\/wp-content\\\/uploads\\\/2022\\\/02\\\/Miil-logo.svg\",\"width\":\"1024\",\"height\":\"1024\",\"caption\":\"Miil O\u00dc\"},\"image\":{\"@id\":\"https:\\\/\\\/miil.dev.almic.ee\\\/#\\\/schema\\\/logo\\\/image\\\/\"},\"sameAs\":[\"https:\\\/\\\/www.facebook.com\\\/konteinerveod\\\/\",\"https:\\\/\\\/www.instagram.com\\\/ou_miil\\\/\"]}]}<\/script>\n<meta property=\"product:price:amount\" content=\"2790.00\" \/>\n<meta property=\"product:price:currency\" content=\"EUR\" \/>\n<meta property=\"og:availability\" content=\"out of stock\" \/>\n<meta property=\"product:availability\" content=\"out of stock\" \/>\n<meta property=\"product:retailer_item_id\" content=\"MIIU8811511\" \/>\n<meta property=\"product:condition\" content=\"new\" \/>\n<!-- \/ Yoast SEO Premium plugin. -->","yoast_head_json":{"title":"Uusi merikontti myynti MIIU8811511 - Miil O\u00dc - The Best in Finland!","description":"Uusi merikontti myynti MIIU8811511 | Containex myynti | Kontti Myynti | Merikontti myynti | Sideloader transport | The Best In Finland","robots":{"index":"index","follow":"follow","max-snippet":"max-snippet:-1","max-image-preview":"max-image-preview:large","max-video-preview":"max-video-preview:-1"},"canonical":"https:\/\/miil.dev.almic.ee\/fi\/toode\/20dc-merikontti-miiu8811511-tallinn\/","og_locale":"fi_FI","og_type":"article","og_title":"20DC Merikontti MIIU8811511 - TALLINN","og_description":"Uusi merikontti myynti MIIU8811511 | Containex myynti | Kontti Myynti | Merikontti myynti | Sideloader transport | The Best In Finland","og_url":"https:\/\/miil.dev.almic.ee\/fi\/toode\/20dc-merikontti-miiu8811511-tallinn\/","og_site_name":"Miil O\u00dc","article_publisher":"https:\/\/www.facebook.com\/konteinerveod\/","article_modified_time":"2025-05-28T08:08:02+00:00","og_image":[{"width":1900,"height":1425,"url":"https:\/\/miil.dev.almic.ee\/wp-content\/uploads\/2025\/05\/20DC-Laokonteiner-MIIU8811511-TALLINN-must-RAL9005-1-scaled.jpg","type":"image\/jpeg"}],"twitter_card":"summary_large_image","twitter_misc":{"Hinta":"2790,00&nbsp;&euro;","Saatavuus":"Loppu varastosta"},"schema":{"@context":"https:\/\/schema.org","@graph":[{"@type":"WebPage","@id":"https:\/\/miil.dev.almic.ee\/fi\/toode\/20dc-merikontti-miiu8811511-tallinn\/","url":"https:\/\/miil.dev.almic.ee\/fi\/toode\/20dc-merikontti-miiu8811511-tallinn\/","name":"Uusi merikontti myynti MIIU8811511 - Miil O\u00dc - The Best in Finland!","isPartOf":{"@id":"https:\/\/miil.dev.almic.ee\/#website"},"primaryImageOfPage":{"@id":"https:\/\/miil.dev.almic.ee\/fi\/toode\/20dc-merikontti-miiu8811511-tallinn\/#primaryimage"},"image":{"@id":"https:\/\/miil.dev.almic.ee\/fi\/toode\/20dc-merikontti-miiu8811511-tallinn\/#primaryimage"},"thumbnailUrl":"https:\/\/miil.dev.almic.ee\/wp-content\/uploads\/2025\/05\/20DC-Laokonteiner-MIIU8811511-TALLINN-must-RAL9005-1-scaled.jpg","datePublished":"2025-05-28T08:04:27+00:00","dateModified":"2025-05-28T08:08:02+00:00","description":"Uusi merikontti myynti MIIU8811511 | Containex myynti | Kontti Myynti | Merikontti myynti | Sideloader transport | The Best In Finland","breadcrumb":{"@id":"https:\/\/miil.dev.almic.ee\/fi\/toode\/20dc-merikontti-miiu8811511-tallinn\/#breadcrumb"},"inLanguage":"fi","potentialAction":[{"@type":"ReadAction","target":["https:\/\/miil.dev.almic.ee\/fi\/toode\/20dc-merikontti-miiu8811511-tallinn\/"]}]},{"@type":"ImageObject","inLanguage":"fi","@id":"https:\/\/miil.dev.almic.ee\/fi\/toode\/20dc-merikontti-miiu8811511-tallinn\/#primaryimage","url":"https:\/\/miil.dev.almic.ee\/wp-content\/uploads\/2025\/05\/20DC-Laokonteiner-MIIU8811511-TALLINN-must-RAL9005-1-scaled.jpg","contentUrl":"https:\/\/miil.dev.almic.ee\/wp-content\/uploads\/2025\/05\/20DC-Laokonteiner-MIIU8811511-TALLINN-must-RAL9005-1-scaled.jpg","width":1900,"height":1425},{"@type":"BreadcrumbList","@id":"https:\/\/miil.dev.almic.ee\/fi\/toode\/20dc-merikontti-miiu8811511-tallinn\/#breadcrumb","itemListElement":[{"@type":"ListItem","position":1,"name":"Home","item":"https:\/\/miil.dev.almic.ee\/fi\/"},{"@type":"ListItem","position":2,"name":"Kauppa","item":"https:\/\/miil.dev.almic.ee\/fi\/kauppa\/"},{"@type":"ListItem","position":3,"name":"20DC Merikontti MIIU8811511 &#8211; TALLINN"}]},{"@type":"WebSite","@id":"https:\/\/miil.dev.almic.ee\/#website","url":"https:\/\/miil.dev.almic.ee\/","name":"Miil O\u00dc","description":"Konteinerveod","publisher":{"@id":"https:\/\/miil.dev.almic.ee\/#organization"},"potentialAction":[{"@type":"SearchAction","target":{"@type":"EntryPoint","urlTemplate":"https:\/\/miil.dev.almic.ee\/?s={search_term_string}"},"query-input":{"@type":"PropertyValueSpecification","valueRequired":true,"valueName":"search_term_string"}}],"inLanguage":"fi"},{"@type":"Organization","@id":"https:\/\/miil.dev.almic.ee\/#organization","name":"Miil O\u00dc","url":"https:\/\/miil.dev.almic.ee\/","logo":{"@type":"ImageObject","inLanguage":"fi","@id":"https:\/\/miil.dev.almic.ee\/#\/schema\/logo\/image\/","url":"https:\/\/www.miil.ee\/wp-content\/uploads\/2022\/02\/Miil-logo.svg","contentUrl":"https:\/\/www.miil.ee\/wp-content\/uploads\/2022\/02\/Miil-logo.svg","width":"1024","height":"1024","caption":"Miil O\u00dc"},"image":{"@id":"https:\/\/miil.dev.almic.ee\/#\/schema\/logo\/image\/"},"sameAs":["https:\/\/www.facebook.com\/konteinerveod\/","https:\/\/www.instagram.com\/ou_miil\/"]}]},"product_price_amount":"2790.00","product_price_currency":"EUR","og_availability":"out of stock","product_availability":"out of stock","product_retailer_item_id":"MIIU8811511","product_condition":"new"},"_links":{"self":[{"href":"https:\/\/miil.dev.almic.ee\/fi\/wp-json\/wp\/v2\/product\/100863","targetHints":{"allow":["GET"]}}],"collection":[{"href":"https:\/\/miil.dev.almic.ee\/fi\/wp-json\/wp\/v2\/product"}],"about":[{"href":"https:\/\/miil.dev.almic.ee\/fi\/wp-json\/wp\/v2\/types\/product"}],"replies":[{"embeddable":true,"href":"https:\/\/miil.dev.almic.ee\/fi\/wp-json\/wp\/v2\/comments?post=100863"}],"wp:featuredmedia":[{"embeddable":true,"href":"https:\/\/miil.dev.almic.ee\/fi\/wp-json\/wp\/v2\/media\/100867"}],"wp:attachment":[{"href":"https:\/\/miil.dev.almic.ee\/fi\/wp-json\/wp\/v2\/media?parent=100863"}],"wp:term":[{"taxonomy":"product_cat","embeddable":true,"href":"https:\/\/miil.dev.almic.ee\/fi\/wp-json\/wp\/v2\/product_cat?post=100863"},{"taxonomy":"product_tag","embeddable":true,"href":"https:\/\/miil.dev.almic.ee\/fi\/wp-json\/wp\/v2\/product_tag?post=100863"}],"curies":[{"name":"wp","href":"https:\/\/api.w.org\/{rel}","templated":true}]}}