{"id":87997,"date":"2025-02-19T09:54:21","date_gmt":"2025-02-19T07:54:21","guid":{"rendered":"https:\/\/www.miil.ee\/palvelut\/kuljetuskontin-vuokraus\/"},"modified":"2025-02-19T09:58:54","modified_gmt":"2025-02-19T07:58:54","slug":"kuljetuskontin-vuokraus","status":"publish","type":"page","link":"https:\/\/miil.dev.almic.ee\/fi\/palvelut\/kuljetuskontin-vuokraus\/","title":{"rendered":"Kuljetuskontin vuokraus"},"content":{"rendered":"<section class=\"l-section wpb_row height_medium\"><div class=\"l-section-h i-cf\"><div class=\"g-cols vc_row via_flex valign_top type_default stacking_default\"><div class=\"vc_col-sm-8 wpb_column vc_column_container\"><div class=\"vc_column-inner\"><div class=\"wpb_wrapper\"><div class=\"wpb_text_column\"><div class=\"wpb_wrapper\"><h1>Kuljetuskontin vuokraus<\/h1>\n<p>Kuljetuskontin vuokraus voi olla loistava vaihtoehto niille, jotka tarvitsevat lis\u00e4\u00e4 s\u00e4ilytystilaa ilman, ett\u00e4 sit\u00e4 tarvitsee ostaa suoraan. T\u00e4m\u00e4 vaihtoehto tarjoaa joustavuutta, joten voit k\u00e4ytt\u00e4\u00e4 suojattua, s\u00e4\u00e4nkest\u00e4v\u00e4\u00e4 tallennustilaa tietyn ajan, olipa se sitten muutama viikko, kuukausi tai pidempi. Kuljetuskonttivuokrat ovat ihanteellisia ihmisille, jotka tarvitsevat v\u00e4liaikaista s\u00e4ilytystilaa muuttoa, kodin remonttia varten tai yritykselle, joka tarvitsee ylim\u00e4\u00e4r\u00e4isen varaston varastoinnin.<\/p>\n<p>Yksi rahtikontin vuokraamisen t\u00e4rkeimmist\u00e4 eduista on alhaisemmat alkukustannukset verrattuna uuden tai k\u00e4ytetyn kontin ostamiseen. V\u00e4ltyt suurelta alkuinvestoinnilta ja maksat kontista vain silt\u00e4 ajalta, kun sit\u00e4 todella tarvitset. T\u00e4m\u00e4 tekee siit\u00e4 budjettiyst\u00e4v\u00e4llisemm\u00e4n ratkaisun lyhytaikaisiin tarpeisiin. Lis\u00e4ksi, koska me hoidamme kontin toimituksen, se s\u00e4\u00e4st\u00e4\u00e4 aikaa ja vaivaa.<\/p>\n<p>Kuljetuskontit ovat my\u00f6s eritt\u00e4in k\u00e4tevi\u00e4. Tarjoamme joustavia vaihtoehtoja, joiden avulla voit s\u00e4\u00e4t\u00e4\u00e4 vuokra-ajan pituutta tarpeidesi muuttuessa. Jos esimerkiksi projektisi tai varastointitarpeesi kest\u00e4\u00e4 odotettua kauemmin, voit usein pident\u00e4\u00e4 vuokra-aikaasi ilman vaivaa. Lis\u00e4ksi vuokraamalla rahtikontin saat k\u00e4ytt\u00f6\u00f6si useita eri kokoja, mik\u00e4 varmistaa, ett\u00e4 l\u00f6yd\u00e4t tarpeitasi vastaavan kontin.<\/p>\n<p>Vuokrauksen etuna on my\u00f6s kontin hyv\u00e4 kunto, varsinkin jos kyseess\u00e4 on uudempi malli. Pid\u00e4mme vuokrakonttejamme hyv\u00e4ss\u00e4 kunnossa ja varmistamme, ett\u00e4 ne ovat puhtaita, turvallisia ja k\u00e4ytt\u00f6valmiita silloin, kun niit\u00e4 tarvitset. Toimitus ja nouto sis\u00e4ltyv\u00e4t yleens\u00e4 vuokrasopimukseen, joten sinun ei tarvitse huolehtia kuljetuksesta. Riitt\u00e4\u00e4, kun totean, ett\u00e4 kuljetuskulut lis\u00e4t\u00e4\u00e4n ensimm\u00e4iseen laskuusi.<\/p>\n<p>Tarjoamme konttivuokrausta yleens\u00e4 v\u00e4hint\u00e4\u00e4n kuudeksi kuukaudeksi, mutta my\u00f6s lyhytaikaiset sopimukset ovat mahdollisia. Valitettavasti n\u00e4iss\u00e4 tapauksissa kustannukset ovat todenn\u00e4k\u00f6isesti hieman korkeammat.<\/p>\n<p>Jos tarvitset lis\u00e4s\u00e4ilytystilaa vain tilap\u00e4isesti \u2013 esimerkiksi kotisi remontin yhteydess\u00e4, kun yrityksesi varasto on t\u00e4ynn\u00e4 tai tarvitset sit\u00e4 kausiluonteiseen tarpeeseen \u2013 vuokraaminen tarjoaa joustavuutta ja mukavuutta ilman pitk\u00e4aikaista taloudellista sitoutumista. Lis\u00e4ksi, jos s\u00e4ilytystarpeesi muuttuvat tulevaisuudessa, voit yksinkertaisesti palauttaa kontin tai vaihtaa sen toiseen kokoon.<\/p>\n<p>Kirjoita meille vuokratoiveesi osoitteeseen <a href=\"mailto:info@miil.ee\">info@miil.ee<\/a> tai katso valikoimaa <a href=\"https:\/\/www.miil.ee\/fi\/verkkokauppa\/\">verkkokaupastamme<\/a>.<\/p>\n<\/div><\/div><div class=\"wpb_text_column\"><div class=\"wpb_wrapper\"><h2>J\u00e4\u00e4kaapin kontin vuokraus<\/h2>\n<p>Vuokraamme erikokoisia merikonttij\u00e4\u00e4kaappeja.<br \/>\nVarastossamme on j\u00e4\u00e4kaappiovellisia j\u00e4\u00e4kaappeja, tavallisilla ovilla varustettuja j\u00e4\u00e4kaappeja, kylm\u00e4kontteja ja paljon muuta.<br \/>\nSaatavana 10 jalkaa, 20 jalkaa, 40 jalkaa konteissa erilaisilla varusteilla.<\/p>\n<h2>Kuljetuskontin vuokraus &#8211; Kuljetus ja asennus?<\/h2>\n<p>Sopivan kontin valinnan j\u00e4lkeen voimme my\u00f6s tehd\u00e4 tarjouksen kuljetuksesta.<br \/>\n<span>K\u00e4yt\u00e4mme kuljetukseen\u00a0<\/span><a href=\"https:\/\/www.miil.ee\/fi\/palvelut\/nosturi\/\">nosturia<\/a><span>\u00a0tai\u00a0<\/span><a href=\"https:\/\/www.miil.ee\/fi\/palvelut\/sideloader\/\">sideloader<\/a><br \/>\n<span>monimutkaisempi kuljetus on mahdollista\u00a0<\/span><a href=\"https:\/\/www.miil.ee\/fi\/palvelut\/ram-kippauslaite\/\">RAM per\u00e4vaunulla<\/a><span>.<\/span><\/p>\n<p>Kun ostat kontin, voit s\u00e4ilytt\u00e4\u00e4 sit\u00e4 terminaalissamme jopa kuusi kuukautta maksutta.<\/p>\n<p>Aina on mahdollista sopia pidemm\u00e4st\u00e4kin ajanjaksosta.<br \/>\nT\u00e4st\u00e4 on hy\u00f6ty\u00e4 esimerkiksi, jos sijainti ei ole viel\u00e4 valmis tai k\u00e4ytett\u00e4viss\u00e4.<br \/>\nT\u00e4ll\u00f6in kontin hinta ei muutu ja voit olla varma, ett\u00e4 saat valitun kontin sovittuna aikana.<\/p>\n<p>&nbsp;<\/p>\n<p><span>Seuraa meit\u00e4\u00a0<\/span><a href=\"https:\/\/www.facebook.com\/konteinerveod\/\">Facebook<\/a><span>\u00a0tai\u00a0<\/span><a href=\"https:\/\/www.instagram.com\/ou_miil\/\">Instagram<\/a><\/p>\n<\/div><\/div><\/div><\/div><\/div><div class=\"vc_col-sm-4 wpb_column vc_column_container\"><div class=\"vc_column-inner\"><div class=\"wpb_wrapper\"><div class=\"w-gallery fit_cover type_grid ratio_1x1 count_0\" style=\"--columns:1;--items-gap:10px;\"><div class=\"w-gallery-no-results\">Ei tuloksia.<\/div><\/div><\/div><\/div><\/div><\/div><\/div><\/section><section class=\"l-section wpb_row faq height_medium\"><div class=\"l-section-h i-cf\"><div class=\"g-cols vc_row via_flex valign_top type_default stacking_default\"><div class=\"vc_col-sm-12 wpb_column vc_column_container\"><div class=\"vc_column-inner\"><div class=\"wpb_wrapper\"><\/div><\/div><\/div><\/div><\/div><\/section>\n","protected":false},"excerpt":{"rendered":"Kuljetuskontin vuokraus Kuljetuskontin vuokraus voi olla loistava vaihtoehto niille, jotka tarvitsevat lis\u00e4\u00e4 s\u00e4ilytystilaa ilman, ett\u00e4 sit\u00e4 tarvitsee ostaa suoraan. T\u00e4m\u00e4 vaihtoehto tarjoaa joustavuutta, joten voit k\u00e4ytt\u00e4\u00e4 suojattua, s\u00e4\u00e4nkest\u00e4v\u00e4\u00e4 tallennustilaa tietyn ajan, olipa se sitten muutama viikko, kuukausi tai pidempi. Kuljetuskonttivuokrat ovat ihanteellisia ihmisille, jotka tarvitsevat v\u00e4liaikaista s\u00e4ilytystilaa muuttoa, kodin remonttia varten tai yritykselle, joka tarvitsee...","protected":false},"author":3,"featured_media":0,"parent":1588,"menu_order":2,"comment_status":"closed","ping_status":"closed","template":"","meta":{"_acf_changed":false,"footnotes":""},"class_list":["post-87997","page","type-page","status-publish","hentry"],"acf":[],"yoast_head":"<!-- This site is optimized with the Yoast SEO Premium plugin v23.9 (Yoast SEO v27.5) - https:\/\/yoast.com\/product\/yoast-seo-premium-wordpress\/ -->\n<title>Kuljetuskontin vuokraus<\/title>\n<meta name=\"description\" content=\"Kuljetuskontin vuokraus | Rahtikontin vuokraus | Konttien vuokraus | Kylm\u00e4konttien vuokraus | Miil.ee \u2b50\ufe0f\u2b50\ufe0f\u2b50\ufe0f\u2b50\ufe0f\u2b50\ufe0f\" \/>\n<meta name=\"robots\" content=\"index, follow, max-snippet:-1, max-image-preview:large, max-video-preview:-1\" \/>\n<link rel=\"canonical\" href=\"https:\/\/miil.dev.almic.ee\/fi\/palvelut\/kuljetuskontin-vuokraus\/\" \/>\n<meta property=\"og:locale\" content=\"fi_FI\" \/>\n<meta property=\"og:type\" content=\"article\" \/>\n<meta property=\"og:title\" content=\"Kuljetuskontin vuokraus\" \/>\n<meta property=\"og:description\" content=\"Kuljetuskontin vuokraus | Rahtikontin vuokraus | Konttien vuokraus | Kylm\u00e4konttien vuokraus | Miil.ee \u2b50\ufe0f\u2b50\ufe0f\u2b50\ufe0f\u2b50\ufe0f\u2b50\ufe0f\" \/>\n<meta property=\"og:url\" content=\"https:\/\/miil.dev.almic.ee\/fi\/palvelut\/kuljetuskontin-vuokraus\/\" \/>\n<meta property=\"og:site_name\" content=\"Miil O\u00dc\" \/>\n<meta property=\"article:publisher\" content=\"https:\/\/www.facebook.com\/konteinerveod\/\" \/>\n<meta property=\"article:modified_time\" content=\"2025-02-19T07:58:54+00:00\" \/>\n<meta name=\"twitter:card\" content=\"summary_large_image\" \/>\n<meta name=\"twitter:label1\" content=\"Arvioitu lukuaika\" \/>\n\t<meta name=\"twitter:data1\" content=\"3 minuuttia\" \/>\n<script type=\"application\/ld+json\" class=\"yoast-schema-graph\">{\"@context\":\"https:\\\/\\\/schema.org\",\"@graph\":[{\"@type\":\"WebPage\",\"@id\":\"https:\\\/\\\/miil.dev.almic.ee\\\/fi\\\/palvelut\\\/kuljetuskontin-vuokraus\\\/\",\"url\":\"https:\\\/\\\/miil.dev.almic.ee\\\/fi\\\/palvelut\\\/kuljetuskontin-vuokraus\\\/\",\"name\":\"Kuljetuskontin vuokraus\",\"isPartOf\":{\"@id\":\"https:\\\/\\\/miil.dev.almic.ee\\\/#website\"},\"datePublished\":\"2025-02-19T07:54:21+00:00\",\"dateModified\":\"2025-02-19T07:58:54+00:00\",\"description\":\"Kuljetuskontin vuokraus | Rahtikontin vuokraus | Konttien vuokraus | Kylm\u00e4konttien vuokraus | Miil.ee \u2b50\ufe0f\u2b50\ufe0f\u2b50\ufe0f\u2b50\ufe0f\u2b50\ufe0f\",\"breadcrumb\":{\"@id\":\"https:\\\/\\\/miil.dev.almic.ee\\\/fi\\\/palvelut\\\/kuljetuskontin-vuokraus\\\/#breadcrumb\"},\"inLanguage\":\"fi\",\"potentialAction\":[{\"@type\":\"ReadAction\",\"target\":[\"https:\\\/\\\/miil.dev.almic.ee\\\/fi\\\/palvelut\\\/kuljetuskontin-vuokraus\\\/\"]}]},{\"@type\":\"BreadcrumbList\",\"@id\":\"https:\\\/\\\/miil.dev.almic.ee\\\/fi\\\/palvelut\\\/kuljetuskontin-vuokraus\\\/#breadcrumb\",\"itemListElement\":[{\"@type\":\"ListItem\",\"position\":1,\"name\":\"Home\",\"item\":\"https:\\\/\\\/miil.dev.almic.ee\\\/fi\\\/\"},{\"@type\":\"ListItem\",\"position\":2,\"name\":\"Palvelut\",\"item\":\"https:\\\/\\\/miil.dev.almic.ee\\\/fi\\\/palvelut\\\/\"},{\"@type\":\"ListItem\",\"position\":3,\"name\":\"Kuljetuskontin vuokraus\"}]},{\"@type\":\"WebSite\",\"@id\":\"https:\\\/\\\/miil.dev.almic.ee\\\/#website\",\"url\":\"https:\\\/\\\/miil.dev.almic.ee\\\/\",\"name\":\"Miil O\u00dc\",\"description\":\"Konteinerveod\",\"publisher\":{\"@id\":\"https:\\\/\\\/miil.dev.almic.ee\\\/#organization\"},\"potentialAction\":[{\"@type\":\"SearchAction\",\"target\":{\"@type\":\"EntryPoint\",\"urlTemplate\":\"https:\\\/\\\/miil.dev.almic.ee\\\/?s={search_term_string}\"},\"query-input\":{\"@type\":\"PropertyValueSpecification\",\"valueRequired\":true,\"valueName\":\"search_term_string\"}}],\"inLanguage\":\"fi\"},{\"@type\":\"Organization\",\"@id\":\"https:\\\/\\\/miil.dev.almic.ee\\\/#organization\",\"name\":\"Miil O\u00dc\",\"url\":\"https:\\\/\\\/miil.dev.almic.ee\\\/\",\"logo\":{\"@type\":\"ImageObject\",\"inLanguage\":\"fi\",\"@id\":\"https:\\\/\\\/miil.dev.almic.ee\\\/#\\\/schema\\\/logo\\\/image\\\/\",\"url\":\"https:\\\/\\\/www.miil.ee\\\/wp-content\\\/uploads\\\/2022\\\/02\\\/Miil-logo.svg\",\"contentUrl\":\"https:\\\/\\\/www.miil.ee\\\/wp-content\\\/uploads\\\/2022\\\/02\\\/Miil-logo.svg\",\"width\":\"1024\",\"height\":\"1024\",\"caption\":\"Miil O\u00dc\"},\"image\":{\"@id\":\"https:\\\/\\\/miil.dev.almic.ee\\\/#\\\/schema\\\/logo\\\/image\\\/\"},\"sameAs\":[\"https:\\\/\\\/www.facebook.com\\\/konteinerveod\\\/\",\"https:\\\/\\\/www.instagram.com\\\/ou_miil\\\/\"]}]}<\/script>\n<!-- \/ Yoast SEO Premium plugin. -->","yoast_head_json":{"title":"Kuljetuskontin vuokraus","description":"Kuljetuskontin vuokraus | Rahtikontin vuokraus | Konttien vuokraus | Kylm\u00e4konttien vuokraus | Miil.ee \u2b50\ufe0f\u2b50\ufe0f\u2b50\ufe0f\u2b50\ufe0f\u2b50\ufe0f","robots":{"index":"index","follow":"follow","max-snippet":"max-snippet:-1","max-image-preview":"max-image-preview:large","max-video-preview":"max-video-preview:-1"},"canonical":"https:\/\/miil.dev.almic.ee\/fi\/palvelut\/kuljetuskontin-vuokraus\/","og_locale":"fi_FI","og_type":"article","og_title":"Kuljetuskontin vuokraus","og_description":"Kuljetuskontin vuokraus | Rahtikontin vuokraus | Konttien vuokraus | Kylm\u00e4konttien vuokraus | Miil.ee \u2b50\ufe0f\u2b50\ufe0f\u2b50\ufe0f\u2b50\ufe0f\u2b50\ufe0f","og_url":"https:\/\/miil.dev.almic.ee\/fi\/palvelut\/kuljetuskontin-vuokraus\/","og_site_name":"Miil O\u00dc","article_publisher":"https:\/\/www.facebook.com\/konteinerveod\/","article_modified_time":"2025-02-19T07:58:54+00:00","twitter_card":"summary_large_image","twitter_misc":{"Arvioitu lukuaika":"3 minuuttia"},"schema":{"@context":"https:\/\/schema.org","@graph":[{"@type":"WebPage","@id":"https:\/\/miil.dev.almic.ee\/fi\/palvelut\/kuljetuskontin-vuokraus\/","url":"https:\/\/miil.dev.almic.ee\/fi\/palvelut\/kuljetuskontin-vuokraus\/","name":"Kuljetuskontin vuokraus","isPartOf":{"@id":"https:\/\/miil.dev.almic.ee\/#website"},"datePublished":"2025-02-19T07:54:21+00:00","dateModified":"2025-02-19T07:58:54+00:00","description":"Kuljetuskontin vuokraus | Rahtikontin vuokraus | Konttien vuokraus | Kylm\u00e4konttien vuokraus | Miil.ee \u2b50\ufe0f\u2b50\ufe0f\u2b50\ufe0f\u2b50\ufe0f\u2b50\ufe0f","breadcrumb":{"@id":"https:\/\/miil.dev.almic.ee\/fi\/palvelut\/kuljetuskontin-vuokraus\/#breadcrumb"},"inLanguage":"fi","potentialAction":[{"@type":"ReadAction","target":["https:\/\/miil.dev.almic.ee\/fi\/palvelut\/kuljetuskontin-vuokraus\/"]}]},{"@type":"BreadcrumbList","@id":"https:\/\/miil.dev.almic.ee\/fi\/palvelut\/kuljetuskontin-vuokraus\/#breadcrumb","itemListElement":[{"@type":"ListItem","position":1,"name":"Home","item":"https:\/\/miil.dev.almic.ee\/fi\/"},{"@type":"ListItem","position":2,"name":"Palvelut","item":"https:\/\/miil.dev.almic.ee\/fi\/palvelut\/"},{"@type":"ListItem","position":3,"name":"Kuljetuskontin vuokraus"}]},{"@type":"WebSite","@id":"https:\/\/miil.dev.almic.ee\/#website","url":"https:\/\/miil.dev.almic.ee\/","name":"Miil O\u00dc","description":"Konteinerveod","publisher":{"@id":"https:\/\/miil.dev.almic.ee\/#organization"},"potentialAction":[{"@type":"SearchAction","target":{"@type":"EntryPoint","urlTemplate":"https:\/\/miil.dev.almic.ee\/?s={search_term_string}"},"query-input":{"@type":"PropertyValueSpecification","valueRequired":true,"valueName":"search_term_string"}}],"inLanguage":"fi"},{"@type":"Organization","@id":"https:\/\/miil.dev.almic.ee\/#organization","name":"Miil O\u00dc","url":"https:\/\/miil.dev.almic.ee\/","logo":{"@type":"ImageObject","inLanguage":"fi","@id":"https:\/\/miil.dev.almic.ee\/#\/schema\/logo\/image\/","url":"https:\/\/www.miil.ee\/wp-content\/uploads\/2022\/02\/Miil-logo.svg","contentUrl":"https:\/\/www.miil.ee\/wp-content\/uploads\/2022\/02\/Miil-logo.svg","width":"1024","height":"1024","caption":"Miil O\u00dc"},"image":{"@id":"https:\/\/miil.dev.almic.ee\/#\/schema\/logo\/image\/"},"sameAs":["https:\/\/www.facebook.com\/konteinerveod\/","https:\/\/www.instagram.com\/ou_miil\/"]}]}},"_links":{"self":[{"href":"https:\/\/miil.dev.almic.ee\/fi\/wp-json\/wp\/v2\/pages\/87997","targetHints":{"allow":["GET"]}}],"collection":[{"href":"https:\/\/miil.dev.almic.ee\/fi\/wp-json\/wp\/v2\/pages"}],"about":[{"href":"https:\/\/miil.dev.almic.ee\/fi\/wp-json\/wp\/v2\/types\/page"}],"author":[{"embeddable":true,"href":"https:\/\/miil.dev.almic.ee\/fi\/wp-json\/wp\/v2\/users\/3"}],"replies":[{"embeddable":true,"href":"https:\/\/miil.dev.almic.ee\/fi\/wp-json\/wp\/v2\/comments?post=87997"}],"version-history":[{"count":0,"href":"https:\/\/miil.dev.almic.ee\/fi\/wp-json\/wp\/v2\/pages\/87997\/revisions"}],"up":[{"embeddable":true,"href":"https:\/\/miil.dev.almic.ee\/fi\/wp-json\/wp\/v2\/pages\/1588"}],"wp:attachment":[{"href":"https:\/\/miil.dev.almic.ee\/fi\/wp-json\/wp\/v2\/media?parent=87997"}],"curies":[{"name":"wp","href":"https:\/\/api.w.org\/{rel}","templated":true}]}}