{"id":87982,"date":"2025-02-18T14:44:44","date_gmt":"2025-02-18T12:44:44","guid":{"rendered":"https:\/\/www.miil.ee\/palvelut\/merikonttimainonta\/"},"modified":"2025-02-18T15:24:11","modified_gmt":"2025-02-18T13:24:11","slug":"merikonttimainonta","status":"publish","type":"page","link":"https:\/\/miil.dev.almic.ee\/fi\/palvelut\/merikonttimainonta\/","title":{"rendered":"Merikonttimainonta"},"content":{"rendered":"<section class=\"l-section wpb_row height_medium\"><div class=\"l-section-h i-cf\"><div class=\"g-cols vc_row via_flex valign_top type_default stacking_default\"><div class=\"vc_col-sm-8 wpb_column vc_column_container\"><div class=\"vc_column-inner\"><div class=\"wpb_wrapper\"><div class=\"wpb_text_column\"><div class=\"wpb_wrapper\"><p>Merikonttimainonta on nopea ja edullinen tapa tehd\u00e4 yrityksest\u00e4si n\u00e4kyv\u00e4mpi. Tavanomaisen merikonttien muuntamisen lis\u00e4ksi tarjoamme my\u00f6s mahdollisuuden maalata, liimata tai peitt\u00e4\u00e4 mainoksilla sinulle sopivan kontin. Merikonttien mainonta on mahdollisuus ostaa tai vuokrata meilt\u00e4 kontteja.<\/p>\n<h2>Mainonta omalla esimerkill\u00e4mme<\/h2>\n<p>Vaikka olemme valmistaneet mainosastioita monille isommille ja pienemmille yrityksille, annamme itsellemme esimerkin muotoilluilla konteilla.<br \/>\nKonttimme perustuvat suurimpiin saatavilla oleviin 45HCPW merikontteihin keskim\u00e4\u00e4r\u00e4ist\u00e4 paremmassa kunnossa.<br \/>\nN\u00e4m\u00e4 kontit ovat 13,5 metri\u00e4 pitki\u00e4, 2,9 metri\u00e4 korkeita ja 2,5 metri\u00e4 leveit\u00e4, ja ne on asennettu p\u00e4itt\u00e4in erityisill\u00e4 merikonttikiinnikkeill\u00e4.<\/p>\n<p>Ei ole hyv\u00e4 k\u00e4ytt\u00e4\u00e4 mainontaan halvimpia ja vinoja astioita, koska se vaikeuttaa kaikkia muita t\u00f6it\u00e4.<br \/>\nAivan kuten talo alkaa perustuksesta, mainonta alkaa kontista.<br \/>\nMit\u00e4 suorempi s\u00e4ili\u00f6 on, sit\u00e4 helpompi se on maalata, liimata tai k\u00e4sitell\u00e4.<\/p>\n<p>Kuvassa olevien astioiden mainostamiseen on k\u00e4ytetty alumiinikomposiittimateriaalia, koska se on tarraa kest\u00e4v\u00e4mp\u00e4\u00e4. N\u00e4kyv\u00e4mpi ja luettavampi my\u00f6s eri n\u00e4k\u00f6kulmista.<br \/>\nTarrasta voi tulla vaikea lukea 45 asteen kulmassa, koska s\u00e4ili\u00f6n sein\u00e4levy on profiili.<\/p>\n<p>Mainoss\u00e4ili\u00f6n koko riippuu tietyn asiakkaan tarpeista, asennuksen sijainnista, budjetista ja monista muista asioista.<\/p>\n<p>Tutustu verkkokaupan laajaan konttivalikoimaan <a href=\"https:\/\/www.miil.ee\/fi\/verkkokauppa\/\">t\u00e4st\u00e4!<\/a><\/p>\n<h2>Merikonttimainonta &#8211; Mihin se voidaan asentaa?<\/h2>\n<p>Mainokset voidaan asentaa minne tahansa, yleens\u00e4 mainosbudjetti menee ennen asennusmahdollisuuksia.<br \/>\nOlemme nostaneet kontin vanhankaupungin teatterirakennuksen p\u00e4\u00e4lle tai vieneet pienille saarille sek\u00e4 saaneet ne huoneisiin, joissa on kontin kokoinen ovi.<\/p>\n<p>Saadaksesi tarkan hinnan, voit l\u00e4hett\u00e4\u00e4 meille visiosi tai tavoitteesi esittelev\u00e4n tarinan osoitteeseen<span>\u00a0<\/span><a href=\"mailto:info@miil.ee\">info@miil.ee<\/a><span>\u00a0<\/span>ja teemme sinulle parhaan mahdollisen tarjouksen mainontaan!<\/p>\n<p>Seuraa meit\u00e4\u00a0<a href=\"https:\/\/www.facebook.com\/konteinerveod\/\">Facebook<\/a>\u00a0tai\u00a0<a href=\"https:\/\/www.instagram.com\/ou_miil\/\">Instagram<\/a><\/p>\n<\/div><\/div><\/div><\/div><\/div><div class=\"vc_col-sm-4 wpb_column vc_column_container\"><div class=\"vc_column-inner\"><div class=\"wpb_wrapper\"><div class=\"w-gallery fit_cover type_masonry ratio_auto count_8\" style=\"--columns:1;--items-gap:10px;\"><div class=\"w-gallery-list\"><div class=\"w-gallery-item\"><div class=\"w-gallery-item-img\"><img loading=\"lazy\" decoding=\"async\" width=\"1024\" height=\"768\" src=\"https:\/\/miil.dev.almic.ee\/wp-content\/uploads\/2025\/02\/miil.ee-reklaamkont-1024x768.jpg\" class=\"attachment-large size-large\" alt=\"\" srcset=\"https:\/\/miil.dev.almic.ee\/wp-content\/uploads\/2025\/02\/miil.ee-reklaamkont-1024x768.jpg 1024w, https:\/\/miil.dev.almic.ee\/wp-content\/uploads\/2025\/02\/miil.ee-reklaamkont-300x225.jpg 300w, https:\/\/miil.dev.almic.ee\/wp-content\/uploads\/2025\/02\/miil.ee-reklaamkont-600x450.jpg 600w, https:\/\/miil.dev.almic.ee\/wp-content\/uploads\/2025\/02\/miil.ee-reklaamkont-scaled.jpg 1900w\" sizes=\"auto, (max-width: 1024px) 100vw, 1024px\" \/><\/div><\/div><div class=\"w-gallery-item\"><div class=\"w-gallery-item-img\"><img loading=\"lazy\" decoding=\"async\" width=\"1024\" height=\"768\" src=\"https:\/\/miil.dev.almic.ee\/wp-content\/uploads\/2025\/01\/Konteineri-tostmine-1024x768.jpg\" class=\"attachment-large size-large\" alt=\"reklaamkonteiner\" srcset=\"https:\/\/miil.dev.almic.ee\/wp-content\/uploads\/2025\/01\/Konteineri-tostmine-1024x768.jpg 1024w, https:\/\/miil.dev.almic.ee\/wp-content\/uploads\/2025\/01\/Konteineri-tostmine-300x225.jpg 300w, https:\/\/miil.dev.almic.ee\/wp-content\/uploads\/2025\/01\/Konteineri-tostmine-600x450.jpg 600w, https:\/\/miil.dev.almic.ee\/wp-content\/uploads\/2025\/01\/Konteineri-tostmine-scaled.jpg 1900w\" sizes=\"auto, (max-width: 1024px) 100vw, 1024px\" \/><\/div><\/div><div class=\"w-gallery-item\"><div class=\"w-gallery-item-img\"><img loading=\"lazy\" decoding=\"async\" width=\"1024\" height=\"768\" src=\"https:\/\/miil.dev.almic.ee\/wp-content\/uploads\/2024\/11\/reklaamikont-1024x768.jpg\" class=\"attachment-large size-large\" alt=\"\" srcset=\"https:\/\/miil.dev.almic.ee\/wp-content\/uploads\/2024\/11\/reklaamikont-1024x768.jpg 1024w, https:\/\/miil.dev.almic.ee\/wp-content\/uploads\/2024\/11\/reklaamikont-300x225.jpg 300w, https:\/\/miil.dev.almic.ee\/wp-content\/uploads\/2024\/11\/reklaamikont-600x450.jpg 600w, https:\/\/miil.dev.almic.ee\/wp-content\/uploads\/2024\/11\/reklaamikont.jpg 1900w\" sizes=\"auto, (max-width: 1024px) 100vw, 1024px\" \/><\/div><\/div><div class=\"w-gallery-item\"><div class=\"w-gallery-item-img\"><img loading=\"lazy\" decoding=\"async\" width=\"1024\" height=\"768\" src=\"https:\/\/miil.dev.almic.ee\/wp-content\/uploads\/2023\/11\/Reklaam-konteiner-merekonteiner-reklaamiks-tootmine-varvimine-umberehitus-1024x768.jpg\" class=\"attachment-large size-large\" alt=\"\" srcset=\"https:\/\/miil.dev.almic.ee\/wp-content\/uploads\/2023\/11\/Reklaam-konteiner-merekonteiner-reklaamiks-tootmine-varvimine-umberehitus-1024x768.jpg 1024w, https:\/\/miil.dev.almic.ee\/wp-content\/uploads\/2023\/11\/Reklaam-konteiner-merekonteiner-reklaamiks-tootmine-varvimine-umberehitus-300x225.jpg 300w, https:\/\/miil.dev.almic.ee\/wp-content\/uploads\/2023\/11\/Reklaam-konteiner-merekonteiner-reklaamiks-tootmine-varvimine-umberehitus-600x450.jpg 600w, https:\/\/miil.dev.almic.ee\/wp-content\/uploads\/2023\/11\/Reklaam-konteiner-merekonteiner-reklaamiks-tootmine-varvimine-umberehitus-scaled.jpg 1900w\" sizes=\"auto, (max-width: 1024px) 100vw, 1024px\" \/><\/div><\/div><div class=\"w-gallery-item\"><div class=\"w-gallery-item-img\"><img loading=\"lazy\" decoding=\"async\" width=\"1024\" height=\"768\" src=\"https:\/\/miil.dev.almic.ee\/wp-content\/uploads\/2023\/11\/Reklaam-konteiner-merekonteiner-reklaamiks-tootmine-varvimine-umberehitus-reklaamide-paigaldus-2-1024x768.jpg\" class=\"attachment-large size-large\" alt=\"\" srcset=\"https:\/\/miil.dev.almic.ee\/wp-content\/uploads\/2023\/11\/Reklaam-konteiner-merekonteiner-reklaamiks-tootmine-varvimine-umberehitus-reklaamide-paigaldus-2-1024x768.jpg 1024w, https:\/\/miil.dev.almic.ee\/wp-content\/uploads\/2023\/11\/Reklaam-konteiner-merekonteiner-reklaamiks-tootmine-varvimine-umberehitus-reklaamide-paigaldus-2-300x225.jpg 300w, https:\/\/miil.dev.almic.ee\/wp-content\/uploads\/2023\/11\/Reklaam-konteiner-merekonteiner-reklaamiks-tootmine-varvimine-umberehitus-reklaamide-paigaldus-2-600x450.jpg 600w, https:\/\/miil.dev.almic.ee\/wp-content\/uploads\/2023\/11\/Reklaam-konteiner-merekonteiner-reklaamiks-tootmine-varvimine-umberehitus-reklaamide-paigaldus-2-scaled.jpg 1900w\" sizes=\"auto, (max-width: 1024px) 100vw, 1024px\" \/><\/div><\/div><div class=\"w-gallery-item\"><div class=\"w-gallery-item-img\"><img loading=\"lazy\" decoding=\"async\" width=\"1024\" height=\"768\" src=\"https:\/\/miil.dev.almic.ee\/wp-content\/uploads\/2023\/11\/reklaam-konteiner-merekonteiner-konteiner-reklaam-varvimine-paigaldus-saaremaa-hiiumaa-1024x768.jpg\" class=\"attachment-large size-large\" alt=\"\" srcset=\"https:\/\/miil.dev.almic.ee\/wp-content\/uploads\/2023\/11\/reklaam-konteiner-merekonteiner-konteiner-reklaam-varvimine-paigaldus-saaremaa-hiiumaa-1024x768.jpg 1024w, https:\/\/miil.dev.almic.ee\/wp-content\/uploads\/2023\/11\/reklaam-konteiner-merekonteiner-konteiner-reklaam-varvimine-paigaldus-saaremaa-hiiumaa-300x225.jpg 300w, https:\/\/miil.dev.almic.ee\/wp-content\/uploads\/2023\/11\/reklaam-konteiner-merekonteiner-konteiner-reklaam-varvimine-paigaldus-saaremaa-hiiumaa-600x450.jpg 600w, https:\/\/miil.dev.almic.ee\/wp-content\/uploads\/2023\/11\/reklaam-konteiner-merekonteiner-konteiner-reklaam-varvimine-paigaldus-saaremaa-hiiumaa-scaled.jpg 1900w\" sizes=\"auto, (max-width: 1024px) 100vw, 1024px\" \/><\/div><\/div><div class=\"w-gallery-item\"><div class=\"w-gallery-item-img\"><img loading=\"lazy\" decoding=\"async\" width=\"1024\" height=\"768\" src=\"https:\/\/miil.dev.almic.ee\/wp-content\/uploads\/2023\/11\/reklaam-konteiner-merekonteiner-konteiner-reklaam-varvimine-paigaldus-saaremaa-hiiumaa-9-1024x768.jpg\" class=\"attachment-large size-large\" alt=\"\" srcset=\"https:\/\/miil.dev.almic.ee\/wp-content\/uploads\/2023\/11\/reklaam-konteiner-merekonteiner-konteiner-reklaam-varvimine-paigaldus-saaremaa-hiiumaa-9-1024x768.jpg 1024w, https:\/\/miil.dev.almic.ee\/wp-content\/uploads\/2023\/11\/reklaam-konteiner-merekonteiner-konteiner-reklaam-varvimine-paigaldus-saaremaa-hiiumaa-9-300x225.jpg 300w, https:\/\/miil.dev.almic.ee\/wp-content\/uploads\/2023\/11\/reklaam-konteiner-merekonteiner-konteiner-reklaam-varvimine-paigaldus-saaremaa-hiiumaa-9-600x450.jpg 600w, https:\/\/miil.dev.almic.ee\/wp-content\/uploads\/2023\/11\/reklaam-konteiner-merekonteiner-konteiner-reklaam-varvimine-paigaldus-saaremaa-hiiumaa-9-scaled.jpg 1900w\" sizes=\"auto, (max-width: 1024px) 100vw, 1024px\" \/><\/div><\/div><div class=\"w-gallery-item\"><div class=\"w-gallery-item-img\"><img loading=\"lazy\" decoding=\"async\" width=\"1024\" height=\"768\" src=\"https:\/\/miil.dev.almic.ee\/wp-content\/uploads\/2023\/11\/reklaam-konteiner-merekonteiner-konteiner-reklaam-varvimine-paigaldus-saaremaa-hiiumaa-4-1024x768.jpg\" class=\"attachment-large size-large\" alt=\"\" srcset=\"https:\/\/miil.dev.almic.ee\/wp-content\/uploads\/2023\/11\/reklaam-konteiner-merekonteiner-konteiner-reklaam-varvimine-paigaldus-saaremaa-hiiumaa-4-1024x768.jpg 1024w, https:\/\/miil.dev.almic.ee\/wp-content\/uploads\/2023\/11\/reklaam-konteiner-merekonteiner-konteiner-reklaam-varvimine-paigaldus-saaremaa-hiiumaa-4-300x225.jpg 300w, https:\/\/miil.dev.almic.ee\/wp-content\/uploads\/2023\/11\/reklaam-konteiner-merekonteiner-konteiner-reklaam-varvimine-paigaldus-saaremaa-hiiumaa-4-600x450.jpg 600w, https:\/\/miil.dev.almic.ee\/wp-content\/uploads\/2023\/11\/reklaam-konteiner-merekonteiner-konteiner-reklaam-varvimine-paigaldus-saaremaa-hiiumaa-4-scaled.jpg 1900w\" sizes=\"auto, (max-width: 1024px) 100vw, 1024px\" \/><\/div><\/div><\/div><\/div><\/div><\/div><\/div><\/div><\/div><\/section>\n","protected":false},"excerpt":{"rendered":"Merikonttimainonta on nopea ja edullinen tapa tehd\u00e4 yrityksest\u00e4si n\u00e4kyv\u00e4mpi. Tavanomaisen merikonttien muuntamisen lis\u00e4ksi tarjoamme my\u00f6s mahdollisuuden maalata, liimata tai peitt\u00e4\u00e4 mainoksilla sinulle sopivan kontin. Merikonttien mainonta on mahdollisuus ostaa tai vuokrata meilt\u00e4 kontteja. Mainonta omalla esimerkill\u00e4mme Vaikka olemme valmistaneet mainosastioita monille isommille ja pienemmille yrityksille, annamme itsellemme esimerkin muotoilluilla konteilla. Konttimme perustuvat suurimpiin saatavilla oleviin...","protected":false},"author":3,"featured_media":0,"parent":1588,"menu_order":0,"comment_status":"closed","ping_status":"closed","template":"","meta":{"_acf_changed":false,"footnotes":""},"class_list":["post-87982","page","type-page","status-publish","hentry"],"acf":[],"yoast_head":"<!-- This site is optimized with the Yoast SEO Premium plugin v23.9 (Yoast SEO v27.5) - https:\/\/yoast.com\/product\/yoast-seo-premium-wordpress\/ -->\n<title>Merikonttimainonta<\/title>\n<meta name=\"description\" content=\"Merikonttimainonta | Mainonta | Ulkomainonta | Mainostelineet | Kampanjatuotteet | Mainostuotanto | Miil.ee\" \/>\n<meta name=\"robots\" content=\"index, follow, max-snippet:-1, max-image-preview:large, max-video-preview:-1\" \/>\n<link rel=\"canonical\" href=\"https:\/\/miil.dev.almic.ee\/fi\/palvelut\/merikonttimainonta\/\" \/>\n<meta property=\"og:locale\" content=\"fi_FI\" \/>\n<meta property=\"og:type\" content=\"article\" \/>\n<meta property=\"og:title\" content=\"Merikonttimainonta\" \/>\n<meta property=\"og:description\" content=\"Merikonttimainonta | Mainonta | Ulkomainonta | Mainostelineet | Kampanjatuotteet | Mainostuotanto | Miil.ee\" \/>\n<meta property=\"og:url\" content=\"https:\/\/miil.dev.almic.ee\/fi\/palvelut\/merikonttimainonta\/\" \/>\n<meta property=\"og:site_name\" content=\"Miil O\u00dc\" \/>\n<meta property=\"article:publisher\" content=\"https:\/\/www.facebook.com\/konteinerveod\/\" \/>\n<meta property=\"article:modified_time\" content=\"2025-02-18T13:24:11+00:00\" \/>\n<meta name=\"twitter:card\" content=\"summary_large_image\" \/>\n<meta name=\"twitter:label1\" content=\"Arvioitu lukuaika\" \/>\n\t<meta name=\"twitter:data1\" content=\"2 minuuttia\" \/>\n<script type=\"application\/ld+json\" class=\"yoast-schema-graph\">{\"@context\":\"https:\\\/\\\/schema.org\",\"@graph\":[{\"@type\":\"WebPage\",\"@id\":\"https:\\\/\\\/miil.dev.almic.ee\\\/fi\\\/palvelut\\\/merikonttimainonta\\\/\",\"url\":\"https:\\\/\\\/miil.dev.almic.ee\\\/fi\\\/palvelut\\\/merikonttimainonta\\\/\",\"name\":\"Merikonttimainonta\",\"isPartOf\":{\"@id\":\"https:\\\/\\\/miil.dev.almic.ee\\\/#website\"},\"datePublished\":\"2025-02-18T12:44:44+00:00\",\"dateModified\":\"2025-02-18T13:24:11+00:00\",\"description\":\"Merikonttimainonta | Mainonta | Ulkomainonta | Mainostelineet | Kampanjatuotteet | Mainostuotanto | Miil.ee\",\"breadcrumb\":{\"@id\":\"https:\\\/\\\/miil.dev.almic.ee\\\/fi\\\/palvelut\\\/merikonttimainonta\\\/#breadcrumb\"},\"inLanguage\":\"fi\",\"potentialAction\":[{\"@type\":\"ReadAction\",\"target\":[\"https:\\\/\\\/miil.dev.almic.ee\\\/fi\\\/palvelut\\\/merikonttimainonta\\\/\"]}]},{\"@type\":\"BreadcrumbList\",\"@id\":\"https:\\\/\\\/miil.dev.almic.ee\\\/fi\\\/palvelut\\\/merikonttimainonta\\\/#breadcrumb\",\"itemListElement\":[{\"@type\":\"ListItem\",\"position\":1,\"name\":\"Home\",\"item\":\"https:\\\/\\\/miil.dev.almic.ee\\\/fi\\\/\"},{\"@type\":\"ListItem\",\"position\":2,\"name\":\"Palvelut\",\"item\":\"https:\\\/\\\/miil.dev.almic.ee\\\/fi\\\/palvelut\\\/\"},{\"@type\":\"ListItem\",\"position\":3,\"name\":\"Merikonttimainonta\"}]},{\"@type\":\"WebSite\",\"@id\":\"https:\\\/\\\/miil.dev.almic.ee\\\/#website\",\"url\":\"https:\\\/\\\/miil.dev.almic.ee\\\/\",\"name\":\"Miil O\u00dc\",\"description\":\"Konteinerveod\",\"publisher\":{\"@id\":\"https:\\\/\\\/miil.dev.almic.ee\\\/#organization\"},\"potentialAction\":[{\"@type\":\"SearchAction\",\"target\":{\"@type\":\"EntryPoint\",\"urlTemplate\":\"https:\\\/\\\/miil.dev.almic.ee\\\/?s={search_term_string}\"},\"query-input\":{\"@type\":\"PropertyValueSpecification\",\"valueRequired\":true,\"valueName\":\"search_term_string\"}}],\"inLanguage\":\"fi\"},{\"@type\":\"Organization\",\"@id\":\"https:\\\/\\\/miil.dev.almic.ee\\\/#organization\",\"name\":\"Miil O\u00dc\",\"url\":\"https:\\\/\\\/miil.dev.almic.ee\\\/\",\"logo\":{\"@type\":\"ImageObject\",\"inLanguage\":\"fi\",\"@id\":\"https:\\\/\\\/miil.dev.almic.ee\\\/#\\\/schema\\\/logo\\\/image\\\/\",\"url\":\"https:\\\/\\\/www.miil.ee\\\/wp-content\\\/uploads\\\/2022\\\/02\\\/Miil-logo.svg\",\"contentUrl\":\"https:\\\/\\\/www.miil.ee\\\/wp-content\\\/uploads\\\/2022\\\/02\\\/Miil-logo.svg\",\"width\":\"1024\",\"height\":\"1024\",\"caption\":\"Miil O\u00dc\"},\"image\":{\"@id\":\"https:\\\/\\\/miil.dev.almic.ee\\\/#\\\/schema\\\/logo\\\/image\\\/\"},\"sameAs\":[\"https:\\\/\\\/www.facebook.com\\\/konteinerveod\\\/\",\"https:\\\/\\\/www.instagram.com\\\/ou_miil\\\/\"]}]}<\/script>\n<!-- \/ Yoast SEO Premium plugin. -->","yoast_head_json":{"title":"Merikonttimainonta","description":"Merikonttimainonta | Mainonta | Ulkomainonta | Mainostelineet | Kampanjatuotteet | Mainostuotanto | Miil.ee","robots":{"index":"index","follow":"follow","max-snippet":"max-snippet:-1","max-image-preview":"max-image-preview:large","max-video-preview":"max-video-preview:-1"},"canonical":"https:\/\/miil.dev.almic.ee\/fi\/palvelut\/merikonttimainonta\/","og_locale":"fi_FI","og_type":"article","og_title":"Merikonttimainonta","og_description":"Merikonttimainonta | Mainonta | Ulkomainonta | Mainostelineet | Kampanjatuotteet | Mainostuotanto | Miil.ee","og_url":"https:\/\/miil.dev.almic.ee\/fi\/palvelut\/merikonttimainonta\/","og_site_name":"Miil O\u00dc","article_publisher":"https:\/\/www.facebook.com\/konteinerveod\/","article_modified_time":"2025-02-18T13:24:11+00:00","twitter_card":"summary_large_image","twitter_misc":{"Arvioitu lukuaika":"2 minuuttia"},"schema":{"@context":"https:\/\/schema.org","@graph":[{"@type":"WebPage","@id":"https:\/\/miil.dev.almic.ee\/fi\/palvelut\/merikonttimainonta\/","url":"https:\/\/miil.dev.almic.ee\/fi\/palvelut\/merikonttimainonta\/","name":"Merikonttimainonta","isPartOf":{"@id":"https:\/\/miil.dev.almic.ee\/#website"},"datePublished":"2025-02-18T12:44:44+00:00","dateModified":"2025-02-18T13:24:11+00:00","description":"Merikonttimainonta | Mainonta | Ulkomainonta | Mainostelineet | Kampanjatuotteet | Mainostuotanto | Miil.ee","breadcrumb":{"@id":"https:\/\/miil.dev.almic.ee\/fi\/palvelut\/merikonttimainonta\/#breadcrumb"},"inLanguage":"fi","potentialAction":[{"@type":"ReadAction","target":["https:\/\/miil.dev.almic.ee\/fi\/palvelut\/merikonttimainonta\/"]}]},{"@type":"BreadcrumbList","@id":"https:\/\/miil.dev.almic.ee\/fi\/palvelut\/merikonttimainonta\/#breadcrumb","itemListElement":[{"@type":"ListItem","position":1,"name":"Home","item":"https:\/\/miil.dev.almic.ee\/fi\/"},{"@type":"ListItem","position":2,"name":"Palvelut","item":"https:\/\/miil.dev.almic.ee\/fi\/palvelut\/"},{"@type":"ListItem","position":3,"name":"Merikonttimainonta"}]},{"@type":"WebSite","@id":"https:\/\/miil.dev.almic.ee\/#website","url":"https:\/\/miil.dev.almic.ee\/","name":"Miil O\u00dc","description":"Konteinerveod","publisher":{"@id":"https:\/\/miil.dev.almic.ee\/#organization"},"potentialAction":[{"@type":"SearchAction","target":{"@type":"EntryPoint","urlTemplate":"https:\/\/miil.dev.almic.ee\/?s={search_term_string}"},"query-input":{"@type":"PropertyValueSpecification","valueRequired":true,"valueName":"search_term_string"}}],"inLanguage":"fi"},{"@type":"Organization","@id":"https:\/\/miil.dev.almic.ee\/#organization","name":"Miil O\u00dc","url":"https:\/\/miil.dev.almic.ee\/","logo":{"@type":"ImageObject","inLanguage":"fi","@id":"https:\/\/miil.dev.almic.ee\/#\/schema\/logo\/image\/","url":"https:\/\/www.miil.ee\/wp-content\/uploads\/2022\/02\/Miil-logo.svg","contentUrl":"https:\/\/www.miil.ee\/wp-content\/uploads\/2022\/02\/Miil-logo.svg","width":"1024","height":"1024","caption":"Miil O\u00dc"},"image":{"@id":"https:\/\/miil.dev.almic.ee\/#\/schema\/logo\/image\/"},"sameAs":["https:\/\/www.facebook.com\/konteinerveod\/","https:\/\/www.instagram.com\/ou_miil\/"]}]}},"_links":{"self":[{"href":"https:\/\/miil.dev.almic.ee\/fi\/wp-json\/wp\/v2\/pages\/87982","targetHints":{"allow":["GET"]}}],"collection":[{"href":"https:\/\/miil.dev.almic.ee\/fi\/wp-json\/wp\/v2\/pages"}],"about":[{"href":"https:\/\/miil.dev.almic.ee\/fi\/wp-json\/wp\/v2\/types\/page"}],"author":[{"embeddable":true,"href":"https:\/\/miil.dev.almic.ee\/fi\/wp-json\/wp\/v2\/users\/3"}],"replies":[{"embeddable":true,"href":"https:\/\/miil.dev.almic.ee\/fi\/wp-json\/wp\/v2\/comments?post=87982"}],"version-history":[{"count":0,"href":"https:\/\/miil.dev.almic.ee\/fi\/wp-json\/wp\/v2\/pages\/87982\/revisions"}],"up":[{"embeddable":true,"href":"https:\/\/miil.dev.almic.ee\/fi\/wp-json\/wp\/v2\/pages\/1588"}],"wp:attachment":[{"href":"https:\/\/miil.dev.almic.ee\/fi\/wp-json\/wp\/v2\/media?parent=87982"}],"curies":[{"name":"wp","href":"https:\/\/api.w.org\/{rel}","templated":true}]}}