{"id":1435,"date":"2022-04-11T21:29:10","date_gmt":"2022-04-11T18:29:10","guid":{"rendered":"https:\/\/www.miil.ee\/etusivu\/"},"modified":"2024-08-16T12:40:35","modified_gmt":"2024-08-16T09:40:35","slug":"etusivu","status":"publish","type":"page","link":"https:\/\/miil.dev.almic.ee\/fi\/","title":{"rendered":"Etusivu"},"content":{"rendered":"<section class=\"l-section wpb_row hero-section height_medium with_img\"><div class=\"l-section-img\" role=\"img\" data-img-width=\"1900\" data-img-height=\"794\" style=\"background-image: url(https:\/\/miil.dev.almic.ee\/wp-content\/uploads\/2022\/05\/Miil-scaled.jpg);background-repeat: no-repeat;\"><\/div><div class=\"l-section-h i-cf\"><div class=\"g-cols vc_row via_flex valign_top type_default stacking_default\"><div class=\"vc_col-sm-12 wpb_column vc_column_container\"><div class=\"vc_column-inner\"><div class=\"wpb_wrapper\"><div class=\"wpb_text_column\"><div class=\"wpb_wrapper\"><h1>Tehokkain konttikuljetuksia harjoittava kuljetusyritys Virossa<\/h1>\n<\/div><\/div><div class=\"w-hwrapper valign_top wrap align_left\"><div class=\"w-counter color_primary align_left\" data-duration=\"0\"><div class=\"w-counter-value\"><span class=\"w-counter-value-part type_text\" data-final=\"\"><\/span><span class=\"w-counter-value-part type_number\" data-final=\"30\">1<\/span><span class=\"w-counter-value-part type_text\" data-final=\"+\"><\/span><\/div><p class=\"w-counter-title\">vuoden kokemus<\/p><\/div><div class=\"w-counter color_secondary align_left\" data-duration=\"0.8\"><div class=\"w-counter-value\"><span class=\"w-counter-value-part type_text\" data-final=\"\"><\/span><span class=\"w-counter-value-part type_number\" data-final=\"8\">1<\/span><span class=\"w-counter-value-part type_text\" data-final=\"+\"><\/span><\/div><p class=\"w-counter-title\">Eri maata<\/p><\/div><div class=\"w-counter color_secondary align_left\" data-duration=\"0.8\"><div class=\"w-counter-value\"><span class=\"w-counter-value-part type_text\" data-final=\"\"><\/span><span class=\"w-counter-value-part type_number\" data-final=\"500\">1<\/span><span class=\"w-counter-value-part type_text\" data-final=\"+\"><\/span><\/div><p class=\"w-counter-title\">konttia varastossa<\/p><\/div><\/div><div class=\"g-cols wpb_row via_flex valign_top type_boxes stacking_default\"><div class=\"vc_col-sm-4 wpb_column vc_column_container merekonteinerid has-link\"><div class=\"vc_column-inner\"><div class=\"wpb_wrapper\"><h3 class=\"w-text\"><span class=\"w-text-h\"><span class=\"w-text-value\">Merikontit myynniss\u00e4<\/span><\/span><\/h3><\/div><\/div><a title=\"Merikontit myynniss\u00e4\" href=\"https:\/\/www.miil.ee\/fi\/verkkokauppa\/\" class=\"vc_column-link smooth-scroll\"><\/a><\/div><div class=\"vc_col-sm-4 wpb_column vc_column_container sideloaderid has-link\"><div class=\"vc_column-inner\"><div class=\"wpb_wrapper\"><h3 class=\"w-text\"><span class=\"w-text-h\"><span class=\"w-text-value\">Sideloaderit eli sivulastaajat<\/span><\/span><\/h3><\/div><\/div><a title=\"Sideloaderit eli sivulastaajat\" href=\"https:\/\/www.miil.ee\/fi\/palvelut\/sideloader\/\" class=\"vc_column-link smooth-scroll\"><\/a><\/div><div class=\"vc_col-sm-4 wpb_column vc_column_container backloaderid has-link\"><div class=\"vc_column-inner\"><div class=\"wpb_wrapper\"><h3 class=\"w-text\"><span class=\"w-text-h\"><span class=\"w-text-value\">Backloaderit eli takalastaajat<\/span><\/span><\/h3><\/div><\/div><a title=\"Backloaderit eli takalastaajat\" href=\"https:\/\/www.miil.ee\/fi\/palvelut\/backloader\/\" class=\"vc_column-link smooth-scroll\"><\/a><\/div><\/div><div class=\"g-cols wpb_row via_flex valign_top type_boxes stacking_default\"><div class=\"vc_col-sm-4 wpb_column vc_column_container kraana has-link\"><div class=\"vc_column-inner\"><div class=\"wpb_wrapper\"><h3 class=\"w-text\"><span class=\"w-text-h\"><span class=\"w-text-value\">Nosturi<\/span><\/span><\/h3><\/div><\/div><a title=\"Nosturi\" href=\"https:\/\/www.miil.ee\/fi\/palvelut\/nosturi\/\" class=\"vc_column-link smooth-scroll\"><\/a><\/div><div class=\"vc_col-sm-4 wpb_column vc_column_container ylegabariit has-link\"><div class=\"vc_column-inner\"><div class=\"wpb_wrapper\"><h3 class=\"w-text\"><span class=\"w-text-h\"><span class=\"w-text-value\">Ylimitoitus<\/span><\/span><\/h3><\/div><\/div><a title=\"Ylimitoitus\" href=\"https:\/\/www.miil.ee\/fi\/palvelut\/ylimittaiset-kuljetukset\/\" class=\"vc_column-link smooth-scroll\"><\/a><\/div><div class=\"vc_col-sm-4 wpb_column vc_column_container konteinerite-kutmine has-link\"><div class=\"vc_column-inner\"><div class=\"wpb_wrapper\"><h3 class=\"w-text\"><span class=\"w-text-h\"><span class=\"w-text-value\">Terminaalipalvelu<\/span><\/span><\/h3><\/div><\/div><a title=\"Terminaalipalvelu\" href=\"https:\/\/www.miil.ee\/fi\/palvelut\/konttikuljetuksen-lammitys\/\" class=\"vc_column-link smooth-scroll\"><\/a><\/div><\/div><\/div><\/div><\/div><\/div><\/div><\/section><section class=\"l-section wpb_row below-hero height_medium\"><div class=\"l-section-overlay\" style=\"background:#F1F5FB\"><\/div><div class=\"l-section-h i-cf\"><div class=\"g-cols vc_row via_flex valign_top type_default stacking_default\"><div class=\"vc_col-sm-6 wpb_column vc_column_container\"><div class=\"vc_column-inner\"><div class=\"wpb_wrapper\"><div class=\"wpb_text_column\"><div class=\"wpb_wrapper\"><h2>Tehokas ja nopein konttikuljetuksia harjoittava kuljetusyritys Virossa<\/h2>\n<p>Miil O\u00dc aloitti kuljetuspalvelujen tarjoamisen vuonna 1990.<\/p>\n<p>Ensimm\u00e4iset merikontit kuljetettiin vuonna 1991. P\u00e4\u00e4suuntia olivat vuosina 91\u201396 Ven\u00e4j\u00e4, Valko-Ven\u00e4j\u00e4 ja Ukraina. Vuodesta 1996 l\u00e4htien p\u00e4\u00e4suuntia ovat olleet Viro, Latvia, Liettua, Suomi ja Ruotsi. Tarvittaessa kuljetus my\u00f6s muualle Eurooppaan.<\/p>\n<p>Jo yli 30 vuotta kuljetusmarkkinoilla toiminut O\u00dc Miil on tehokas ja nopea konttikuljetuksia harjoittava kuljetusyritys.<\/p>\n<p>Kuljetuksen lis\u00e4ksi p\u00e4ivitt\u00e4ist\u00e4 toimintaamme on:<\/p>\n<p>* Merikonttien myynti<br \/>\n* Merikonttien vuokraus<br \/>\n* Varastokonttien myynti<br \/>\n* Eristekonttien myynti<br \/>\n* Peltikonttien myynti<br \/>\n* Kylm\u00e4konttien myynti<br \/>\n* Kylm\u00e4konttien vuokraus<\/p>\n<p>Meill\u00e4 on yleens\u00e4 varastossa yli 200 merikonttia. Paikan p\u00e4\u00e4ll\u00e4 on myynniss\u00e4 valmiita eristekontteja ja tarvittaessa kokoamme asiakkaan toiveita vastaavan moduulikontin muutamassa p\u00e4iv\u00e4ss\u00e4. Kuljetamme myydyn merikontin tai eristekontin asiakkaan alueelle konttikuljetukseen tarkoitetulla tekniikalla nopeasti ja laadukkaasti.<\/p>\n<\/div><\/div><\/div><\/div><\/div><div class=\"vc_col-sm-6 wpb_column vc_column_container frontpage-map\"><div class=\"vc_column-inner\"><div class=\"wpb_wrapper\"><div class=\"wpb_text_column\"><div class=\"wpb_wrapper\"><h2>Varastot: Myynti, vuokraus, kuljetus<\/h2>\n<p>Napsauta kuvaketta n\u00e4hd\u00e4ksesi osoitteen ja Google Maps \/ Waze -ohjeet.<\/p>\n<\/div><\/div><div class=\"w-map provider_google\" id=\"us_map_1\"><div class=\"w-map-inner\"><div class=\"w-map-json\" onclick='return {&quot;address&quot;:&quot;Valtsi 1, Lagedi, Estonia&quot;,&quot;disableDragging&quot;:0,&quot;disableZoom&quot;:1,&quot;hideControls&quot;:0,&quot;zoom&quot;:6,&quot;markers&quot;:[{&quot;address&quot;:&quot;Valtsi 1, Lagedi, Estonia&quot;,&quot;html&quot;:&quot;Miil O\\u00dc Tallinn (myynti, kuljetus)\\r\\n&lt;br&gt;\\r\\nValtsi 1, Lagedi\\r\\n&lt;br&gt;\\r\\n&lt;a href=\\&quot;https:\\\/\\\/www.google.com\\\/maps\\\/dir\\\/\\\/miil+o\\u00fc\\\/data=!4m6!4m5!1m1!4e2!1m2!1m1!1s0x4692ec90bd65903b:0xda69e1c75512f895?sa=X&amp;ved=2ahUKEwiQ2-mdldr3AhXulYsKHVUsCNEQ9Rd6BAg4EAU\\&quot; target=\\&quot;_blank\\&quot; tabindex=\\&quot;0\\&quot;&gt;Google Maps -ohjeet&lt;\\\/a&gt;\\r\\n&lt;br&gt;\\r\\n&lt;a href=\\&quot;https:\\\/\\\/www.waze.com\\\/live-map\\\/directions\\\/ou-miil-valtsi-1-lagedi?to=place.w.16319058.163321652.17906223\\&quot; target=\\&quot;_blank\\&quot;&gt;Waze -ohjeet&lt;\\\/a&gt;&quot;,&quot;infowindow&quot;:0},{&quot;address&quot;:&quot;59.34260635556479, 26.37945582172242&quot;,&quot;html&quot;:&quot;Miil O\\u00dc Rakvere (vuokra, myynti, kuljetus)\\r\\n&lt;br&gt;\\r\\nV\\u00f5idu 101, Rakvere\\r\\n&lt;br&gt;\\r\\n&lt;a href=\\&quot;https:\\\/\\\/goo.gl\\\/maps\\\/QrvJE2ZUQhqnNQct9\\&quot; target=\\&quot;_blank\\&quot;&gt;Google Maps -ohjeet&lt;\\\/a&gt;\\r\\n&lt;br&gt;\\r\\n&lt;a href=\\&quot;https:\\\/\\\/www.waze.com\\\/en\\\/live-map\\\/directions?latlng=59.34260635556479%2C26.37945582172242\\&quot; target=\\&quot;_blank\\&quot;&gt;Waze -ohjeet&lt;\\\/a&gt;&quot;,&quot;marker_img&quot;:false,&quot;marker_size&quot;:[&quot;30&quot;,&quot;30&quot;]},{&quot;address&quot;:&quot;58.346443928895404, 26.733377557566712&quot;,&quot;html&quot;:&quot;Miil O\\u00dc Tartu (vuokra, myynti, kuljetus)\\r\\n&lt;br&gt;\\r\\nT\\u00e4he 114c, Tartu\\r\\n&lt;br&gt;\\r\\n&lt;a href=\\&quot;https:\\\/\\\/goo.gl\\\/maps\\\/b81cA9ipwCXgh4J26\\&quot; target=\\&quot;_blank\\&quot;&gt;Google Maps -ohjeet&lt;\\\/a&gt;\\r\\n&lt;br&gt;\\r\\n&lt;a href=\\&quot;https:\\\/\\\/www.waze.com\\\/en\\\/live-map\\\/directions?latlng=58.346443928895404%2C26.733377557566712\\&quot; target=\\&quot;_blank\\&quot;&gt;Waze -ohjeet&lt;\\\/a&gt;&quot;,&quot;marker_img&quot;:false,&quot;marker_size&quot;:[&quot;30&quot;,&quot;30&quot;]},{&quot;address&quot;:&quot;59.31807793655691, 24.40269412865848&quot;,&quot;html&quot;:&quot;Miil O\\u00dc Keila (vuokra)\\r\\n&lt;br&gt;\\r\\nPaldiski mnt 35, Keila\\r\\n&lt;br&gt;\\r\\n&lt;a href=\\&quot;https:\\\/\\\/goo.gl\\\/maps\\\/pwxQ7dw7whJZEkqt5\\&quot; target=\\&quot;_blank\\&quot;&gt;Google Maps -ohjeet&lt;\\\/a&gt;\\r\\n&lt;br&gt;\\r\\n&lt;a href=\\&quot;https:\\\/\\\/www.waze.com\\\/en\\\/live-map\\\/directions?latlng=59.31807793655691%2C24.40269412865848\\&quot; target=\\&quot;_blank\\&quot;&gt;Waze -ohjeet&lt;\\\/a&gt;&quot;,&quot;marker_img&quot;:false,&quot;marker_size&quot;:[&quot;30&quot;,&quot;30&quot;]},{&quot;address&quot;:&quot;58.435964713693636, 24.520472824473885&quot;,&quot;html&quot;:&quot;Miil O\\u00dc P\\u00e4rnu (vuokra, myynti, kuljetus)\\r\\n&lt;br&gt;\\r\\nSelja tee 18, Kilksama k\\u00fcla, Tori vald\\r\\n&lt;br&gt;\\r\\n&lt;a href=\\&quot;https:\\\/\\\/goo.gl\\\/maps\\\/97wAGxdiA7hwnR3b9\\&quot; target=\\&quot;_blank\\&quot;&gt;Google Maps -ohjeet&lt;\\\/a&gt;\\r\\n&lt;br&gt;\\r\\n&lt;a href=\\&quot;https:\\\/\\\/www.waze.com\\\/en\\\/live-map\\\/directions?latlng=58.435964713693636%2C24.520472824473885\\&quot; target=\\&quot;_blank\\&quot;&gt;Waze -ohjeet&lt;\\\/a&gt;&quot;,&quot;marker_img&quot;:false,&quot;marker_size&quot;:[&quot;30&quot;,&quot;30&quot;]},{&quot;address&quot;:&quot;58.360286088698935, 25.576633856354444&quot;,&quot;html&quot;:&quot;Miil O\\u00dc Viljandi (vuokra, myynti, kuljetus)\\r\\n&lt;br&gt;\\r\\nVaksali, Viljandi\\r\\n&lt;br&gt;\\r\\n&lt;a href=\\&quot;https:\\\/\\\/goo.gl\\\/maps\\\/n4pUTUkN9tu64XvK8\\&quot; target=\\&quot;_blank\\&quot;&gt;Google Maps -ohjeet&lt;\\\/a&gt;\\r\\n&lt;br&gt;\\r\\n&lt;a href=\\&quot;https:\\\/\\\/www.waze.com\\\/en\\\/live-map\\\/directions?latlng=58.360286088698935%2C25.576633856354444\\&quot; target=\\&quot;_blank\\&quot;&gt;Waze -ohjeet&lt;\\\/a&gt;&quot;,&quot;marker_img&quot;:false,&quot;marker_size&quot;:[&quot;30&quot;,&quot;30&quot;]},{&quot;address&quot;:&quot;56.89393636902366, 24.22230169979602&quot;,&quot;html&quot;:&quot;MIIL SIA Riga (vuokra, myynti, kuljetus)\\r\\n&lt;br&gt;\\r\\nKrustpils Iela 68, Riga, Latvia\\r\\n&lt;br&gt;\\r\\n&lt;a href=\\&quot;https:\\\/\\\/goo.gl\\\/maps\\\/5Gqxj1WiJxXvAcTt8\\&quot; target=\\&quot;_blank\\&quot;&gt;Google Maps -ohjeet&lt;\\\/a&gt;\\r\\n&lt;br&gt;\\r\\n&lt;a href=\\&quot;https:\\\/\\\/www.waze.com\\\/en\\\/live-map\\\/directions?latlng=56.89393636902366%2C24.22230169979602\\&quot; target=\\&quot;_blank\\&quot;&gt;Waze -ohjeet&lt;\\\/a&gt;&quot;,&quot;marker_img&quot;:false,&quot;marker_size&quot;:[&quot;30&quot;,&quot;30&quot;]},{&quot;address&quot;:&quot;58.601901, 23.197599 &quot;,&quot;html&quot;:&quot;Miil O\\u00dc (vuokra, myynti, kuljetus)\\r\\n&lt;br&gt;\\r\\nMuhu\\r\\n&lt;br&gt;\\r\\n&lt;a href=\\&quot;https:\\\/\\\/goo.gl\\\/maps\\\/CEHXKc29LB9X2RTB7\\&quot; target=\\&quot;_blank\\&quot;&gt;Google Maps -ohjeet&lt;\\\/a&gt;\\r\\n&lt;br&gt;\\r\\n&lt;a href=\\&quot;https:\\\/\\\/www.waze.com\\\/en\\\/live-map\\\/directions?latlng=58.601901%2C23.197599\\&quot; target=\\&quot;_blank\\&quot;&gt;Waze -ohjeet&lt;\\\/a&gt;&quot;,&quot;marker_img&quot;:false,&quot;marker_size&quot;:[&quot;30&quot;,&quot;30&quot;]}],&quot;maptype&quot;:&quot;ROADMAP&quot;}'><\/div><\/div><\/div><\/div><\/div><\/div><\/div><\/div><\/section><section class=\"l-section wpb_row frontpage-map height_medium\"><div class=\"l-section-overlay\" style=\"background:#F1F5FB\"><\/div><div class=\"l-section-h i-cf\"><div class=\"g-cols vc_row via_flex valign_top type_default stacking_default\"><div class=\"vc_col-sm-12 wpb_column vc_column_container\"><div class=\"vc_column-inner\"><div class=\"wpb_wrapper\"><\/div><\/div><\/div><\/div><\/div><\/section><section class=\"l-section wpb_row video-section height_medium\"><div class=\"l-section-overlay\" style=\"background:#022B69\"><\/div><div class=\"l-section-h i-cf\"><div class=\"g-cols vc_row via_flex valign_top type_default stacking_default\"><div class=\"vc_col-sm-12 wpb_column vc_column_container\"><div class=\"vc_column-inner\"><div class=\"wpb_wrapper\"><div class=\"w-video align_none ratio_16x9 with_overlay has_iframe\" style=\"background-image:url(https:\/\/miil.dev.almic.ee\/wp-content\/uploads\/2022\/02\/Miil-konteinerveod-video-overlay-scaled.jpg);\" onclick=\"return {&quot;player_id&quot;:&quot;youtube-b851&quot;,&quot;player_api&quot;:&quot;\\\/\\\/www.youtube.com\\\/player_api&quot;,&quot;player_html&quot;:&quot;&lt;div id=\\&quot;youtube-b851\\&quot;&gt;&lt;\\\/div&gt;&lt;script&gt;\\r\\n\\t\\t\\twindow.USYTPlayers = ( window.USYTPlayers || { initYTFunctions: [], optionsYT: [], USYTInited: false } );\\r\\n\\t\\t\\twindow.USYTPlayers.optionsYT.push( {\\r\\n\\t\\t\\t\\tplayerID: \\&quot;youtube-b851\\&quot;,\\r\\n\\t\\t\\t\\tvideoID: \\&quot;hlDgQL2OTjw\\&quot;,\\r\\n\\t\\t\\t\\tplayerVars: {\\&quot;autoplay\\&quot;:1,\\&quot;controls\\&quot;:1,\\&quot;origin\\&quot;:\\&quot;https:\\\\\\\/\\\\\\\/miil.dev.almic.ee\\\\\\\/fi\\\\\\\/\\&quot;,\\&quot;loop\\&quot;:0,\\&quot;mute\\&quot;:0,\\&quot;playlist\\&quot;:\\&quot;hlDgQL2OTjw\\&quot;}\\r\\n\\t\\t\\t} );\\r\\n\\t\\t\\tif ( window.USYTPlayers.USYTInited === false ) {\\r\\n\\t\\t\\t\\t\\\/\\\/ Trying to override other possible WP YT API calls if our element is used\\r\\n\\t\\t\\t\\twindow.USYTPlayers.USYTInited = true;\\r\\n\\r\\n\\t\\t\\t\\twindow.onYouTubePlayerAPIReady = function() {\\r\\n\\t\\t\\t\\t\\tfor ( var i in window.USYTPlayers.optionsYT ) {\\r\\n\\t\\t\\t\\t\\t\\tvar _playerParams = window.USYTPlayers.optionsYT[ i ];\\r\\n\\t\\t\\t\\t\\t\\t$us.YTPlayers[ _playerParams.playerID ] = new YT.Player( _playerParams.playerID, {\\r\\n\\t\\t\\t\\t\\t\\t\\tvideoId: _playerParams.videoID,\\r\\n\\t\\t\\t\\t\\t\\t\\tplayerVars: _playerParams.playerVars\\r\\n\\t\\t\\t\\t\\t\\t} );\\r\\n\\t\\t\\t\\t\\t}\\r\\n\\t\\t\\t\\t}\\r\\n\\t\\t\\t}\\r\\n\\t\\t\\tif ( !!window.YT ) {\\r\\n\\t\\t\\t\\t$us.YTPlayers[\\&quot;youtube-b851\\&quot;] = new YT.Player( \\&quot;youtube-b851\\&quot;, {\\r\\n\\t\\t\\t\\t\\tvideoId: \\&quot;hlDgQL2OTjw\\&quot;,\\r\\n\\t\\t\\t\\t\\tplayerVars: {\\&quot;autoplay\\&quot;:1,\\&quot;controls\\&quot;:1,\\&quot;origin\\&quot;:\\&quot;https:\\\\\\\/\\\\\\\/miil.dev.almic.ee\\\\\\\/fi\\\\\\\/\\&quot;,\\&quot;loop\\&quot;:0,\\&quot;mute\\&quot;:0,\\&quot;playlist\\&quot;:\\&quot;hlDgQL2OTjw\\&quot;}\\r\\n\\t\\t\\t\\t} );\\r\\n\\t\\t\\t}\\r\\n\\t\\t&lt;\\\/script&gt;&quot;}\"><div class=\"w-video-h\"><\/div><div class=\"w-video-icon\" style=\"font-size:1.5rem;background:#0E63F5;color:#ffffff\"><\/div><\/div><\/div><\/div><\/div><\/div><\/div><\/section><section class=\"l-section wpb_row logos-section height_medium\"><div class=\"l-section-overlay\" style=\"background:#F1F5FB\"><\/div><div class=\"l-section-h i-cf\"><div class=\"g-cols vc_row via_flex valign_top type_default stacking_default\"><div class=\"vc_col-sm-12 wpb_column vc_column_container\"><div class=\"vc_column-inner\"><div class=\"wpb_wrapper\"><div class=\"wpb_text_column\"><div class=\"wpb_wrapper\"><h3 style=\"text-align: center;\">Palveluitamme k\u00e4ytt\u00e4\u00e4 yli 100 luotettavaa asiakasta ymp\u00e4ri maailmaa<\/h3>\n<\/div><\/div><div class=\"g-cols wpb_row us_custom_a395411c cta via_flex valign_middle type_default stacking_default\"><div class=\"vc_col-sm-3 wpb_column vc_column_container\"><div class=\"vc_column-inner\"><div class=\"wpb_wrapper\"><div class=\"w-image align_none\"><div class=\"w-image-h\"><img decoding=\"async\" width=\"300\" height=\"300\" src=\"https:\/\/miil.dev.almic.ee\/wp-content\/uploads\/2022\/02\/transportvedu.svg\" class=\"attachment-medium size-medium\" alt=\"\" loading=\"lazy\" \/><\/div><\/div><\/div><\/div><\/div><div class=\"vc_col-sm-6 wpb_column vc_column_container\"><div class=\"vc_column-inner\"><div class=\"wpb_wrapper\"><div class=\"wpb_text_column\"><div class=\"wpb_wrapper\"><h2>Pyyd\u00e4 tarjous konttikuljetukselle asiantuntijaltamme!<\/h2>\n<\/div><\/div><\/div><\/div><\/div><div class=\"vc_col-sm-3 wpb_column vc_column_container\"><div class=\"vc_column-inner\"><div class=\"wpb_wrapper\"><div class=\"w-btn-wrapper align_none\"><a class=\"w-btn us-btn-style_1\" title=\"Hintatiedustelu\" href=\"https:\/\/www.miil.ee\/fi\/tarjouspyynto\/\"><span class=\"w-btn-label\">Pyyd\u00e4 tarjous<\/span><\/a><\/div><\/div><\/div><\/div><\/div><\/div><\/div><\/div><\/div><\/div><\/section>\n","protected":false},"excerpt":{"rendered":"Tehokkain konttikuljetuksia harjoittava kuljetusyritys Virossa 1vuoden kokemus1Eri maata1konttia varastossaMerikontit myynniss\u00e4Sideloaderit eli sivulastaajatBackloaderit eli takalastaajatNosturiYlimitoitusTerminaalipalveluTehokas ja nopein konttikuljetuksia harjoittava kuljetusyritys Virossa Miil O\u00dc aloitti kuljetuspalvelujen tarjoamisen vuonna 1990. Ensimm\u00e4iset merikontit kuljetettiin vuonna 1991. P\u00e4\u00e4suuntia olivat vuosina 91\u201396 Ven\u00e4j\u00e4, Valko-Ven\u00e4j\u00e4 ja Ukraina. Vuodesta 1996 l\u00e4htien p\u00e4\u00e4suuntia ovat olleet Viro, Latvia, Liettua, Suomi ja Ruotsi. Tarvittaessa kuljetus my\u00f6s...","protected":false},"author":1,"featured_media":0,"parent":0,"menu_order":0,"comment_status":"closed","ping_status":"closed","template":"","meta":{"_acf_changed":false,"footnotes":""},"class_list":["post-1435","page","type-page","status-publish","hentry"],"acf":[],"yoast_head":"<!-- This site is optimized with the Yoast SEO Premium plugin v23.9 (Yoast SEO v27.5) - https:\/\/yoast.com\/product\/yoast-seo-premium-wordpress\/ -->\n<title>Etusivu - Miil O\u00dc<\/title>\n<meta name=\"description\" content=\"Merikonttien myynti | Merikonttien vuokraus | L\u00e4mmittimien myynti | Merikonttien kuljetus | vuokrata\" \/>\n<meta name=\"robots\" content=\"index, follow, max-snippet:-1, max-image-preview:large, max-video-preview:-1\" \/>\n<link rel=\"canonical\" href=\"https:\/\/miil.dev.almic.ee\/fi\/\" \/>\n<meta property=\"og:locale\" content=\"fi_FI\" \/>\n<meta property=\"og:type\" content=\"article\" \/>\n<meta property=\"og:title\" content=\"Etusivu\" \/>\n<meta property=\"og:description\" content=\"Merikonttien myynti | Merikonttien vuokraus | L\u00e4mmittimien myynti | Merikonttien kuljetus | vuokrata\" \/>\n<meta property=\"og:url\" content=\"https:\/\/miil.dev.almic.ee\/fi\/\" \/>\n<meta property=\"og:site_name\" content=\"Miil O\u00dc\" \/>\n<meta property=\"article:publisher\" content=\"https:\/\/www.facebook.com\/konteinerveod\/\" \/>\n<meta property=\"article:modified_time\" content=\"2024-08-16T09:40:35+00:00\" \/>\n<meta name=\"twitter:card\" content=\"summary_large_image\" \/>\n<meta name=\"twitter:label1\" content=\"Arvioitu lukuaika\" \/>\n\t<meta name=\"twitter:data1\" content=\"2 minuuttia\" \/>\n<script type=\"application\/ld+json\" class=\"yoast-schema-graph\">{\"@context\":\"https:\\\/\\\/schema.org\",\"@graph\":[{\"@type\":\"WebPage\",\"@id\":\"https:\\\/\\\/miil.dev.almic.ee\\\/fi\\\/\",\"url\":\"https:\\\/\\\/miil.dev.almic.ee\\\/fi\\\/\",\"name\":\"Etusivu - Miil O\u00dc\",\"isPartOf\":{\"@id\":\"https:\\\/\\\/miil.dev.almic.ee\\\/#website\"},\"datePublished\":\"2022-04-11T18:29:10+00:00\",\"dateModified\":\"2024-08-16T09:40:35+00:00\",\"description\":\"Merikonttien myynti | Merikonttien vuokraus | L\u00e4mmittimien myynti | Merikonttien kuljetus | vuokrata\",\"breadcrumb\":{\"@id\":\"https:\\\/\\\/miil.dev.almic.ee\\\/fi\\\/#breadcrumb\"},\"inLanguage\":\"fi\",\"potentialAction\":[{\"@type\":\"ReadAction\",\"target\":[\"https:\\\/\\\/miil.dev.almic.ee\\\/fi\\\/\"]}]},{\"@type\":\"BreadcrumbList\",\"@id\":\"https:\\\/\\\/miil.dev.almic.ee\\\/fi\\\/#breadcrumb\",\"itemListElement\":[{\"@type\":\"ListItem\",\"position\":1,\"name\":\"Home\",\"item\":\"https:\\\/\\\/miil.dev.almic.ee\\\/fi\\\/\"},{\"@type\":\"ListItem\",\"position\":2,\"name\":\"Etusivu\"}]},{\"@type\":\"WebSite\",\"@id\":\"https:\\\/\\\/miil.dev.almic.ee\\\/#website\",\"url\":\"https:\\\/\\\/miil.dev.almic.ee\\\/\",\"name\":\"Miil O\u00dc\",\"description\":\"Konteinerveod\",\"publisher\":{\"@id\":\"https:\\\/\\\/miil.dev.almic.ee\\\/#organization\"},\"potentialAction\":[{\"@type\":\"SearchAction\",\"target\":{\"@type\":\"EntryPoint\",\"urlTemplate\":\"https:\\\/\\\/miil.dev.almic.ee\\\/?s={search_term_string}\"},\"query-input\":{\"@type\":\"PropertyValueSpecification\",\"valueRequired\":true,\"valueName\":\"search_term_string\"}}],\"inLanguage\":\"fi\"},{\"@type\":\"Organization\",\"@id\":\"https:\\\/\\\/miil.dev.almic.ee\\\/#organization\",\"name\":\"Miil O\u00dc\",\"url\":\"https:\\\/\\\/miil.dev.almic.ee\\\/\",\"logo\":{\"@type\":\"ImageObject\",\"inLanguage\":\"fi\",\"@id\":\"https:\\\/\\\/miil.dev.almic.ee\\\/#\\\/schema\\\/logo\\\/image\\\/\",\"url\":\"https:\\\/\\\/www.miil.ee\\\/wp-content\\\/uploads\\\/2022\\\/02\\\/Miil-logo.svg\",\"contentUrl\":\"https:\\\/\\\/www.miil.ee\\\/wp-content\\\/uploads\\\/2022\\\/02\\\/Miil-logo.svg\",\"width\":\"1024\",\"height\":\"1024\",\"caption\":\"Miil O\u00dc\"},\"image\":{\"@id\":\"https:\\\/\\\/miil.dev.almic.ee\\\/#\\\/schema\\\/logo\\\/image\\\/\"},\"sameAs\":[\"https:\\\/\\\/www.facebook.com\\\/konteinerveod\\\/\",\"https:\\\/\\\/www.instagram.com\\\/ou_miil\\\/\"]}]}<\/script>\n<!-- \/ Yoast SEO Premium plugin. -->","yoast_head_json":{"title":"Etusivu - Miil O\u00dc","description":"Merikonttien myynti | Merikonttien vuokraus | L\u00e4mmittimien myynti | Merikonttien kuljetus | vuokrata","robots":{"index":"index","follow":"follow","max-snippet":"max-snippet:-1","max-image-preview":"max-image-preview:large","max-video-preview":"max-video-preview:-1"},"canonical":"https:\/\/miil.dev.almic.ee\/fi\/","og_locale":"fi_FI","og_type":"article","og_title":"Etusivu","og_description":"Merikonttien myynti | Merikonttien vuokraus | L\u00e4mmittimien myynti | Merikonttien kuljetus | vuokrata","og_url":"https:\/\/miil.dev.almic.ee\/fi\/","og_site_name":"Miil O\u00dc","article_publisher":"https:\/\/www.facebook.com\/konteinerveod\/","article_modified_time":"2024-08-16T09:40:35+00:00","twitter_card":"summary_large_image","twitter_misc":{"Arvioitu lukuaika":"2 minuuttia"},"schema":{"@context":"https:\/\/schema.org","@graph":[{"@type":"WebPage","@id":"https:\/\/miil.dev.almic.ee\/fi\/","url":"https:\/\/miil.dev.almic.ee\/fi\/","name":"Etusivu - Miil O\u00dc","isPartOf":{"@id":"https:\/\/miil.dev.almic.ee\/#website"},"datePublished":"2022-04-11T18:29:10+00:00","dateModified":"2024-08-16T09:40:35+00:00","description":"Merikonttien myynti | Merikonttien vuokraus | L\u00e4mmittimien myynti | Merikonttien kuljetus | vuokrata","breadcrumb":{"@id":"https:\/\/miil.dev.almic.ee\/fi\/#breadcrumb"},"inLanguage":"fi","potentialAction":[{"@type":"ReadAction","target":["https:\/\/miil.dev.almic.ee\/fi\/"]}]},{"@type":"BreadcrumbList","@id":"https:\/\/miil.dev.almic.ee\/fi\/#breadcrumb","itemListElement":[{"@type":"ListItem","position":1,"name":"Home","item":"https:\/\/miil.dev.almic.ee\/fi\/"},{"@type":"ListItem","position":2,"name":"Etusivu"}]},{"@type":"WebSite","@id":"https:\/\/miil.dev.almic.ee\/#website","url":"https:\/\/miil.dev.almic.ee\/","name":"Miil O\u00dc","description":"Konteinerveod","publisher":{"@id":"https:\/\/miil.dev.almic.ee\/#organization"},"potentialAction":[{"@type":"SearchAction","target":{"@type":"EntryPoint","urlTemplate":"https:\/\/miil.dev.almic.ee\/?s={search_term_string}"},"query-input":{"@type":"PropertyValueSpecification","valueRequired":true,"valueName":"search_term_string"}}],"inLanguage":"fi"},{"@type":"Organization","@id":"https:\/\/miil.dev.almic.ee\/#organization","name":"Miil O\u00dc","url":"https:\/\/miil.dev.almic.ee\/","logo":{"@type":"ImageObject","inLanguage":"fi","@id":"https:\/\/miil.dev.almic.ee\/#\/schema\/logo\/image\/","url":"https:\/\/www.miil.ee\/wp-content\/uploads\/2022\/02\/Miil-logo.svg","contentUrl":"https:\/\/www.miil.ee\/wp-content\/uploads\/2022\/02\/Miil-logo.svg","width":"1024","height":"1024","caption":"Miil O\u00dc"},"image":{"@id":"https:\/\/miil.dev.almic.ee\/#\/schema\/logo\/image\/"},"sameAs":["https:\/\/www.facebook.com\/konteinerveod\/","https:\/\/www.instagram.com\/ou_miil\/"]}]}},"_links":{"self":[{"href":"https:\/\/miil.dev.almic.ee\/fi\/wp-json\/wp\/v2\/pages\/1435","targetHints":{"allow":["GET"]}}],"collection":[{"href":"https:\/\/miil.dev.almic.ee\/fi\/wp-json\/wp\/v2\/pages"}],"about":[{"href":"https:\/\/miil.dev.almic.ee\/fi\/wp-json\/wp\/v2\/types\/page"}],"author":[{"embeddable":true,"href":"https:\/\/miil.dev.almic.ee\/fi\/wp-json\/wp\/v2\/users\/1"}],"replies":[{"embeddable":true,"href":"https:\/\/miil.dev.almic.ee\/fi\/wp-json\/wp\/v2\/comments?post=1435"}],"version-history":[{"count":0,"href":"https:\/\/miil.dev.almic.ee\/fi\/wp-json\/wp\/v2\/pages\/1435\/revisions"}],"wp:attachment":[{"href":"https:\/\/miil.dev.almic.ee\/fi\/wp-json\/wp\/v2\/media?parent=1435"}],"curies":[{"name":"wp","href":"https:\/\/api.w.org\/{rel}","templated":true}]}}