{"id":1397,"date":"2022-04-11T21:02:52","date_gmt":"2022-04-11T18:02:52","guid":{"rendered":"https:\/\/www.miil.ee\/yhteystiedot\/"},"modified":"2023-08-24T12:41:32","modified_gmt":"2023-08-24T09:41:32","slug":"yhteystiedot","status":"publish","type":"page","link":"https:\/\/miil.dev.almic.ee\/fi\/yhteystiedot\/","title":{"rendered":"Yhteystiedot"},"content":{"rendered":"<section class=\"l-section wpb_row regular-page contact-page height_medium with_img\"><div class=\"l-section-img\" role=\"img\" data-img-width=\"1900\" data-img-height=\"1252\" style=\"background-image: url(https:\/\/miil.dev.almic.ee\/wp-content\/uploads\/2022\/04\/Miil.jpg);background-position: top right;background-repeat: no-repeat;background-size: contain;\"><\/div><div class=\"l-section-h i-cf\"><div class=\"g-cols vc_row via_flex valign_top type_default stacking_default\"><div class=\"vc_col-sm-12 wpb_column vc_column_container\"><div class=\"vc_column-inner\"><div class=\"wpb_wrapper\"><div class=\"g-cols wpb_row via_flex valign_top type_default stacking_default\"><div class=\"vc_col-sm-6 wpb_column vc_column_container\"><div class=\"vc_column-inner\"><div class=\"wpb_wrapper\"><div class=\"wpb_text_column us_custom_92b2762d\"><div class=\"wpb_wrapper\"><h1>Yhteystiedot<\/h1>\n<h2>Miil O\u00dc, Valtsi 1, Lagedi, Viro<\/h2>\n<p>Navigoi Miil O\u00dc:n luokse:<\/p>\n<p><a href=\"https:\/\/www.google.com\/maps\/dir\/\/miil+o%C3%BC\/data=!4m6!4m5!1m1!4e2!1m2!1m1!1s0x4692ec90bd65903b:0xda69e1c75512f895?sa=X&amp;ved=2ahUKEwiQ2-mdldr3AhXulYsKHVUsCNEQ9Rd6BAg4EAU\" target=\"_blank\" rel=\"noopener\"><img decoding=\"async\" src=\"https:\/\/www.miil.ee\/wp-content\/uploads\/2022\/05\/Google-Maps-Logo.svg\" alt=\"Google Maps -ohjeet\" \/><\/a><\/p>\n<p><a href=\"https:\/\/www.waze.com\/live-map\/directions\/ou-miil-valtsi-1-lagedi?to=place.w.16319058.163321652.17906223\" target=\"_blank\" rel=\"noopener\"><img decoding=\"async\" src=\"https:\/\/www.miil.ee\/wp-content\/uploads\/2022\/05\/Waze-logo.svg\" alt=\"Waze juhised\" \/><\/a><\/p>\n<p><strong>ma\u2013pe 8.00\u201318.00<br \/>\n<\/strong><strong>la\u2013su suljettu<\/strong><\/p>\n<p>Puh.: <a href=\"tel:+3726012957\">+372 6 012 957<\/a><br \/>\nS\u00e4hk\u00f6postiosoite: <a href=\"mailto:info@miil.ee\">info@miil.ee<\/a><\/p>\n<\/div><\/div><div class=\"w-hwrapper us_custom_92b2762d valign_top wrap align_justify\"><div class=\"wpb_text_column\"><div class=\"wpb_wrapper\"><h2>Sideloaderit eli sivulastaajat<\/h2>\n<p>Eino <a href=\"tel:+3725049954\">+372 5049954<\/a> (EE, RU)<br \/>\nRain <a href=\"tel:+3725640658\">+372 5640658<\/a> (ENG)<\/p>\n<\/div><\/div><div class=\"wpb_text_column\"><div class=\"wpb_wrapper\"><h2>Konttikuljetukset<\/h2>\n<p>Andres <a href=\"tel:+3725055559\">+372 5055559<\/a> (EE, RU)<br \/>\nRain <a href=\"tel:+3725640658\">+372 5640658<\/a> (ENG)<\/p>\n<\/div><\/div><\/div><div class=\"wpb_text_column us_custom_92b2762d\"><div class=\"wpb_wrapper\"><h2>Merikonttien ja l\u00e4mpimien konttien myynti<\/h2>\n<p>Rait <a href=\"tel:+37257503328\">+372 57503328<\/a> (EN, ENG)<br \/>\nHeiki <a href=\"tel:+3725040658\">+372 5040658<\/a> (EE, RU)<\/p>\n<\/div><\/div><div class=\"wpb_text_column us_custom_92b2762d\"><div class=\"wpb_wrapper\"><h2>Latvian kuljetukset<\/h2>\n<p>Puh.: <a href=\"tel:+3725040658\">+372 5040658<\/a>; <a href=\"tel:+37126830422\">+371 26830422<\/a><br \/>\nS\u00e4hk\u00f6postiosoite: <a href=\"mailto:info@miil.lv\">info@miil.lv<\/a><\/p>\n<h2>Ota meihin yhteytt\u00e4<\/h2>\n<\/div><\/div>\n<div class=\"wpcf7 no-js\" id=\"wpcf7-f1701-o1\" lang=\"fi\" dir=\"ltr\" data-wpcf7-id=\"1701\">\n<div class=\"screen-reader-response\"><p role=\"status\" aria-live=\"polite\" aria-atomic=\"true\"><\/p> <ul><\/ul><\/div>\n<form action=\"\/fi\/wp-json\/wp\/v2\/pages\/1397#wpcf7-f1701-o1\" method=\"post\" class=\"wpcf7-form init\" aria-label=\"Yhteydenottolomake\" novalidate=\"novalidate\" data-status=\"init\">\n<fieldset class=\"hidden-fields-container\"><input type=\"hidden\" name=\"_wpcf7\" value=\"1701\" \/><input type=\"hidden\" name=\"_wpcf7_version\" value=\"6.1.5\" \/><input type=\"hidden\" name=\"_wpcf7_locale\" value=\"fi\" \/><input type=\"hidden\" name=\"_wpcf7_unit_tag\" value=\"wpcf7-f1701-o1\" \/><input type=\"hidden\" name=\"_wpcf7_container_post\" value=\"0\" \/><input type=\"hidden\" name=\"_wpcf7_posted_data_hash\" value=\"\" \/><input type=\"hidden\" name=\"_wpcf7_recaptcha_response\" value=\"\" \/>\n<\/fieldset>\n<label> Nimi * <span class=\"wpcf7-form-control-wrap\" data-name=\"your-name\"><input size=\"40\" maxlength=\"400\" class=\"wpcf7-form-control wpcf7-text wpcf7-validates-as-required\" aria-required=\"true\" aria-invalid=\"false\" value=\"\" type=\"text\" name=\"your-name\" \/><\/span> <\/label> <label> S\u00e4hk\u00f6postiosoite * <span class=\"wpcf7-form-control-wrap\" data-name=\"email\"><input size=\"40\" maxlength=\"400\" class=\"wpcf7-form-control wpcf7-email wpcf7-validates-as-required wpcf7-text wpcf7-validates-as-email\" aria-required=\"true\" aria-invalid=\"false\" value=\"\" type=\"email\" name=\"email\" \/><\/span> <\/label> <label> Aihe <span class=\"wpcf7-form-control-wrap\" data-name=\"subject\"><input size=\"40\" maxlength=\"400\" class=\"wpcf7-form-control wpcf7-text\" aria-invalid=\"false\" value=\"\" type=\"text\" name=\"subject\" \/><\/span> <\/label> <label> Viesti <span class=\"wpcf7-form-control-wrap\" data-name=\"message\"><textarea cols=\"40\" rows=\"10\" maxlength=\"2000\" class=\"wpcf7-form-control wpcf7-textarea\" aria-invalid=\"false\" name=\"message\"><\/textarea><\/span> <\/label> <input class=\"wpcf7-form-control wpcf7-submit has-spinner\" type=\"submit\" value=\"L\u00e4het\u00e4\" \/><div class=\"wpcf7-response-output\" aria-hidden=\"true\"><\/div>\n<\/form>\n<\/div>\n<\/div><\/div><\/div><div class=\"vc_col-sm-6 wpb_column vc_column_container\"><div class=\"vc_column-inner\"><div class=\"wpb_wrapper\"><div class=\"wpb_text_column\"><div class=\"wpb_wrapper\"><h2>P\u00e4\u00e4toimisto<\/h2>\n<\/div><\/div><div class=\"w-map provider_google\" id=\"us_map_1\"><div class=\"w-map-inner\"><div class=\"w-map-json\" onclick='return {&quot;address&quot;:&quot;Valtsi 1, Lagedi, Viro&quot;,&quot;disableDragging&quot;:0,&quot;disableZoom&quot;:1,&quot;hideControls&quot;:0,&quot;zoom&quot;:12,&quot;markers&quot;:[{&quot;address&quot;:&quot;Valtsi 1, Lagedi, Viro&quot;,&quot;html&quot;:&quot;&lt;a href=\\&quot;https:\\\/\\\/www.google.com\\\/maps\\\/dir\\\/\\\/miil+o\\u00fc\\\/data=!4m6!4m5!1m1!4e2!1m2!1m1!1s0x4692ec90bd65903b:0xda69e1c75512f895?sa=X&amp;ved=2ahUKEwiQ2-mdldr3AhXulYsKHVUsCNEQ9Rd6BAg4EAU\\&quot; target=\\&quot;_blank\\&quot;&gt;Google Maps -ohjeet&lt;\\\/a&gt;&lt;br&gt;\\r\\n&lt;a href=\\&quot;https:\\\/\\\/www.waze.com\\\/live-map\\\/directions\\\/ou-miil-valtsi-1-lagedi?to=place.w.16319058.163321652.17906223\\&quot; target=\\&quot;_blank\\&quot;&gt;Waze -ohjeet&lt;\\\/a&gt;&quot;,&quot;infowindow&quot;:&quot;1&quot;}],&quot;maptype&quot;:&quot;ROADMAP&quot;}'><\/div><\/div><\/div><div class=\"wpb_text_column\"><div class=\"wpb_wrapper\"><h2>Varastot: Myynti, vuokraus, kuljetus<\/h2>\n<p>Napsauta kuvaketta n\u00e4hd\u00e4ksesi osoitteen ja Google Maps \/ Waze -ohjeet.<\/p>\n<\/div><\/div><div class=\"w-map provider_google\" id=\"us_map_2\"><div class=\"w-map-inner\"><div class=\"w-map-json\" onclick='return {&quot;address&quot;:&quot;Valtsi 1, Lagedi, Viro&quot;,&quot;disableDragging&quot;:0,&quot;disableZoom&quot;:1,&quot;hideControls&quot;:0,&quot;zoom&quot;:6,&quot;markers&quot;:[{&quot;address&quot;:&quot;Valtsi 1, Lagedi, Viro&quot;,&quot;html&quot;:&quot;Miil O\\u00dc Tallinn (myynti, kuljetus)\\r\\n&lt;br&gt;\\r\\nValtsi 1, Lagedi\\r\\n&lt;br&gt;\\r\\n&lt;a href=\\&quot;https:\\\/\\\/www.google.com\\\/maps\\\/dir\\\/\\\/miil+o\\u00fc\\\/data=!4m6!4m5!1m1!4e2!1m2!1m1!1s0x4692ec90bd65903b:0xda69e1c75512f895?sa=X&amp;ved=2ahUKEwiQ2-mdldr3AhXulYsKHVUsCNEQ9Rd6BAg4EAU\\&quot; target=\\&quot;_blank\\&quot;&gt;Google Maps -ohjeet&lt;\\\/a&gt;\\r\\n&lt;br&gt;\\r\\n&lt;a href=\\&quot;https:\\\/\\\/www.waze.com\\\/live-map\\\/directions\\\/ou-miil-valtsi-1-lagedi?to=place.w.16319058.163321652.17906223\\&quot; target=\\&quot;_blank\\&quot;&gt;Waze -ohjeet&lt;\\\/a&gt;&quot;,&quot;infowindow&quot;:0},{&quot;address&quot;:&quot;59.34260635556479, 26.37945582172242&quot;,&quot;html&quot;:&quot;Miil O\\u00dc Rakvere (vuokra, myynti, kuljetus)\\r\\n&lt;br&gt;\\r\\nV\\u00f5idu 101, Rakvere\\r\\n&lt;br&gt;\\r\\n&lt;a href=\\&quot;https:\\\/\\\/goo.gl\\\/maps\\\/QrvJE2ZUQhqnNQct9\\&quot; target=\\&quot;_blank\\&quot;&gt;Google Maps -ohjeet&lt;\\\/a&gt;\\r\\n&lt;br&gt;\\r\\n&lt;a href=\\&quot;https:\\\/\\\/www.waze.com\\\/en\\\/live-map\\\/directions?latlng=59.34260635556479%2C26.37945582172242\\&quot; target=\\&quot;_blank\\&quot;&gt;Waze -ohjeet&lt;\\\/a&gt;&quot;,&quot;marker_img&quot;:false,&quot;marker_size&quot;:[&quot;30&quot;,&quot;30&quot;]},{&quot;address&quot;:&quot;58.346443928895404, 26.733377557566712&quot;,&quot;html&quot;:&quot;Miil O\\u00dc Tartu (vuokra, myynti, kuljetus)\\r\\n&lt;br&gt;\\r\\nT\\u00e4he 114c, Tartu\\r\\n&lt;br&gt;\\r\\n&lt;a href=\\&quot;https:\\\/\\\/goo.gl\\\/maps\\\/b81cA9ipwCXgh4J26\\&quot; target=\\&quot;_blank\\&quot;&gt;Google Maps -ohjeet&lt;\\\/a&gt;\\r\\n&lt;br&gt;\\r\\n&lt;a href=\\&quot;https:\\\/\\\/www.waze.com\\\/en\\\/live-map\\\/directions?latlng=58.346443928895404%2C26.733377557566712\\&quot; target=\\&quot;_blank\\&quot;&gt;Waze -ohjeet&lt;\\\/a&gt;&quot;,&quot;marker_img&quot;:false,&quot;marker_size&quot;:[&quot;30&quot;,&quot;30&quot;]},{&quot;address&quot;:&quot;59.31807793655691, 24.40269412865848&quot;,&quot;html&quot;:&quot;Miil O\\u00dc Keila (vuokra)\\r\\n&lt;br&gt;\\r\\nPaldiski mnt 35, Keila\\r\\n&lt;br&gt;\\r\\n&lt;a href=\\&quot;https:\\\/\\\/goo.gl\\\/maps\\\/pwxQ7dw7whJZEkqt5\\&quot; target=\\&quot;_blank\\&quot;&gt;Google Maps -ohjeet&lt;\\\/a&gt;\\r\\n&lt;br&gt;\\r\\n&lt;a href=\\&quot;https:\\\/\\\/www.waze.com\\\/en\\\/live-map\\\/directions?latlng=59.31807793655691%2C24.40269412865848\\&quot; target=\\&quot;_blank\\&quot;&gt;Waze -ohjeet&lt;\\\/a&gt;&quot;,&quot;marker_img&quot;:false,&quot;marker_size&quot;:[&quot;30&quot;,&quot;30&quot;]},{&quot;address&quot;:&quot;58.435964713693636, 24.520472824473885&quot;,&quot;html&quot;:&quot;Miil O\\u00dc P\\u00e4rnu (vuokra, myynti, kuljetus)\\r\\n&lt;br&gt;\\r\\nSelja tee 18, Kilksama k\\u00fcla, Tori vald\\r\\n&lt;br&gt;\\r\\n&lt;a href=\\&quot;https:\\\/\\\/goo.gl\\\/maps\\\/97wAGxdiA7hwnR3b9\\&quot; target=\\&quot;_blank\\&quot;&gt;Google Maps -ohjeet&lt;\\\/a&gt;\\r\\n&lt;br&gt;\\r\\n&lt;a href=\\&quot;https:\\\/\\\/www.waze.com\\\/en\\\/live-map\\\/directions?latlng=58.435964713693636%2C24.520472824473885\\&quot; target=\\&quot;_blank\\&quot;&gt;Waze -ohjeet&lt;\\\/a&gt;&quot;,&quot;marker_img&quot;:false,&quot;marker_size&quot;:[&quot;30&quot;,&quot;30&quot;]},{&quot;address&quot;:&quot;58.360286088698935, 25.576633856354444&quot;,&quot;html&quot;:&quot;Miil O\\u00dc Viljandi (vuokra, myynti, kuljetus)\\r\\n&lt;br&gt;\\r\\nVaksali, Viljandi\\r\\n&lt;br&gt;\\r\\n&lt;a href=\\&quot;https:\\\/\\\/goo.gl\\\/maps\\\/n4pUTUkN9tu64XvK8\\&quot; target=\\&quot;_blank\\&quot;&gt;Google Maps -ohjeet&lt;\\\/a&gt;\\r\\n&lt;br&gt;\\r\\n&lt;a href=\\&quot;https:\\\/\\\/www.waze.com\\\/en\\\/live-map\\\/directions?latlng=58.360286088698935%2C25.576633856354444\\&quot; target=\\&quot;_blank\\&quot;&gt;Waze -ohjeet&lt;\\\/a&gt;&quot;,&quot;marker_img&quot;:false,&quot;marker_size&quot;:[&quot;30&quot;,&quot;30&quot;]},{&quot;address&quot;:&quot;56.89393636902366, 24.22230169979602&quot;,&quot;html&quot;:&quot;MIIL SIA Riga (vuokra, myynti, kuljetus)\\r\\n&lt;br&gt;\\r\\nKrustpils Iela 68, Riga, Latvia\\r\\n&lt;br&gt;\\r\\n&lt;a href=\\&quot;https:\\\/\\\/goo.gl\\\/maps\\\/5Gqxj1WiJxXvAcTt8\\&quot; target=\\&quot;_blank\\&quot;&gt;Google Maps -ohjeet&lt;\\\/a&gt;\\r\\n&lt;br&gt;\\r\\n&lt;a href=\\&quot;https:\\\/\\\/www.waze.com\\\/en\\\/live-map\\\/directions?latlng=56.89393636902366%2C24.22230169979602\\&quot; target=\\&quot;_blank\\&quot;&gt;Waze -ohjeet&lt;\\\/a&gt;&quot;,&quot;marker_img&quot;:false,&quot;marker_size&quot;:[&quot;30&quot;,&quot;30&quot;]},{&quot;address&quot;:&quot;58.601901, 23.197599 &quot;,&quot;html&quot;:&quot;Miil O\\u00dc (vuokra, myynti, kuljetus)\\r\\n&lt;br&gt;\\r\\nMuhu saar\\r\\n&lt;br&gt;\\r\\n&lt;a href=\\&quot;https:\\\/\\\/goo.gl\\\/maps\\\/CEHXKc29LB9X2RTB7\\&quot; target=\\&quot;_blank\\&quot;&gt;Google Maps -ohjeet&lt;\\\/a&gt;\\r\\n&lt;br&gt;\\r\\n&lt;a href=\\&quot;https:\\\/\\\/www.waze.com\\\/en\\\/live-map\\\/directions?latlng=58.601901%2C23.197599\\&quot; target=\\&quot;_blank\\&quot;&gt;Waze -ohjeet&lt;\\\/a&gt;&quot;,&quot;marker_img&quot;:false,&quot;marker_size&quot;:[&quot;30&quot;,&quot;30&quot;]}],&quot;maptype&quot;:&quot;ROADMAP&quot;}'><\/div><\/div><\/div><\/div><\/div><\/div><\/div><\/div><\/div><\/div><\/div><\/div><\/section>\n","protected":false},"excerpt":{"rendered":"Yhteystiedot Miil O\u00dc, Valtsi 1, Lagedi, Viro Navigoi Miil O\u00dc:n luokse: ma\u2013pe 8.00\u201318.00 la\u2013su suljettu Puh.: +372 6 012 957 S\u00e4hk\u00f6postiosoite: info@miil.ee Sideloaderit eli sivulastaajat Eino +372 5049954 (EE, RU) Rain +372 5640658 (ENG) Konttikuljetukset Andres +372 5055559 (EE, RU) Rain +372 5640658 (ENG) Merikonttien ja l\u00e4mpimien konttien myynti Rait +372 57503328 (EN, ENG) Heiki...","protected":false},"author":1,"featured_media":0,"parent":0,"menu_order":0,"comment_status":"closed","ping_status":"closed","template":"","meta":{"_acf_changed":false,"footnotes":""},"class_list":["post-1397","page","type-page","status-publish","hentry"],"acf":[],"yoast_head":"<!-- This site is optimized with the Yoast SEO Premium plugin v23.9 (Yoast SEO v27.5) - https:\/\/yoast.com\/product\/yoast-seo-premium-wordpress\/ -->\n<title>Yhteystiedot - Miil O\u00dc<\/title>\n<meta name=\"description\" content=\"Yhteystiedot | Merekonteinerite m\u00fc\u00fck | Merekonteinerite rent | Soojakute m\u00fc\u00fck | Konteinerite transport | Konteinerite m\u00fc\u00fck\" \/>\n<meta name=\"robots\" content=\"index, follow, max-snippet:-1, max-image-preview:large, max-video-preview:-1\" \/>\n<link rel=\"canonical\" href=\"https:\/\/miil.dev.almic.ee\/fi\/yhteystiedot\/\" \/>\n<meta property=\"og:locale\" content=\"fi_FI\" \/>\n<meta property=\"og:type\" content=\"article\" \/>\n<meta property=\"og:title\" content=\"Yhteystiedot\" \/>\n<meta property=\"og:description\" content=\"Yhteystiedot | Merekonteinerite m\u00fc\u00fck | Merekonteinerite rent | Soojakute m\u00fc\u00fck | Konteinerite transport | Konteinerite m\u00fc\u00fck\" \/>\n<meta property=\"og:url\" content=\"https:\/\/miil.dev.almic.ee\/fi\/yhteystiedot\/\" \/>\n<meta property=\"og:site_name\" content=\"Miil O\u00dc\" \/>\n<meta property=\"article:publisher\" content=\"https:\/\/www.facebook.com\/konteinerveod\/\" \/>\n<meta property=\"article:modified_time\" content=\"2023-08-24T09:41:32+00:00\" \/>\n<meta property=\"og:image\" content=\"https:\/\/www.miil.ee\/wp-content\/uploads\/2022\/05\/Google-Maps-Logo.svg\" \/>\n<meta name=\"twitter:card\" content=\"summary_large_image\" \/>\n<meta name=\"twitter:label1\" content=\"Arvioitu lukuaika\" \/>\n\t<meta name=\"twitter:data1\" content=\"1 minuutti\" \/>\n<script type=\"application\/ld+json\" class=\"yoast-schema-graph\">{\"@context\":\"https:\\\/\\\/schema.org\",\"@graph\":[{\"@type\":\"WebPage\",\"@id\":\"https:\\\/\\\/miil.dev.almic.ee\\\/fi\\\/yhteystiedot\\\/\",\"url\":\"https:\\\/\\\/miil.dev.almic.ee\\\/fi\\\/yhteystiedot\\\/\",\"name\":\"Yhteystiedot - Miil O\u00dc\",\"isPartOf\":{\"@id\":\"https:\\\/\\\/miil.dev.almic.ee\\\/#website\"},\"primaryImageOfPage\":{\"@id\":\"https:\\\/\\\/miil.dev.almic.ee\\\/fi\\\/yhteystiedot\\\/#primaryimage\"},\"image\":{\"@id\":\"https:\\\/\\\/miil.dev.almic.ee\\\/fi\\\/yhteystiedot\\\/#primaryimage\"},\"thumbnailUrl\":\"https:\\\/\\\/www.miil.ee\\\/wp-content\\\/uploads\\\/2022\\\/05\\\/Google-Maps-Logo.svg\",\"datePublished\":\"2022-04-11T18:02:52+00:00\",\"dateModified\":\"2023-08-24T09:41:32+00:00\",\"description\":\"Yhteystiedot | Merekonteinerite m\u00fc\u00fck | Merekonteinerite rent | Soojakute m\u00fc\u00fck | Konteinerite transport | Konteinerite m\u00fc\u00fck\",\"breadcrumb\":{\"@id\":\"https:\\\/\\\/miil.dev.almic.ee\\\/fi\\\/yhteystiedot\\\/#breadcrumb\"},\"inLanguage\":\"fi\",\"potentialAction\":[{\"@type\":\"ReadAction\",\"target\":[\"https:\\\/\\\/miil.dev.almic.ee\\\/fi\\\/yhteystiedot\\\/\"]}]},{\"@type\":\"ImageObject\",\"inLanguage\":\"fi\",\"@id\":\"https:\\\/\\\/miil.dev.almic.ee\\\/fi\\\/yhteystiedot\\\/#primaryimage\",\"url\":\"https:\\\/\\\/www.miil.ee\\\/wp-content\\\/uploads\\\/2022\\\/05\\\/Google-Maps-Logo.svg\",\"contentUrl\":\"https:\\\/\\\/www.miil.ee\\\/wp-content\\\/uploads\\\/2022\\\/05\\\/Google-Maps-Logo.svg\"},{\"@type\":\"BreadcrumbList\",\"@id\":\"https:\\\/\\\/miil.dev.almic.ee\\\/fi\\\/yhteystiedot\\\/#breadcrumb\",\"itemListElement\":[{\"@type\":\"ListItem\",\"position\":1,\"name\":\"Home\",\"item\":\"https:\\\/\\\/miil.dev.almic.ee\\\/fi\\\/\"},{\"@type\":\"ListItem\",\"position\":2,\"name\":\"Yhteystiedot\"}]},{\"@type\":\"WebSite\",\"@id\":\"https:\\\/\\\/miil.dev.almic.ee\\\/#website\",\"url\":\"https:\\\/\\\/miil.dev.almic.ee\\\/\",\"name\":\"Miil O\u00dc\",\"description\":\"Konteinerveod\",\"publisher\":{\"@id\":\"https:\\\/\\\/miil.dev.almic.ee\\\/#organization\"},\"potentialAction\":[{\"@type\":\"SearchAction\",\"target\":{\"@type\":\"EntryPoint\",\"urlTemplate\":\"https:\\\/\\\/miil.dev.almic.ee\\\/?s={search_term_string}\"},\"query-input\":{\"@type\":\"PropertyValueSpecification\",\"valueRequired\":true,\"valueName\":\"search_term_string\"}}],\"inLanguage\":\"fi\"},{\"@type\":\"Organization\",\"@id\":\"https:\\\/\\\/miil.dev.almic.ee\\\/#organization\",\"name\":\"Miil O\u00dc\",\"url\":\"https:\\\/\\\/miil.dev.almic.ee\\\/\",\"logo\":{\"@type\":\"ImageObject\",\"inLanguage\":\"fi\",\"@id\":\"https:\\\/\\\/miil.dev.almic.ee\\\/#\\\/schema\\\/logo\\\/image\\\/\",\"url\":\"https:\\\/\\\/www.miil.ee\\\/wp-content\\\/uploads\\\/2022\\\/02\\\/Miil-logo.svg\",\"contentUrl\":\"https:\\\/\\\/www.miil.ee\\\/wp-content\\\/uploads\\\/2022\\\/02\\\/Miil-logo.svg\",\"width\":\"1024\",\"height\":\"1024\",\"caption\":\"Miil O\u00dc\"},\"image\":{\"@id\":\"https:\\\/\\\/miil.dev.almic.ee\\\/#\\\/schema\\\/logo\\\/image\\\/\"},\"sameAs\":[\"https:\\\/\\\/www.facebook.com\\\/konteinerveod\\\/\",\"https:\\\/\\\/www.instagram.com\\\/ou_miil\\\/\"]}]}<\/script>\n<!-- \/ Yoast SEO Premium plugin. -->","yoast_head_json":{"title":"Yhteystiedot - Miil O\u00dc","description":"Yhteystiedot | Merekonteinerite m\u00fc\u00fck | Merekonteinerite rent | Soojakute m\u00fc\u00fck | Konteinerite transport | Konteinerite m\u00fc\u00fck","robots":{"index":"index","follow":"follow","max-snippet":"max-snippet:-1","max-image-preview":"max-image-preview:large","max-video-preview":"max-video-preview:-1"},"canonical":"https:\/\/miil.dev.almic.ee\/fi\/yhteystiedot\/","og_locale":"fi_FI","og_type":"article","og_title":"Yhteystiedot","og_description":"Yhteystiedot | Merekonteinerite m\u00fc\u00fck | Merekonteinerite rent | Soojakute m\u00fc\u00fck | Konteinerite transport | Konteinerite m\u00fc\u00fck","og_url":"https:\/\/miil.dev.almic.ee\/fi\/yhteystiedot\/","og_site_name":"Miil O\u00dc","article_publisher":"https:\/\/www.facebook.com\/konteinerveod\/","article_modified_time":"2023-08-24T09:41:32+00:00","og_image":[{"url":"https:\/\/www.miil.ee\/wp-content\/uploads\/2022\/05\/Google-Maps-Logo.svg","type":"","width":"","height":""}],"twitter_card":"summary_large_image","twitter_misc":{"Arvioitu lukuaika":"1 minuutti"},"schema":{"@context":"https:\/\/schema.org","@graph":[{"@type":"WebPage","@id":"https:\/\/miil.dev.almic.ee\/fi\/yhteystiedot\/","url":"https:\/\/miil.dev.almic.ee\/fi\/yhteystiedot\/","name":"Yhteystiedot - Miil O\u00dc","isPartOf":{"@id":"https:\/\/miil.dev.almic.ee\/#website"},"primaryImageOfPage":{"@id":"https:\/\/miil.dev.almic.ee\/fi\/yhteystiedot\/#primaryimage"},"image":{"@id":"https:\/\/miil.dev.almic.ee\/fi\/yhteystiedot\/#primaryimage"},"thumbnailUrl":"https:\/\/www.miil.ee\/wp-content\/uploads\/2022\/05\/Google-Maps-Logo.svg","datePublished":"2022-04-11T18:02:52+00:00","dateModified":"2023-08-24T09:41:32+00:00","description":"Yhteystiedot | Merekonteinerite m\u00fc\u00fck | Merekonteinerite rent | Soojakute m\u00fc\u00fck | Konteinerite transport | Konteinerite m\u00fc\u00fck","breadcrumb":{"@id":"https:\/\/miil.dev.almic.ee\/fi\/yhteystiedot\/#breadcrumb"},"inLanguage":"fi","potentialAction":[{"@type":"ReadAction","target":["https:\/\/miil.dev.almic.ee\/fi\/yhteystiedot\/"]}]},{"@type":"ImageObject","inLanguage":"fi","@id":"https:\/\/miil.dev.almic.ee\/fi\/yhteystiedot\/#primaryimage","url":"https:\/\/www.miil.ee\/wp-content\/uploads\/2022\/05\/Google-Maps-Logo.svg","contentUrl":"https:\/\/www.miil.ee\/wp-content\/uploads\/2022\/05\/Google-Maps-Logo.svg"},{"@type":"BreadcrumbList","@id":"https:\/\/miil.dev.almic.ee\/fi\/yhteystiedot\/#breadcrumb","itemListElement":[{"@type":"ListItem","position":1,"name":"Home","item":"https:\/\/miil.dev.almic.ee\/fi\/"},{"@type":"ListItem","position":2,"name":"Yhteystiedot"}]},{"@type":"WebSite","@id":"https:\/\/miil.dev.almic.ee\/#website","url":"https:\/\/miil.dev.almic.ee\/","name":"Miil O\u00dc","description":"Konteinerveod","publisher":{"@id":"https:\/\/miil.dev.almic.ee\/#organization"},"potentialAction":[{"@type":"SearchAction","target":{"@type":"EntryPoint","urlTemplate":"https:\/\/miil.dev.almic.ee\/?s={search_term_string}"},"query-input":{"@type":"PropertyValueSpecification","valueRequired":true,"valueName":"search_term_string"}}],"inLanguage":"fi"},{"@type":"Organization","@id":"https:\/\/miil.dev.almic.ee\/#organization","name":"Miil O\u00dc","url":"https:\/\/miil.dev.almic.ee\/","logo":{"@type":"ImageObject","inLanguage":"fi","@id":"https:\/\/miil.dev.almic.ee\/#\/schema\/logo\/image\/","url":"https:\/\/www.miil.ee\/wp-content\/uploads\/2022\/02\/Miil-logo.svg","contentUrl":"https:\/\/www.miil.ee\/wp-content\/uploads\/2022\/02\/Miil-logo.svg","width":"1024","height":"1024","caption":"Miil O\u00dc"},"image":{"@id":"https:\/\/miil.dev.almic.ee\/#\/schema\/logo\/image\/"},"sameAs":["https:\/\/www.facebook.com\/konteinerveod\/","https:\/\/www.instagram.com\/ou_miil\/"]}]}},"_links":{"self":[{"href":"https:\/\/miil.dev.almic.ee\/fi\/wp-json\/wp\/v2\/pages\/1397","targetHints":{"allow":["GET"]}}],"collection":[{"href":"https:\/\/miil.dev.almic.ee\/fi\/wp-json\/wp\/v2\/pages"}],"about":[{"href":"https:\/\/miil.dev.almic.ee\/fi\/wp-json\/wp\/v2\/types\/page"}],"author":[{"embeddable":true,"href":"https:\/\/miil.dev.almic.ee\/fi\/wp-json\/wp\/v2\/users\/1"}],"replies":[{"embeddable":true,"href":"https:\/\/miil.dev.almic.ee\/fi\/wp-json\/wp\/v2\/comments?post=1397"}],"version-history":[{"count":0,"href":"https:\/\/miil.dev.almic.ee\/fi\/wp-json\/wp\/v2\/pages\/1397\/revisions"}],"wp:attachment":[{"href":"https:\/\/miil.dev.almic.ee\/fi\/wp-json\/wp\/v2\/media?parent=1397"}],"curies":[{"name":"wp","href":"https:\/\/api.w.org\/{rel}","templated":true}]}}