{"id":1367,"date":"2022-04-11T20:53:08","date_gmt":"2022-04-11T17:53:08","guid":{"rendered":"https:\/\/www.miil.ee\/tarjouspyynto\/"},"modified":"2023-05-18T14:49:18","modified_gmt":"2023-05-18T11:49:18","slug":"tarjouspyynto","status":"publish","type":"page","link":"https:\/\/miil.dev.almic.ee\/fi\/tarjouspyynto\/","title":{"rendered":"Hintatiedustelu"},"content":{"rendered":"<section class=\"l-section wpb_row regular-page height_medium with_img\"><div class=\"l-section-img\" role=\"img\" data-img-width=\"1900\" data-img-height=\"1252\" style=\"background-image: url(https:\/\/miil.dev.almic.ee\/wp-content\/uploads\/2022\/04\/IMG_4726-1.jpg);background-position: top right;background-repeat: no-repeat;background-size: contain;\"><\/div><div class=\"l-section-h i-cf\"><div class=\"g-cols vc_row via_flex valign_top type_default stacking_default\"><div class=\"vc_col-sm-12 wpb_column vc_column_container\"><div class=\"vc_column-inner\"><div class=\"wpb_wrapper\"><div class=\"wpb_text_column us_custom_92b2762d\"><div class=\"wpb_wrapper\"><h1>Hintatiedustelu<\/h1>\n<p>T\u00e4yt\u00e4 kaikki hintatiedustelun kysymyskent\u00e4t, jotta voimme l\u00e4hett\u00e4\u00e4 sinulle hintatarjouksemme sopivassa muodossa ja sopivan mediakanavan kautta. Lis\u00e4tiedot miss\u00e4 tahansa muodossa voivat olla hintatarjouksen kannalta t\u00e4rkeit\u00e4 ja ennaltaehk\u00e4ist\u00e4 mahdollisia ongelmia tulevaisuudessa. Kysy rohkeasti!<\/p>\n<\/div><\/div>\n<div class=\"wpcf7 no-js\" id=\"wpcf7-f1700-o1\" lang=\"fi\" dir=\"ltr\" data-wpcf7-id=\"1700\">\n<div class=\"screen-reader-response\"><p role=\"status\" aria-live=\"polite\" aria-atomic=\"true\"><\/p> <ul><\/ul><\/div>\n<form action=\"\/fi\/wp-json\/wp\/v2\/pages\/1367#wpcf7-f1700-o1\" method=\"post\" class=\"wpcf7-form init\" aria-label=\"Yhteydenottolomake\" novalidate=\"novalidate\" data-status=\"init\">\n<fieldset class=\"hidden-fields-container\"><input type=\"hidden\" name=\"_wpcf7\" value=\"1700\" \/><input type=\"hidden\" name=\"_wpcf7_version\" value=\"6.1.5\" \/><input type=\"hidden\" name=\"_wpcf7_locale\" value=\"fi\" \/><input type=\"hidden\" name=\"_wpcf7_unit_tag\" value=\"wpcf7-f1700-o1\" \/><input type=\"hidden\" name=\"_wpcf7_container_post\" value=\"0\" \/><input type=\"hidden\" name=\"_wpcf7_posted_data_hash\" value=\"\" \/><input type=\"hidden\" name=\"_wpcf7_recaptcha_response\" value=\"\" \/>\n<\/fieldset>\n<div class=\"form-row\">\r\n<label> Lastaus * <span class=\"wpcf7-form-control-wrap\" data-name=\"load-on\"><input size=\"40\" maxlength=\"400\" class=\"wpcf7-form-control wpcf7-text wpcf7-validates-as-required\" aria-required=\"true\" aria-invalid=\"false\" value=\"\" type=\"text\" name=\"load-on\" \/><\/span> <\/label> <label> Purku * <span class=\"wpcf7-form-control-wrap\" data-name=\"load-off\"><input size=\"40\" maxlength=\"400\" class=\"wpcf7-form-control wpcf7-text wpcf7-validates-as-required\" aria-required=\"true\" aria-invalid=\"false\" value=\"\" type=\"text\" name=\"load-off\" \/><\/span> <\/label>\r\n<\/div>\r\n<div class=\"form-row\">\r\n<label> Kuvaus * <span class=\"wpcf7-form-control-wrap\" data-name=\"description\"><textarea cols=\"40\" rows=\"10\" maxlength=\"2000\" class=\"wpcf7-form-control wpcf7-textarea wpcf7-validates-as-required\" aria-required=\"true\" aria-invalid=\"false\" name=\"description\"><\/textarea><\/span> <\/label>\r\n<\/div>\r\n<div class=\"form-row\">\r\n<label> Kontin koko * <span class=\"wpcf7-form-control-wrap\" data-name=\"dropdown\"><select class=\"wpcf7-form-control wpcf7-select wpcf7-validates-as-required\" aria-required=\"true\" aria-invalid=\"false\" name=\"dropdown\"><option value=\"\">&#8212;Valitse vaihtoehto&#8212;<\/option><option value=\"20 DRY\">20 DRY<\/option><option value=\"20 OPEN\">20 OPEN<\/option><option value=\"20 TANK\">20 TANK<\/option><option value=\"20 REF\">20 REF<\/option><option value=\"20 FLAT\">20 FLAT<\/option><option value=\"25 TANK\">25 TANK<\/option><option value=\"40 DRY\">40 DRY<\/option><option value=\"40 HC\">40 HC<\/option><option value=\"40 HC\/PW\">40 HC\/PW<\/option><option value=\"40 OPEN\">40 OPEN<\/option><option value=\"40 PW\">40 PW<\/option><option value=\"40 REF\">40 REF<\/option><option value=\"40 FLAT\">40 FLAT<\/option><option value=\"45 HC\">45 HC<\/option><option value=\"45 HC\/PW\">45 HC\/PW<\/option><option value=\"TRAILER\">TRAILER<\/option><option value=\"FREE\">FREE<\/option><\/select><\/span> <\/label> <label> Lis\u00e4tiedot <span class=\"wpcf7-form-control-wrap\" data-name=\"vehicle-text\"><input size=\"40\" maxlength=\"400\" class=\"wpcf7-form-control wpcf7-text\" aria-invalid=\"false\" value=\"\" type=\"text\" name=\"vehicle-text\" \/><\/span> <\/label>\r\n<\/div>\r\n<div class=\"form-row\">\r\n<label> Yrityksen\/yksityishenkil\u00f6n nimi * <span class=\"wpcf7-form-control-wrap\" data-name=\"client-data\"><textarea cols=\"40\" rows=\"10\" maxlength=\"2000\" class=\"wpcf7-form-control wpcf7-textarea wpcf7-validates-as-required\" aria-required=\"true\" aria-invalid=\"false\" name=\"client-data\"><\/textarea><\/span> <\/label>\r\n<\/div>\r\n<div class=\"form-row\">\r\n<label> S\u00e4hk\u00f6postiosoite * <span class=\"wpcf7-form-control-wrap\" data-name=\"email\"><input size=\"40\" maxlength=\"400\" class=\"wpcf7-form-control wpcf7-email wpcf7-validates-as-required wpcf7-text wpcf7-validates-as-email\" aria-required=\"true\" aria-invalid=\"false\" value=\"\" type=\"email\" name=\"email\" \/><\/span> <\/label> <label> Puhelinnumero * <span class=\"wpcf7-form-control-wrap\" data-name=\"contact-person\"><input size=\"40\" maxlength=\"400\" class=\"wpcf7-form-control wpcf7-text wpcf7-validates-as-required\" aria-required=\"true\" aria-invalid=\"false\" value=\"\" type=\"text\" name=\"contact-person\" \/><\/span> <\/label>\r\n<\/div>\r\n<label> Vastaustapa * <\/label> [checkbox contact-type use_label_element \u201dPuhelinnumero\u201d \u201dS\u00e4hk\u00f6postiosoite\u201d] \r\n<div class=\"submit\">\r\n<input class=\"wpcf7-form-control wpcf7-submit has-spinner\" type=\"submit\" value=\"L\u00e4het\u00e4\" \/>\r\n<\/div><div class=\"wpcf7-response-output\" aria-hidden=\"true\"><\/div>\n<\/form>\n<\/div>\n<\/div><\/div><\/div><\/div><\/div><\/section>\n","protected":false},"excerpt":{"rendered":"Hintatiedustelu T\u00e4yt\u00e4 kaikki hintatiedustelun kysymyskent\u00e4t, jotta voimme l\u00e4hett\u00e4\u00e4 sinulle hintatarjouksemme sopivassa muodossa ja sopivan mediakanavan kautta. Lis\u00e4tiedot miss\u00e4 tahansa muodossa voivat olla hintatarjouksen kannalta t\u00e4rkeit\u00e4 ja ennaltaehk\u00e4ist\u00e4 mahdollisia ongelmia tulevaisuudessa. Kysy rohkeasti! Lastaus * Purku * Kuvaus * Kontin koko * &#8212;Valitse vaihtoehto&#8212;20 DRY20 OPEN20 TANK20 REF20 FLAT25 TANK40 DRY40 HC40 HC\/PW40 OPEN40 PW40 REF40...","protected":false},"author":1,"featured_media":0,"parent":0,"menu_order":0,"comment_status":"closed","ping_status":"closed","template":"","meta":{"_acf_changed":false,"footnotes":""},"class_list":["post-1367","page","type-page","status-publish","hentry"],"acf":[],"yoast_head":"<!-- This site is optimized with the Yoast SEO Premium plugin v23.9 (Yoast SEO v27.5) - https:\/\/yoast.com\/product\/yoast-seo-premium-wordpress\/ -->\n<title>Hintatiedustelu - Miil O\u00dc<\/title>\n<meta name=\"description\" content=\"tarjouspyynto | Merekonteinerite m\u00fc\u00fck | Merekonteinerite rent | Soojakute m\u00fc\u00fck | Konteinerite transport | Konteinerite m\u00fc\u00fck\" \/>\n<meta name=\"robots\" content=\"index, follow, max-snippet:-1, max-image-preview:large, max-video-preview:-1\" \/>\n<link rel=\"canonical\" href=\"https:\/\/miil.dev.almic.ee\/fi\/tarjouspyynto\/\" \/>\n<meta property=\"og:locale\" content=\"fi_FI\" \/>\n<meta property=\"og:type\" content=\"article\" \/>\n<meta property=\"og:title\" content=\"Hintatiedustelu\" \/>\n<meta property=\"og:description\" content=\"tarjouspyynto | Merekonteinerite m\u00fc\u00fck | Merekonteinerite rent | Soojakute m\u00fc\u00fck | Konteinerite transport | Konteinerite m\u00fc\u00fck\" \/>\n<meta property=\"og:url\" content=\"https:\/\/miil.dev.almic.ee\/fi\/tarjouspyynto\/\" \/>\n<meta property=\"og:site_name\" content=\"Miil O\u00dc\" \/>\n<meta property=\"article:publisher\" content=\"https:\/\/www.facebook.com\/konteinerveod\/\" \/>\n<meta property=\"article:modified_time\" content=\"2023-05-18T11:49:18+00:00\" \/>\n<meta name=\"twitter:card\" content=\"summary_large_image\" \/>\n<meta name=\"twitter:label1\" content=\"Arvioitu lukuaika\" \/>\n\t<meta name=\"twitter:data1\" content=\"1 minuutti\" \/>\n<script type=\"application\/ld+json\" class=\"yoast-schema-graph\">{\"@context\":\"https:\\\/\\\/schema.org\",\"@graph\":[{\"@type\":\"WebPage\",\"@id\":\"https:\\\/\\\/miil.dev.almic.ee\\\/fi\\\/tarjouspyynto\\\/\",\"url\":\"https:\\\/\\\/miil.dev.almic.ee\\\/fi\\\/tarjouspyynto\\\/\",\"name\":\"Hintatiedustelu - Miil O\u00dc\",\"isPartOf\":{\"@id\":\"https:\\\/\\\/miil.dev.almic.ee\\\/#website\"},\"datePublished\":\"2022-04-11T17:53:08+00:00\",\"dateModified\":\"2023-05-18T11:49:18+00:00\",\"description\":\"tarjouspyynto | Merekonteinerite m\u00fc\u00fck | Merekonteinerite rent | Soojakute m\u00fc\u00fck | Konteinerite transport | Konteinerite m\u00fc\u00fck\",\"breadcrumb\":{\"@id\":\"https:\\\/\\\/miil.dev.almic.ee\\\/fi\\\/tarjouspyynto\\\/#breadcrumb\"},\"inLanguage\":\"fi\",\"potentialAction\":[{\"@type\":\"ReadAction\",\"target\":[\"https:\\\/\\\/miil.dev.almic.ee\\\/fi\\\/tarjouspyynto\\\/\"]}]},{\"@type\":\"BreadcrumbList\",\"@id\":\"https:\\\/\\\/miil.dev.almic.ee\\\/fi\\\/tarjouspyynto\\\/#breadcrumb\",\"itemListElement\":[{\"@type\":\"ListItem\",\"position\":1,\"name\":\"Home\",\"item\":\"https:\\\/\\\/miil.dev.almic.ee\\\/fi\\\/\"},{\"@type\":\"ListItem\",\"position\":2,\"name\":\"Hintatiedustelu\"}]},{\"@type\":\"WebSite\",\"@id\":\"https:\\\/\\\/miil.dev.almic.ee\\\/#website\",\"url\":\"https:\\\/\\\/miil.dev.almic.ee\\\/\",\"name\":\"Miil O\u00dc\",\"description\":\"Konteinerveod\",\"publisher\":{\"@id\":\"https:\\\/\\\/miil.dev.almic.ee\\\/#organization\"},\"potentialAction\":[{\"@type\":\"SearchAction\",\"target\":{\"@type\":\"EntryPoint\",\"urlTemplate\":\"https:\\\/\\\/miil.dev.almic.ee\\\/?s={search_term_string}\"},\"query-input\":{\"@type\":\"PropertyValueSpecification\",\"valueRequired\":true,\"valueName\":\"search_term_string\"}}],\"inLanguage\":\"fi\"},{\"@type\":\"Organization\",\"@id\":\"https:\\\/\\\/miil.dev.almic.ee\\\/#organization\",\"name\":\"Miil O\u00dc\",\"url\":\"https:\\\/\\\/miil.dev.almic.ee\\\/\",\"logo\":{\"@type\":\"ImageObject\",\"inLanguage\":\"fi\",\"@id\":\"https:\\\/\\\/miil.dev.almic.ee\\\/#\\\/schema\\\/logo\\\/image\\\/\",\"url\":\"https:\\\/\\\/www.miil.ee\\\/wp-content\\\/uploads\\\/2022\\\/02\\\/Miil-logo.svg\",\"contentUrl\":\"https:\\\/\\\/www.miil.ee\\\/wp-content\\\/uploads\\\/2022\\\/02\\\/Miil-logo.svg\",\"width\":\"1024\",\"height\":\"1024\",\"caption\":\"Miil O\u00dc\"},\"image\":{\"@id\":\"https:\\\/\\\/miil.dev.almic.ee\\\/#\\\/schema\\\/logo\\\/image\\\/\"},\"sameAs\":[\"https:\\\/\\\/www.facebook.com\\\/konteinerveod\\\/\",\"https:\\\/\\\/www.instagram.com\\\/ou_miil\\\/\"]}]}<\/script>\n<!-- \/ Yoast SEO Premium plugin. -->","yoast_head_json":{"title":"Hintatiedustelu - Miil O\u00dc","description":"tarjouspyynto | Merekonteinerite m\u00fc\u00fck | Merekonteinerite rent | Soojakute m\u00fc\u00fck | Konteinerite transport | Konteinerite m\u00fc\u00fck","robots":{"index":"index","follow":"follow","max-snippet":"max-snippet:-1","max-image-preview":"max-image-preview:large","max-video-preview":"max-video-preview:-1"},"canonical":"https:\/\/miil.dev.almic.ee\/fi\/tarjouspyynto\/","og_locale":"fi_FI","og_type":"article","og_title":"Hintatiedustelu","og_description":"tarjouspyynto | Merekonteinerite m\u00fc\u00fck | Merekonteinerite rent | Soojakute m\u00fc\u00fck | Konteinerite transport | Konteinerite m\u00fc\u00fck","og_url":"https:\/\/miil.dev.almic.ee\/fi\/tarjouspyynto\/","og_site_name":"Miil O\u00dc","article_publisher":"https:\/\/www.facebook.com\/konteinerveod\/","article_modified_time":"2023-05-18T11:49:18+00:00","twitter_card":"summary_large_image","twitter_misc":{"Arvioitu lukuaika":"1 minuutti"},"schema":{"@context":"https:\/\/schema.org","@graph":[{"@type":"WebPage","@id":"https:\/\/miil.dev.almic.ee\/fi\/tarjouspyynto\/","url":"https:\/\/miil.dev.almic.ee\/fi\/tarjouspyynto\/","name":"Hintatiedustelu - Miil O\u00dc","isPartOf":{"@id":"https:\/\/miil.dev.almic.ee\/#website"},"datePublished":"2022-04-11T17:53:08+00:00","dateModified":"2023-05-18T11:49:18+00:00","description":"tarjouspyynto | Merekonteinerite m\u00fc\u00fck | Merekonteinerite rent | Soojakute m\u00fc\u00fck | Konteinerite transport | Konteinerite m\u00fc\u00fck","breadcrumb":{"@id":"https:\/\/miil.dev.almic.ee\/fi\/tarjouspyynto\/#breadcrumb"},"inLanguage":"fi","potentialAction":[{"@type":"ReadAction","target":["https:\/\/miil.dev.almic.ee\/fi\/tarjouspyynto\/"]}]},{"@type":"BreadcrumbList","@id":"https:\/\/miil.dev.almic.ee\/fi\/tarjouspyynto\/#breadcrumb","itemListElement":[{"@type":"ListItem","position":1,"name":"Home","item":"https:\/\/miil.dev.almic.ee\/fi\/"},{"@type":"ListItem","position":2,"name":"Hintatiedustelu"}]},{"@type":"WebSite","@id":"https:\/\/miil.dev.almic.ee\/#website","url":"https:\/\/miil.dev.almic.ee\/","name":"Miil O\u00dc","description":"Konteinerveod","publisher":{"@id":"https:\/\/miil.dev.almic.ee\/#organization"},"potentialAction":[{"@type":"SearchAction","target":{"@type":"EntryPoint","urlTemplate":"https:\/\/miil.dev.almic.ee\/?s={search_term_string}"},"query-input":{"@type":"PropertyValueSpecification","valueRequired":true,"valueName":"search_term_string"}}],"inLanguage":"fi"},{"@type":"Organization","@id":"https:\/\/miil.dev.almic.ee\/#organization","name":"Miil O\u00dc","url":"https:\/\/miil.dev.almic.ee\/","logo":{"@type":"ImageObject","inLanguage":"fi","@id":"https:\/\/miil.dev.almic.ee\/#\/schema\/logo\/image\/","url":"https:\/\/www.miil.ee\/wp-content\/uploads\/2022\/02\/Miil-logo.svg","contentUrl":"https:\/\/www.miil.ee\/wp-content\/uploads\/2022\/02\/Miil-logo.svg","width":"1024","height":"1024","caption":"Miil O\u00dc"},"image":{"@id":"https:\/\/miil.dev.almic.ee\/#\/schema\/logo\/image\/"},"sameAs":["https:\/\/www.facebook.com\/konteinerveod\/","https:\/\/www.instagram.com\/ou_miil\/"]}]}},"_links":{"self":[{"href":"https:\/\/miil.dev.almic.ee\/fi\/wp-json\/wp\/v2\/pages\/1367","targetHints":{"allow":["GET"]}}],"collection":[{"href":"https:\/\/miil.dev.almic.ee\/fi\/wp-json\/wp\/v2\/pages"}],"about":[{"href":"https:\/\/miil.dev.almic.ee\/fi\/wp-json\/wp\/v2\/types\/page"}],"author":[{"embeddable":true,"href":"https:\/\/miil.dev.almic.ee\/fi\/wp-json\/wp\/v2\/users\/1"}],"replies":[{"embeddable":true,"href":"https:\/\/miil.dev.almic.ee\/fi\/wp-json\/wp\/v2\/comments?post=1367"}],"version-history":[{"count":0,"href":"https:\/\/miil.dev.almic.ee\/fi\/wp-json\/wp\/v2\/pages\/1367\/revisions"}],"wp:attachment":[{"href":"https:\/\/miil.dev.almic.ee\/fi\/wp-json\/wp\/v2\/media?parent=1367"}],"curies":[{"name":"wp","href":"https:\/\/api.w.org\/{rel}","templated":true}]}}