{"id":1352,"date":"2022-04-11T20:48:38","date_gmt":"2022-04-11T17:48:38","guid":{"rendered":"https:\/\/www.miil.ee\/yhtiosta\/"},"modified":"2024-11-14T10:24:12","modified_gmt":"2024-11-14T08:24:12","slug":"yritystietoa","status":"publish","type":"page","link":"https:\/\/miil.dev.almic.ee\/fi\/yritystietoa\/","title":{"rendered":"Yritystietoa"},"content":{"rendered":"<section class=\"l-section wpb_row company-page height_medium\"><div class=\"l-section-h i-cf\"><div class=\"g-cols vc_row via_flex valign_top type_default stacking_default\"><div class=\"vc_col-sm-12 wpb_column vc_column_container\"><div class=\"vc_column-inner\"><div class=\"wpb_wrapper\"><div class=\"g-cols wpb_row via_flex valign_top type_default stacking_default\"><div class=\"vc_col-sm-12 wpb_column vc_column_container\"><div class=\"vc_column-inner\"><div class=\"wpb_wrapper\"><div class=\"wpb_text_column\"><div class=\"wpb_wrapper\"><p>Yritystietoa &#8211; O\u00dc Miil aloitti toimintansa vuonna 1990, mutta todellisuudessa juuret ulottuvat vuoteen 1985, jolloin ensimm\u00e4inen kuorma-auto hankittiin. Viimeisen 30 vuoden aikana on kehittynyt yritys, jonka tavoitteena on tarjota korkealaatuista, tehokasta ja nopeaa toimitusta, joka noudattaa logistiikan \u201d7 oikean\u201d s\u00e4\u00e4nt\u00f6\u00e4: oikea tuote, oikealle asiakkaalle, oikeaan hintaan, oikeaan aikaan, oikeassa paikassa, oikeassa m\u00e4\u00e4r\u00e4ss\u00e4, oikeassa kunnossa. Miil O\u00dc:n toiminta vastaa ISO 9001:2015- ja ISO 14001:2015 -standardeja \u2013 sertifikaatit on my\u00f6nt\u00e4nyt Bureau Veritas. Jo yli 30 vuotta kuljetusmarkkinoilla toiminut O\u00dc Miil on Viron tehokkain ja nopein konttiliikennett\u00e4 harjoittava kuljetusyritys.<\/p>\n<p>Tarjotaksemme laadukasta palvelua keskitymme vain merikonttien, s\u00e4ili\u00f6konttien ja ylimittaisten konttien kuljetukseen. Tarjoamme kuljetusta Euroopan unionin sis\u00e4ll\u00e4. P\u00e4\u00e4suuntia ovat Viro, Latvia, Liettua, Puola, Ruotsi ja Suomi. Kuljetuspalvelun tukemiseksi tarjoamme asiakkaille my\u00f6s konttiterminaali- ja konttivarastopalvelua.<\/p>\n<p>Miil O\u00dc:n konttiterminaalissa teemme seuraavia t\u00f6it\u00e4:<\/p>\n<p>* Merikonttien purku tai lastaus (mukaan lukien ajoneuvojen lastaus konttiin)<br \/>\n* Merikonttien kaasutus<br \/>\n* Varastokonttien varastointi<br \/>\n* Merikonttien varastointi<br \/>\n* Konttien korjaus ja puhdistus<br \/>\n* Merikonttien neutralisointi<br \/>\n* S\u00e4ili\u00f6konttien l\u00e4mmitys s\u00e4hk\u00f6ll\u00e4<br \/>\n* S\u00e4ili\u00f6konttien l\u00e4mmitys h\u00f6yryll\u00e4<br \/>\n* Konttivaunujen vuokraus<br \/>\n* Konttien muuttaminen<br \/>\n* Konttien maalaaminen<\/p>\n<p>Toimimme merikonttien kanssa p\u00e4ivitt\u00e4in, ja meill\u00e4 on laaja tieto- ja kokemuspohja niist\u00e4 ja niiden kuljetuksesta. Tarjoamme asiakkaille myyntiin my\u00f6s uusia ja k\u00e4ytettyj\u00e4 merikontteja, varastokontteja, eristekontteja, ulkok\u00e4ym\u00e4l\u00f6it\u00e4 ja raja-aitoja. Valikoimastamme l\u00f6ytyy runsaasti erilaisia ratkaisuja, kuten esimerkiksi palonkest\u00e4v\u00e4t kontit. Tarjoamme my\u00f6s konttien muuttamista, maalausta, erityisi\u00e4 mainoss\u00e4ili\u00f6ratkaisuja ja paljon muuta. Varastossa on jatkuvasti saatavana yli 200 merikonttia. Koska kaikki tarjoamamme tuotteet ovat saatavilla paikan p\u00e4\u00e4ll\u00e4, niihin voi helposti tulla my\u00f6s tutustumaan. Jos paikan p\u00e4\u00e4ll\u00e4 ei ole sopivaa tuotetta, toimitamme sen Euroopasta (2\u20133 viikkoa) tai Aasiasta.<\/p>\n<p>Tarjoamme my\u00f6s merikontteja vuokralle (lyhytaikainen ja pitk\u00e4aikainen konttien vuokraus) ja per\u00e4vaunuja konttikuljetuksiin.<\/p>\n<\/div><\/div><\/div><\/div><\/div><\/div><div class=\"g-cols wpb_row via_flex valign_top type_default stacking_default\"><div class=\"vc_col-sm-6 wpb_column vc_column_container\"><div class=\"vc_column-inner\"><div class=\"wpb_wrapper\"><div class=\"wpb_text_column\"><div class=\"wpb_wrapper\"><h2>Sideloaderit eli sivulastaajat<\/h2>\n<p>Olemme tarjonneet sideloaderkuljetuksia (sivulastaaja) vuodesta 2000. Sideloader nostaa enint\u00e4\u00e4n 32 000 kg painavat 20&#8242;, 30&#8242;, 40&#8242;, 45&#8242; kontit kyytiin ja pois kyydist\u00e4. Nykyisin Miil O\u00dc omistaa kuusi sivulastaajaa, joista kaksi on k\u00e4yt\u00f6ss\u00e4 Latviassa. Lue lis\u00e4\u00e4 sivulastaajista <a href=\"https:\/\/www.miil.ee\/fi\/palvelut\/sideloader\/\">t\u00e4\u00e4lt\u00e4<\/a>.<\/p>\n<\/div><\/div><\/div><\/div><\/div><div class=\"vc_col-sm-6 wpb_column vc_column_container\"><div class=\"vc_column-inner\"><div class=\"wpb_wrapper\"><div class=\"w-image align_none\"><div class=\"w-image-h\"><img decoding=\"async\" width=\"752\" height=\"506\" src=\"https:\/\/miil.dev.almic.ee\/wp-content\/uploads\/2022\/04\/Miil-sideloader.jpg\" class=\"attachment-full size-full\" alt=\"\" loading=\"lazy\" srcset=\"https:\/\/miil.dev.almic.ee\/wp-content\/uploads\/2022\/04\/Miil-sideloader.jpg 752w, https:\/\/miil.dev.almic.ee\/wp-content\/uploads\/2022\/04\/Miil-sideloader-600x404.jpg 600w, https:\/\/miil.dev.almic.ee\/wp-content\/uploads\/2022\/04\/Miil-sideloader-300x202.jpg 300w\" sizes=\"auto, (max-width: 752px) 100vw, 752px\" \/><\/div><\/div><\/div><\/div><\/div><\/div><div class=\"g-cols wpb_row via_flex valign_top type_default stacking_default\"><div class=\"vc_col-sm-6 wpb_column vc_column_container\"><div class=\"vc_column-inner\"><div class=\"wpb_wrapper\"><div class=\"wpb_text_column\"><div class=\"wpb_wrapper\"><h2>Backloaderit eli takalastaajat<\/h2>\n<p>Toukokuussa 2001 O\u00dc Miil osti palvelun laatua parantaakseen takalastaajan, jollaisia ei ole k\u00e4yt\u00f6ss\u00e4 muualla Virossa, Latviassa tai Liettuassa.<\/p>\n<p>Kippauslaitteen avulla voimme nostaa 20\u2032 merikontteja autostamme, asettaa ne pystyasentoon ja ottaa sek\u00e4 pystyss\u00e4 ett\u00e4 maassa olevia enint\u00e4\u00e4n 25 000 kg painavia kontteja kyytiin. Kev\u00e4\u00e4st\u00e4 2006 l\u00e4htien meill\u00e4 on kaksi kippaustyyppist\u00e4 autoa.<\/p>\n<p>Vuoden 2008 lopussa hankittiin kolmas takalastaaja. Helmikuusta 2009 l\u00e4htien kyseinen auto on toiminut Latviassa.<\/p>\n<p>Vuonna 2020 meill\u00e4 on nelj\u00e4 backloaderia, joista yksi sijaitsee Latviassa.<\/p>\n<p>Backloaderin avulla voimme kallistaa kontteja my\u00f6s tavaroiden vastaanottamiseksi. Kippausauton nostolaitteen ohjaamisesta vastaa autonkuljettaja. Ohjaaminen tapahtuu ohjaimella radiol\u00e4hettimen avulla.<\/p>\n<p>Lue lis\u00e4\u00e4 backloadereista <a href=\"https:\/\/www.miil.ee\/fi\/palvelut\/backloader\/\">t\u00e4\u00e4lt\u00e4<\/a>.<\/p>\n<\/div><\/div><\/div><\/div><\/div><div class=\"vc_col-sm-6 wpb_column vc_column_container\"><div class=\"vc_column-inner\"><div class=\"wpb_wrapper\"><div class=\"w-image align_none\"><div class=\"w-image-h\"><img decoding=\"async\" width=\"752\" height=\"506\" src=\"https:\/\/miil.dev.almic.ee\/wp-content\/uploads\/2022\/06\/Miil-backloaders-1.jpg\" class=\"attachment-full size-full\" alt=\"\" loading=\"lazy\" srcset=\"https:\/\/miil.dev.almic.ee\/wp-content\/uploads\/2022\/06\/Miil-backloaders-1.jpg 752w, https:\/\/miil.dev.almic.ee\/wp-content\/uploads\/2022\/06\/Miil-backloaders-1-600x404.jpg 600w, https:\/\/miil.dev.almic.ee\/wp-content\/uploads\/2022\/06\/Miil-backloaders-1-300x202.jpg 300w\" sizes=\"auto, (max-width: 752px) 100vw, 752px\" \/><\/div><\/div><\/div><\/div><\/div><\/div><div class=\"g-cols wpb_row via_flex valign_top type_default stacking_default\"><div class=\"vc_col-sm-12 wpb_column vc_column_container\"><div class=\"vc_column-inner\"><div class=\"wpb_wrapper\"><div class=\"wpb_text_column\"><div class=\"wpb_wrapper\"><h2>Asiakkaat<\/h2>\n<p>O\u00dc Miil on yksi Viron markkinoiden parhaista konttikuljetusyrityksist\u00e4, ja my\u00f6s asiakkaamme ja yhteisty\u00f6kumppanimme kuuluvat oman alansa parhaimpiin osaajiin. Kehittyneiden palvelujemme ja ammattitaitoisen tiimimme lis\u00e4ksi vahvuuksiimme lukeutuu my\u00f6s luotettavuus ja pett\u00e4m\u00e4t\u00f6n tietosuoja. T\u00e4ydellisen tietosulkumme ansiosta kaikki asiakkaamme voivat tuntea olonsa turvalliseksi, eik\u00e4 heid\u00e4n tarvitse huolehtia kilpailijoista. Palvelumme perustuu luottamukseen: me luotamme asiakkaisiimme ja yhteisty\u00f6kumppaneihimme, ja he luottavat meihin. Tietosulun ja tietojen vuotamattomuuden vuoksi emme my\u00f6sk\u00e4\u00e4n paljasta asiakkaidemme nimi\u00e4, mutta vahvistamme, ett\u00e4 he ovat oman alansa parhaita tekij\u00f6it\u00e4, jotka ansaitsevat vain parasta palvelua. Sit\u00e4 O\u00dc Miil my\u00f6s tarjoaa. Olemme luotettavia!<\/p>\n<p>Miil ei harjoita merikuljetuksia eik\u00e4 huolintaa. Tarvittaessa l\u00f6yd\u00e4mme kuitenkin varmasti parhaan palveluntarjoajan, sill\u00e4 juuri merikuljettajat ja rahdinantajat ovat ty\u00f6nantajiamme. Siksi on syyt\u00e4 uskoa, ett\u00e4 jos yhdelle rahdinantajalle tulee 20 konttia viikossa Kiinasta, juuri t\u00e4m\u00e4 rahdinantaja voisi tuoda my\u00f6s sinulle tavaraa Kiinasta (tai muusta tarpeitasi vastaavasta suunnasta). Kysy hintaa, niin l\u00e4het\u00e4mme sen eteenp\u00e4in ja l\u00f6yd\u00e4mme sinulle sen OIKEAN.<\/p>\n<h2>ISO 9001:2015 ja ISO 14001:2015<\/h2>\n<p>Vuodesta 2020 asti Miil O\u00dc on k\u00e4ytt\u00e4nyt tiettyj\u00e4 menetelmi\u00e4 ISO 9001:2015- ja ISO 14001:2015-vaatimusten t\u00e4ytt\u00e4miseksi. Yhti\u00f6n hallitus on laatinut seuraavat ohjaavat periaatteet ja toimintatavoitteensa, jotka v\u00e4litt\u00e4v\u00e4t laatu- ja ymp\u00e4rist\u00f6vakautemme ja pyrkimyksemme:<\/p>\n<ul>\n<li>Pid\u00e4mme kiinni asiakkaillemme ja toisillemme antamistamme lupauksista,<\/li>\n<li>v\u00e4lt\u00e4mme ja ehk\u00e4isemme h\u00e4t\u00e4tilanteita,<\/li>\n<li>keskitymme kest\u00e4v\u00e4\u00e4n toimintaan,<\/li>\n<li>k\u00e4yt\u00e4mme polttoaine- ja energiavaroja s\u00e4\u00e4st\u00e4v\u00e4isesti ja<\/li>\n<li>ehk\u00e4isemme tai v\u00e4henn\u00e4mme ymp\u00e4rist\u00f6n saastumista.<\/li>\n<li>Sitoudumme noudattamaan vaatimustenmukaisuusvelvollisuuksia<\/li>\n<li>Tarjoamamme laadukas kuljetuspalvelu perustuu logistiikkas\u00e4\u00e4nt\u00f6\u00f6n \u201d7 oikeaa\u201d (oikea tavara, oikeaan aikaan, oikeassa paikassa, oikeassa m\u00e4\u00e4r\u00e4ss\u00e4, oikeassa kunnossa, oikealle asiakkaalle, oikeaan hintaan)<\/li>\n<\/ul>\n<\/div><\/div><\/div><\/div><\/div><\/div><\/div><\/div><\/div><\/div><\/div><\/section>\n","protected":false},"excerpt":{"rendered":"Yritystietoa &#8211; O\u00dc Miil aloitti toimintansa vuonna 1990, mutta todellisuudessa juuret ulottuvat vuoteen 1985, jolloin ensimm\u00e4inen kuorma-auto hankittiin. Viimeisen 30 vuoden aikana on kehittynyt yritys, jonka tavoitteena on tarjota korkealaatuista, tehokasta ja nopeaa toimitusta, joka noudattaa logistiikan \u201d7 oikean\u201d s\u00e4\u00e4nt\u00f6\u00e4: oikea tuote, oikealle asiakkaalle, oikeaan hintaan, oikeaan aikaan, oikeassa paikassa, oikeassa m\u00e4\u00e4r\u00e4ss\u00e4, oikeassa kunnossa. Miil...","protected":false},"author":1,"featured_media":0,"parent":0,"menu_order":0,"comment_status":"closed","ping_status":"closed","template":"","meta":{"_acf_changed":false,"footnotes":""},"class_list":["post-1352","page","type-page","status-publish","hentry"],"acf":[],"yoast_head":"<!-- This site is optimized with the Yoast SEO Premium plugin v23.9 (Yoast SEO v27.5) - https:\/\/yoast.com\/product\/yoast-seo-premium-wordpress\/ -->\n<title>Yritystietoa - Miil O\u00dc<\/title>\n<meta name=\"description\" content=\"Yritystietoa | Merikonttien myynti | Merikonttien vuokraus | Eristekontit myynti | Konttien kuljetus | Konttien myynti\" \/>\n<meta name=\"robots\" content=\"index, follow, max-snippet:-1, max-image-preview:large, max-video-preview:-1\" \/>\n<link rel=\"canonical\" href=\"https:\/\/miil.dev.almic.ee\/fi\/yritystietoa\/\" \/>\n<meta property=\"og:locale\" content=\"fi_FI\" \/>\n<meta property=\"og:type\" content=\"article\" \/>\n<meta property=\"og:title\" content=\"Yritystietoa\" \/>\n<meta property=\"og:description\" content=\"Yritystietoa | Merikonttien myynti | Merikonttien vuokraus | Eristekontit myynti | Konttien kuljetus | Konttien myynti\" \/>\n<meta property=\"og:url\" content=\"https:\/\/miil.dev.almic.ee\/fi\/yritystietoa\/\" \/>\n<meta property=\"og:site_name\" content=\"Miil O\u00dc\" \/>\n<meta property=\"article:publisher\" content=\"https:\/\/www.facebook.com\/konteinerveod\/\" \/>\n<meta property=\"article:modified_time\" content=\"2024-11-14T08:24:12+00:00\" \/>\n<meta name=\"twitter:card\" content=\"summary_large_image\" \/>\n<meta name=\"twitter:label1\" content=\"Arvioitu lukuaika\" \/>\n\t<meta name=\"twitter:data1\" content=\"4 minuuttia\" \/>\n<script type=\"application\/ld+json\" class=\"yoast-schema-graph\">{\"@context\":\"https:\\\/\\\/schema.org\",\"@graph\":[{\"@type\":\"WebPage\",\"@id\":\"https:\\\/\\\/miil.dev.almic.ee\\\/fi\\\/yritystietoa\\\/\",\"url\":\"https:\\\/\\\/miil.dev.almic.ee\\\/fi\\\/yritystietoa\\\/\",\"name\":\"Yritystietoa - Miil O\u00dc\",\"isPartOf\":{\"@id\":\"https:\\\/\\\/miil.dev.almic.ee\\\/#website\"},\"datePublished\":\"2022-04-11T17:48:38+00:00\",\"dateModified\":\"2024-11-14T08:24:12+00:00\",\"description\":\"Yritystietoa | Merikonttien myynti | Merikonttien vuokraus | Eristekontit myynti | Konttien kuljetus | Konttien myynti\",\"breadcrumb\":{\"@id\":\"https:\\\/\\\/miil.dev.almic.ee\\\/fi\\\/yritystietoa\\\/#breadcrumb\"},\"inLanguage\":\"fi\",\"potentialAction\":[{\"@type\":\"ReadAction\",\"target\":[\"https:\\\/\\\/miil.dev.almic.ee\\\/fi\\\/yritystietoa\\\/\"]}]},{\"@type\":\"BreadcrumbList\",\"@id\":\"https:\\\/\\\/miil.dev.almic.ee\\\/fi\\\/yritystietoa\\\/#breadcrumb\",\"itemListElement\":[{\"@type\":\"ListItem\",\"position\":1,\"name\":\"Home\",\"item\":\"https:\\\/\\\/miil.dev.almic.ee\\\/fi\\\/\"},{\"@type\":\"ListItem\",\"position\":2,\"name\":\"Yritystietoa\"}]},{\"@type\":\"WebSite\",\"@id\":\"https:\\\/\\\/miil.dev.almic.ee\\\/#website\",\"url\":\"https:\\\/\\\/miil.dev.almic.ee\\\/\",\"name\":\"Miil O\u00dc\",\"description\":\"Konteinerveod\",\"publisher\":{\"@id\":\"https:\\\/\\\/miil.dev.almic.ee\\\/#organization\"},\"potentialAction\":[{\"@type\":\"SearchAction\",\"target\":{\"@type\":\"EntryPoint\",\"urlTemplate\":\"https:\\\/\\\/miil.dev.almic.ee\\\/?s={search_term_string}\"},\"query-input\":{\"@type\":\"PropertyValueSpecification\",\"valueRequired\":true,\"valueName\":\"search_term_string\"}}],\"inLanguage\":\"fi\"},{\"@type\":\"Organization\",\"@id\":\"https:\\\/\\\/miil.dev.almic.ee\\\/#organization\",\"name\":\"Miil O\u00dc\",\"url\":\"https:\\\/\\\/miil.dev.almic.ee\\\/\",\"logo\":{\"@type\":\"ImageObject\",\"inLanguage\":\"fi\",\"@id\":\"https:\\\/\\\/miil.dev.almic.ee\\\/#\\\/schema\\\/logo\\\/image\\\/\",\"url\":\"https:\\\/\\\/www.miil.ee\\\/wp-content\\\/uploads\\\/2022\\\/02\\\/Miil-logo.svg\",\"contentUrl\":\"https:\\\/\\\/www.miil.ee\\\/wp-content\\\/uploads\\\/2022\\\/02\\\/Miil-logo.svg\",\"width\":\"1024\",\"height\":\"1024\",\"caption\":\"Miil O\u00dc\"},\"image\":{\"@id\":\"https:\\\/\\\/miil.dev.almic.ee\\\/#\\\/schema\\\/logo\\\/image\\\/\"},\"sameAs\":[\"https:\\\/\\\/www.facebook.com\\\/konteinerveod\\\/\",\"https:\\\/\\\/www.instagram.com\\\/ou_miil\\\/\"]}]}<\/script>\n<!-- \/ Yoast SEO Premium plugin. -->","yoast_head_json":{"title":"Yritystietoa - Miil O\u00dc","description":"Yritystietoa | Merikonttien myynti | Merikonttien vuokraus | Eristekontit myynti | Konttien kuljetus | Konttien myynti","robots":{"index":"index","follow":"follow","max-snippet":"max-snippet:-1","max-image-preview":"max-image-preview:large","max-video-preview":"max-video-preview:-1"},"canonical":"https:\/\/miil.dev.almic.ee\/fi\/yritystietoa\/","og_locale":"fi_FI","og_type":"article","og_title":"Yritystietoa","og_description":"Yritystietoa | Merikonttien myynti | Merikonttien vuokraus | Eristekontit myynti | Konttien kuljetus | Konttien myynti","og_url":"https:\/\/miil.dev.almic.ee\/fi\/yritystietoa\/","og_site_name":"Miil O\u00dc","article_publisher":"https:\/\/www.facebook.com\/konteinerveod\/","article_modified_time":"2024-11-14T08:24:12+00:00","twitter_card":"summary_large_image","twitter_misc":{"Arvioitu lukuaika":"4 minuuttia"},"schema":{"@context":"https:\/\/schema.org","@graph":[{"@type":"WebPage","@id":"https:\/\/miil.dev.almic.ee\/fi\/yritystietoa\/","url":"https:\/\/miil.dev.almic.ee\/fi\/yritystietoa\/","name":"Yritystietoa - Miil O\u00dc","isPartOf":{"@id":"https:\/\/miil.dev.almic.ee\/#website"},"datePublished":"2022-04-11T17:48:38+00:00","dateModified":"2024-11-14T08:24:12+00:00","description":"Yritystietoa | Merikonttien myynti | Merikonttien vuokraus | Eristekontit myynti | Konttien kuljetus | Konttien myynti","breadcrumb":{"@id":"https:\/\/miil.dev.almic.ee\/fi\/yritystietoa\/#breadcrumb"},"inLanguage":"fi","potentialAction":[{"@type":"ReadAction","target":["https:\/\/miil.dev.almic.ee\/fi\/yritystietoa\/"]}]},{"@type":"BreadcrumbList","@id":"https:\/\/miil.dev.almic.ee\/fi\/yritystietoa\/#breadcrumb","itemListElement":[{"@type":"ListItem","position":1,"name":"Home","item":"https:\/\/miil.dev.almic.ee\/fi\/"},{"@type":"ListItem","position":2,"name":"Yritystietoa"}]},{"@type":"WebSite","@id":"https:\/\/miil.dev.almic.ee\/#website","url":"https:\/\/miil.dev.almic.ee\/","name":"Miil O\u00dc","description":"Konteinerveod","publisher":{"@id":"https:\/\/miil.dev.almic.ee\/#organization"},"potentialAction":[{"@type":"SearchAction","target":{"@type":"EntryPoint","urlTemplate":"https:\/\/miil.dev.almic.ee\/?s={search_term_string}"},"query-input":{"@type":"PropertyValueSpecification","valueRequired":true,"valueName":"search_term_string"}}],"inLanguage":"fi"},{"@type":"Organization","@id":"https:\/\/miil.dev.almic.ee\/#organization","name":"Miil O\u00dc","url":"https:\/\/miil.dev.almic.ee\/","logo":{"@type":"ImageObject","inLanguage":"fi","@id":"https:\/\/miil.dev.almic.ee\/#\/schema\/logo\/image\/","url":"https:\/\/www.miil.ee\/wp-content\/uploads\/2022\/02\/Miil-logo.svg","contentUrl":"https:\/\/www.miil.ee\/wp-content\/uploads\/2022\/02\/Miil-logo.svg","width":"1024","height":"1024","caption":"Miil O\u00dc"},"image":{"@id":"https:\/\/miil.dev.almic.ee\/#\/schema\/logo\/image\/"},"sameAs":["https:\/\/www.facebook.com\/konteinerveod\/","https:\/\/www.instagram.com\/ou_miil\/"]}]}},"_links":{"self":[{"href":"https:\/\/miil.dev.almic.ee\/fi\/wp-json\/wp\/v2\/pages\/1352","targetHints":{"allow":["GET"]}}],"collection":[{"href":"https:\/\/miil.dev.almic.ee\/fi\/wp-json\/wp\/v2\/pages"}],"about":[{"href":"https:\/\/miil.dev.almic.ee\/fi\/wp-json\/wp\/v2\/types\/page"}],"author":[{"embeddable":true,"href":"https:\/\/miil.dev.almic.ee\/fi\/wp-json\/wp\/v2\/users\/1"}],"replies":[{"embeddable":true,"href":"https:\/\/miil.dev.almic.ee\/fi\/wp-json\/wp\/v2\/comments?post=1352"}],"version-history":[{"count":0,"href":"https:\/\/miil.dev.almic.ee\/fi\/wp-json\/wp\/v2\/pages\/1352\/revisions"}],"wp:attachment":[{"href":"https:\/\/miil.dev.almic.ee\/fi\/wp-json\/wp\/v2\/media?parent=1352"}],"curies":[{"name":"wp","href":"https:\/\/api.w.org\/{rel}","templated":true}]}}