{"id":1322,"date":"2022-04-11T20:39:16","date_gmt":"2022-04-11T17:39:16","guid":{"rendered":"https:\/\/www.miil.ee\/konttikuljetuksen-lammitys\/"},"modified":"2024-11-15T08:53:08","modified_gmt":"2024-11-15T06:53:08","slug":"konttikuljetuksen-lammitys","status":"publish","type":"page","link":"https:\/\/miil.dev.almic.ee\/fi\/palvelut\/konttikuljetuksen-lammitys\/","title":{"rendered":"Terminaalipalvelu"},"content":{"rendered":"<section class=\"l-section wpb_row height_medium\"><div class=\"l-section-h i-cf\"><div class=\"g-cols vc_row via_flex valign_top type_default stacking_default\"><div class=\"vc_col-sm-12 wpb_column vc_column_container\"><div class=\"vc_column-inner\"><div class=\"wpb_wrapper\"><div class=\"g-cols wpb_row via_flex valign_top type_default stacking_default\"><div class=\"vc_col-sm-12 wpb_column vc_column_container\"><div class=\"vc_column-inner\"><div class=\"wpb_wrapper\"><div class=\"wpb_text_column\"><div class=\"wpb_wrapper\"><p>Miil O\u00dc:n konttiterminaali ja varikko sijaitsevat osoitteessa Valtsi 1, Lagedi, Harjumaa 75303. Kyseess\u00e4 on strateginen sijainti Tallinnan keh\u00e4tien varrella, ja sen v\u00e4litt\u00f6m\u00e4\u00e4n l\u00e4heisyyteen on valmistumassa Rail Balticin terminaali. 4 km:n p\u00e4\u00e4ss\u00e4 Tallinnasta sijaitseva terminaali rajoittuu merikontteihin, ja aluetta valvotaan (mm. videovalvonta) 24\/7. Terminaalin kokonaispinta-ala on 21 000 m2.<\/p>\n<p>Konttiterminaali on t\u00e4ydellinen ratkaisu uusien tai k\u00e4ytettyjen rahtikonttien kontti turvallisella ja visuaalisesti ammattimaisella tontilla.<br \/>\nKonttivarastomme pystyy k\u00e4sittelem\u00e4\u00e4n kaikenkokoisia kontteja kaikkialta maailmasta.<br \/>\nVoit palauttaa laatikot suoraan terminaaliimme milt\u00e4 tahansa toimituslinjalta ilman lis\u00e4kustannuksia.<br \/>\nJos k\u00e4sittelet uusia ja k\u00e4ytettyj\u00e4 kontteja, voimme auttaa sinua kuljettamaan, varastoimaan ja myym\u00e4\u00e4n laatikoitasi.<br \/>\nOlemme Baltian maiden paras ja suurin konttimyyj\u00e4.<\/p>\n<p>Tarjoamme terminaalissa seuraavia palveluja:<\/p>\n<ul>\n<li>tyhjien konttien varastointi<\/li>\n<li>t\u00e4ysien konttien varastointi<\/li>\n<li>vaarallisten konttien varastointi<\/li>\n<li>merikonttien lastaus<\/li>\n<li>merikonttien purku<\/li>\n<li>ajoneuvojen lastaus konttiin<\/li>\n<li>s\u00e4ili\u00f6konttien s\u00e4hk\u00f6- ja h\u00f6yryl\u00e4mmitys<\/li>\n<li>merikonttien korjaus ja siivous<\/li>\n<li>vaarallisten merikonttien merkitseminen ja merkint\u00f6jen poistaminen<\/li>\n<li>merikonttien neutralisointi<\/li>\n<\/ul>\n<p>Konttien varastointi Miil O\u00dc:n varikolla Miil O\u00dc:n konttivarikolla voidaan varastoida sek\u00e4 tyhji\u00e4 ett\u00e4 lastattuja kontteja. Kun kontit vastaanotetaan varikolla, ne kuvataan kaikilta nelj\u00e4lt\u00e4 sivulta ja sis\u00e4lt\u00e4. Vauriot ja muut t\u00e4rke\u00e4t tiedot kirjataan v\u00e4litt\u00f6m\u00e4sti. Asiakkaat saavat v\u00e4litt\u00f6m\u00e4sti ilmoituksen kontin vastaanottamisesta tai l\u00e4hett\u00e4misest\u00e4 sek\u00e4 p\u00e4ivitt\u00e4isen yleiskatsauksen varaston tilasta. Terminaalitekniikka Meill\u00e4 on paikan p\u00e4\u00e4ll\u00e4 k\u00e4yt\u00f6ss\u00e4mme Konecranesin 2015 SMV 2115 TC3 -konttikurottaja (reachstacker) ja Doosan-haarukkatrukki (nostokapasiteetti enint\u00e4\u00e4n 8 t) konttien siirt\u00e4miseen. Lis\u00e4ksi voimme s\u00e4ilytt\u00e4\u00e4 kontteja per\u00e4vaunuissa, lastata ne verhoper\u00e4vaunuihin ja nostaa niit\u00e4 side- ja backloadereilla. Terminaalissa on my\u00f6s h\u00f6yrykattilahuone s\u00e4ili\u00f6konttien l\u00e4mmitt\u00e4miseksi h\u00f6yryll\u00e4 sek\u00e4 erityiset tilat s\u00e4ili\u00f6konttien ja kylm\u00e4konttien liitt\u00e4miseksi s\u00e4hk\u00f6verkkoon. Jos olet kiinnostunut, voit l\u00e4hett\u00e4\u00e4 tiedustelun osoitteeseen info@miil.ee, ja ehdotamme sinulle sopivinta ratkaisua.<\/p>\n<h2>Konttiterminaali Virossa vai Latviassa?<\/h2>\n<p>Container Terminal Estonia ei ole ainoa toimipaikkamme, vaan meill\u00e4 on useita telakoita eri puolilla Viroa.<br \/>\nLis\u00e4ksi toimimme Latviassa sivu- ja backloader-kuorma-autoilla paikallisesti Riiassa.<br \/>\nTarvittaessa autamme my\u00f6s s\u00e4ili\u00f6iss\u00e4, konteissa, j\u00e4\u00e4hdytyskoneissa, kuljetuskonttien muuttamisessa ja uudelleensertifioinnissa.<\/p>\n<p>K\u00e4yt\u00e4mme kuljetukseen <a href=\"https:\/\/www.miil.ee\/fi\/palvelut\/nosturi\/\">nosturia<\/a> tai <a href=\"https:\/\/www.miil.ee\/fi\/palvelut\/sideloader\/\">sideloader<\/a><br \/>\nmonimutkaisempi kuljetus on mahdollista <a href=\"https:\/\/www.miil.ee\/fi\/palvelut\/ram-kippauslaite\/\">RAM per\u00e4vaunulla<\/a>.<\/p>\n<p>Seuraa meit\u00e4 <a href=\"https:\/\/www.facebook.com\/konteinerveod\/\">Facebook<\/a> tai <a href=\"https:\/\/www.instagram.com\/ou_miil\/\">Instagram<\/a><\/p>\n<\/div><\/div><\/div><\/div><\/div><\/div><div class=\"g-cols wpb_row via_flex valign_top type_default stacking_default\"><div class=\"vc_col-sm-12 wpb_column vc_column_container\"><div class=\"vc_column-inner\"><div class=\"wpb_wrapper\"><div class=\"w-grid type_grid layout_212 hidden\" id=\"us_grid_1\" style=\"--gap:1rem;\" data-filterable=\"true\"><style>.layout_212 .w-grid-item-h{}<\/style><div class=\"w-grid-list\"><\/div><div class=\"w-grid-preloader\">\t<div class=\"g-preloader type_1\">\r\n\t\t<div><\/div>\r\n\t<\/div>\r\n\t<\/div>\t<div class=\"w-grid-json hidden\" onclick='return {&quot;action&quot;:&quot;us_ajax_grid&quot;,&quot;infinite_scroll&quot;:0,&quot;max_num_pages&quot;:0,&quot;pagination&quot;:&quot;none&quot;,&quot;template_vars&quot;:{&quot;columns&quot;:&quot;1&quot;,&quot;exclude_items&quot;:&quot;none&quot;,&quot;img_size&quot;:&quot;full&quot;,&quot;ignore_items_size&quot;:0,&quot;items_layout&quot;:&quot;212&quot;,&quot;items_offset&quot;:&quot;1&quot;,&quot;load_animation&quot;:&quot;none&quot;,&quot;overriding_link&quot;:&quot;{\\&quot;url\\&quot;:\\&quot;\\&quot;}&quot;,&quot;post_id&quot;:0,&quot;query_args&quot;:{&quot;post_type&quot;:[&quot;attachment&quot;],&quot;post__in&quot;:[&quot;1199&quot;,&quot;1204&quot;],&quot;post_status&quot;:&quot;inherit&quot;,&quot;post_mime_type&quot;:&quot;image&quot;,&quot;posts_per_page&quot;:999},&quot;orderby_query_args&quot;:{&quot;orderby&quot;:{&quot;post__in&quot;:&quot;ASC&quot;},&quot;order&quot;:&quot;ASC&quot;},&quot;type&quot;:&quot;grid&quot;,&quot;us_grid_post_type&quot;:&quot;attachment&quot;,&quot;us_grid_ajax_index&quot;:1,&quot;us_grid_filter_query_string&quot;:null,&quot;us_grid_index&quot;:1,&quot;page_args&quot;:[],&quot;lang&quot;:&quot;fi&quot;}}'><\/div>\r\n\t<\/div><div class=\"w-grid-none type_message\">Ei tuloksia.<\/div><\/div><\/div><\/div><\/div><\/div><\/div><\/div><\/div><\/div><\/section>\n","protected":false},"excerpt":{"rendered":"Miil O\u00dc:n konttiterminaali ja varikko sijaitsevat osoitteessa Valtsi 1, Lagedi, Harjumaa 75303. Kyseess\u00e4 on strateginen sijainti Tallinnan keh\u00e4tien varrella, ja sen v\u00e4litt\u00f6m\u00e4\u00e4n l\u00e4heisyyteen on valmistumassa Rail Balticin terminaali. 4 km:n p\u00e4\u00e4ss\u00e4 Tallinnasta sijaitseva terminaali rajoittuu merikontteihin, ja aluetta valvotaan (mm. videovalvonta) 24\/7. Terminaalin kokonaispinta-ala on 21 000 m2. Konttiterminaali on t\u00e4ydellinen ratkaisu uusien tai k\u00e4ytettyjen...","protected":false},"author":1,"featured_media":51878,"parent":1588,"menu_order":0,"comment_status":"closed","ping_status":"closed","template":"","meta":{"_acf_changed":false,"footnotes":""},"class_list":["post-1322","page","type-page","status-publish","has-post-thumbnail","hentry"],"acf":[],"yoast_head":"<!-- This site is optimized with the Yoast SEO Premium plugin v23.9 (Yoast SEO v27.5) - https:\/\/yoast.com\/product\/yoast-seo-premium-wordpress\/ -->\n<title>Terminaalipalvelu - Miil O\u00dc<\/title>\n<meta name=\"description\" content=\"konttikuljetuksen lammitys | Merekonteinerite m\u00fc\u00fck | Merekonteinerite rent | Soojakute m\u00fc\u00fck | Konteinerite transport | Konteinerite m\u00fc\u00fck |\" \/>\n<meta name=\"robots\" content=\"index, follow, max-snippet:-1, max-image-preview:large, max-video-preview:-1\" \/>\n<link rel=\"canonical\" href=\"https:\/\/miil.dev.almic.ee\/fi\/palvelut\/konttikuljetuksen-lammitys\/\" \/>\n<meta property=\"og:locale\" content=\"fi_FI\" \/>\n<meta property=\"og:type\" content=\"article\" \/>\n<meta property=\"og:title\" content=\"Terminaalipalvelu\" \/>\n<meta property=\"og:description\" content=\"konttikuljetuksen lammitys | Merekonteinerite m\u00fc\u00fck | Merekonteinerite rent | Soojakute m\u00fc\u00fck | Konteinerite transport | Konteinerite m\u00fc\u00fck |\" \/>\n<meta property=\"og:url\" content=\"https:\/\/miil.dev.almic.ee\/fi\/palvelut\/konttikuljetuksen-lammitys\/\" \/>\n<meta property=\"og:site_name\" content=\"Miil O\u00dc\" \/>\n<meta property=\"article:publisher\" content=\"https:\/\/www.facebook.com\/konteinerveod\/\" \/>\n<meta property=\"article:modified_time\" content=\"2024-11-15T06:53:08+00:00\" \/>\n<meta property=\"og:image\" content=\"https:\/\/miil.dev.almic.ee\/wp-content\/uploads\/2023\/11\/konteinerterminal.jpg\" \/>\n\t<meta property=\"og:image:width\" content=\"904\" \/>\n\t<meta property=\"og:image:height\" content=\"864\" \/>\n\t<meta property=\"og:image:type\" content=\"image\/jpeg\" \/>\n<meta name=\"twitter:card\" content=\"summary_large_image\" \/>\n<meta name=\"twitter:label1\" content=\"Arvioitu lukuaika\" \/>\n\t<meta name=\"twitter:data1\" content=\"2 minuuttia\" \/>\n<script type=\"application\/ld+json\" class=\"yoast-schema-graph\">{\"@context\":\"https:\\\/\\\/schema.org\",\"@graph\":[{\"@type\":\"WebPage\",\"@id\":\"https:\\\/\\\/miil.dev.almic.ee\\\/fi\\\/palvelut\\\/konttikuljetuksen-lammitys\\\/\",\"url\":\"https:\\\/\\\/miil.dev.almic.ee\\\/fi\\\/palvelut\\\/konttikuljetuksen-lammitys\\\/\",\"name\":\"Terminaalipalvelu - Miil O\u00dc\",\"isPartOf\":{\"@id\":\"https:\\\/\\\/miil.dev.almic.ee\\\/#website\"},\"primaryImageOfPage\":{\"@id\":\"https:\\\/\\\/miil.dev.almic.ee\\\/fi\\\/palvelut\\\/konttikuljetuksen-lammitys\\\/#primaryimage\"},\"image\":{\"@id\":\"https:\\\/\\\/miil.dev.almic.ee\\\/fi\\\/palvelut\\\/konttikuljetuksen-lammitys\\\/#primaryimage\"},\"thumbnailUrl\":\"https:\\\/\\\/miil.dev.almic.ee\\\/wp-content\\\/uploads\\\/2023\\\/11\\\/konteinerterminal.jpg\",\"datePublished\":\"2022-04-11T17:39:16+00:00\",\"dateModified\":\"2024-11-15T06:53:08+00:00\",\"description\":\"konttikuljetuksen lammitys | Merekonteinerite m\u00fc\u00fck | Merekonteinerite rent | Soojakute m\u00fc\u00fck | Konteinerite transport | Konteinerite m\u00fc\u00fck |\",\"breadcrumb\":{\"@id\":\"https:\\\/\\\/miil.dev.almic.ee\\\/fi\\\/palvelut\\\/konttikuljetuksen-lammitys\\\/#breadcrumb\"},\"inLanguage\":\"fi\",\"potentialAction\":[{\"@type\":\"ReadAction\",\"target\":[\"https:\\\/\\\/miil.dev.almic.ee\\\/fi\\\/palvelut\\\/konttikuljetuksen-lammitys\\\/\"]}]},{\"@type\":\"ImageObject\",\"inLanguage\":\"fi\",\"@id\":\"https:\\\/\\\/miil.dev.almic.ee\\\/fi\\\/palvelut\\\/konttikuljetuksen-lammitys\\\/#primaryimage\",\"url\":\"https:\\\/\\\/miil.dev.almic.ee\\\/wp-content\\\/uploads\\\/2023\\\/11\\\/konteinerterminal.jpg\",\"contentUrl\":\"https:\\\/\\\/miil.dev.almic.ee\\\/wp-content\\\/uploads\\\/2023\\\/11\\\/konteinerterminal.jpg\",\"width\":904,\"height\":864,\"caption\":\"Konteinerterminal\"},{\"@type\":\"BreadcrumbList\",\"@id\":\"https:\\\/\\\/miil.dev.almic.ee\\\/fi\\\/palvelut\\\/konttikuljetuksen-lammitys\\\/#breadcrumb\",\"itemListElement\":[{\"@type\":\"ListItem\",\"position\":1,\"name\":\"Home\",\"item\":\"https:\\\/\\\/miil.dev.almic.ee\\\/fi\\\/\"},{\"@type\":\"ListItem\",\"position\":2,\"name\":\"Palvelut\",\"item\":\"https:\\\/\\\/miil.dev.almic.ee\\\/fi\\\/palvelut\\\/\"},{\"@type\":\"ListItem\",\"position\":3,\"name\":\"Terminaalipalvelu\"}]},{\"@type\":\"WebSite\",\"@id\":\"https:\\\/\\\/miil.dev.almic.ee\\\/#website\",\"url\":\"https:\\\/\\\/miil.dev.almic.ee\\\/\",\"name\":\"Miil O\u00dc\",\"description\":\"Konteinerveod\",\"publisher\":{\"@id\":\"https:\\\/\\\/miil.dev.almic.ee\\\/#organization\"},\"potentialAction\":[{\"@type\":\"SearchAction\",\"target\":{\"@type\":\"EntryPoint\",\"urlTemplate\":\"https:\\\/\\\/miil.dev.almic.ee\\\/?s={search_term_string}\"},\"query-input\":{\"@type\":\"PropertyValueSpecification\",\"valueRequired\":true,\"valueName\":\"search_term_string\"}}],\"inLanguage\":\"fi\"},{\"@type\":\"Organization\",\"@id\":\"https:\\\/\\\/miil.dev.almic.ee\\\/#organization\",\"name\":\"Miil O\u00dc\",\"url\":\"https:\\\/\\\/miil.dev.almic.ee\\\/\",\"logo\":{\"@type\":\"ImageObject\",\"inLanguage\":\"fi\",\"@id\":\"https:\\\/\\\/miil.dev.almic.ee\\\/#\\\/schema\\\/logo\\\/image\\\/\",\"url\":\"https:\\\/\\\/www.miil.ee\\\/wp-content\\\/uploads\\\/2022\\\/02\\\/Miil-logo.svg\",\"contentUrl\":\"https:\\\/\\\/www.miil.ee\\\/wp-content\\\/uploads\\\/2022\\\/02\\\/Miil-logo.svg\",\"width\":\"1024\",\"height\":\"1024\",\"caption\":\"Miil O\u00dc\"},\"image\":{\"@id\":\"https:\\\/\\\/miil.dev.almic.ee\\\/#\\\/schema\\\/logo\\\/image\\\/\"},\"sameAs\":[\"https:\\\/\\\/www.facebook.com\\\/konteinerveod\\\/\",\"https:\\\/\\\/www.instagram.com\\\/ou_miil\\\/\"]}]}<\/script>\n<!-- \/ Yoast SEO Premium plugin. -->","yoast_head_json":{"title":"Terminaalipalvelu - Miil O\u00dc","description":"konttikuljetuksen lammitys | Merekonteinerite m\u00fc\u00fck | Merekonteinerite rent | Soojakute m\u00fc\u00fck | Konteinerite transport | Konteinerite m\u00fc\u00fck |","robots":{"index":"index","follow":"follow","max-snippet":"max-snippet:-1","max-image-preview":"max-image-preview:large","max-video-preview":"max-video-preview:-1"},"canonical":"https:\/\/miil.dev.almic.ee\/fi\/palvelut\/konttikuljetuksen-lammitys\/","og_locale":"fi_FI","og_type":"article","og_title":"Terminaalipalvelu","og_description":"konttikuljetuksen lammitys | Merekonteinerite m\u00fc\u00fck | Merekonteinerite rent | Soojakute m\u00fc\u00fck | Konteinerite transport | Konteinerite m\u00fc\u00fck |","og_url":"https:\/\/miil.dev.almic.ee\/fi\/palvelut\/konttikuljetuksen-lammitys\/","og_site_name":"Miil O\u00dc","article_publisher":"https:\/\/www.facebook.com\/konteinerveod\/","article_modified_time":"2024-11-15T06:53:08+00:00","og_image":[{"width":904,"height":864,"url":"https:\/\/miil.dev.almic.ee\/wp-content\/uploads\/2023\/11\/konteinerterminal.jpg","type":"image\/jpeg"}],"twitter_card":"summary_large_image","twitter_misc":{"Arvioitu lukuaika":"2 minuuttia"},"schema":{"@context":"https:\/\/schema.org","@graph":[{"@type":"WebPage","@id":"https:\/\/miil.dev.almic.ee\/fi\/palvelut\/konttikuljetuksen-lammitys\/","url":"https:\/\/miil.dev.almic.ee\/fi\/palvelut\/konttikuljetuksen-lammitys\/","name":"Terminaalipalvelu - Miil O\u00dc","isPartOf":{"@id":"https:\/\/miil.dev.almic.ee\/#website"},"primaryImageOfPage":{"@id":"https:\/\/miil.dev.almic.ee\/fi\/palvelut\/konttikuljetuksen-lammitys\/#primaryimage"},"image":{"@id":"https:\/\/miil.dev.almic.ee\/fi\/palvelut\/konttikuljetuksen-lammitys\/#primaryimage"},"thumbnailUrl":"https:\/\/miil.dev.almic.ee\/wp-content\/uploads\/2023\/11\/konteinerterminal.jpg","datePublished":"2022-04-11T17:39:16+00:00","dateModified":"2024-11-15T06:53:08+00:00","description":"konttikuljetuksen lammitys | Merekonteinerite m\u00fc\u00fck | Merekonteinerite rent | Soojakute m\u00fc\u00fck | Konteinerite transport | Konteinerite m\u00fc\u00fck |","breadcrumb":{"@id":"https:\/\/miil.dev.almic.ee\/fi\/palvelut\/konttikuljetuksen-lammitys\/#breadcrumb"},"inLanguage":"fi","potentialAction":[{"@type":"ReadAction","target":["https:\/\/miil.dev.almic.ee\/fi\/palvelut\/konttikuljetuksen-lammitys\/"]}]},{"@type":"ImageObject","inLanguage":"fi","@id":"https:\/\/miil.dev.almic.ee\/fi\/palvelut\/konttikuljetuksen-lammitys\/#primaryimage","url":"https:\/\/miil.dev.almic.ee\/wp-content\/uploads\/2023\/11\/konteinerterminal.jpg","contentUrl":"https:\/\/miil.dev.almic.ee\/wp-content\/uploads\/2023\/11\/konteinerterminal.jpg","width":904,"height":864,"caption":"Konteinerterminal"},{"@type":"BreadcrumbList","@id":"https:\/\/miil.dev.almic.ee\/fi\/palvelut\/konttikuljetuksen-lammitys\/#breadcrumb","itemListElement":[{"@type":"ListItem","position":1,"name":"Home","item":"https:\/\/miil.dev.almic.ee\/fi\/"},{"@type":"ListItem","position":2,"name":"Palvelut","item":"https:\/\/miil.dev.almic.ee\/fi\/palvelut\/"},{"@type":"ListItem","position":3,"name":"Terminaalipalvelu"}]},{"@type":"WebSite","@id":"https:\/\/miil.dev.almic.ee\/#website","url":"https:\/\/miil.dev.almic.ee\/","name":"Miil O\u00dc","description":"Konteinerveod","publisher":{"@id":"https:\/\/miil.dev.almic.ee\/#organization"},"potentialAction":[{"@type":"SearchAction","target":{"@type":"EntryPoint","urlTemplate":"https:\/\/miil.dev.almic.ee\/?s={search_term_string}"},"query-input":{"@type":"PropertyValueSpecification","valueRequired":true,"valueName":"search_term_string"}}],"inLanguage":"fi"},{"@type":"Organization","@id":"https:\/\/miil.dev.almic.ee\/#organization","name":"Miil O\u00dc","url":"https:\/\/miil.dev.almic.ee\/","logo":{"@type":"ImageObject","inLanguage":"fi","@id":"https:\/\/miil.dev.almic.ee\/#\/schema\/logo\/image\/","url":"https:\/\/www.miil.ee\/wp-content\/uploads\/2022\/02\/Miil-logo.svg","contentUrl":"https:\/\/www.miil.ee\/wp-content\/uploads\/2022\/02\/Miil-logo.svg","width":"1024","height":"1024","caption":"Miil O\u00dc"},"image":{"@id":"https:\/\/miil.dev.almic.ee\/#\/schema\/logo\/image\/"},"sameAs":["https:\/\/www.facebook.com\/konteinerveod\/","https:\/\/www.instagram.com\/ou_miil\/"]}]}},"_links":{"self":[{"href":"https:\/\/miil.dev.almic.ee\/fi\/wp-json\/wp\/v2\/pages\/1322","targetHints":{"allow":["GET"]}}],"collection":[{"href":"https:\/\/miil.dev.almic.ee\/fi\/wp-json\/wp\/v2\/pages"}],"about":[{"href":"https:\/\/miil.dev.almic.ee\/fi\/wp-json\/wp\/v2\/types\/page"}],"author":[{"embeddable":true,"href":"https:\/\/miil.dev.almic.ee\/fi\/wp-json\/wp\/v2\/users\/1"}],"replies":[{"embeddable":true,"href":"https:\/\/miil.dev.almic.ee\/fi\/wp-json\/wp\/v2\/comments?post=1322"}],"version-history":[{"count":0,"href":"https:\/\/miil.dev.almic.ee\/fi\/wp-json\/wp\/v2\/pages\/1322\/revisions"}],"up":[{"embeddable":true,"href":"https:\/\/miil.dev.almic.ee\/fi\/wp-json\/wp\/v2\/pages\/1588"}],"wp:featuredmedia":[{"embeddable":true,"href":"https:\/\/miil.dev.almic.ee\/fi\/wp-json\/wp\/v2\/media\/51878"}],"wp:attachment":[{"href":"https:\/\/miil.dev.almic.ee\/fi\/wp-json\/wp\/v2\/media?parent=1322"}],"curies":[{"name":"wp","href":"https:\/\/api.w.org\/{rel}","templated":true}]}}