{"id":1307,"date":"2022-04-11T20:34:28","date_gmt":"2022-04-11T17:34:28","guid":{"rendered":"https:\/\/www.miil.ee\/backloader\/"},"modified":"2024-11-29T17:21:41","modified_gmt":"2024-11-29T15:21:41","slug":"backloader","status":"publish","type":"page","link":"https:\/\/miil.dev.almic.ee\/fi\/palvelut\/backloader\/","title":{"rendered":"Backloaderit eli takalastaajat"},"content":{"rendered":"<section class=\"l-section wpb_row height_medium\"><div class=\"l-section-h i-cf\"><div class=\"g-cols vc_row via_flex valign_top type_default stacking_default\"><div class=\"vc_col-sm-12 wpb_column vc_column_container\"><div class=\"vc_column-inner\"><div class=\"wpb_wrapper\"><div class=\"g-cols wpb_row via_flex valign_top type_default stacking_default\"><div class=\"vc_col-sm-6 wpb_column vc_column_container\"><div class=\"vc_column-inner\"><div class=\"wpb_wrapper\"><div class=\"wpb_text_column\"><div class=\"wpb_wrapper\"><p>Backloaderit eli takalastaajat &#8211; O\u00dc Miil tarjoaa asiakkaille innovatiivisia ja ainutlaatuisia ratkaisuja. Vuoden 2000 alusta l\u00e4htien olemme pystyneet lastaamaan 20 jalan (6 m) kontteja pystysuoraan eli vertikaalisesti, kallistamaan ne tyhjiksi ja my\u00f6s asettamaan ne maahan auton taakse multilift-ratkaisujen tapaan. Kyseess\u00e4 on erityinen tekniikka, jota ei ole k\u00e4yt\u00f6ss\u00e4 kenell\u00e4k\u00e4\u00e4n muulla Virossa, Latviassa tai Liettuassa. Backloaderin avulla kontit voidaan asettaa pystyyn eli vertikaaliseen asentoon. Enint\u00e4\u00e4n 25 000 kg:n painoiset kontit voidaan ottaa kyytiin joko pystyasennosta tai maasta.<\/p>\n<\/div><\/div><\/div><\/div><\/div><div class=\"vc_col-sm-6 wpb_column vc_column_container\"><div class=\"vc_column-inner\"><div class=\"wpb_wrapper\"><div class=\"w-image align_none\"><div class=\"w-image-h\"><img decoding=\"async\" width=\"752\" height=\"506\" src=\"https:\/\/miil.dev.almic.ee\/wp-content\/uploads\/2022\/04\/Miil-backloaders-1.jpg\" class=\"attachment-full size-full\" alt=\"\" loading=\"lazy\" srcset=\"https:\/\/miil.dev.almic.ee\/wp-content\/uploads\/2022\/04\/Miil-backloaders-1.jpg 752w, https:\/\/miil.dev.almic.ee\/wp-content\/uploads\/2022\/04\/Miil-backloaders-1-600x404.jpg 600w, https:\/\/miil.dev.almic.ee\/wp-content\/uploads\/2022\/04\/Miil-backloaders-1-300x202.jpg 300w\" sizes=\"auto, (max-width: 752px) 100vw, 752px\" \/><\/div><\/div><\/div><\/div><\/div><\/div><div class=\"wpb_text_column\"><div class=\"wpb_wrapper\"><h2>Backloaderit tai Sideloaderit<\/h2>\n<p>Tilanteesta riippuen, usein kontteja ei tarvitse nostaa yl\u00f6s, vaan joskus pit\u00e4\u00e4 vain nostaa ne maahan vaakasuoraan. T\u00e4t\u00e4 varten meill\u00e4 on useita <a href=\"https:\/\/www.miil.ee\/fi\/palvelut\/sideloader\/\">sivukuormaajia<\/a>. Sivukuormaaja voi nostaa jopa 32000 kg.<\/p>\n<p>Seuraa meit\u00e4 <a href=\"https:\/\/www.facebook.com\/konteinerveod\/\">Facebook<\/a> tai <a href=\"https:\/\/www.instagram.com\/ou_miil\/\">Instagram<\/a><\/p>\n<p>&nbsp;<\/p>\n<\/div><\/div><div class=\"w-image align_none\"><a ref=\"magnificPopup\" href=\"https:\/\/miil.dev.almic.ee\/wp-content\/uploads\/2022\/04\/Backloader.jpg\" aria-label=\"Backloader\" class=\"w-image-h\"><img decoding=\"async\" width=\"1900\" height=\"1545\" src=\"https:\/\/miil.dev.almic.ee\/wp-content\/uploads\/2022\/04\/Backloader.jpg\" class=\"attachment-full size-full\" alt=\"\" loading=\"lazy\" srcset=\"https:\/\/miil.dev.almic.ee\/wp-content\/uploads\/2022\/04\/Backloader.jpg 1900w, https:\/\/miil.dev.almic.ee\/wp-content\/uploads\/2022\/04\/Backloader-600x488.jpg 600w, https:\/\/miil.dev.almic.ee\/wp-content\/uploads\/2022\/04\/Backloader-300x244.jpg 300w, https:\/\/miil.dev.almic.ee\/wp-content\/uploads\/2022\/04\/Backloader-1024x833.jpg 1024w\" sizes=\"auto, (max-width: 1900px) 100vw, 1900px\" \/><\/a><\/div><div class=\"g-cols wpb_row via_flex valign_top type_default stacking_default\"><div class=\"vc_col-sm-12 wpb_column vc_column_container\"><div class=\"vc_column-inner\"><div class=\"wpb_wrapper\"><\/div><\/div><\/div><\/div><\/div><\/div><\/div><\/div><\/div><\/section>\n","protected":false},"excerpt":{"rendered":"Backloaderit eli takalastaajat &#8211; O\u00dc Miil tarjoaa asiakkaille innovatiivisia ja ainutlaatuisia ratkaisuja. Vuoden 2000 alusta l\u00e4htien olemme pystyneet lastaamaan 20 jalan (6 m) kontteja pystysuoraan eli vertikaalisesti, kallistamaan ne tyhjiksi ja my\u00f6s asettamaan ne maahan auton taakse multilift-ratkaisujen tapaan. Kyseess\u00e4 on erityinen tekniikka, jota ei ole k\u00e4yt\u00f6ss\u00e4 kenell\u00e4k\u00e4\u00e4n muulla Virossa, Latviassa tai Liettuassa. Backloaderin avulla...","protected":false},"author":1,"featured_media":75625,"parent":1588,"menu_order":0,"comment_status":"closed","ping_status":"closed","template":"","meta":{"_acf_changed":false,"footnotes":""},"class_list":["post-1307","page","type-page","status-publish","has-post-thumbnail","hentry"],"acf":[],"yoast_head":"<!-- This site is optimized with the Yoast SEO Premium plugin v23.9 (Yoast SEO v27.5) - https:\/\/yoast.com\/product\/yoast-seo-premium-wordpress\/ -->\n<title>Backloaderit eli takalastaajat - Miil O\u00dc<\/title>\n<meta name=\"description\" content=\"Backloaderit | merikonttikuljetukset | Kontti myynti | Containex myynti | Merikontti myynti | Merikontti vuokrata | Terminaalipalvelut\" \/>\n<meta name=\"robots\" content=\"index, follow, max-snippet:-1, max-image-preview:large, max-video-preview:-1\" \/>\n<link rel=\"canonical\" href=\"https:\/\/miil.dev.almic.ee\/fi\/palvelut\/backloader\/\" \/>\n<meta property=\"og:locale\" content=\"fi_FI\" \/>\n<meta property=\"og:type\" content=\"article\" \/>\n<meta property=\"og:title\" content=\"Backloaderit eli takalastaajat\" \/>\n<meta property=\"og:description\" content=\"Backloaderit | merikonttikuljetukset | Kontti myynti | Containex myynti | Merikontti myynti | Merikontti vuokrata | Terminaalipalvelut\" \/>\n<meta property=\"og:url\" content=\"https:\/\/miil.dev.almic.ee\/fi\/palvelut\/backloader\/\" \/>\n<meta property=\"og:site_name\" content=\"Miil O\u00dc\" \/>\n<meta property=\"article:publisher\" content=\"https:\/\/www.facebook.com\/konteinerveod\/\" \/>\n<meta property=\"article:modified_time\" content=\"2024-11-29T15:21:41+00:00\" \/>\n<meta property=\"og:image\" content=\"https:\/\/miil.dev.almic.ee\/wp-content\/uploads\/2024\/09\/Backloader-scaled.jpg\" \/>\n\t<meta property=\"og:image:width\" content=\"1900\" \/>\n\t<meta property=\"og:image:height\" content=\"1545\" \/>\n\t<meta property=\"og:image:type\" content=\"image\/jpeg\" \/>\n<meta name=\"twitter:card\" content=\"summary_large_image\" \/>\n<meta name=\"twitter:label1\" content=\"Arvioitu lukuaika\" \/>\n\t<meta name=\"twitter:data1\" content=\"1 minuutti\" \/>\n<script type=\"application\/ld+json\" class=\"yoast-schema-graph\">{\"@context\":\"https:\\\/\\\/schema.org\",\"@graph\":[{\"@type\":\"WebPage\",\"@id\":\"https:\\\/\\\/miil.dev.almic.ee\\\/fi\\\/palvelut\\\/backloader\\\/\",\"url\":\"https:\\\/\\\/miil.dev.almic.ee\\\/fi\\\/palvelut\\\/backloader\\\/\",\"name\":\"Backloaderit eli takalastaajat - Miil O\u00dc\",\"isPartOf\":{\"@id\":\"https:\\\/\\\/miil.dev.almic.ee\\\/#website\"},\"primaryImageOfPage\":{\"@id\":\"https:\\\/\\\/miil.dev.almic.ee\\\/fi\\\/palvelut\\\/backloader\\\/#primaryimage\"},\"image\":{\"@id\":\"https:\\\/\\\/miil.dev.almic.ee\\\/fi\\\/palvelut\\\/backloader\\\/#primaryimage\"},\"thumbnailUrl\":\"https:\\\/\\\/miil.dev.almic.ee\\\/wp-content\\\/uploads\\\/2024\\\/09\\\/Backloader-scaled.jpg\",\"datePublished\":\"2022-04-11T17:34:28+00:00\",\"dateModified\":\"2024-11-29T15:21:41+00:00\",\"description\":\"Backloaderit | merikonttikuljetukset | Kontti myynti | Containex myynti | Merikontti myynti | Merikontti vuokrata | Terminaalipalvelut\",\"breadcrumb\":{\"@id\":\"https:\\\/\\\/miil.dev.almic.ee\\\/fi\\\/palvelut\\\/backloader\\\/#breadcrumb\"},\"inLanguage\":\"fi\",\"potentialAction\":[{\"@type\":\"ReadAction\",\"target\":[\"https:\\\/\\\/miil.dev.almic.ee\\\/fi\\\/palvelut\\\/backloader\\\/\"]}]},{\"@type\":\"ImageObject\",\"inLanguage\":\"fi\",\"@id\":\"https:\\\/\\\/miil.dev.almic.ee\\\/fi\\\/palvelut\\\/backloader\\\/#primaryimage\",\"url\":\"https:\\\/\\\/miil.dev.almic.ee\\\/wp-content\\\/uploads\\\/2024\\\/09\\\/Backloader-scaled.jpg\",\"contentUrl\":\"https:\\\/\\\/miil.dev.almic.ee\\\/wp-content\\\/uploads\\\/2024\\\/09\\\/Backloader-scaled.jpg\",\"width\":1900,\"height\":1545},{\"@type\":\"BreadcrumbList\",\"@id\":\"https:\\\/\\\/miil.dev.almic.ee\\\/fi\\\/palvelut\\\/backloader\\\/#breadcrumb\",\"itemListElement\":[{\"@type\":\"ListItem\",\"position\":1,\"name\":\"Home\",\"item\":\"https:\\\/\\\/miil.dev.almic.ee\\\/fi\\\/\"},{\"@type\":\"ListItem\",\"position\":2,\"name\":\"Palvelut\",\"item\":\"https:\\\/\\\/miil.dev.almic.ee\\\/fi\\\/palvelut\\\/\"},{\"@type\":\"ListItem\",\"position\":3,\"name\":\"Backloaderit eli takalastaajat\"}]},{\"@type\":\"WebSite\",\"@id\":\"https:\\\/\\\/miil.dev.almic.ee\\\/#website\",\"url\":\"https:\\\/\\\/miil.dev.almic.ee\\\/\",\"name\":\"Miil O\u00dc\",\"description\":\"Konteinerveod\",\"publisher\":{\"@id\":\"https:\\\/\\\/miil.dev.almic.ee\\\/#organization\"},\"potentialAction\":[{\"@type\":\"SearchAction\",\"target\":{\"@type\":\"EntryPoint\",\"urlTemplate\":\"https:\\\/\\\/miil.dev.almic.ee\\\/?s={search_term_string}\"},\"query-input\":{\"@type\":\"PropertyValueSpecification\",\"valueRequired\":true,\"valueName\":\"search_term_string\"}}],\"inLanguage\":\"fi\"},{\"@type\":\"Organization\",\"@id\":\"https:\\\/\\\/miil.dev.almic.ee\\\/#organization\",\"name\":\"Miil O\u00dc\",\"url\":\"https:\\\/\\\/miil.dev.almic.ee\\\/\",\"logo\":{\"@type\":\"ImageObject\",\"inLanguage\":\"fi\",\"@id\":\"https:\\\/\\\/miil.dev.almic.ee\\\/#\\\/schema\\\/logo\\\/image\\\/\",\"url\":\"https:\\\/\\\/www.miil.ee\\\/wp-content\\\/uploads\\\/2022\\\/02\\\/Miil-logo.svg\",\"contentUrl\":\"https:\\\/\\\/www.miil.ee\\\/wp-content\\\/uploads\\\/2022\\\/02\\\/Miil-logo.svg\",\"width\":\"1024\",\"height\":\"1024\",\"caption\":\"Miil O\u00dc\"},\"image\":{\"@id\":\"https:\\\/\\\/miil.dev.almic.ee\\\/#\\\/schema\\\/logo\\\/image\\\/\"},\"sameAs\":[\"https:\\\/\\\/www.facebook.com\\\/konteinerveod\\\/\",\"https:\\\/\\\/www.instagram.com\\\/ou_miil\\\/\"]}]}<\/script>\n<!-- \/ Yoast SEO Premium plugin. -->","yoast_head_json":{"title":"Backloaderit eli takalastaajat - Miil O\u00dc","description":"Backloaderit | merikonttikuljetukset | Kontti myynti | Containex myynti | Merikontti myynti | Merikontti vuokrata | Terminaalipalvelut","robots":{"index":"index","follow":"follow","max-snippet":"max-snippet:-1","max-image-preview":"max-image-preview:large","max-video-preview":"max-video-preview:-1"},"canonical":"https:\/\/miil.dev.almic.ee\/fi\/palvelut\/backloader\/","og_locale":"fi_FI","og_type":"article","og_title":"Backloaderit eli takalastaajat","og_description":"Backloaderit | merikonttikuljetukset | Kontti myynti | Containex myynti | Merikontti myynti | Merikontti vuokrata | Terminaalipalvelut","og_url":"https:\/\/miil.dev.almic.ee\/fi\/palvelut\/backloader\/","og_site_name":"Miil O\u00dc","article_publisher":"https:\/\/www.facebook.com\/konteinerveod\/","article_modified_time":"2024-11-29T15:21:41+00:00","og_image":[{"width":1900,"height":1545,"url":"https:\/\/miil.dev.almic.ee\/wp-content\/uploads\/2024\/09\/Backloader-scaled.jpg","type":"image\/jpeg"}],"twitter_card":"summary_large_image","twitter_misc":{"Arvioitu lukuaika":"1 minuutti"},"schema":{"@context":"https:\/\/schema.org","@graph":[{"@type":"WebPage","@id":"https:\/\/miil.dev.almic.ee\/fi\/palvelut\/backloader\/","url":"https:\/\/miil.dev.almic.ee\/fi\/palvelut\/backloader\/","name":"Backloaderit eli takalastaajat - Miil O\u00dc","isPartOf":{"@id":"https:\/\/miil.dev.almic.ee\/#website"},"primaryImageOfPage":{"@id":"https:\/\/miil.dev.almic.ee\/fi\/palvelut\/backloader\/#primaryimage"},"image":{"@id":"https:\/\/miil.dev.almic.ee\/fi\/palvelut\/backloader\/#primaryimage"},"thumbnailUrl":"https:\/\/miil.dev.almic.ee\/wp-content\/uploads\/2024\/09\/Backloader-scaled.jpg","datePublished":"2022-04-11T17:34:28+00:00","dateModified":"2024-11-29T15:21:41+00:00","description":"Backloaderit | merikonttikuljetukset | Kontti myynti | Containex myynti | Merikontti myynti | Merikontti vuokrata | Terminaalipalvelut","breadcrumb":{"@id":"https:\/\/miil.dev.almic.ee\/fi\/palvelut\/backloader\/#breadcrumb"},"inLanguage":"fi","potentialAction":[{"@type":"ReadAction","target":["https:\/\/miil.dev.almic.ee\/fi\/palvelut\/backloader\/"]}]},{"@type":"ImageObject","inLanguage":"fi","@id":"https:\/\/miil.dev.almic.ee\/fi\/palvelut\/backloader\/#primaryimage","url":"https:\/\/miil.dev.almic.ee\/wp-content\/uploads\/2024\/09\/Backloader-scaled.jpg","contentUrl":"https:\/\/miil.dev.almic.ee\/wp-content\/uploads\/2024\/09\/Backloader-scaled.jpg","width":1900,"height":1545},{"@type":"BreadcrumbList","@id":"https:\/\/miil.dev.almic.ee\/fi\/palvelut\/backloader\/#breadcrumb","itemListElement":[{"@type":"ListItem","position":1,"name":"Home","item":"https:\/\/miil.dev.almic.ee\/fi\/"},{"@type":"ListItem","position":2,"name":"Palvelut","item":"https:\/\/miil.dev.almic.ee\/fi\/palvelut\/"},{"@type":"ListItem","position":3,"name":"Backloaderit eli takalastaajat"}]},{"@type":"WebSite","@id":"https:\/\/miil.dev.almic.ee\/#website","url":"https:\/\/miil.dev.almic.ee\/","name":"Miil O\u00dc","description":"Konteinerveod","publisher":{"@id":"https:\/\/miil.dev.almic.ee\/#organization"},"potentialAction":[{"@type":"SearchAction","target":{"@type":"EntryPoint","urlTemplate":"https:\/\/miil.dev.almic.ee\/?s={search_term_string}"},"query-input":{"@type":"PropertyValueSpecification","valueRequired":true,"valueName":"search_term_string"}}],"inLanguage":"fi"},{"@type":"Organization","@id":"https:\/\/miil.dev.almic.ee\/#organization","name":"Miil O\u00dc","url":"https:\/\/miil.dev.almic.ee\/","logo":{"@type":"ImageObject","inLanguage":"fi","@id":"https:\/\/miil.dev.almic.ee\/#\/schema\/logo\/image\/","url":"https:\/\/www.miil.ee\/wp-content\/uploads\/2022\/02\/Miil-logo.svg","contentUrl":"https:\/\/www.miil.ee\/wp-content\/uploads\/2022\/02\/Miil-logo.svg","width":"1024","height":"1024","caption":"Miil O\u00dc"},"image":{"@id":"https:\/\/miil.dev.almic.ee\/#\/schema\/logo\/image\/"},"sameAs":["https:\/\/www.facebook.com\/konteinerveod\/","https:\/\/www.instagram.com\/ou_miil\/"]}]}},"_links":{"self":[{"href":"https:\/\/miil.dev.almic.ee\/fi\/wp-json\/wp\/v2\/pages\/1307","targetHints":{"allow":["GET"]}}],"collection":[{"href":"https:\/\/miil.dev.almic.ee\/fi\/wp-json\/wp\/v2\/pages"}],"about":[{"href":"https:\/\/miil.dev.almic.ee\/fi\/wp-json\/wp\/v2\/types\/page"}],"author":[{"embeddable":true,"href":"https:\/\/miil.dev.almic.ee\/fi\/wp-json\/wp\/v2\/users\/1"}],"replies":[{"embeddable":true,"href":"https:\/\/miil.dev.almic.ee\/fi\/wp-json\/wp\/v2\/comments?post=1307"}],"version-history":[{"count":0,"href":"https:\/\/miil.dev.almic.ee\/fi\/wp-json\/wp\/v2\/pages\/1307\/revisions"}],"up":[{"embeddable":true,"href":"https:\/\/miil.dev.almic.ee\/fi\/wp-json\/wp\/v2\/pages\/1588"}],"wp:featuredmedia":[{"embeddable":true,"href":"https:\/\/miil.dev.almic.ee\/fi\/wp-json\/wp\/v2\/media\/75625"}],"wp:attachment":[{"href":"https:\/\/miil.dev.almic.ee\/fi\/wp-json\/wp\/v2\/media?parent=1307"}],"curies":[{"name":"wp","href":"https:\/\/api.w.org\/{rel}","templated":true}]}}