{"id":1298,"date":"2022-04-11T20:32:07","date_gmt":"2022-04-11T17:32:07","guid":{"rendered":"https:\/\/www.miil.ee\/sideloader\/"},"modified":"2024-11-14T17:20:29","modified_gmt":"2024-11-14T15:20:29","slug":"sideloader","status":"publish","type":"page","link":"https:\/\/miil.dev.almic.ee\/fi\/palvelut\/sideloader\/","title":{"rendered":"Sideloaderit eli sivulastaajat"},"content":{"rendered":"<section class=\"l-section wpb_row height_medium\"><div class=\"l-section-h i-cf\"><div class=\"g-cols vc_row via_flex valign_top type_default stacking_default\"><div class=\"vc_col-sm-12 wpb_column vc_column_container\"><div class=\"vc_column-inner\"><div class=\"wpb_wrapper\"><div class=\"wpb_text_column\"><div class=\"wpb_wrapper\"><p>Sivukuormaajat, jotka tunnetaan my\u00f6s nimell\u00e4 sidelifter tai swinglift nosturit, ovat mullistaneet kontink\u00e4sittelyalan ainutlaatuisella suunnittelullaan ja toiminnallisuudellaan. N\u00e4m\u00e4 hydraulisilla nostureilla varustetut nivelajoneuvot tarjoavat huomattavan nostokapasiteetin ja poikkeuksellisen ohjattavuuden. T\u00e4ss\u00e4 kattavassa postauksessa tutkimme konttikuljetuksissa k\u00e4ytett\u00e4vien sivukuormaajien ominaisuuksia, ominaisuuksia ja etuja sek\u00e4 t\u00e4rkeit\u00e4 n\u00e4k\u00f6kohtia niiden palveluiden k\u00e4yt\u00f6ss\u00e4.<\/p>\n<\/div><\/div><div class=\"g-cols wpb_row via_flex valign_top type_default stacking_default\"><div class=\"vc_col-sm-8 wpb_column vc_column_container\"><div class=\"vc_column-inner\"><div class=\"wpb_wrapper\"><div class=\"wpb_text_column\"><div class=\"wpb_wrapper\"><ul>\n<li>Sideloader on puoliper\u00e4vaunuyhdistelm\u00e4, joka on varustettu kahdella hydraulisella nosturilla<\/li>\n<li>Nostovoima on enint\u00e4\u00e4n 32 000 kg (sis. kontin paino)<\/li>\n<li>Nostaa kontin kyydist\u00e4 vasemmalle (kuljettajan puoleiselle) sivulle enint\u00e4\u00e4n 1 metrin et\u00e4isyydelle.<\/li>\n<li>Nostaa my\u00f6s muihin per\u00e4vaunuihin ja niist\u00e4 pois sek\u00e4 rautatielaiturille.<\/li>\n<li>Nostaa ja kuljettaa 20&#8242;-; 30&#8242;-; 40&#8242;-; 45&#8242;- DRY-, HC-, OT-, PW-, REF- ja TANK-kontteja.<\/li>\n<li>Nostaa ja kuljettaa my\u00f6s 2 X 20\u2019-kontteja. Paino yht\u00e4 konttia kohti voi olla jopa 10 000 kg.<\/li>\n<li>Sideloaderimme voivat kuljettaa my\u00f6s vaarallisia ADR- ja IMO-kontteja.<\/li>\n<\/ul>\n<\/div><\/div><\/div><\/div><\/div><div class=\"vc_col-sm-4 wpb_column vc_column_container\"><div class=\"vc_column-inner\"><div class=\"wpb_wrapper\"><div class=\"w-image align_none\"><div class=\"w-image-h\"><img decoding=\"async\" width=\"752\" height=\"506\" src=\"https:\/\/miil.dev.almic.ee\/wp-content\/uploads\/2022\/04\/Sideloader-miil.jpg\" class=\"attachment-full size-full\" alt=\"\" loading=\"lazy\" srcset=\"https:\/\/miil.dev.almic.ee\/wp-content\/uploads\/2022\/04\/Sideloader-miil.jpg 752w, https:\/\/miil.dev.almic.ee\/wp-content\/uploads\/2022\/04\/Sideloader-miil-600x404.jpg 600w, https:\/\/miil.dev.almic.ee\/wp-content\/uploads\/2022\/04\/Sideloader-miil-300x202.jpg 300w\" sizes=\"auto, (max-width: 752px) 100vw, 752px\" \/><\/div><\/div><\/div><\/div><\/div><\/div><div class=\"g-cols wpb_row via_flex valign_top type_default stacking_default\"><div class=\"vc_col-sm-12 wpb_column vc_column_container\"><div class=\"vc_column-inner\"><div class=\"wpb_wrapper\"><div class=\"wpb_text_column\"><div class=\"wpb_wrapper\"><h2>Mittoihin ja kokoonpanoihin tutustuminen<\/h2>\n<p>Sivukuormaajien mittojen ymm\u00e4rt\u00e4minen on v\u00e4ltt\u00e4m\u00e4t\u00f6nt\u00e4 saumattoman konttikuljetuksen varmistamiseksi. N\u00e4it\u00e4 ajoneuvoja on saatavana eri kokoisina ja eri kokoonpanoina, mik\u00e4 mahdollistaa optimaalisen mukauttamisen erilaisiin konttivaatimuksiin. Sivukuormaimen mitat ovat ratkaisevan t\u00e4rkeit\u00e4 sen ohjattavuuden ja yhteensopivuuden m\u00e4\u00e4ritt\u00e4misess\u00e4 erilaisten lastausymp\u00e4rist\u00f6jen kanssa. Oikealla sivukuormaajalla voit navigoida ahtaissa tiloissa, p\u00e4\u00e4st\u00e4 haastaville lastausalueille ja kuljettaa kontteja tehokkaasti. Kuljetuspalveluita tilattaessa on t\u00e4rke\u00e4\u00e4 ilmoittaa kontin ovien haluttu asento \u2013 joko ohjaamoon tai taakse p\u00e4in. N\u00e4in varmistetaan, ett\u00e4 sivukuormaajan k\u00e4ytt\u00e4j\u00e4 pystyy sovittamaan kontin sijoittelun tarkasti ja suunnittelemaan lastaus- ja purkuprosessin sen mukaisesti.<\/p>\n<\/div><\/div><\/div><\/div><\/div><\/div><div class=\"w-image align_none\"><a ref=\"magnificPopup\" href=\"https:\/\/miil.dev.almic.ee\/wp-content\/uploads\/2022\/04\/Sideloaderi-moodud.jpg\" aria-label=\"Sideloaderi-moodud\" class=\"w-image-h\"><img decoding=\"async\" width=\"1748\" height=\"520\" src=\"https:\/\/miil.dev.almic.ee\/wp-content\/uploads\/2022\/04\/Sideloaderi-moodud.jpg\" class=\"attachment-full size-full\" alt=\"\" loading=\"lazy\" srcset=\"https:\/\/miil.dev.almic.ee\/wp-content\/uploads\/2022\/04\/Sideloaderi-moodud.jpg 1748w, https:\/\/miil.dev.almic.ee\/wp-content\/uploads\/2022\/04\/Sideloaderi-moodud-600x178.jpg 600w, https:\/\/miil.dev.almic.ee\/wp-content\/uploads\/2022\/04\/Sideloaderi-moodud-300x89.jpg 300w, https:\/\/miil.dev.almic.ee\/wp-content\/uploads\/2022\/04\/Sideloaderi-moodud-1024x305.jpg 1024w\" sizes=\"auto, (max-width: 1748px) 100vw, 1748px\" \/><\/a><\/div><\/div><\/div><\/div><\/div><\/div><\/section><section class=\"l-section wpb_row height_medium\"><div class=\"l-section-h i-cf\"><div class=\"g-cols vc_row via_flex valign_top type_default stacking_default\"><div class=\"vc_col-sm-12 wpb_column vc_column_container\"><div class=\"vc_column-inner\"><div class=\"wpb_wrapper\"><div class=\"wpb_text_column\"><div class=\"wpb_wrapper\"><h2>Sivukuormaajien edut kontink\u00e4sittelyss\u00e4<\/h2>\n<p>Sivukuormaajat tarjoavat lukuisia etuja, jotka tekev\u00e4t niist\u00e4 korvaamattoman hy\u00f6dykkeen kontink\u00e4sittelyteollisuudessa. Ensinn\u00e4kin niiden kyky nostaa ja kuljettaa kontteja itsen\u00e4isesti v\u00e4hent\u00e4\u00e4 riippuvuutta ulkoisista laitteista. Kuten nosturit tai trukit. T\u00e4m\u00e4 tehokkuus tarkoittaa nopeampaa lastaus- ja purkuaikaa. Tuottavuuden optimointi ja k\u00e4ytt\u00f6kustannusten minimoiminen. Lis\u00e4ksi sivukuormaajien nivelominaisuudet mahdollistavat konttien lastaamisen ja purkamisen erilaisille per\u00e4vaunuille ja rautatien laiturille, mik\u00e4 laajentaa niiden k\u00e4ytt\u00f6kelpoisuutta intermodaalisessa logistiikassa. Niiden monipuolisuus takaa saumattoman konttikuljetuksen eri kuljetusmuodoissa, mik\u00e4 helpottaa toimitusketjun tehokasta hallintaa.<\/p>\n<h2>Turvallisuusn\u00e4k\u00f6kohdat ja parhaat k\u00e4yt\u00e4nn\u00f6t<\/h2>\n<p>Sivukuormaimet ovat tehokkaita ja monipuolisia koneita, mutta turvallisuuden tulee aina olla etusijalla. Kuljettajien riitt\u00e4v\u00e4 koulutus ja sertifiointi varmistavat sivukuormaajien turvallisen k\u00e4sittelyn ja k\u00e4yt\u00f6n. On olennaista noudattaa kaikkia asiaankuuluvia turvallisuusohjeita ja m\u00e4\u00e4r\u00e4yksi\u00e4 onnettomuuksien ehk\u00e4isemiseksi ja osallisen henkil\u00f6st\u00f6n hyvinvoinnin varmistamiseksi. Sivukuormainten s\u00e4\u00e4nn\u00f6llinen huolto ja tarkastus takaavat niiden optimaalisen suorituskyvyn ja v\u00e4hent\u00e4v\u00e4t mekaanisten vikojen riski\u00e4 k\u00e4yt\u00f6n aikana. Priorisoimalla turvatoimenpiteet voit luoda turvallisen ty\u00f6ymp\u00e4rist\u00f6n ja suojella kuljetettavien konttien eheytt\u00e4.<\/p>\n<p>Monimutkaisempi kuljetus on mahdollista <a href=\"https:\/\/www.miil.ee\/fi\/palvelut\/ram-kippauslaite\/\">RAM per\u00e4vaunulla<\/a>.<\/p>\n<p>Seuraa meit\u00e4 <a href=\"https:\/\/www.facebook.com\/konteinerveod\/\">Facebook<\/a> tai <a href=\"https:\/\/www.instagram.com\/ou_miil\/\">Instagram<\/a><\/p>\n<\/div><\/div><div class=\"w-image align_none\"><a ref=\"magnificPopup\" href=\"https:\/\/miil.dev.almic.ee\/wp-content\/uploads\/2022\/04\/Untitled-5.jpg\" aria-label=\"Untitled-5\" class=\"w-image-h\"><img decoding=\"async\" width=\"1900\" height=\"1199\" src=\"https:\/\/miil.dev.almic.ee\/wp-content\/uploads\/2022\/04\/Untitled-5.jpg\" class=\"attachment-full size-full\" alt=\"\" loading=\"lazy\" srcset=\"https:\/\/miil.dev.almic.ee\/wp-content\/uploads\/2022\/04\/Untitled-5.jpg 1900w, https:\/\/miil.dev.almic.ee\/wp-content\/uploads\/2022\/04\/Untitled-5-600x379.jpg 600w, https:\/\/miil.dev.almic.ee\/wp-content\/uploads\/2022\/04\/Untitled-5-300x189.jpg 300w, https:\/\/miil.dev.almic.ee\/wp-content\/uploads\/2022\/04\/Untitled-5-1024x646.jpg 1024w\" sizes=\"auto, (max-width: 1900px) 100vw, 1900px\" \/><\/a><\/div><div class=\"wpb_text_column service-notice\"><div class=\"wpb_wrapper\"><p><span style=\"color: #ffffff;\">Huom! Kuljetusta tilattaessa on ilmoitettava kontin ovien suunta: ovet ohjaamoon tai ovet taakse.<\/span><\/p>\n<\/div><\/div><\/div><\/div><\/div><\/div><\/div><\/section>\n","protected":false},"excerpt":{"rendered":"Sivukuormaajat, jotka tunnetaan my\u00f6s nimell\u00e4 sidelifter tai swinglift nosturit, ovat mullistaneet kontink\u00e4sittelyalan ainutlaatuisella suunnittelullaan ja toiminnallisuudellaan. N\u00e4m\u00e4 hydraulisilla nostureilla varustetut nivelajoneuvot tarjoavat huomattavan nostokapasiteetin ja poikkeuksellisen ohjattavuuden. T\u00e4ss\u00e4 kattavassa postauksessa tutkimme konttikuljetuksissa k\u00e4ytett\u00e4vien sivukuormaajien ominaisuuksia, ominaisuuksia ja etuja sek\u00e4 t\u00e4rkeit\u00e4 n\u00e4k\u00f6kohtia niiden palveluiden k\u00e4yt\u00f6ss\u00e4. Sideloader on puoliper\u00e4vaunuyhdistelm\u00e4, joka on varustettu kahdella hydraulisella nosturilla Nostovoima on...","protected":false},"author":1,"featured_media":75578,"parent":1588,"menu_order":0,"comment_status":"closed","ping_status":"closed","template":"","meta":{"_acf_changed":false,"footnotes":""},"class_list":["post-1298","page","type-page","status-publish","has-post-thumbnail","hentry"],"acf":[],"yoast_head":"<!-- This site is optimized with the Yoast SEO Premium plugin v23.9 (Yoast SEO v27.5) - https:\/\/yoast.com\/product\/yoast-seo-premium-wordpress\/ -->\n<title>Sideloaderit eli sivulastaajat - Miil O\u00dc<\/title>\n<meta name=\"description\" content=\"Sideloader | merikonttikuljetukset | Kontti myynti | Containex myynti | Merikontti myynti | Merikontti vuokrata | Terminaalipalvelut |\" \/>\n<meta name=\"robots\" content=\"index, follow, max-snippet:-1, max-image-preview:large, max-video-preview:-1\" \/>\n<link rel=\"canonical\" href=\"https:\/\/miil.dev.almic.ee\/fi\/palvelut\/sideloader\/\" \/>\n<meta property=\"og:locale\" content=\"fi_FI\" \/>\n<meta property=\"og:type\" content=\"article\" \/>\n<meta property=\"og:title\" content=\"Sideloaderit eli sivulastaajat\" \/>\n<meta property=\"og:description\" content=\"Sideloader | merikonttikuljetukset | Kontti myynti | Containex myynti | Merikontti myynti | Merikontti vuokrata | Terminaalipalvelut |\" \/>\n<meta property=\"og:url\" content=\"https:\/\/miil.dev.almic.ee\/fi\/palvelut\/sideloader\/\" \/>\n<meta property=\"og:site_name\" content=\"Miil O\u00dc\" \/>\n<meta property=\"article:publisher\" content=\"https:\/\/www.facebook.com\/konteinerveod\/\" \/>\n<meta property=\"article:modified_time\" content=\"2024-11-14T15:20:29+00:00\" \/>\n<meta property=\"og:image\" content=\"https:\/\/miil.dev.almic.ee\/wp-content\/uploads\/2024\/09\/150MOY.jpg\" \/>\n\t<meta property=\"og:image:width\" content=\"939\" \/>\n\t<meta property=\"og:image:height\" content=\"864\" \/>\n\t<meta property=\"og:image:type\" content=\"image\/jpeg\" \/>\n<meta name=\"twitter:card\" content=\"summary_large_image\" \/>\n<meta name=\"twitter:label1\" content=\"Arvioitu lukuaika\" \/>\n\t<meta name=\"twitter:data1\" content=\"3 minuuttia\" \/>\n<script type=\"application\/ld+json\" class=\"yoast-schema-graph\">{\"@context\":\"https:\\\/\\\/schema.org\",\"@graph\":[{\"@type\":\"WebPage\",\"@id\":\"https:\\\/\\\/miil.dev.almic.ee\\\/fi\\\/palvelut\\\/sideloader\\\/\",\"url\":\"https:\\\/\\\/miil.dev.almic.ee\\\/fi\\\/palvelut\\\/sideloader\\\/\",\"name\":\"Sideloaderit eli sivulastaajat - Miil O\u00dc\",\"isPartOf\":{\"@id\":\"https:\\\/\\\/miil.dev.almic.ee\\\/#website\"},\"primaryImageOfPage\":{\"@id\":\"https:\\\/\\\/miil.dev.almic.ee\\\/fi\\\/palvelut\\\/sideloader\\\/#primaryimage\"},\"image\":{\"@id\":\"https:\\\/\\\/miil.dev.almic.ee\\\/fi\\\/palvelut\\\/sideloader\\\/#primaryimage\"},\"thumbnailUrl\":\"https:\\\/\\\/miil.dev.almic.ee\\\/wp-content\\\/uploads\\\/2024\\\/09\\\/150MOY.jpg\",\"datePublished\":\"2022-04-11T17:32:07+00:00\",\"dateModified\":\"2024-11-14T15:20:29+00:00\",\"description\":\"Sideloader | merikonttikuljetukset | Kontti myynti | Containex myynti | Merikontti myynti | Merikontti vuokrata | Terminaalipalvelut |\",\"breadcrumb\":{\"@id\":\"https:\\\/\\\/miil.dev.almic.ee\\\/fi\\\/palvelut\\\/sideloader\\\/#breadcrumb\"},\"inLanguage\":\"fi\",\"potentialAction\":[{\"@type\":\"ReadAction\",\"target\":[\"https:\\\/\\\/miil.dev.almic.ee\\\/fi\\\/palvelut\\\/sideloader\\\/\"]}]},{\"@type\":\"ImageObject\",\"inLanguage\":\"fi\",\"@id\":\"https:\\\/\\\/miil.dev.almic.ee\\\/fi\\\/palvelut\\\/sideloader\\\/#primaryimage\",\"url\":\"https:\\\/\\\/miil.dev.almic.ee\\\/wp-content\\\/uploads\\\/2024\\\/09\\\/150MOY.jpg\",\"contentUrl\":\"https:\\\/\\\/miil.dev.almic.ee\\\/wp-content\\\/uploads\\\/2024\\\/09\\\/150MOY.jpg\",\"width\":939,\"height\":864},{\"@type\":\"BreadcrumbList\",\"@id\":\"https:\\\/\\\/miil.dev.almic.ee\\\/fi\\\/palvelut\\\/sideloader\\\/#breadcrumb\",\"itemListElement\":[{\"@type\":\"ListItem\",\"position\":1,\"name\":\"Home\",\"item\":\"https:\\\/\\\/miil.dev.almic.ee\\\/fi\\\/\"},{\"@type\":\"ListItem\",\"position\":2,\"name\":\"Palvelut\",\"item\":\"https:\\\/\\\/miil.dev.almic.ee\\\/fi\\\/palvelut\\\/\"},{\"@type\":\"ListItem\",\"position\":3,\"name\":\"Sideloaderit eli sivulastaajat\"}]},{\"@type\":\"WebSite\",\"@id\":\"https:\\\/\\\/miil.dev.almic.ee\\\/#website\",\"url\":\"https:\\\/\\\/miil.dev.almic.ee\\\/\",\"name\":\"Miil O\u00dc\",\"description\":\"Konteinerveod\",\"publisher\":{\"@id\":\"https:\\\/\\\/miil.dev.almic.ee\\\/#organization\"},\"potentialAction\":[{\"@type\":\"SearchAction\",\"target\":{\"@type\":\"EntryPoint\",\"urlTemplate\":\"https:\\\/\\\/miil.dev.almic.ee\\\/?s={search_term_string}\"},\"query-input\":{\"@type\":\"PropertyValueSpecification\",\"valueRequired\":true,\"valueName\":\"search_term_string\"}}],\"inLanguage\":\"fi\"},{\"@type\":\"Organization\",\"@id\":\"https:\\\/\\\/miil.dev.almic.ee\\\/#organization\",\"name\":\"Miil O\u00dc\",\"url\":\"https:\\\/\\\/miil.dev.almic.ee\\\/\",\"logo\":{\"@type\":\"ImageObject\",\"inLanguage\":\"fi\",\"@id\":\"https:\\\/\\\/miil.dev.almic.ee\\\/#\\\/schema\\\/logo\\\/image\\\/\",\"url\":\"https:\\\/\\\/www.miil.ee\\\/wp-content\\\/uploads\\\/2022\\\/02\\\/Miil-logo.svg\",\"contentUrl\":\"https:\\\/\\\/www.miil.ee\\\/wp-content\\\/uploads\\\/2022\\\/02\\\/Miil-logo.svg\",\"width\":\"1024\",\"height\":\"1024\",\"caption\":\"Miil O\u00dc\"},\"image\":{\"@id\":\"https:\\\/\\\/miil.dev.almic.ee\\\/#\\\/schema\\\/logo\\\/image\\\/\"},\"sameAs\":[\"https:\\\/\\\/www.facebook.com\\\/konteinerveod\\\/\",\"https:\\\/\\\/www.instagram.com\\\/ou_miil\\\/\"]}]}<\/script>\n<!-- \/ Yoast SEO Premium plugin. -->","yoast_head_json":{"title":"Sideloaderit eli sivulastaajat - Miil O\u00dc","description":"Sideloader | merikonttikuljetukset | Kontti myynti | Containex myynti | Merikontti myynti | Merikontti vuokrata | Terminaalipalvelut |","robots":{"index":"index","follow":"follow","max-snippet":"max-snippet:-1","max-image-preview":"max-image-preview:large","max-video-preview":"max-video-preview:-1"},"canonical":"https:\/\/miil.dev.almic.ee\/fi\/palvelut\/sideloader\/","og_locale":"fi_FI","og_type":"article","og_title":"Sideloaderit eli sivulastaajat","og_description":"Sideloader | merikonttikuljetukset | Kontti myynti | Containex myynti | Merikontti myynti | Merikontti vuokrata | Terminaalipalvelut |","og_url":"https:\/\/miil.dev.almic.ee\/fi\/palvelut\/sideloader\/","og_site_name":"Miil O\u00dc","article_publisher":"https:\/\/www.facebook.com\/konteinerveod\/","article_modified_time":"2024-11-14T15:20:29+00:00","og_image":[{"width":939,"height":864,"url":"https:\/\/miil.dev.almic.ee\/wp-content\/uploads\/2024\/09\/150MOY.jpg","type":"image\/jpeg"}],"twitter_card":"summary_large_image","twitter_misc":{"Arvioitu lukuaika":"3 minuuttia"},"schema":{"@context":"https:\/\/schema.org","@graph":[{"@type":"WebPage","@id":"https:\/\/miil.dev.almic.ee\/fi\/palvelut\/sideloader\/","url":"https:\/\/miil.dev.almic.ee\/fi\/palvelut\/sideloader\/","name":"Sideloaderit eli sivulastaajat - Miil O\u00dc","isPartOf":{"@id":"https:\/\/miil.dev.almic.ee\/#website"},"primaryImageOfPage":{"@id":"https:\/\/miil.dev.almic.ee\/fi\/palvelut\/sideloader\/#primaryimage"},"image":{"@id":"https:\/\/miil.dev.almic.ee\/fi\/palvelut\/sideloader\/#primaryimage"},"thumbnailUrl":"https:\/\/miil.dev.almic.ee\/wp-content\/uploads\/2024\/09\/150MOY.jpg","datePublished":"2022-04-11T17:32:07+00:00","dateModified":"2024-11-14T15:20:29+00:00","description":"Sideloader | merikonttikuljetukset | Kontti myynti | Containex myynti | Merikontti myynti | Merikontti vuokrata | Terminaalipalvelut |","breadcrumb":{"@id":"https:\/\/miil.dev.almic.ee\/fi\/palvelut\/sideloader\/#breadcrumb"},"inLanguage":"fi","potentialAction":[{"@type":"ReadAction","target":["https:\/\/miil.dev.almic.ee\/fi\/palvelut\/sideloader\/"]}]},{"@type":"ImageObject","inLanguage":"fi","@id":"https:\/\/miil.dev.almic.ee\/fi\/palvelut\/sideloader\/#primaryimage","url":"https:\/\/miil.dev.almic.ee\/wp-content\/uploads\/2024\/09\/150MOY.jpg","contentUrl":"https:\/\/miil.dev.almic.ee\/wp-content\/uploads\/2024\/09\/150MOY.jpg","width":939,"height":864},{"@type":"BreadcrumbList","@id":"https:\/\/miil.dev.almic.ee\/fi\/palvelut\/sideloader\/#breadcrumb","itemListElement":[{"@type":"ListItem","position":1,"name":"Home","item":"https:\/\/miil.dev.almic.ee\/fi\/"},{"@type":"ListItem","position":2,"name":"Palvelut","item":"https:\/\/miil.dev.almic.ee\/fi\/palvelut\/"},{"@type":"ListItem","position":3,"name":"Sideloaderit eli sivulastaajat"}]},{"@type":"WebSite","@id":"https:\/\/miil.dev.almic.ee\/#website","url":"https:\/\/miil.dev.almic.ee\/","name":"Miil O\u00dc","description":"Konteinerveod","publisher":{"@id":"https:\/\/miil.dev.almic.ee\/#organization"},"potentialAction":[{"@type":"SearchAction","target":{"@type":"EntryPoint","urlTemplate":"https:\/\/miil.dev.almic.ee\/?s={search_term_string}"},"query-input":{"@type":"PropertyValueSpecification","valueRequired":true,"valueName":"search_term_string"}}],"inLanguage":"fi"},{"@type":"Organization","@id":"https:\/\/miil.dev.almic.ee\/#organization","name":"Miil O\u00dc","url":"https:\/\/miil.dev.almic.ee\/","logo":{"@type":"ImageObject","inLanguage":"fi","@id":"https:\/\/miil.dev.almic.ee\/#\/schema\/logo\/image\/","url":"https:\/\/www.miil.ee\/wp-content\/uploads\/2022\/02\/Miil-logo.svg","contentUrl":"https:\/\/www.miil.ee\/wp-content\/uploads\/2022\/02\/Miil-logo.svg","width":"1024","height":"1024","caption":"Miil O\u00dc"},"image":{"@id":"https:\/\/miil.dev.almic.ee\/#\/schema\/logo\/image\/"},"sameAs":["https:\/\/www.facebook.com\/konteinerveod\/","https:\/\/www.instagram.com\/ou_miil\/"]}]}},"_links":{"self":[{"href":"https:\/\/miil.dev.almic.ee\/fi\/wp-json\/wp\/v2\/pages\/1298","targetHints":{"allow":["GET"]}}],"collection":[{"href":"https:\/\/miil.dev.almic.ee\/fi\/wp-json\/wp\/v2\/pages"}],"about":[{"href":"https:\/\/miil.dev.almic.ee\/fi\/wp-json\/wp\/v2\/types\/page"}],"author":[{"embeddable":true,"href":"https:\/\/miil.dev.almic.ee\/fi\/wp-json\/wp\/v2\/users\/1"}],"replies":[{"embeddable":true,"href":"https:\/\/miil.dev.almic.ee\/fi\/wp-json\/wp\/v2\/comments?post=1298"}],"version-history":[{"count":0,"href":"https:\/\/miil.dev.almic.ee\/fi\/wp-json\/wp\/v2\/pages\/1298\/revisions"}],"up":[{"embeddable":true,"href":"https:\/\/miil.dev.almic.ee\/fi\/wp-json\/wp\/v2\/pages\/1588"}],"wp:featuredmedia":[{"embeddable":true,"href":"https:\/\/miil.dev.almic.ee\/fi\/wp-json\/wp\/v2\/media\/75578"}],"wp:attachment":[{"href":"https:\/\/miil.dev.almic.ee\/fi\/wp-json\/wp\/v2\/media?parent=1298"}],"curies":[{"name":"wp","href":"https:\/\/api.w.org\/{rel}","templated":true}]}}