{"id":1286,"date":"2022-04-11T20:26:37","date_gmt":"2022-04-11T17:26:37","guid":{"rendered":"https:\/\/www.miil.ee\/konttiliikenne\/"},"modified":"2024-11-29T17:12:43","modified_gmt":"2024-11-29T15:12:43","slug":"konttiliikenne","status":"publish","type":"page","link":"https:\/\/miil.dev.almic.ee\/fi\/palvelut\/konttiliikenne\/","title":{"rendered":"Konttikuljetukset"},"content":{"rendered":"<section class=\"l-section wpb_row height_medium\"><div class=\"l-section-h i-cf\"><div class=\"g-cols vc_row via_flex valign_top type_default stacking_default\"><div class=\"vc_col-sm-12 wpb_column vc_column_container\"><div class=\"vc_column-inner\"><div class=\"wpb_wrapper\"><div class=\"g-cols wpb_row via_flex valign_top type_default stacking_default\"><div class=\"vc_col-sm-12 wpb_column vc_column_container\"><div class=\"vc_column-inner\"><div class=\"wpb_wrapper\"><div class=\"wpb_text_column\"><div class=\"wpb_wrapper\"><p>Konttikuljetukset &#8211; Puistossamme on laaja valikoima laitteita, jotka tarjoavat meille erilaisia \u200b\u200bratkaisuja konttien kuljetukseen. K\u00e4yt\u00e4mme aina erikoisvarusteita tilanteesta riippuen.<\/p>\n<p>Tavoitteenamme on tarjota jatkuvasti hyv\u00e4 asiakaspalvelukokemus asiakastyytyv\u00e4isyyden varmistamiseksi noudattamalla ja toteuttamalla palveluissamme logistiikan seitsem\u00e4\u00e4 &#8221;oikeutta&#8221;. T\u00e4t\u00e4 tarkoitusta varten meill\u00e4 on kaikki mahdollisuudet kuljettaa kaikenkokoisia kontteja: sivukuormaajia, backloaderit, Van Hool-per\u00e4vaunut s\u00e4ili\u00f6konttien kuljetukseen ja Krone-per\u00e4vaunut kuljetuskonttien kuljetukseen.<\/p>\n<p>Bureau Veritas on my\u00f6nt\u00e4nyt Miil O\u00dc:lle laadunhallintaj\u00e4rjestelmien ISO 9001:2015 -sertifikaatin ja ymp\u00e4rist\u00f6johtamisj\u00e4rjestelm\u00e4n ISO 14001:2015 -sertifikaatin.<\/p>\n<p>O\u00dc Miil kuljettaa rahtikonttejasi, s\u00e4ili\u00f6konttejasi ja muita konttityyppej\u00e4 ovelta ovelle, miss\u00e4 haluat. Vakituiset toimipaikkamme ovat Virossa ja Latviassa, mutta tarjoamme kuljetuksia koko Euroopan unionin alueella. Takaamme, ett\u00e4 asiakkaamme saavat aina konttinsa sovittuun paikkaan ilman ongelmia.<\/p>\n<p>Konttikuljetukset &#8211; Ota yhteytt\u00e4 ja pyyd\u00e4 tarjous <a href=\"mailto:info@miil.ee\">info@miil.ee<\/a><\/p>\n<h2>Palvelun laatu<\/h2>\n<p>Konttikuljetus on kuljetusala, joka vaatii erikoiskalustoa palvelun tarjoamiseen. Varmistamme, ett\u00e4 meill\u00e4 on kaikki tarvittava. Lis\u00e4ksi kuljettajamme ovat hyvin koulutettuja, kohteliaita, kommunikoivat useilla kielill\u00e4, emmek\u00e4 tingi laadusta.<br \/>\nKonttikuljetuksessa laatu on meille t\u00e4rkeint\u00e4.<br \/>\nMeill\u00e4 on noin 30 kuorma-autoa ja 70 per\u00e4vaunua.<br \/>\nO\u00dc Miil on virolainen yritys.<\/p>\n<h2>Konttikuljetukset kaikkialla Euroopassa.<\/h2>\n<p>Vaikka toimimme p\u00e4\u00e4osin Virossa ja Latviassa, teemme my\u00f6s toimituksia Viro-Eurooppa-Viro kuljettaaksemme konttisi haluamaasi paikkaan.<\/p>\n<p><span>K\u00e4yt\u00e4mme kuljetukseen\u00a0<\/span><a href=\"https:\/\/www.miil.ee\/fi\/palvelut\/nosturi\/\">nosturia<\/a><span>\u00a0tai\u00a0<\/span><a href=\"https:\/\/www.miil.ee\/fi\/palvelut\/sideloader\/\">sideloader<\/a><br \/>\n<span>monimutkaisempi kuljetus on mahdollista\u00a0<\/span><a href=\"https:\/\/www.miil.ee\/fi\/palvelut\/ram-kippauslaite\/\">RAM per\u00e4vaunulla<\/a><span>.<\/span><\/p>\n<p>Seuraa meit\u00e4 <a href=\"https:\/\/www.facebook.com\/konteinerveod\/\">Facebook<\/a> tai <a href=\"https:\/\/www.instagram.com\/ou_miil\/\">Instagram<\/a><\/p>\n<\/div><\/div><\/div><\/div><\/div><\/div><div class=\"g-cols wpb_row via_flex valign_top type_default stacking_default\"><div class=\"vc_col-sm-12 wpb_column vc_column_container\"><div class=\"vc_column-inner\"><div class=\"wpb_wrapper\"><div class=\"w-grid type_grid layout_212 cols_3\" id=\"us_grid_1\" style=\"--gap:0.5rem;\" data-filterable=\"true\"><style>@media (max-width:1024px){#us_grid_1 .w-grid-item{width:50%}}@media (max-width:600px){#us_grid_1 .w-grid-list{margin:0}#us_grid_1 .w-grid-item{width:100%;padding:0;margin-bottom:var(--gap,0px)}}.layout_212 .w-grid-item-h{}<\/style><div class=\"w-grid-list\">\t<article class=\"w-grid-item size_1x1 post-79578 attachment type-attachment status-inherit hentry\" data-id=\"79578\">\r\n\t\t<div class=\"w-grid-item-h\">\r\n\t\t\t\t\t\t\t<a ref=\"magnificPopupGrid\" href=\"https:\/\/miil.dev.almic.ee\/wp-content\/uploads\/2024\/11\/kraana-transport-konteinerite-transport-container-terminal-depot-estonia-terminal-helsinki-crane-truck-hiab-crane-4-scaled-1.jpg\" class=\"w-grid-item-anchor\" aria-label=\"kraana-transport-konteinerite-transport-container-terminal-depot-estonia-terminal-helsinki-crane-truck-hiab-crane-4-scaled\"><\/a>\r\n\t\t\t\t\t\t<div class=\"w-post-elm post_image usg_post_image_1 stretched\"><a href=\"https:\/\/miil.dev.almic.ee\/fi\/palvelut\/nosturi\/kraana-transport-konteinerite-transport-container-terminal-depot-estonia-terminal-helsinki-crane-truck-hiab-crane-4-scaled-2\/\" aria-label=\"kraana-transport-konteinerite-transport-container-terminal-depot-estonia-terminal-helsinki-crane-truck-hiab-crane-4-scaled\"><img loading=\"lazy\" decoding=\"async\" width=\"600\" height=\"600\" src=\"https:\/\/miil.dev.almic.ee\/wp-content\/uploads\/2024\/11\/kraana-transport-konteinerite-transport-container-terminal-depot-estonia-terminal-helsinki-crane-truck-hiab-crane-4-scaled-1-600x600.jpg\" class=\"attachment-us_600_600_crop size-us_600_600_crop\" alt=\"\" srcset=\"https:\/\/miil.dev.almic.ee\/wp-content\/uploads\/2024\/11\/kraana-transport-konteinerite-transport-container-terminal-depot-estonia-terminal-helsinki-crane-truck-hiab-crane-4-scaled-1-600x600.jpg 600w, https:\/\/miil.dev.almic.ee\/wp-content\/uploads\/2024\/11\/kraana-transport-konteinerite-transport-container-terminal-depot-estonia-terminal-helsinki-crane-truck-hiab-crane-4-scaled-1-150x150.jpg 150w, https:\/\/miil.dev.almic.ee\/wp-content\/uploads\/2024\/11\/kraana-transport-konteinerite-transport-container-terminal-depot-estonia-terminal-helsinki-crane-truck-hiab-crane-4-scaled-1-300x300.jpg 300w\" sizes=\"auto, (max-width: 600px) 100vw, 600px\" \/><\/a><\/div>\t\t<\/div>\r\n\t\t\t<\/article>\r\n\t<article class=\"w-grid-item size_1x1 post-80335 attachment type-attachment status-inherit hentry\" data-id=\"80335\">\r\n\t\t<div class=\"w-grid-item-h\">\r\n\t\t\t\t\t\t\t<a ref=\"magnificPopupGrid\" href=\"https:\/\/miil.dev.almic.ee\/wp-content\/uploads\/2024\/11\/reklaamikont.jpg\" class=\"w-grid-item-anchor\" aria-label=\"reklaamikont\"><\/a>\r\n\t\t\t\t\t\t<div class=\"w-post-elm post_image usg_post_image_1 stretched\"><a href=\"https:\/\/miil.dev.almic.ee\/fi\/palvelut\/konttiliikenne\/reklaamikont-2\/\" aria-label=\"reklaamikont\"><img loading=\"lazy\" decoding=\"async\" width=\"600\" height=\"600\" src=\"https:\/\/miil.dev.almic.ee\/wp-content\/uploads\/2024\/11\/reklaamikont-600x600.jpg\" class=\"attachment-us_600_600_crop size-us_600_600_crop\" alt=\"\" srcset=\"https:\/\/miil.dev.almic.ee\/wp-content\/uploads\/2024\/11\/reklaamikont-600x600.jpg 600w, https:\/\/miil.dev.almic.ee\/wp-content\/uploads\/2024\/11\/reklaamikont-150x150.jpg 150w, https:\/\/miil.dev.almic.ee\/wp-content\/uploads\/2024\/11\/reklaamikont-300x300.jpg 300w\" sizes=\"auto, (max-width: 600px) 100vw, 600px\" \/><\/a><\/div>\t\t<\/div>\r\n\t\t\t<\/article>\r\n<\/div><div class=\"w-grid-preloader\">\t<div class=\"g-preloader type_1\">\r\n\t\t<div><\/div>\r\n\t<\/div>\r\n\t<\/div>\t<div class=\"w-grid-json hidden\" onclick='return {&quot;action&quot;:&quot;us_ajax_grid&quot;,&quot;infinite_scroll&quot;:0,&quot;max_num_pages&quot;:1,&quot;pagination&quot;:&quot;none&quot;,&quot;template_vars&quot;:{&quot;columns&quot;:&quot;3&quot;,&quot;exclude_items&quot;:&quot;none&quot;,&quot;img_size&quot;:&quot;us_600_600_crop&quot;,&quot;ignore_items_size&quot;:0,&quot;items_layout&quot;:&quot;212&quot;,&quot;items_offset&quot;:&quot;1&quot;,&quot;load_animation&quot;:&quot;none&quot;,&quot;overriding_link&quot;:&quot;%7B%22type%22%3A%22popup_image%22%7D&quot;,&quot;post_id&quot;:0,&quot;query_args&quot;:{&quot;post_type&quot;:[&quot;attachment&quot;],&quot;post__in&quot;:[&quot;79578&quot;,&quot;1093&quot;,&quot;1088&quot;,&quot;1098&quot;,&quot;1103&quot;,&quot;80335&quot;],&quot;post_status&quot;:&quot;inherit&quot;,&quot;post_mime_type&quot;:&quot;image&quot;,&quot;posts_per_page&quot;:&quot;10&quot;},&quot;orderby_query_args&quot;:{&quot;orderby&quot;:{&quot;post__in&quot;:&quot;ASC&quot;},&quot;order&quot;:&quot;ASC&quot;},&quot;type&quot;:&quot;grid&quot;,&quot;us_grid_post_type&quot;:&quot;attachment&quot;,&quot;us_grid_ajax_index&quot;:1,&quot;us_grid_filter_query_string&quot;:null,&quot;us_grid_index&quot;:1,&quot;page_args&quot;:[],&quot;lang&quot;:&quot;fi&quot;}}'><\/div>\r\n\t<\/div><\/div><\/div><\/div><\/div><\/div><\/div><\/div><\/div><\/div><\/section>\n","protected":false},"excerpt":{"rendered":"","protected":false},"author":1,"featured_media":75546,"parent":1588,"menu_order":0,"comment_status":"closed","ping_status":"closed","template":"","meta":{"_acf_changed":false,"footnotes":""},"class_list":["post-1286","page","type-page","status-publish","has-post-thumbnail","hentry"],"acf":[],"yoast_head":"<!-- This site is optimized with the Yoast SEO Premium plugin v23.9 (Yoast SEO v27.5) - https:\/\/yoast.com\/product\/yoast-seo-premium-wordpress\/ -->\n<title>Konttikuljetukset - Miil O\u00dc<\/title>\n<meta name=\"description\" content=\"Konttikuljetukset | Kontti myynti | Containex myynti | Merikontti myynti | Merikontti vuokrata | Terminaalipalvelut\" \/>\n<meta name=\"robots\" content=\"index, follow, max-snippet:-1, max-image-preview:large, max-video-preview:-1\" \/>\n<link rel=\"canonical\" href=\"https:\/\/miil.dev.almic.ee\/fi\/palvelut\/konttiliikenne\/\" \/>\n<meta property=\"og:locale\" content=\"fi_FI\" \/>\n<meta property=\"og:type\" content=\"article\" \/>\n<meta property=\"og:title\" content=\"Konttikuljetukset\" \/>\n<meta property=\"og:description\" content=\"Konttikuljetukset | Kontti myynti | Containex myynti | Merikontti myynti | Merikontti vuokrata | Terminaalipalvelut\" \/>\n<meta property=\"og:url\" content=\"https:\/\/miil.dev.almic.ee\/fi\/palvelut\/konttiliikenne\/\" \/>\n<meta property=\"og:site_name\" content=\"Miil O\u00dc\" \/>\n<meta property=\"article:publisher\" content=\"https:\/\/www.facebook.com\/konteinerveod\/\" \/>\n<meta property=\"article:modified_time\" content=\"2024-11-29T15:12:43+00:00\" \/>\n<meta property=\"og:image\" content=\"https:\/\/miil.dev.almic.ee\/wp-content\/uploads\/2024\/09\/kraana-transport-konteinerite-transport-container-terminal-depot-estonia-terminal-helsinki-crane-truck-hiab-crane-20-scaled.jpg\" \/>\n\t<meta property=\"og:image:width\" content=\"1900\" \/>\n\t<meta property=\"og:image:height\" content=\"1425\" \/>\n\t<meta property=\"og:image:type\" content=\"image\/jpeg\" \/>\n<meta name=\"twitter:card\" content=\"summary_large_image\" \/>\n<meta name=\"twitter:label1\" content=\"Arvioitu lukuaika\" \/>\n\t<meta name=\"twitter:data1\" content=\"2 minuuttia\" \/>\n<script type=\"application\/ld+json\" class=\"yoast-schema-graph\">{\"@context\":\"https:\\\/\\\/schema.org\",\"@graph\":[{\"@type\":\"WebPage\",\"@id\":\"https:\\\/\\\/miil.dev.almic.ee\\\/fi\\\/palvelut\\\/konttiliikenne\\\/\",\"url\":\"https:\\\/\\\/miil.dev.almic.ee\\\/fi\\\/palvelut\\\/konttiliikenne\\\/\",\"name\":\"Konttikuljetukset - Miil O\u00dc\",\"isPartOf\":{\"@id\":\"https:\\\/\\\/miil.dev.almic.ee\\\/#website\"},\"primaryImageOfPage\":{\"@id\":\"https:\\\/\\\/miil.dev.almic.ee\\\/fi\\\/palvelut\\\/konttiliikenne\\\/#primaryimage\"},\"image\":{\"@id\":\"https:\\\/\\\/miil.dev.almic.ee\\\/fi\\\/palvelut\\\/konttiliikenne\\\/#primaryimage\"},\"thumbnailUrl\":\"https:\\\/\\\/miil.dev.almic.ee\\\/wp-content\\\/uploads\\\/2024\\\/09\\\/kraana-transport-konteinerite-transport-container-terminal-depot-estonia-terminal-helsinki-crane-truck-hiab-crane-20-scaled.jpg\",\"datePublished\":\"2022-04-11T17:26:37+00:00\",\"dateModified\":\"2024-11-29T15:12:43+00:00\",\"description\":\"Konttikuljetukset | Kontti myynti | Containex myynti | Merikontti myynti | Merikontti vuokrata | Terminaalipalvelut\",\"breadcrumb\":{\"@id\":\"https:\\\/\\\/miil.dev.almic.ee\\\/fi\\\/palvelut\\\/konttiliikenne\\\/#breadcrumb\"},\"inLanguage\":\"fi\",\"potentialAction\":[{\"@type\":\"ReadAction\",\"target\":[\"https:\\\/\\\/miil.dev.almic.ee\\\/fi\\\/palvelut\\\/konttiliikenne\\\/\"]}]},{\"@type\":\"ImageObject\",\"inLanguage\":\"fi\",\"@id\":\"https:\\\/\\\/miil.dev.almic.ee\\\/fi\\\/palvelut\\\/konttiliikenne\\\/#primaryimage\",\"url\":\"https:\\\/\\\/miil.dev.almic.ee\\\/wp-content\\\/uploads\\\/2024\\\/09\\\/kraana-transport-konteinerite-transport-container-terminal-depot-estonia-terminal-helsinki-crane-truck-hiab-crane-20-scaled.jpg\",\"contentUrl\":\"https:\\\/\\\/miil.dev.almic.ee\\\/wp-content\\\/uploads\\\/2024\\\/09\\\/kraana-transport-konteinerite-transport-container-terminal-depot-estonia-terminal-helsinki-crane-truck-hiab-crane-20-scaled.jpg\",\"width\":1900,\"height\":1425},{\"@type\":\"BreadcrumbList\",\"@id\":\"https:\\\/\\\/miil.dev.almic.ee\\\/fi\\\/palvelut\\\/konttiliikenne\\\/#breadcrumb\",\"itemListElement\":[{\"@type\":\"ListItem\",\"position\":1,\"name\":\"Home\",\"item\":\"https:\\\/\\\/miil.dev.almic.ee\\\/fi\\\/\"},{\"@type\":\"ListItem\",\"position\":2,\"name\":\"Palvelut\",\"item\":\"https:\\\/\\\/miil.dev.almic.ee\\\/fi\\\/palvelut\\\/\"},{\"@type\":\"ListItem\",\"position\":3,\"name\":\"Konttikuljetukset\"}]},{\"@type\":\"WebSite\",\"@id\":\"https:\\\/\\\/miil.dev.almic.ee\\\/#website\",\"url\":\"https:\\\/\\\/miil.dev.almic.ee\\\/\",\"name\":\"Miil O\u00dc\",\"description\":\"Konteinerveod\",\"publisher\":{\"@id\":\"https:\\\/\\\/miil.dev.almic.ee\\\/#organization\"},\"potentialAction\":[{\"@type\":\"SearchAction\",\"target\":{\"@type\":\"EntryPoint\",\"urlTemplate\":\"https:\\\/\\\/miil.dev.almic.ee\\\/?s={search_term_string}\"},\"query-input\":{\"@type\":\"PropertyValueSpecification\",\"valueRequired\":true,\"valueName\":\"search_term_string\"}}],\"inLanguage\":\"fi\"},{\"@type\":\"Organization\",\"@id\":\"https:\\\/\\\/miil.dev.almic.ee\\\/#organization\",\"name\":\"Miil O\u00dc\",\"url\":\"https:\\\/\\\/miil.dev.almic.ee\\\/\",\"logo\":{\"@type\":\"ImageObject\",\"inLanguage\":\"fi\",\"@id\":\"https:\\\/\\\/miil.dev.almic.ee\\\/#\\\/schema\\\/logo\\\/image\\\/\",\"url\":\"https:\\\/\\\/www.miil.ee\\\/wp-content\\\/uploads\\\/2022\\\/02\\\/Miil-logo.svg\",\"contentUrl\":\"https:\\\/\\\/www.miil.ee\\\/wp-content\\\/uploads\\\/2022\\\/02\\\/Miil-logo.svg\",\"width\":\"1024\",\"height\":\"1024\",\"caption\":\"Miil O\u00dc\"},\"image\":{\"@id\":\"https:\\\/\\\/miil.dev.almic.ee\\\/#\\\/schema\\\/logo\\\/image\\\/\"},\"sameAs\":[\"https:\\\/\\\/www.facebook.com\\\/konteinerveod\\\/\",\"https:\\\/\\\/www.instagram.com\\\/ou_miil\\\/\"]}]}<\/script>\n<!-- \/ Yoast SEO Premium plugin. -->","yoast_head_json":{"title":"Konttikuljetukset - Miil O\u00dc","description":"Konttikuljetukset | Kontti myynti | Containex myynti | Merikontti myynti | Merikontti vuokrata | Terminaalipalvelut","robots":{"index":"index","follow":"follow","max-snippet":"max-snippet:-1","max-image-preview":"max-image-preview:large","max-video-preview":"max-video-preview:-1"},"canonical":"https:\/\/miil.dev.almic.ee\/fi\/palvelut\/konttiliikenne\/","og_locale":"fi_FI","og_type":"article","og_title":"Konttikuljetukset","og_description":"Konttikuljetukset | Kontti myynti | Containex myynti | Merikontti myynti | Merikontti vuokrata | Terminaalipalvelut","og_url":"https:\/\/miil.dev.almic.ee\/fi\/palvelut\/konttiliikenne\/","og_site_name":"Miil O\u00dc","article_publisher":"https:\/\/www.facebook.com\/konteinerveod\/","article_modified_time":"2024-11-29T15:12:43+00:00","og_image":[{"width":1900,"height":1425,"url":"https:\/\/miil.dev.almic.ee\/wp-content\/uploads\/2024\/09\/kraana-transport-konteinerite-transport-container-terminal-depot-estonia-terminal-helsinki-crane-truck-hiab-crane-20-scaled.jpg","type":"image\/jpeg"}],"twitter_card":"summary_large_image","twitter_misc":{"Arvioitu lukuaika":"2 minuuttia"},"schema":{"@context":"https:\/\/schema.org","@graph":[{"@type":"WebPage","@id":"https:\/\/miil.dev.almic.ee\/fi\/palvelut\/konttiliikenne\/","url":"https:\/\/miil.dev.almic.ee\/fi\/palvelut\/konttiliikenne\/","name":"Konttikuljetukset - Miil O\u00dc","isPartOf":{"@id":"https:\/\/miil.dev.almic.ee\/#website"},"primaryImageOfPage":{"@id":"https:\/\/miil.dev.almic.ee\/fi\/palvelut\/konttiliikenne\/#primaryimage"},"image":{"@id":"https:\/\/miil.dev.almic.ee\/fi\/palvelut\/konttiliikenne\/#primaryimage"},"thumbnailUrl":"https:\/\/miil.dev.almic.ee\/wp-content\/uploads\/2024\/09\/kraana-transport-konteinerite-transport-container-terminal-depot-estonia-terminal-helsinki-crane-truck-hiab-crane-20-scaled.jpg","datePublished":"2022-04-11T17:26:37+00:00","dateModified":"2024-11-29T15:12:43+00:00","description":"Konttikuljetukset | Kontti myynti | Containex myynti | Merikontti myynti | Merikontti vuokrata | Terminaalipalvelut","breadcrumb":{"@id":"https:\/\/miil.dev.almic.ee\/fi\/palvelut\/konttiliikenne\/#breadcrumb"},"inLanguage":"fi","potentialAction":[{"@type":"ReadAction","target":["https:\/\/miil.dev.almic.ee\/fi\/palvelut\/konttiliikenne\/"]}]},{"@type":"ImageObject","inLanguage":"fi","@id":"https:\/\/miil.dev.almic.ee\/fi\/palvelut\/konttiliikenne\/#primaryimage","url":"https:\/\/miil.dev.almic.ee\/wp-content\/uploads\/2024\/09\/kraana-transport-konteinerite-transport-container-terminal-depot-estonia-terminal-helsinki-crane-truck-hiab-crane-20-scaled.jpg","contentUrl":"https:\/\/miil.dev.almic.ee\/wp-content\/uploads\/2024\/09\/kraana-transport-konteinerite-transport-container-terminal-depot-estonia-terminal-helsinki-crane-truck-hiab-crane-20-scaled.jpg","width":1900,"height":1425},{"@type":"BreadcrumbList","@id":"https:\/\/miil.dev.almic.ee\/fi\/palvelut\/konttiliikenne\/#breadcrumb","itemListElement":[{"@type":"ListItem","position":1,"name":"Home","item":"https:\/\/miil.dev.almic.ee\/fi\/"},{"@type":"ListItem","position":2,"name":"Palvelut","item":"https:\/\/miil.dev.almic.ee\/fi\/palvelut\/"},{"@type":"ListItem","position":3,"name":"Konttikuljetukset"}]},{"@type":"WebSite","@id":"https:\/\/miil.dev.almic.ee\/#website","url":"https:\/\/miil.dev.almic.ee\/","name":"Miil O\u00dc","description":"Konteinerveod","publisher":{"@id":"https:\/\/miil.dev.almic.ee\/#organization"},"potentialAction":[{"@type":"SearchAction","target":{"@type":"EntryPoint","urlTemplate":"https:\/\/miil.dev.almic.ee\/?s={search_term_string}"},"query-input":{"@type":"PropertyValueSpecification","valueRequired":true,"valueName":"search_term_string"}}],"inLanguage":"fi"},{"@type":"Organization","@id":"https:\/\/miil.dev.almic.ee\/#organization","name":"Miil O\u00dc","url":"https:\/\/miil.dev.almic.ee\/","logo":{"@type":"ImageObject","inLanguage":"fi","@id":"https:\/\/miil.dev.almic.ee\/#\/schema\/logo\/image\/","url":"https:\/\/www.miil.ee\/wp-content\/uploads\/2022\/02\/Miil-logo.svg","contentUrl":"https:\/\/www.miil.ee\/wp-content\/uploads\/2022\/02\/Miil-logo.svg","width":"1024","height":"1024","caption":"Miil O\u00dc"},"image":{"@id":"https:\/\/miil.dev.almic.ee\/#\/schema\/logo\/image\/"},"sameAs":["https:\/\/www.facebook.com\/konteinerveod\/","https:\/\/www.instagram.com\/ou_miil\/"]}]}},"_links":{"self":[{"href":"https:\/\/miil.dev.almic.ee\/fi\/wp-json\/wp\/v2\/pages\/1286","targetHints":{"allow":["GET"]}}],"collection":[{"href":"https:\/\/miil.dev.almic.ee\/fi\/wp-json\/wp\/v2\/pages"}],"about":[{"href":"https:\/\/miil.dev.almic.ee\/fi\/wp-json\/wp\/v2\/types\/page"}],"author":[{"embeddable":true,"href":"https:\/\/miil.dev.almic.ee\/fi\/wp-json\/wp\/v2\/users\/1"}],"replies":[{"embeddable":true,"href":"https:\/\/miil.dev.almic.ee\/fi\/wp-json\/wp\/v2\/comments?post=1286"}],"version-history":[{"count":0,"href":"https:\/\/miil.dev.almic.ee\/fi\/wp-json\/wp\/v2\/pages\/1286\/revisions"}],"up":[{"embeddable":true,"href":"https:\/\/miil.dev.almic.ee\/fi\/wp-json\/wp\/v2\/pages\/1588"}],"wp:featuredmedia":[{"embeddable":true,"href":"https:\/\/miil.dev.almic.ee\/fi\/wp-json\/wp\/v2\/media\/75546"}],"wp:attachment":[{"href":"https:\/\/miil.dev.almic.ee\/fi\/wp-json\/wp\/v2\/media?parent=1286"}],"curies":[{"name":"wp","href":"https:\/\/api.w.org\/{rel}","templated":true}]}}