{"id":12370,"date":"2022-07-28T09:26:55","date_gmt":"2022-07-28T06:26:55","guid":{"rendered":"https:\/\/www.miil.ee\/lastaaja\/"},"modified":"2025-01-10T14:41:40","modified_gmt":"2025-01-10T12:41:40","slug":"lastaaja","status":"publish","type":"page","link":"https:\/\/miil.dev.almic.ee\/fi\/lastaaja\/","title":{"rendered":"Lastaaja"},"content":{"rendered":"<section class=\"l-section wpb_row height_medium\"><div class=\"l-section-h i-cf\"><div class=\"g-cols vc_row via_flex valign_top type_default stacking_default\"><div class=\"vc_col-sm-12 wpb_column vc_column_container\"><div class=\"vc_column-inner\"><div class=\"wpb_wrapper\"><div class=\"g-cols wpb_row via_flex valign_top type_default stacking_default\"><div class=\"vc_col-sm-6 wpb_column vc_column_container\"><div class=\"vc_column-inner\"><div class=\"wpb_wrapper\"><div class=\"wpb_text_column\"><div class=\"wpb_wrapper\"><p>Vuodesta 2022 meill\u00e4 on ollut my\u00f6s Lastaaja CAT950K. Se on tehokas kone, jota ohjaa kokenut kuljettaja.<\/p>\n<p>*Lumen poisto<br \/>\n*Kuormauspalvelu<br \/>\n*Kohteiden rakentaminen<br \/>\n*Maanseulonta<\/p>\n<p>Lastaaja soveltuu my\u00f6s viem\u00e4rien ja teiden rakentamiseen. Kuormaaja kuljettajineen kuljetetaan ty\u00f6maiden v\u00e4lill\u00e4 matalakuormaisella per\u00e4vaunullamme.<\/p>\n<h2>Lastaajan lis\u00e4ksi muut tarjoamamme palvelut<\/h2>\n<p>Miil O\u00dc:n konttiterminaalissa tarjoamme seuraavat <a href=\"https:\/\/www.miil.ee\/fi\/palvelut\/konttiliikenne\/\">palvelut<\/a>:<\/p>\n<p>* Laivakonttien lastaus ja purkaminen (mukaan lukien ajoneuvojen lastaus konteissa)<br \/>\n* Kuljetuskonttien kaasutus<br \/>\n* Varastointis\u00e4ili\u00f6iden varastointi<br \/>\n* Kuljetuskonttien varastointi<br \/>\n* S\u00e4ili\u00f6iden puhdistus ja korjaus<br \/>\n* Kuljetuskonttien neutralointi<br \/>\n* S\u00e4ili\u00f6s\u00e4ili\u00f6iden s\u00e4hk\u00f6l\u00e4mmitys<br \/>\n* S\u00e4ili\u00f6s\u00e4ili\u00f6iden h\u00f6yryl\u00e4mmitys<br \/>\n* Konttiper\u00e4vaunujen vuokraus<br \/>\n* S\u00e4ili\u00f6iden muuntaminen<br \/>\n* Konttien maalaus<\/p>\n<\/div><\/div><\/div><\/div><\/div><div class=\"vc_col-sm-6 wpb_column vc_column_container\"><div class=\"vc_column-inner\"><div class=\"wpb_wrapper\"><div class=\"w-gallery fit_cover type_grid ratio_1x1 count_2\" style=\"--columns:1;--items-gap:10px;\"><div class=\"w-gallery-list\"><div class=\"w-gallery-item\"><div class=\"w-gallery-item-img\"><img loading=\"lazy\" decoding=\"async\" width=\"1024\" height=\"768\" src=\"https:\/\/miil.dev.almic.ee\/wp-content\/uploads\/2025\/01\/lumekoristusmasin-1024x768.jpg\" class=\"attachment-large size-large\" alt=\"snow removal\" srcset=\"https:\/\/miil.dev.almic.ee\/wp-content\/uploads\/2025\/01\/lumekoristusmasin-1024x768.jpg 1024w, https:\/\/miil.dev.almic.ee\/wp-content\/uploads\/2025\/01\/lumekoristusmasin-300x225.jpg 300w, https:\/\/miil.dev.almic.ee\/wp-content\/uploads\/2025\/01\/lumekoristusmasin-600x450.jpg 600w, https:\/\/miil.dev.almic.ee\/wp-content\/uploads\/2025\/01\/lumekoristusmasin-scaled.jpg 1900w\" sizes=\"auto, (max-width: 1024px) 100vw, 1024px\" \/><\/div><\/div><div class=\"w-gallery-item\"><div class=\"w-gallery-item-img\"><img loading=\"lazy\" decoding=\"async\" width=\"1024\" height=\"768\" src=\"https:\/\/miil.dev.almic.ee\/wp-content\/uploads\/2025\/01\/lumekoristus-1024x768.jpg\" class=\"attachment-large size-large\" alt=\"snow removal machine\" srcset=\"https:\/\/miil.dev.almic.ee\/wp-content\/uploads\/2025\/01\/lumekoristus-1024x768.jpg 1024w, https:\/\/miil.dev.almic.ee\/wp-content\/uploads\/2025\/01\/lumekoristus-300x225.jpg 300w, https:\/\/miil.dev.almic.ee\/wp-content\/uploads\/2025\/01\/lumekoristus-600x450.jpg 600w, https:\/\/miil.dev.almic.ee\/wp-content\/uploads\/2025\/01\/lumekoristus-scaled.jpg 1900w\" sizes=\"auto, (max-width: 1024px) 100vw, 1024px\" \/><\/div><\/div><\/div><\/div><\/div><\/div><\/div><\/div><div class=\"g-cols wpb_row via_flex valign_top type_default stacking_default\"><div class=\"vc_col-sm-12 wpb_column vc_column_container\"><div class=\"vc_column-inner\"><div class=\"wpb_wrapper\"><div class=\"wpb_text_column\"><div class=\"wpb_wrapper\"><p>Kerro meille mit\u00e4 tarvitset ja pyyd\u00e4 tarjous lastaaja tai muista palveluista <a href=\"mailto:info@miil.ee\">info@miil.ee<\/a><\/p>\n<p>Laajan kokemuksemme ja p\u00e4ivitt\u00e4isen aktiivisuutemme konttikuljetusalalla olemme asiantuntijoita kaikessa konttiliikenteess\u00e4. Edell\u00e4 mainittujen lis\u00e4ksi myymme my\u00f6s uusia ja k\u00e4ytettyj\u00e4 rahtikontteja, varastokontteja, siirrett\u00e4vi\u00e4 hyttej\u00e4, siirrett\u00e4vi\u00e4 wc:it\u00e4 ja turva-aitoja. Valikoimamme sis\u00e4lt\u00e4\u00e4 laajan valikoiman erilaisia \u200b\u200bratkaisuja, kuten paloturvallisia kontteja. Palveluvalikoimaamme kuuluvat my\u00f6s konttien muuntaminen ja maalaus sek\u00e4 erikoiskonttiratkaisut mainostarkoituksiin ja paljon muuta. Meill\u00e4 on yli 200 rahtikonttia aina varastossa helposti saatavilla ja niit\u00e4 on mahdollista tulla katsomaan henkil\u00f6kohtaisesti. Jos sopivaa tuotetta ei ole t\u00e4ll\u00e4 hetkell\u00e4 varastossa, voimme tilata sen Euroopasta (toimitus 2-3 viikkoa) tai Aasiasta.<\/p>\n<p>Tarjoamme my\u00f6s (lyhyt- ja pitk\u00e4aikaista) laivakonttien vuokrausta sek\u00e4 per\u00e4vaunujen vuokrausta konttien kuljettamiseen.<\/p>\n<p>&nbsp;<\/p>\n<p>Seuraa meit\u00e4 <a href=\"https:\/\/www.facebook.com\/konteinerveod\/\">Facebook<\/a> tai <a href=\"https:\/\/www.instagram.com\/ou_miil\/\">Instagram<\/a><\/p>\n<\/div><\/div><div class=\"w-grid type_grid layout_212 cols_2\" id=\"us_grid_1\" style=\"--gap:0.5rem;\" data-filterable=\"true\"><style>@media (max-width:600px){#us_grid_1 .w-grid-list{margin:0}#us_grid_1 .w-grid-item{width:100%;padding:0;margin-bottom:var(--gap,0px)}}.layout_212 .w-grid-item-h{}<\/style><div class=\"w-grid-list\">\t<article class=\"w-grid-item size_1x1 post-84082 attachment type-attachment status-inherit hentry\" data-id=\"84082\">\r\n\t\t<div class=\"w-grid-item-h\">\r\n\t\t\t\t\t\t\t<a ref=\"magnificPopupGrid\" href=\"https:\/\/miil.dev.almic.ee\/wp-content\/uploads\/2025\/01\/lumekoristus-scaled.jpg\" class=\"w-grid-item-anchor\" aria-label=\"snow removal machine\"><\/a>\r\n\t\t\t\t\t\t<div class=\"w-post-elm post_image usg_post_image_1 stretched\"><a href=\"https:\/\/miil.dev.almic.ee\/fi\/lastaaja\/lumekoristus-2\/\" aria-label=\"lumekoristus\"><img loading=\"lazy\" decoding=\"async\" width=\"1900\" height=\"1425\" src=\"https:\/\/miil.dev.almic.ee\/wp-content\/uploads\/2025\/01\/lumekoristus-scaled.jpg\" class=\"attachment-full size-full\" alt=\"snow removal machine\" srcset=\"https:\/\/miil.dev.almic.ee\/wp-content\/uploads\/2025\/01\/lumekoristus-scaled.jpg 1900w, https:\/\/miil.dev.almic.ee\/wp-content\/uploads\/2025\/01\/lumekoristus-300x225.jpg 300w, https:\/\/miil.dev.almic.ee\/wp-content\/uploads\/2025\/01\/lumekoristus-1024x768.jpg 1024w, https:\/\/miil.dev.almic.ee\/wp-content\/uploads\/2025\/01\/lumekoristus-600x450.jpg 600w\" sizes=\"auto, (max-width: 1900px) 100vw, 1900px\" \/><\/a><\/div>\t\t<\/div>\r\n\t\t\t<\/article>\r\n\t<article class=\"w-grid-item size_1x1 post-84087 attachment type-attachment status-inherit hentry\" data-id=\"84087\">\r\n\t\t<div class=\"w-grid-item-h\">\r\n\t\t\t\t\t\t\t<a ref=\"magnificPopupGrid\" href=\"https:\/\/miil.dev.almic.ee\/wp-content\/uploads\/2025\/01\/lumekoristusmasin-scaled.jpg\" class=\"w-grid-item-anchor\" aria-label=\"lumel\u00fckkamine, \u0443\u0431\u043e\u0440\u043a\u0430 \u0441\u043d\u0435\u0433\u0430\"><\/a>\r\n\t\t\t\t\t\t<div class=\"w-post-elm post_image usg_post_image_1 stretched\"><a href=\"https:\/\/miil.dev.almic.ee\/fi\/lastaaja\/lumekoristusmasin-2\/\" aria-label=\"lumekoristusmasin\"><img loading=\"lazy\" decoding=\"async\" width=\"1900\" height=\"1425\" src=\"https:\/\/miil.dev.almic.ee\/wp-content\/uploads\/2025\/01\/lumekoristusmasin-scaled.jpg\" class=\"attachment-full size-full\" alt=\"snow removal\" srcset=\"https:\/\/miil.dev.almic.ee\/wp-content\/uploads\/2025\/01\/lumekoristusmasin-scaled.jpg 1900w, https:\/\/miil.dev.almic.ee\/wp-content\/uploads\/2025\/01\/lumekoristusmasin-300x225.jpg 300w, https:\/\/miil.dev.almic.ee\/wp-content\/uploads\/2025\/01\/lumekoristusmasin-1024x768.jpg 1024w, https:\/\/miil.dev.almic.ee\/wp-content\/uploads\/2025\/01\/lumekoristusmasin-600x450.jpg 600w\" sizes=\"auto, (max-width: 1900px) 100vw, 1900px\" \/><\/a><\/div>\t\t<\/div>\r\n\t\t\t<\/article>\r\n<\/div><div class=\"w-grid-preloader\">\t<div class=\"g-preloader type_1\">\r\n\t\t<div><\/div>\r\n\t<\/div>\r\n\t<\/div>\t<div class=\"w-grid-json hidden\" onclick='return {&quot;action&quot;:&quot;us_ajax_grid&quot;,&quot;infinite_scroll&quot;:0,&quot;max_num_pages&quot;:1,&quot;pagination&quot;:&quot;none&quot;,&quot;template_vars&quot;:{&quot;columns&quot;:&quot;2&quot;,&quot;exclude_items&quot;:&quot;none&quot;,&quot;img_size&quot;:&quot;full&quot;,&quot;ignore_items_size&quot;:0,&quot;items_layout&quot;:&quot;212&quot;,&quot;items_offset&quot;:&quot;1&quot;,&quot;load_animation&quot;:&quot;none&quot;,&quot;overriding_link&quot;:&quot;%7B%22type%22%3A%22popup_image%22%7D&quot;,&quot;post_id&quot;:0,&quot;query_args&quot;:{&quot;post_type&quot;:[&quot;attachment&quot;],&quot;post__in&quot;:[&quot;8187&quot;,&quot;8182&quot;,&quot;84082&quot;,&quot;84087&quot;],&quot;post_status&quot;:&quot;inherit&quot;,&quot;post_mime_type&quot;:&quot;image&quot;,&quot;posts_per_page&quot;:999},&quot;orderby_query_args&quot;:{&quot;orderby&quot;:{&quot;post__in&quot;:&quot;ASC&quot;},&quot;order&quot;:&quot;ASC&quot;},&quot;type&quot;:&quot;grid&quot;,&quot;us_grid_post_type&quot;:&quot;attachment&quot;,&quot;us_grid_ajax_index&quot;:1,&quot;us_grid_filter_query_string&quot;:null,&quot;us_grid_index&quot;:1,&quot;page_args&quot;:[],&quot;lang&quot;:&quot;fi&quot;}}'><\/div>\r\n\t<\/div><\/div><\/div><\/div><\/div><\/div><\/div><\/div><\/div><\/div><\/section>\n","protected":false},"excerpt":{"rendered":"lumel\u00fckkamine,","protected":false},"author":1,"featured_media":22625,"parent":0,"menu_order":0,"comment_status":"closed","ping_status":"closed","template":"","meta":{"_acf_changed":false,"footnotes":""},"class_list":["post-12370","page","type-page","status-publish","has-post-thumbnail","hentry"],"acf":[],"yoast_head":"<!-- This site is optimized with the Yoast SEO Premium plugin v23.9 (Yoast SEO v27.5) - https:\/\/yoast.com\/product\/yoast-seo-premium-wordpress\/ -->\n<title>Lastaaja - Miil O\u00dc<\/title>\n<meta name=\"description\" content=\"lastaaja | Merikonttien myynti | Merikonttien vuokraus | myynti | Konttien kuljetus | Konttien myynti | Lumen poisto | m\u00f6kki myynti\" \/>\n<meta name=\"robots\" content=\"index, follow, max-snippet:-1, max-image-preview:large, max-video-preview:-1\" \/>\n<link rel=\"canonical\" href=\"https:\/\/miil.dev.almic.ee\/fi\/lastaaja\/\" \/>\n<meta property=\"og:locale\" content=\"fi_FI\" \/>\n<meta property=\"og:type\" content=\"article\" \/>\n<meta property=\"og:title\" content=\"Lastaaja\" \/>\n<meta property=\"og:description\" content=\"lastaaja | Merikonttien myynti | Merikonttien vuokraus | myynti | Konttien kuljetus | Konttien myynti | Lumen poisto | m\u00f6kki myynti\" \/>\n<meta property=\"og:url\" content=\"https:\/\/miil.dev.almic.ee\/fi\/lastaaja\/\" \/>\n<meta property=\"og:site_name\" content=\"Miil O\u00dc\" \/>\n<meta property=\"article:publisher\" content=\"https:\/\/www.facebook.com\/konteinerveod\/\" \/>\n<meta property=\"article:modified_time\" content=\"2025-01-10T12:41:40+00:00\" \/>\n<meta property=\"og:image\" content=\"https:\/\/miil.dev.almic.ee\/wp-content\/uploads\/2022\/11\/222.jpg\" \/>\n\t<meta property=\"og:image:width\" content=\"1080\" \/>\n\t<meta property=\"og:image:height\" content=\"846\" \/>\n\t<meta property=\"og:image:type\" content=\"image\/jpeg\" \/>\n<meta name=\"twitter:card\" content=\"summary_large_image\" \/>\n<meta name=\"twitter:label1\" content=\"Arvioitu lukuaika\" \/>\n\t<meta name=\"twitter:data1\" content=\"2 minuuttia\" \/>\n<script type=\"application\/ld+json\" class=\"yoast-schema-graph\">{\"@context\":\"https:\\\/\\\/schema.org\",\"@graph\":[{\"@type\":\"WebPage\",\"@id\":\"https:\\\/\\\/miil.dev.almic.ee\\\/fi\\\/lastaaja\\\/\",\"url\":\"https:\\\/\\\/miil.dev.almic.ee\\\/fi\\\/lastaaja\\\/\",\"name\":\"Lastaaja - Miil O\u00dc\",\"isPartOf\":{\"@id\":\"https:\\\/\\\/miil.dev.almic.ee\\\/#website\"},\"primaryImageOfPage\":{\"@id\":\"https:\\\/\\\/miil.dev.almic.ee\\\/fi\\\/lastaaja\\\/#primaryimage\"},\"image\":{\"@id\":\"https:\\\/\\\/miil.dev.almic.ee\\\/fi\\\/lastaaja\\\/#primaryimage\"},\"thumbnailUrl\":\"https:\\\/\\\/miil.dev.almic.ee\\\/wp-content\\\/uploads\\\/2022\\\/11\\\/222.jpg\",\"datePublished\":\"2022-07-28T06:26:55+00:00\",\"dateModified\":\"2025-01-10T12:41:40+00:00\",\"description\":\"lastaaja | Merikonttien myynti | Merikonttien vuokraus | myynti | Konttien kuljetus | Konttien myynti | Lumen poisto | m\u00f6kki myynti\",\"breadcrumb\":{\"@id\":\"https:\\\/\\\/miil.dev.almic.ee\\\/fi\\\/lastaaja\\\/#breadcrumb\"},\"inLanguage\":\"fi\",\"potentialAction\":[{\"@type\":\"ReadAction\",\"target\":[\"https:\\\/\\\/miil.dev.almic.ee\\\/fi\\\/lastaaja\\\/\"]}]},{\"@type\":\"ImageObject\",\"inLanguage\":\"fi\",\"@id\":\"https:\\\/\\\/miil.dev.almic.ee\\\/fi\\\/lastaaja\\\/#primaryimage\",\"url\":\"https:\\\/\\\/miil.dev.almic.ee\\\/wp-content\\\/uploads\\\/2022\\\/11\\\/222.jpg\",\"contentUrl\":\"https:\\\/\\\/miil.dev.almic.ee\\\/wp-content\\\/uploads\\\/2022\\\/11\\\/222.jpg\",\"width\":1080,\"height\":846,\"caption\":\"Lumekoristus\"},{\"@type\":\"BreadcrumbList\",\"@id\":\"https:\\\/\\\/miil.dev.almic.ee\\\/fi\\\/lastaaja\\\/#breadcrumb\",\"itemListElement\":[{\"@type\":\"ListItem\",\"position\":1,\"name\":\"Home\",\"item\":\"https:\\\/\\\/miil.dev.almic.ee\\\/fi\\\/\"},{\"@type\":\"ListItem\",\"position\":2,\"name\":\"Lastaaja\"}]},{\"@type\":\"WebSite\",\"@id\":\"https:\\\/\\\/miil.dev.almic.ee\\\/#website\",\"url\":\"https:\\\/\\\/miil.dev.almic.ee\\\/\",\"name\":\"Miil O\u00dc\",\"description\":\"Konteinerveod\",\"publisher\":{\"@id\":\"https:\\\/\\\/miil.dev.almic.ee\\\/#organization\"},\"potentialAction\":[{\"@type\":\"SearchAction\",\"target\":{\"@type\":\"EntryPoint\",\"urlTemplate\":\"https:\\\/\\\/miil.dev.almic.ee\\\/?s={search_term_string}\"},\"query-input\":{\"@type\":\"PropertyValueSpecification\",\"valueRequired\":true,\"valueName\":\"search_term_string\"}}],\"inLanguage\":\"fi\"},{\"@type\":\"Organization\",\"@id\":\"https:\\\/\\\/miil.dev.almic.ee\\\/#organization\",\"name\":\"Miil O\u00dc\",\"url\":\"https:\\\/\\\/miil.dev.almic.ee\\\/\",\"logo\":{\"@type\":\"ImageObject\",\"inLanguage\":\"fi\",\"@id\":\"https:\\\/\\\/miil.dev.almic.ee\\\/#\\\/schema\\\/logo\\\/image\\\/\",\"url\":\"https:\\\/\\\/www.miil.ee\\\/wp-content\\\/uploads\\\/2022\\\/02\\\/Miil-logo.svg\",\"contentUrl\":\"https:\\\/\\\/www.miil.ee\\\/wp-content\\\/uploads\\\/2022\\\/02\\\/Miil-logo.svg\",\"width\":\"1024\",\"height\":\"1024\",\"caption\":\"Miil O\u00dc\"},\"image\":{\"@id\":\"https:\\\/\\\/miil.dev.almic.ee\\\/#\\\/schema\\\/logo\\\/image\\\/\"},\"sameAs\":[\"https:\\\/\\\/www.facebook.com\\\/konteinerveod\\\/\",\"https:\\\/\\\/www.instagram.com\\\/ou_miil\\\/\"]}]}<\/script>\n<!-- \/ Yoast SEO Premium plugin. -->","yoast_head_json":{"title":"Lastaaja - Miil O\u00dc","description":"lastaaja | Merikonttien myynti | Merikonttien vuokraus | myynti | Konttien kuljetus | Konttien myynti | Lumen poisto | m\u00f6kki myynti","robots":{"index":"index","follow":"follow","max-snippet":"max-snippet:-1","max-image-preview":"max-image-preview:large","max-video-preview":"max-video-preview:-1"},"canonical":"https:\/\/miil.dev.almic.ee\/fi\/lastaaja\/","og_locale":"fi_FI","og_type":"article","og_title":"Lastaaja","og_description":"lastaaja | Merikonttien myynti | Merikonttien vuokraus | myynti | Konttien kuljetus | Konttien myynti | Lumen poisto | m\u00f6kki myynti","og_url":"https:\/\/miil.dev.almic.ee\/fi\/lastaaja\/","og_site_name":"Miil O\u00dc","article_publisher":"https:\/\/www.facebook.com\/konteinerveod\/","article_modified_time":"2025-01-10T12:41:40+00:00","og_image":[{"width":1080,"height":846,"url":"https:\/\/miil.dev.almic.ee\/wp-content\/uploads\/2022\/11\/222.jpg","type":"image\/jpeg"}],"twitter_card":"summary_large_image","twitter_misc":{"Arvioitu lukuaika":"2 minuuttia"},"schema":{"@context":"https:\/\/schema.org","@graph":[{"@type":"WebPage","@id":"https:\/\/miil.dev.almic.ee\/fi\/lastaaja\/","url":"https:\/\/miil.dev.almic.ee\/fi\/lastaaja\/","name":"Lastaaja - Miil O\u00dc","isPartOf":{"@id":"https:\/\/miil.dev.almic.ee\/#website"},"primaryImageOfPage":{"@id":"https:\/\/miil.dev.almic.ee\/fi\/lastaaja\/#primaryimage"},"image":{"@id":"https:\/\/miil.dev.almic.ee\/fi\/lastaaja\/#primaryimage"},"thumbnailUrl":"https:\/\/miil.dev.almic.ee\/wp-content\/uploads\/2022\/11\/222.jpg","datePublished":"2022-07-28T06:26:55+00:00","dateModified":"2025-01-10T12:41:40+00:00","description":"lastaaja | Merikonttien myynti | Merikonttien vuokraus | myynti | Konttien kuljetus | Konttien myynti | Lumen poisto | m\u00f6kki myynti","breadcrumb":{"@id":"https:\/\/miil.dev.almic.ee\/fi\/lastaaja\/#breadcrumb"},"inLanguage":"fi","potentialAction":[{"@type":"ReadAction","target":["https:\/\/miil.dev.almic.ee\/fi\/lastaaja\/"]}]},{"@type":"ImageObject","inLanguage":"fi","@id":"https:\/\/miil.dev.almic.ee\/fi\/lastaaja\/#primaryimage","url":"https:\/\/miil.dev.almic.ee\/wp-content\/uploads\/2022\/11\/222.jpg","contentUrl":"https:\/\/miil.dev.almic.ee\/wp-content\/uploads\/2022\/11\/222.jpg","width":1080,"height":846,"caption":"Lumekoristus"},{"@type":"BreadcrumbList","@id":"https:\/\/miil.dev.almic.ee\/fi\/lastaaja\/#breadcrumb","itemListElement":[{"@type":"ListItem","position":1,"name":"Home","item":"https:\/\/miil.dev.almic.ee\/fi\/"},{"@type":"ListItem","position":2,"name":"Lastaaja"}]},{"@type":"WebSite","@id":"https:\/\/miil.dev.almic.ee\/#website","url":"https:\/\/miil.dev.almic.ee\/","name":"Miil O\u00dc","description":"Konteinerveod","publisher":{"@id":"https:\/\/miil.dev.almic.ee\/#organization"},"potentialAction":[{"@type":"SearchAction","target":{"@type":"EntryPoint","urlTemplate":"https:\/\/miil.dev.almic.ee\/?s={search_term_string}"},"query-input":{"@type":"PropertyValueSpecification","valueRequired":true,"valueName":"search_term_string"}}],"inLanguage":"fi"},{"@type":"Organization","@id":"https:\/\/miil.dev.almic.ee\/#organization","name":"Miil O\u00dc","url":"https:\/\/miil.dev.almic.ee\/","logo":{"@type":"ImageObject","inLanguage":"fi","@id":"https:\/\/miil.dev.almic.ee\/#\/schema\/logo\/image\/","url":"https:\/\/www.miil.ee\/wp-content\/uploads\/2022\/02\/Miil-logo.svg","contentUrl":"https:\/\/www.miil.ee\/wp-content\/uploads\/2022\/02\/Miil-logo.svg","width":"1024","height":"1024","caption":"Miil O\u00dc"},"image":{"@id":"https:\/\/miil.dev.almic.ee\/#\/schema\/logo\/image\/"},"sameAs":["https:\/\/www.facebook.com\/konteinerveod\/","https:\/\/www.instagram.com\/ou_miil\/"]}]}},"_links":{"self":[{"href":"https:\/\/miil.dev.almic.ee\/fi\/wp-json\/wp\/v2\/pages\/12370","targetHints":{"allow":["GET"]}}],"collection":[{"href":"https:\/\/miil.dev.almic.ee\/fi\/wp-json\/wp\/v2\/pages"}],"about":[{"href":"https:\/\/miil.dev.almic.ee\/fi\/wp-json\/wp\/v2\/types\/page"}],"author":[{"embeddable":true,"href":"https:\/\/miil.dev.almic.ee\/fi\/wp-json\/wp\/v2\/users\/1"}],"replies":[{"embeddable":true,"href":"https:\/\/miil.dev.almic.ee\/fi\/wp-json\/wp\/v2\/comments?post=12370"}],"version-history":[{"count":0,"href":"https:\/\/miil.dev.almic.ee\/fi\/wp-json\/wp\/v2\/pages\/12370\/revisions"}],"wp:featuredmedia":[{"embeddable":true,"href":"https:\/\/miil.dev.almic.ee\/fi\/wp-json\/wp\/v2\/media\/22625"}],"wp:attachment":[{"href":"https:\/\/miil.dev.almic.ee\/fi\/wp-json\/wp\/v2\/media?parent=12370"}],"curies":[{"name":"wp","href":"https:\/\/api.w.org\/{rel}","templated":true}]}}