{"id":12369,"date":"2022-07-28T09:26:54","date_gmt":"2022-07-28T06:26:54","guid":{"rendered":"https:\/\/www.miil.ee\/palvelut\/ram-kippauslaite\/"},"modified":"2024-11-14T17:43:43","modified_gmt":"2024-11-14T15:43:43","slug":"ram-kippauslaite","status":"publish","type":"page","link":"https:\/\/miil.dev.almic.ee\/fi\/palvelut\/ram-kippauslaite\/","title":{"rendered":"RAM-kippauslaite"},"content":{"rendered":"<section class=\"l-section wpb_row height_medium\"><div class=\"l-section-h i-cf\"><div class=\"g-cols vc_row via_flex valign_top type_default stacking_default\"><div class=\"vc_col-sm-12 wpb_column vc_column_container\"><div class=\"vc_column-inner\"><div class=\"wpb_wrapper\"><div class=\"g-cols wpb_row via_flex valign_top type_default stacking_default\"><div class=\"vc_col-sm-12 wpb_column vc_column_container\"><div class=\"vc_column-inner\"><div class=\"wpb_wrapper\"><div class=\"wpb_text_column\"><div class=\"wpb_wrapper\"><p>Me Miilill\u00e4 olemme ylpeit\u00e4 innovatiivisten ja r\u00e4\u00e4t\u00e4l\u00f6ityjen ratkaisujen toimittamisesta konttikuljetuksiin. Ymm\u00e4rr\u00e4mme, ett\u00e4 joka paikkaan tai tilanteeseen ei p\u00e4\u00e4st\u00e4 helposti isommilla konttiautoilla. Siksi olemme suunnitelleet ja rakentaneet r\u00e4\u00e4t\u00e4l\u00f6idyn per\u00e4vaunun, joka on erityisesti suunniteltu k\u00e4sittelem\u00e4\u00e4n konttikuljetuksia \u00e4\u00e4rimm\u00e4isen tehokkaasti ja monipuolisesti.<\/p>\n<p>RAM-backloaderimme on ainutlaatuinen yhdistelm\u00e4 mukautetun per\u00e4vaunun ja luotettavan Dodge RAM -lava-auton. T\u00e4ll\u00e4 tehokkaalla duolla voimme kuljettaa erilaisia \u200b\u200bkontteja, mukaan lukien varastokontteja, rahtikontteja ja peltikontteja, joiden pituus on enint\u00e4\u00e4n 6 metri\u00e4.<\/p>\n<p>Yksi RAM Backloaderimme merkitt\u00e4vist\u00e4 ominaisuuksista on sen kyky p\u00e4\u00e4st\u00e4 jopa vaikeap\u00e4\u00e4syisille alueille, joihin suuremmat tai raskaat konttiautot eiv\u00e4t p\u00e4\u00e4se. Olipa kyseess\u00e4 syrj\u00e4inen rakennusty\u00f6maa, ahdas kaupunkitila tai luonnonkaunis ymp\u00e4rist\u00f6, trailerimme voi navigoida helposti ja tarkasti.<\/p>\n<p>Per\u00e4vaunumme kallistuskyky on todella vaikuttava. Se pystyy k\u00e4sittelem\u00e4\u00e4n jopa 2500 kg painavia kontteja ja laskea ne kevyesti maahan ajoneuvon takana. My\u00f6s kuivalla niityll\u00e4 per\u00e4vaunumme takaa sujuvan ja hallitun kallistusprosessin kontin turvallisen sijoituksen ansiosta telojen v\u00e4liss\u00e4. Voit olla varma, ett\u00e4 s\u00e4ili\u00f6si on suojattu ja s\u00e4ilyy vahingoittumattomana koko toiminnan ajan.<\/p>\n<p>Per\u00e4vaunumme kallistuskyky on todella vaikuttava. Se pystyy k\u00e4sittelem\u00e4\u00e4n jopa 2500 kg painavia kontteja ja laskea ne kevyesti maahan ajoneuvon takana. My\u00f6s kuivalla niityll\u00e4 per\u00e4vaunumme takaa sujuvan ja hallitun kallistusprosessin kontin turvallisen sijoituksen ansiosta telojen v\u00e4liss\u00e4. Voit olla varma, ett\u00e4 s\u00e4ili\u00f6si on suojattu ja s\u00e4ilyy vahingoittumattomana koko toiminnan ajan.<\/p>\n<h2>Per\u00e4vaunun lastausalueen mitat ovat:<\/h2>\n<ul>\n<li>pituus 6 metri\u00e4<\/li>\n<li>leveys 2,5 metri\u00e4<\/li>\n<li>Pituus auton kanssa 15 metri\u00e4<\/li>\n<\/ul>\n<p>Jotta saat paremman k\u00e4sityksen RAM Backloaderin ominaisuuksista ja suorituskyvyst\u00e4, suosittelemme tutustumaan oheisiin kuviin ja <a href=\"https:\/\/www.youtube.com\/watch?v=le7dMgYNDJ8\">videoon<\/a>. N\u00e4m\u00e4 visuaaliset resurssit antavat sinulle l\u00e4hemm\u00e4n kuvan per\u00e4vaunun suunnittelusta, toimivuudesta ja saumattomasta integraatiosta Dodge RAM -lava-auton kanssa.<\/p>\n<p>Olemme Miilill\u00e4 sitoutuneet toimittamaan luotettavia, tehokkaita ja r\u00e4\u00e4t\u00e4l\u00f6ityj\u00e4 konttikuljetusratkaisuja. Olipa sinulla erityisvaatimuksia tai haastavia kuljetustarpeita, RAM-takaisinlataajamme on valmis ottamaan vastaan \u200b\u200bteht\u00e4v\u00e4n varmistaen, ett\u00e4 kontisi saapuvat perille nopeasti ja turvallisesti.<\/p>\n<p>Ota yhteytt\u00e4 jo t\u00e4n\u00e4\u00e4n keskustellaksesi konttikuljetustarpeistasi ja koeksesi RAM Backloaderin tehokkuudesta ja monipuolisuudesta. Luota meihin k\u00e4sittelem\u00e4\u00e4n konttejasi tarkasti, huolellisesti ja vertaansa vailla olevalla asiantuntemuksella.<\/p>\n<p>Katso lis\u00e4\u00e4 <a href=\"https:\/\/www.miil.ee\/fi\/galleria\/\">kuvia<\/a> ja <a href=\"https:\/\/www.youtube.com\/watch?v=le7dMgYNDJ8\">videoita<\/a><\/p>\n<\/div><\/div><\/div><\/div><\/div><\/div><div class=\"g-cols wpb_row via_flex valign_top type_default stacking_default\"><div class=\"vc_col-sm-12 wpb_column vc_column_container\"><div class=\"vc_column-inner\"><div class=\"wpb_wrapper\"><div class=\"w-grid type_grid layout_212 hidden cols_2\" id=\"us_grid_1\" style=\"--gap:0.5rem;\" data-filterable=\"true\"><style>@media (max-width:600px){#us_grid_1 .w-grid-list{margin:0}#us_grid_1 .w-grid-item{width:100%;padding:0;margin-bottom:var(--gap,0px)}}.layout_212 .w-grid-item-h{}<\/style><div class=\"w-grid-list\"><\/div><div class=\"w-grid-preloader\">\t<div class=\"g-preloader type_1\">\r\n\t\t<div><\/div>\r\n\t<\/div>\r\n\t<\/div>\t<div class=\"w-grid-json hidden\" onclick='return {&quot;action&quot;:&quot;us_ajax_grid&quot;,&quot;infinite_scroll&quot;:0,&quot;max_num_pages&quot;:0,&quot;pagination&quot;:&quot;none&quot;,&quot;template_vars&quot;:{&quot;columns&quot;:&quot;2&quot;,&quot;exclude_items&quot;:&quot;none&quot;,&quot;img_size&quot;:&quot;full&quot;,&quot;ignore_items_size&quot;:0,&quot;items_layout&quot;:&quot;212&quot;,&quot;items_offset&quot;:&quot;1&quot;,&quot;load_animation&quot;:&quot;none&quot;,&quot;overriding_link&quot;:&quot;%7B%22type%22%3A%22popup_image%22%7D&quot;,&quot;post_id&quot;:0,&quot;query_args&quot;:{&quot;post_type&quot;:[&quot;attachment&quot;],&quot;post__in&quot;:[&quot;8031&quot;,&quot;8036&quot;],&quot;post_status&quot;:&quot;inherit&quot;,&quot;post_mime_type&quot;:&quot;image&quot;,&quot;posts_per_page&quot;:999},&quot;orderby_query_args&quot;:{&quot;orderby&quot;:{&quot;post__in&quot;:&quot;ASC&quot;},&quot;order&quot;:&quot;ASC&quot;},&quot;type&quot;:&quot;grid&quot;,&quot;us_grid_post_type&quot;:&quot;attachment&quot;,&quot;us_grid_ajax_index&quot;:1,&quot;us_grid_filter_query_string&quot;:null,&quot;us_grid_index&quot;:1,&quot;page_args&quot;:[],&quot;lang&quot;:&quot;fi&quot;}}'><\/div>\r\n\t<\/div><div class=\"w-grid-none type_message\">Ei tuloksia.<\/div><\/div><\/div><\/div><\/div><div class=\"w-video align_none ratio_16x9 has_iframe\"><div class=\"w-video-h\"><iframe title=\"Youtube video player\" src=\"\/\/www.youtube.com\/embed\/le7dMgYNDJ8?autoplay=0&controls=1&origin=https:\/\/miil.dev.almic.ee\/fi\/&loop=0&mute=0\" allowfullscreen=\"1\" loading=\"lazy\"><\/iframe><\/div><div class=\"w-video-icon\" style=\"font-size:1.5rem;background:rgba(0,0,0,0.5);color:#fff\"><\/div><\/div><\/div><\/div><\/div><\/div><\/div><\/section>\n","protected":false},"excerpt":{"rendered":"Me Miilill\u00e4 olemme ylpeit\u00e4 innovatiivisten ja r\u00e4\u00e4t\u00e4l\u00f6ityjen ratkaisujen toimittamisesta konttikuljetuksiin. Ymm\u00e4rr\u00e4mme, ett\u00e4 joka paikkaan tai tilanteeseen ei p\u00e4\u00e4st\u00e4 helposti isommilla konttiautoilla. Siksi olemme suunnitelleet ja rakentaneet r\u00e4\u00e4t\u00e4l\u00f6idyn per\u00e4vaunun, joka on erityisesti suunniteltu k\u00e4sittelem\u00e4\u00e4n konttikuljetuksia \u00e4\u00e4rimm\u00e4isen tehokkaasti ja monipuolisesti. RAM-backloaderimme on ainutlaatuinen yhdistelm\u00e4 mukautetun per\u00e4vaunun ja luotettavan Dodge RAM -lava-auton. T\u00e4ll\u00e4 tehokkaalla duolla voimme kuljettaa erilaisia...","protected":false},"author":1,"featured_media":75583,"parent":1588,"menu_order":0,"comment_status":"closed","ping_status":"closed","template":"","meta":{"_acf_changed":false,"footnotes":""},"class_list":["post-12369","page","type-page","status-publish","has-post-thumbnail","hentry"],"acf":[],"yoast_head":"<!-- This site is optimized with the Yoast SEO Premium plugin v23.9 (Yoast SEO v27.5) - https:\/\/yoast.com\/product\/yoast-seo-premium-wordpress\/ -->\n<title>RAM-kippauslaite - Miil O\u00dc<\/title>\n<meta name=\"description\" content=\"RAM-kippauslaite | Dodge RAM | Merikontti | M\u00f6kin myynti | Merikonttikuljetukset | Merikonttien myynti | \u2b50\ufe0f\u2b50\ufe0f\u2b50\ufe0f\u2b50\ufe0f\u2b50\ufe0f\" \/>\n<meta name=\"robots\" content=\"index, follow, max-snippet:-1, max-image-preview:large, max-video-preview:-1\" \/>\n<link rel=\"canonical\" href=\"https:\/\/miil.dev.almic.ee\/fi\/palvelut\/ram-kippauslaite\/\" \/>\n<meta property=\"og:locale\" content=\"fi_FI\" \/>\n<meta property=\"og:type\" content=\"article\" \/>\n<meta property=\"og:title\" content=\"RAM-kippauslaite\" \/>\n<meta property=\"og:description\" content=\"RAM-kippauslaite | Dodge RAM | Merikontti | M\u00f6kin myynti | Merikonttikuljetukset | Merikonttien myynti | \u2b50\ufe0f\u2b50\ufe0f\u2b50\ufe0f\u2b50\ufe0f\u2b50\ufe0f\" \/>\n<meta property=\"og:url\" content=\"https:\/\/miil.dev.almic.ee\/fi\/palvelut\/ram-kippauslaite\/\" \/>\n<meta property=\"og:site_name\" content=\"Miil O\u00dc\" \/>\n<meta property=\"article:publisher\" content=\"https:\/\/www.facebook.com\/konteinerveod\/\" \/>\n<meta property=\"article:modified_time\" content=\"2024-11-14T15:43:43+00:00\" \/>\n<meta property=\"og:image\" content=\"https:\/\/miil.dev.almic.ee\/wp-content\/uploads\/2024\/09\/RAM-kallutaja.jpg\" \/>\n\t<meta property=\"og:image:width\" content=\"1000\" \/>\n\t<meta property=\"og:image:height\" content=\"750\" \/>\n\t<meta property=\"og:image:type\" content=\"image\/jpeg\" \/>\n<meta name=\"twitter:card\" content=\"summary_large_image\" \/>\n<meta name=\"twitter:label1\" content=\"Arvioitu lukuaika\" \/>\n\t<meta name=\"twitter:data1\" content=\"2 minuuttia\" \/>\n<script type=\"application\/ld+json\" class=\"yoast-schema-graph\">{\"@context\":\"https:\\\/\\\/schema.org\",\"@graph\":[{\"@type\":\"WebPage\",\"@id\":\"https:\\\/\\\/miil.dev.almic.ee\\\/fi\\\/palvelut\\\/ram-kippauslaite\\\/\",\"url\":\"https:\\\/\\\/miil.dev.almic.ee\\\/fi\\\/palvelut\\\/ram-kippauslaite\\\/\",\"name\":\"RAM-kippauslaite - Miil O\u00dc\",\"isPartOf\":{\"@id\":\"https:\\\/\\\/miil.dev.almic.ee\\\/#website\"},\"primaryImageOfPage\":{\"@id\":\"https:\\\/\\\/miil.dev.almic.ee\\\/fi\\\/palvelut\\\/ram-kippauslaite\\\/#primaryimage\"},\"image\":{\"@id\":\"https:\\\/\\\/miil.dev.almic.ee\\\/fi\\\/palvelut\\\/ram-kippauslaite\\\/#primaryimage\"},\"thumbnailUrl\":\"https:\\\/\\\/miil.dev.almic.ee\\\/wp-content\\\/uploads\\\/2024\\\/09\\\/RAM-kallutaja.jpg\",\"datePublished\":\"2022-07-28T06:26:54+00:00\",\"dateModified\":\"2024-11-14T15:43:43+00:00\",\"description\":\"RAM-kippauslaite | Dodge RAM | Merikontti | M\u00f6kin myynti | Merikonttikuljetukset | Merikonttien myynti | \u2b50\ufe0f\u2b50\ufe0f\u2b50\ufe0f\u2b50\ufe0f\u2b50\ufe0f\",\"breadcrumb\":{\"@id\":\"https:\\\/\\\/miil.dev.almic.ee\\\/fi\\\/palvelut\\\/ram-kippauslaite\\\/#breadcrumb\"},\"inLanguage\":\"fi\",\"potentialAction\":[{\"@type\":\"ReadAction\",\"target\":[\"https:\\\/\\\/miil.dev.almic.ee\\\/fi\\\/palvelut\\\/ram-kippauslaite\\\/\"]}]},{\"@type\":\"ImageObject\",\"inLanguage\":\"fi\",\"@id\":\"https:\\\/\\\/miil.dev.almic.ee\\\/fi\\\/palvelut\\\/ram-kippauslaite\\\/#primaryimage\",\"url\":\"https:\\\/\\\/miil.dev.almic.ee\\\/wp-content\\\/uploads\\\/2024\\\/09\\\/RAM-kallutaja.jpg\",\"contentUrl\":\"https:\\\/\\\/miil.dev.almic.ee\\\/wp-content\\\/uploads\\\/2024\\\/09\\\/RAM-kallutaja.jpg\",\"width\":1000,\"height\":750},{\"@type\":\"BreadcrumbList\",\"@id\":\"https:\\\/\\\/miil.dev.almic.ee\\\/fi\\\/palvelut\\\/ram-kippauslaite\\\/#breadcrumb\",\"itemListElement\":[{\"@type\":\"ListItem\",\"position\":1,\"name\":\"Home\",\"item\":\"https:\\\/\\\/miil.dev.almic.ee\\\/fi\\\/\"},{\"@type\":\"ListItem\",\"position\":2,\"name\":\"Palvelut\",\"item\":\"https:\\\/\\\/miil.dev.almic.ee\\\/fi\\\/palvelut\\\/\"},{\"@type\":\"ListItem\",\"position\":3,\"name\":\"RAM-kippauslaite\"}]},{\"@type\":\"WebSite\",\"@id\":\"https:\\\/\\\/miil.dev.almic.ee\\\/#website\",\"url\":\"https:\\\/\\\/miil.dev.almic.ee\\\/\",\"name\":\"Miil O\u00dc\",\"description\":\"Konteinerveod\",\"publisher\":{\"@id\":\"https:\\\/\\\/miil.dev.almic.ee\\\/#organization\"},\"potentialAction\":[{\"@type\":\"SearchAction\",\"target\":{\"@type\":\"EntryPoint\",\"urlTemplate\":\"https:\\\/\\\/miil.dev.almic.ee\\\/?s={search_term_string}\"},\"query-input\":{\"@type\":\"PropertyValueSpecification\",\"valueRequired\":true,\"valueName\":\"search_term_string\"}}],\"inLanguage\":\"fi\"},{\"@type\":\"Organization\",\"@id\":\"https:\\\/\\\/miil.dev.almic.ee\\\/#organization\",\"name\":\"Miil O\u00dc\",\"url\":\"https:\\\/\\\/miil.dev.almic.ee\\\/\",\"logo\":{\"@type\":\"ImageObject\",\"inLanguage\":\"fi\",\"@id\":\"https:\\\/\\\/miil.dev.almic.ee\\\/#\\\/schema\\\/logo\\\/image\\\/\",\"url\":\"https:\\\/\\\/www.miil.ee\\\/wp-content\\\/uploads\\\/2022\\\/02\\\/Miil-logo.svg\",\"contentUrl\":\"https:\\\/\\\/www.miil.ee\\\/wp-content\\\/uploads\\\/2022\\\/02\\\/Miil-logo.svg\",\"width\":\"1024\",\"height\":\"1024\",\"caption\":\"Miil O\u00dc\"},\"image\":{\"@id\":\"https:\\\/\\\/miil.dev.almic.ee\\\/#\\\/schema\\\/logo\\\/image\\\/\"},\"sameAs\":[\"https:\\\/\\\/www.facebook.com\\\/konteinerveod\\\/\",\"https:\\\/\\\/www.instagram.com\\\/ou_miil\\\/\"]}]}<\/script>\n<!-- \/ Yoast SEO Premium plugin. -->","yoast_head_json":{"title":"RAM-kippauslaite - Miil O\u00dc","description":"RAM-kippauslaite | Dodge RAM | Merikontti | M\u00f6kin myynti | Merikonttikuljetukset | Merikonttien myynti | \u2b50\ufe0f\u2b50\ufe0f\u2b50\ufe0f\u2b50\ufe0f\u2b50\ufe0f","robots":{"index":"index","follow":"follow","max-snippet":"max-snippet:-1","max-image-preview":"max-image-preview:large","max-video-preview":"max-video-preview:-1"},"canonical":"https:\/\/miil.dev.almic.ee\/fi\/palvelut\/ram-kippauslaite\/","og_locale":"fi_FI","og_type":"article","og_title":"RAM-kippauslaite","og_description":"RAM-kippauslaite | Dodge RAM | Merikontti | M\u00f6kin myynti | Merikonttikuljetukset | Merikonttien myynti | \u2b50\ufe0f\u2b50\ufe0f\u2b50\ufe0f\u2b50\ufe0f\u2b50\ufe0f","og_url":"https:\/\/miil.dev.almic.ee\/fi\/palvelut\/ram-kippauslaite\/","og_site_name":"Miil O\u00dc","article_publisher":"https:\/\/www.facebook.com\/konteinerveod\/","article_modified_time":"2024-11-14T15:43:43+00:00","og_image":[{"width":1000,"height":750,"url":"https:\/\/miil.dev.almic.ee\/wp-content\/uploads\/2024\/09\/RAM-kallutaja.jpg","type":"image\/jpeg"}],"twitter_card":"summary_large_image","twitter_misc":{"Arvioitu lukuaika":"2 minuuttia"},"schema":{"@context":"https:\/\/schema.org","@graph":[{"@type":"WebPage","@id":"https:\/\/miil.dev.almic.ee\/fi\/palvelut\/ram-kippauslaite\/","url":"https:\/\/miil.dev.almic.ee\/fi\/palvelut\/ram-kippauslaite\/","name":"RAM-kippauslaite - Miil O\u00dc","isPartOf":{"@id":"https:\/\/miil.dev.almic.ee\/#website"},"primaryImageOfPage":{"@id":"https:\/\/miil.dev.almic.ee\/fi\/palvelut\/ram-kippauslaite\/#primaryimage"},"image":{"@id":"https:\/\/miil.dev.almic.ee\/fi\/palvelut\/ram-kippauslaite\/#primaryimage"},"thumbnailUrl":"https:\/\/miil.dev.almic.ee\/wp-content\/uploads\/2024\/09\/RAM-kallutaja.jpg","datePublished":"2022-07-28T06:26:54+00:00","dateModified":"2024-11-14T15:43:43+00:00","description":"RAM-kippauslaite | Dodge RAM | Merikontti | M\u00f6kin myynti | Merikonttikuljetukset | Merikonttien myynti | \u2b50\ufe0f\u2b50\ufe0f\u2b50\ufe0f\u2b50\ufe0f\u2b50\ufe0f","breadcrumb":{"@id":"https:\/\/miil.dev.almic.ee\/fi\/palvelut\/ram-kippauslaite\/#breadcrumb"},"inLanguage":"fi","potentialAction":[{"@type":"ReadAction","target":["https:\/\/miil.dev.almic.ee\/fi\/palvelut\/ram-kippauslaite\/"]}]},{"@type":"ImageObject","inLanguage":"fi","@id":"https:\/\/miil.dev.almic.ee\/fi\/palvelut\/ram-kippauslaite\/#primaryimage","url":"https:\/\/miil.dev.almic.ee\/wp-content\/uploads\/2024\/09\/RAM-kallutaja.jpg","contentUrl":"https:\/\/miil.dev.almic.ee\/wp-content\/uploads\/2024\/09\/RAM-kallutaja.jpg","width":1000,"height":750},{"@type":"BreadcrumbList","@id":"https:\/\/miil.dev.almic.ee\/fi\/palvelut\/ram-kippauslaite\/#breadcrumb","itemListElement":[{"@type":"ListItem","position":1,"name":"Home","item":"https:\/\/miil.dev.almic.ee\/fi\/"},{"@type":"ListItem","position":2,"name":"Palvelut","item":"https:\/\/miil.dev.almic.ee\/fi\/palvelut\/"},{"@type":"ListItem","position":3,"name":"RAM-kippauslaite"}]},{"@type":"WebSite","@id":"https:\/\/miil.dev.almic.ee\/#website","url":"https:\/\/miil.dev.almic.ee\/","name":"Miil O\u00dc","description":"Konteinerveod","publisher":{"@id":"https:\/\/miil.dev.almic.ee\/#organization"},"potentialAction":[{"@type":"SearchAction","target":{"@type":"EntryPoint","urlTemplate":"https:\/\/miil.dev.almic.ee\/?s={search_term_string}"},"query-input":{"@type":"PropertyValueSpecification","valueRequired":true,"valueName":"search_term_string"}}],"inLanguage":"fi"},{"@type":"Organization","@id":"https:\/\/miil.dev.almic.ee\/#organization","name":"Miil O\u00dc","url":"https:\/\/miil.dev.almic.ee\/","logo":{"@type":"ImageObject","inLanguage":"fi","@id":"https:\/\/miil.dev.almic.ee\/#\/schema\/logo\/image\/","url":"https:\/\/www.miil.ee\/wp-content\/uploads\/2022\/02\/Miil-logo.svg","contentUrl":"https:\/\/www.miil.ee\/wp-content\/uploads\/2022\/02\/Miil-logo.svg","width":"1024","height":"1024","caption":"Miil O\u00dc"},"image":{"@id":"https:\/\/miil.dev.almic.ee\/#\/schema\/logo\/image\/"},"sameAs":["https:\/\/www.facebook.com\/konteinerveod\/","https:\/\/www.instagram.com\/ou_miil\/"]}]}},"_links":{"self":[{"href":"https:\/\/miil.dev.almic.ee\/fi\/wp-json\/wp\/v2\/pages\/12369","targetHints":{"allow":["GET"]}}],"collection":[{"href":"https:\/\/miil.dev.almic.ee\/fi\/wp-json\/wp\/v2\/pages"}],"about":[{"href":"https:\/\/miil.dev.almic.ee\/fi\/wp-json\/wp\/v2\/types\/page"}],"author":[{"embeddable":true,"href":"https:\/\/miil.dev.almic.ee\/fi\/wp-json\/wp\/v2\/users\/1"}],"replies":[{"embeddable":true,"href":"https:\/\/miil.dev.almic.ee\/fi\/wp-json\/wp\/v2\/comments?post=12369"}],"version-history":[{"count":0,"href":"https:\/\/miil.dev.almic.ee\/fi\/wp-json\/wp\/v2\/pages\/12369\/revisions"}],"up":[{"embeddable":true,"href":"https:\/\/miil.dev.almic.ee\/fi\/wp-json\/wp\/v2\/pages\/1588"}],"wp:featuredmedia":[{"embeddable":true,"href":"https:\/\/miil.dev.almic.ee\/fi\/wp-json\/wp\/v2\/media\/75583"}],"wp:attachment":[{"href":"https:\/\/miil.dev.almic.ee\/fi\/wp-json\/wp\/v2\/media?parent=12369"}],"curies":[{"name":"wp","href":"https:\/\/api.w.org\/{rel}","templated":true}]}}