{"id":12368,"date":"2022-07-28T09:26:51","date_gmt":"2022-07-28T06:26:51","guid":{"rendered":"https:\/\/www.miil.ee\/palvelut\/ylimittaiset-kuljetukset\/"},"modified":"2024-11-15T09:08:15","modified_gmt":"2024-11-15T07:08:15","slug":"ylimittaiset-kuljetukset","status":"publish","type":"page","link":"https:\/\/miil.dev.almic.ee\/fi\/palvelut\/ylimittaiset-kuljetukset\/","title":{"rendered":"Ylimittaiset kuljetukset"},"content":{"rendered":"<section class=\"l-section wpb_row height_medium\"><div class=\"l-section-h i-cf\"><div class=\"g-cols vc_row via_flex valign_top type_default stacking_default\"><div class=\"vc_col-sm-12 wpb_column vc_column_container\"><div class=\"vc_column-inner\"><div class=\"wpb_wrapper\"><div class=\"g-cols wpb_row via_flex valign_top type_default stacking_default\"><div class=\"vc_col-sm-6 wpb_column vc_column_container\"><div class=\"vc_column-inner\"><div class=\"wpb_wrapper\"><div class=\"wpb_text_column\"><div class=\"wpb_wrapper\"><p>Vuoden 2020 alusta asti meill\u00e4 on ollut k\u00e4yt\u00f6ss\u00e4mme erityinen matala per\u00e4vaunu ylimitoitettujen kuormien kuljetusta varten.<\/p>\n<h2>Ylimittaiset kuljetukset &#8211; Per\u00e4vaunun mitat<\/h2>\n<ul>\n<li>Lavan korkeus on 400 mm.<\/li>\n<li>P\u00e4\u00e4lle ajettavan osan pituus on 6 750 mm.<\/li>\n<li>Voidaan pident\u00e4\u00e4 5 500 mm.<\/li>\n<li>Lavan leveys 2 540 mm.<\/li>\n<li>Voidaan levent\u00e4\u00e4 3 000 mm asti.<\/li>\n<\/ul>\n<\/div><\/div><\/div><\/div><\/div><div class=\"vc_col-sm-6 wpb_column vc_column_container\"><div class=\"vc_column-inner\"><div class=\"wpb_wrapper\"><div class=\"w-image align_none\"><a ref=\"magnificPopup\" href=\"https:\/\/miil.dev.almic.ee\/wp-content\/uploads\/2022\/04\/ylegabariit-miil-2-1024x371-1.jpg\" aria-label=\"ylegabariit-miil-2-1024x371\" class=\"w-image-h\"><img decoding=\"async\" width=\"752\" height=\"506\" src=\"https:\/\/miil.dev.almic.ee\/wp-content\/uploads\/2022\/04\/ylegabariit-miil-2-1024x371-1.jpg\" class=\"attachment-full size-full\" alt=\"\" loading=\"lazy\" srcset=\"https:\/\/miil.dev.almic.ee\/wp-content\/uploads\/2022\/04\/ylegabariit-miil-2-1024x371-1.jpg 752w, https:\/\/miil.dev.almic.ee\/wp-content\/uploads\/2022\/04\/ylegabariit-miil-2-1024x371-1-600x404.jpg 600w, https:\/\/miil.dev.almic.ee\/wp-content\/uploads\/2022\/04\/ylegabariit-miil-2-1024x371-1-300x202.jpg 300w\" sizes=\"auto, (max-width: 752px) 100vw, 752px\" \/><\/a><\/div><\/div><\/div><\/div><\/div><div class=\"g-cols wpb_row via_flex valign_top type_default stacking_default\"><div class=\"vc_col-sm-12 wpb_column vc_column_container\"><div class=\"vc_column-inner\"><div class=\"wpb_wrapper\"><div class=\"wpb_text_column\"><div class=\"wpb_wrapper\"><p>Olemassa lukot 20 ja 40 jalan merikonttien kuljetukseen. Lis\u00e4ksi per\u00e4vaunuun voidaan lastata muuta tavaraa, jota voidaan vieritt\u00e4\u00e4 tai nostaa. Kuljetettavan lastin enimm\u00e4ispaino on 30 t. Mik\u00e4li kuljetuksesi paino ylitt\u00e4\u00e4 t\u00e4m\u00e4n painorajan, pyyd\u00e4 meilt\u00e4 tarjous.<\/p>\n<h2>Erilaiset laitteet, eri tavarat.<br \/>\nYlimittaiset kuljetukset vai ei?<\/h2>\n<p>Tavaran koosta ja ominaisuuksista riippuen meill\u00e4 on laaja valikoima merikonttien kuljetukseen suunniteltuja laitteita.<br \/>\nMeill\u00e4 on <a href=\"https:\/\/www.miil.ee\/fi\/palvelut\/sideloader\/\">Sideloader<\/a>, joka nostaa merikontin auton kylkeen. <a href=\"https:\/\/www.miil.ee\/fi\/palvelut\/backloader\/\">Backloader<\/a>, joka kallistaa konttia tyhjentym\u00e4\u00e4n tai mahdollistaa sen lataamisen pystyasentoon.<br \/>\nEdell\u00e4 mainittujen lis\u00e4ksi meill\u00e4 on vakiokonttien rungot sek\u00e4 pieni per\u00e4k\u00e4rry, joka menee henkil\u00f6auton taakse ja pystyy kuljettamaan jopa 6 metri\u00e4 pitki\u00e4 kontteja.<\/p>\n<p>Miil O\u00dc:n konttiterminaalissa tarjoamme seuraavat palvelut:<\/p>\n<ul>\n<li>Laivakonttien lastaus ja purkaminen (mukaan lukien ajoneuvojen lastaus konteissa)<\/li>\n<li>Kuljetuskonttien kaasutus<\/li>\n<li>Varastointis\u00e4ili\u00f6iden varastointiKuljetuskonttien varastointi<\/li>\n<li>S\u00e4ili\u00f6iden puhdistus ja korjaus<\/li>\n<li>Kuljetuskonttien neutralointi<\/li>\n<li>S\u00e4ili\u00f6s\u00e4ili\u00f6iden s\u00e4hk\u00f6l\u00e4mmitys<\/li>\n<li>S\u00e4ili\u00f6s\u00e4ili\u00f6iden h\u00f6yryl\u00e4mmitys<\/li>\n<li>Konttiper\u00e4vaunujen vuokraus<\/li>\n<li>S\u00e4ili\u00f6iden muuntaminen<\/li>\n<li>Konttien maalaus<\/li>\n<\/ul>\n<p>Pyyd\u00e4 tarjous ylimitoitettujen rahtien toimituksesta tai muista palveluista <a href=\"mailto:info@miil.ee\">info@miil.ee<\/a>.<\/p>\n<p>Seuraa meit\u00e4 <a href=\"https:\/\/www.facebook.com\/konteinerveod\/\">Facebook<\/a> tai <a href=\"https:\/\/www.instagram.com\/ou_miil\/\">Instagram<\/a><\/p>\n<\/div><\/div><\/div><\/div><\/div><\/div><div class=\"g-cols wpb_row via_flex valign_top type_default stacking_default\"><div class=\"vc_col-sm-12 wpb_column vc_column_container\"><div class=\"vc_column-inner\"><div class=\"wpb_wrapper\"><div class=\"w-grid type_grid layout_212 hidden\" id=\"us_grid_1\" style=\"--gap:1rem;\" data-filterable=\"true\"><style>.layout_212 .w-grid-item-h{}<\/style><div class=\"w-grid-list\"><\/div><div class=\"w-grid-preloader\">\t<div class=\"g-preloader type_1\">\r\n\t\t<div><\/div>\r\n\t<\/div>\r\n\t<\/div>\t<div class=\"w-grid-json hidden\" onclick='return {&quot;action&quot;:&quot;us_ajax_grid&quot;,&quot;infinite_scroll&quot;:0,&quot;max_num_pages&quot;:0,&quot;pagination&quot;:&quot;none&quot;,&quot;template_vars&quot;:{&quot;columns&quot;:&quot;1&quot;,&quot;exclude_items&quot;:&quot;none&quot;,&quot;img_size&quot;:&quot;full&quot;,&quot;ignore_items_size&quot;:0,&quot;items_layout&quot;:&quot;212&quot;,&quot;items_offset&quot;:&quot;1&quot;,&quot;load_animation&quot;:&quot;none&quot;,&quot;overriding_link&quot;:&quot;%7B%22type%22%3A%22popup_image%22%7D&quot;,&quot;post_id&quot;:0,&quot;query_args&quot;:{&quot;post_type&quot;:[&quot;attachment&quot;],&quot;post__in&quot;:[&quot;1187&quot;,&quot;1192&quot;],&quot;post_status&quot;:&quot;inherit&quot;,&quot;post_mime_type&quot;:&quot;image&quot;,&quot;posts_per_page&quot;:&quot;10&quot;},&quot;orderby_query_args&quot;:{&quot;orderby&quot;:{&quot;post__in&quot;:&quot;ASC&quot;},&quot;order&quot;:&quot;ASC&quot;},&quot;type&quot;:&quot;grid&quot;,&quot;us_grid_post_type&quot;:&quot;attachment&quot;,&quot;us_grid_ajax_index&quot;:1,&quot;us_grid_filter_query_string&quot;:null,&quot;us_grid_index&quot;:1,&quot;page_args&quot;:[],&quot;lang&quot;:&quot;fi&quot;}}'><\/div>\r\n\t<\/div><div class=\"w-grid-none type_message\">Ei tuloksia.<\/div><\/div><\/div><\/div><\/div><\/div><\/div><\/div><\/div><\/div><\/section>\n","protected":false},"excerpt":{"rendered":"Vuoden 2020 alusta asti meill\u00e4 on ollut k\u00e4yt\u00f6ss\u00e4mme erityinen matala per\u00e4vaunu ylimitoitettujen kuormien kuljetusta varten. Ylimittaiset kuljetukset &#8211; Per\u00e4vaunun mitat Lavan korkeus on 400 mm. P\u00e4\u00e4lle ajettavan osan pituus on 6 750 mm. Voidaan pident\u00e4\u00e4 5 500 mm. Lavan leveys 2 540 mm. Voidaan levent\u00e4\u00e4 3 000 mm asti. Olemassa lukot 20 ja 40 jalan...","protected":false},"author":1,"featured_media":75593,"parent":1588,"menu_order":0,"comment_status":"closed","ping_status":"closed","template":"","meta":{"_acf_changed":false,"footnotes":""},"class_list":["post-12368","page","type-page","status-publish","has-post-thumbnail","hentry"],"acf":[],"yoast_head":"<!-- This site is optimized with the Yoast SEO Premium plugin v23.9 (Yoast SEO v27.5) - https:\/\/yoast.com\/product\/yoast-seo-premium-wordpress\/ -->\n<title>Ylimittaiset kuljetukset - Miil O\u00dc<\/title>\n<meta name=\"description\" content=\"Ylimittaiset kuljetukset | Merekonteinerite m\u00fc\u00fck | Merekonteinerite rent | Soojakute m\u00fc\u00fck | Konteinerite transport\" \/>\n<meta name=\"robots\" content=\"index, follow, max-snippet:-1, max-image-preview:large, max-video-preview:-1\" \/>\n<link rel=\"canonical\" href=\"https:\/\/miil.dev.almic.ee\/fi\/palvelut\/ylimittaiset-kuljetukset\/\" \/>\n<meta property=\"og:locale\" content=\"fi_FI\" \/>\n<meta property=\"og:type\" content=\"article\" \/>\n<meta property=\"og:title\" content=\"Ylimittaiset kuljetukset\" \/>\n<meta property=\"og:description\" content=\"Ylimittaiset kuljetukset | Merekonteinerite m\u00fc\u00fck | Merekonteinerite rent | Soojakute m\u00fc\u00fck | Konteinerite transport\" \/>\n<meta property=\"og:url\" content=\"https:\/\/miil.dev.almic.ee\/fi\/palvelut\/ylimittaiset-kuljetukset\/\" \/>\n<meta property=\"og:site_name\" content=\"Miil O\u00dc\" \/>\n<meta property=\"article:publisher\" content=\"https:\/\/www.facebook.com\/konteinerveod\/\" \/>\n<meta property=\"article:modified_time\" content=\"2024-11-15T07:08:15+00:00\" \/>\n<meta property=\"og:image\" content=\"https:\/\/miil.dev.almic.ee\/wp-content\/uploads\/2024\/09\/124659928_640410033322802_7049465830699341945_n.jpg\" \/>\n\t<meta property=\"og:image:width\" content=\"960\" \/>\n\t<meta property=\"og:image:height\" content=\"720\" \/>\n\t<meta property=\"og:image:type\" content=\"image\/jpeg\" \/>\n<meta name=\"twitter:card\" content=\"summary_large_image\" \/>\n<meta name=\"twitter:label1\" content=\"Arvioitu lukuaika\" \/>\n\t<meta name=\"twitter:data1\" content=\"2 minuuttia\" \/>\n<script type=\"application\/ld+json\" class=\"yoast-schema-graph\">{\"@context\":\"https:\\\/\\\/schema.org\",\"@graph\":[{\"@type\":\"WebPage\",\"@id\":\"https:\\\/\\\/miil.dev.almic.ee\\\/fi\\\/palvelut\\\/ylimittaiset-kuljetukset\\\/\",\"url\":\"https:\\\/\\\/miil.dev.almic.ee\\\/fi\\\/palvelut\\\/ylimittaiset-kuljetukset\\\/\",\"name\":\"Ylimittaiset kuljetukset - Miil O\u00dc\",\"isPartOf\":{\"@id\":\"https:\\\/\\\/miil.dev.almic.ee\\\/#website\"},\"primaryImageOfPage\":{\"@id\":\"https:\\\/\\\/miil.dev.almic.ee\\\/fi\\\/palvelut\\\/ylimittaiset-kuljetukset\\\/#primaryimage\"},\"image\":{\"@id\":\"https:\\\/\\\/miil.dev.almic.ee\\\/fi\\\/palvelut\\\/ylimittaiset-kuljetukset\\\/#primaryimage\"},\"thumbnailUrl\":\"https:\\\/\\\/miil.dev.almic.ee\\\/wp-content\\\/uploads\\\/2024\\\/09\\\/124659928_640410033322802_7049465830699341945_n.jpg\",\"datePublished\":\"2022-07-28T06:26:51+00:00\",\"dateModified\":\"2024-11-15T07:08:15+00:00\",\"description\":\"Ylimittaiset kuljetukset | Merekonteinerite m\u00fc\u00fck | Merekonteinerite rent | Soojakute m\u00fc\u00fck | Konteinerite transport\",\"breadcrumb\":{\"@id\":\"https:\\\/\\\/miil.dev.almic.ee\\\/fi\\\/palvelut\\\/ylimittaiset-kuljetukset\\\/#breadcrumb\"},\"inLanguage\":\"fi\",\"potentialAction\":[{\"@type\":\"ReadAction\",\"target\":[\"https:\\\/\\\/miil.dev.almic.ee\\\/fi\\\/palvelut\\\/ylimittaiset-kuljetukset\\\/\"]}]},{\"@type\":\"ImageObject\",\"inLanguage\":\"fi\",\"@id\":\"https:\\\/\\\/miil.dev.almic.ee\\\/fi\\\/palvelut\\\/ylimittaiset-kuljetukset\\\/#primaryimage\",\"url\":\"https:\\\/\\\/miil.dev.almic.ee\\\/wp-content\\\/uploads\\\/2024\\\/09\\\/124659928_640410033322802_7049465830699341945_n.jpg\",\"contentUrl\":\"https:\\\/\\\/miil.dev.almic.ee\\\/wp-content\\\/uploads\\\/2024\\\/09\\\/124659928_640410033322802_7049465830699341945_n.jpg\",\"width\":960,\"height\":720},{\"@type\":\"BreadcrumbList\",\"@id\":\"https:\\\/\\\/miil.dev.almic.ee\\\/fi\\\/palvelut\\\/ylimittaiset-kuljetukset\\\/#breadcrumb\",\"itemListElement\":[{\"@type\":\"ListItem\",\"position\":1,\"name\":\"Home\",\"item\":\"https:\\\/\\\/miil.dev.almic.ee\\\/fi\\\/\"},{\"@type\":\"ListItem\",\"position\":2,\"name\":\"Palvelut\",\"item\":\"https:\\\/\\\/miil.dev.almic.ee\\\/fi\\\/palvelut\\\/\"},{\"@type\":\"ListItem\",\"position\":3,\"name\":\"Ylimittaiset kuljetukset\"}]},{\"@type\":\"WebSite\",\"@id\":\"https:\\\/\\\/miil.dev.almic.ee\\\/#website\",\"url\":\"https:\\\/\\\/miil.dev.almic.ee\\\/\",\"name\":\"Miil O\u00dc\",\"description\":\"Konteinerveod\",\"publisher\":{\"@id\":\"https:\\\/\\\/miil.dev.almic.ee\\\/#organization\"},\"potentialAction\":[{\"@type\":\"SearchAction\",\"target\":{\"@type\":\"EntryPoint\",\"urlTemplate\":\"https:\\\/\\\/miil.dev.almic.ee\\\/?s={search_term_string}\"},\"query-input\":{\"@type\":\"PropertyValueSpecification\",\"valueRequired\":true,\"valueName\":\"search_term_string\"}}],\"inLanguage\":\"fi\"},{\"@type\":\"Organization\",\"@id\":\"https:\\\/\\\/miil.dev.almic.ee\\\/#organization\",\"name\":\"Miil O\u00dc\",\"url\":\"https:\\\/\\\/miil.dev.almic.ee\\\/\",\"logo\":{\"@type\":\"ImageObject\",\"inLanguage\":\"fi\",\"@id\":\"https:\\\/\\\/miil.dev.almic.ee\\\/#\\\/schema\\\/logo\\\/image\\\/\",\"url\":\"https:\\\/\\\/www.miil.ee\\\/wp-content\\\/uploads\\\/2022\\\/02\\\/Miil-logo.svg\",\"contentUrl\":\"https:\\\/\\\/www.miil.ee\\\/wp-content\\\/uploads\\\/2022\\\/02\\\/Miil-logo.svg\",\"width\":\"1024\",\"height\":\"1024\",\"caption\":\"Miil O\u00dc\"},\"image\":{\"@id\":\"https:\\\/\\\/miil.dev.almic.ee\\\/#\\\/schema\\\/logo\\\/image\\\/\"},\"sameAs\":[\"https:\\\/\\\/www.facebook.com\\\/konteinerveod\\\/\",\"https:\\\/\\\/www.instagram.com\\\/ou_miil\\\/\"]}]}<\/script>\n<!-- \/ Yoast SEO Premium plugin. -->","yoast_head_json":{"title":"Ylimittaiset kuljetukset - Miil O\u00dc","description":"Ylimittaiset kuljetukset | Merekonteinerite m\u00fc\u00fck | Merekonteinerite rent | Soojakute m\u00fc\u00fck | Konteinerite transport","robots":{"index":"index","follow":"follow","max-snippet":"max-snippet:-1","max-image-preview":"max-image-preview:large","max-video-preview":"max-video-preview:-1"},"canonical":"https:\/\/miil.dev.almic.ee\/fi\/palvelut\/ylimittaiset-kuljetukset\/","og_locale":"fi_FI","og_type":"article","og_title":"Ylimittaiset kuljetukset","og_description":"Ylimittaiset kuljetukset | Merekonteinerite m\u00fc\u00fck | Merekonteinerite rent | Soojakute m\u00fc\u00fck | Konteinerite transport","og_url":"https:\/\/miil.dev.almic.ee\/fi\/palvelut\/ylimittaiset-kuljetukset\/","og_site_name":"Miil O\u00dc","article_publisher":"https:\/\/www.facebook.com\/konteinerveod\/","article_modified_time":"2024-11-15T07:08:15+00:00","og_image":[{"width":960,"height":720,"url":"https:\/\/miil.dev.almic.ee\/wp-content\/uploads\/2024\/09\/124659928_640410033322802_7049465830699341945_n.jpg","type":"image\/jpeg"}],"twitter_card":"summary_large_image","twitter_misc":{"Arvioitu lukuaika":"2 minuuttia"},"schema":{"@context":"https:\/\/schema.org","@graph":[{"@type":"WebPage","@id":"https:\/\/miil.dev.almic.ee\/fi\/palvelut\/ylimittaiset-kuljetukset\/","url":"https:\/\/miil.dev.almic.ee\/fi\/palvelut\/ylimittaiset-kuljetukset\/","name":"Ylimittaiset kuljetukset - Miil O\u00dc","isPartOf":{"@id":"https:\/\/miil.dev.almic.ee\/#website"},"primaryImageOfPage":{"@id":"https:\/\/miil.dev.almic.ee\/fi\/palvelut\/ylimittaiset-kuljetukset\/#primaryimage"},"image":{"@id":"https:\/\/miil.dev.almic.ee\/fi\/palvelut\/ylimittaiset-kuljetukset\/#primaryimage"},"thumbnailUrl":"https:\/\/miil.dev.almic.ee\/wp-content\/uploads\/2024\/09\/124659928_640410033322802_7049465830699341945_n.jpg","datePublished":"2022-07-28T06:26:51+00:00","dateModified":"2024-11-15T07:08:15+00:00","description":"Ylimittaiset kuljetukset | Merekonteinerite m\u00fc\u00fck | Merekonteinerite rent | Soojakute m\u00fc\u00fck | Konteinerite transport","breadcrumb":{"@id":"https:\/\/miil.dev.almic.ee\/fi\/palvelut\/ylimittaiset-kuljetukset\/#breadcrumb"},"inLanguage":"fi","potentialAction":[{"@type":"ReadAction","target":["https:\/\/miil.dev.almic.ee\/fi\/palvelut\/ylimittaiset-kuljetukset\/"]}]},{"@type":"ImageObject","inLanguage":"fi","@id":"https:\/\/miil.dev.almic.ee\/fi\/palvelut\/ylimittaiset-kuljetukset\/#primaryimage","url":"https:\/\/miil.dev.almic.ee\/wp-content\/uploads\/2024\/09\/124659928_640410033322802_7049465830699341945_n.jpg","contentUrl":"https:\/\/miil.dev.almic.ee\/wp-content\/uploads\/2024\/09\/124659928_640410033322802_7049465830699341945_n.jpg","width":960,"height":720},{"@type":"BreadcrumbList","@id":"https:\/\/miil.dev.almic.ee\/fi\/palvelut\/ylimittaiset-kuljetukset\/#breadcrumb","itemListElement":[{"@type":"ListItem","position":1,"name":"Home","item":"https:\/\/miil.dev.almic.ee\/fi\/"},{"@type":"ListItem","position":2,"name":"Palvelut","item":"https:\/\/miil.dev.almic.ee\/fi\/palvelut\/"},{"@type":"ListItem","position":3,"name":"Ylimittaiset kuljetukset"}]},{"@type":"WebSite","@id":"https:\/\/miil.dev.almic.ee\/#website","url":"https:\/\/miil.dev.almic.ee\/","name":"Miil O\u00dc","description":"Konteinerveod","publisher":{"@id":"https:\/\/miil.dev.almic.ee\/#organization"},"potentialAction":[{"@type":"SearchAction","target":{"@type":"EntryPoint","urlTemplate":"https:\/\/miil.dev.almic.ee\/?s={search_term_string}"},"query-input":{"@type":"PropertyValueSpecification","valueRequired":true,"valueName":"search_term_string"}}],"inLanguage":"fi"},{"@type":"Organization","@id":"https:\/\/miil.dev.almic.ee\/#organization","name":"Miil O\u00dc","url":"https:\/\/miil.dev.almic.ee\/","logo":{"@type":"ImageObject","inLanguage":"fi","@id":"https:\/\/miil.dev.almic.ee\/#\/schema\/logo\/image\/","url":"https:\/\/www.miil.ee\/wp-content\/uploads\/2022\/02\/Miil-logo.svg","contentUrl":"https:\/\/www.miil.ee\/wp-content\/uploads\/2022\/02\/Miil-logo.svg","width":"1024","height":"1024","caption":"Miil O\u00dc"},"image":{"@id":"https:\/\/miil.dev.almic.ee\/#\/schema\/logo\/image\/"},"sameAs":["https:\/\/www.facebook.com\/konteinerveod\/","https:\/\/www.instagram.com\/ou_miil\/"]}]}},"_links":{"self":[{"href":"https:\/\/miil.dev.almic.ee\/fi\/wp-json\/wp\/v2\/pages\/12368","targetHints":{"allow":["GET"]}}],"collection":[{"href":"https:\/\/miil.dev.almic.ee\/fi\/wp-json\/wp\/v2\/pages"}],"about":[{"href":"https:\/\/miil.dev.almic.ee\/fi\/wp-json\/wp\/v2\/types\/page"}],"author":[{"embeddable":true,"href":"https:\/\/miil.dev.almic.ee\/fi\/wp-json\/wp\/v2\/users\/1"}],"replies":[{"embeddable":true,"href":"https:\/\/miil.dev.almic.ee\/fi\/wp-json\/wp\/v2\/comments?post=12368"}],"version-history":[{"count":0,"href":"https:\/\/miil.dev.almic.ee\/fi\/wp-json\/wp\/v2\/pages\/12368\/revisions"}],"up":[{"embeddable":true,"href":"https:\/\/miil.dev.almic.ee\/fi\/wp-json\/wp\/v2\/pages\/1588"}],"wp:featuredmedia":[{"embeddable":true,"href":"https:\/\/miil.dev.almic.ee\/fi\/wp-json\/wp\/v2\/media\/75593"}],"wp:attachment":[{"href":"https:\/\/miil.dev.almic.ee\/fi\/wp-json\/wp\/v2\/media?parent=12368"}],"curies":[{"name":"wp","href":"https:\/\/api.w.org\/{rel}","templated":true}]}}