{"id":12364,"date":"2022-07-28T09:26:31","date_gmt":"2022-07-28T06:26:31","guid":{"rendered":"https:\/\/www.miil.ee\/kontit\/"},"modified":"2023-05-18T14:38:02","modified_gmt":"2023-05-18T11:38:02","slug":"kontit","status":"publish","type":"page","link":"https:\/\/miil.dev.almic.ee\/fi\/kontit\/","title":{"rendered":"Kontit"},"content":{"rendered":"<section class=\"l-section wpb_row height_medium\"><div class=\"l-section-h i-cf\"><div class=\"g-cols vc_row via_flex valign_top type_default stacking_default\"><div class=\"vc_col-sm-12 wpb_column vc_column_container\"><div class=\"vc_column-inner\"><div class=\"wpb_wrapper\"><div class=\"wpb_text_column\"><div class=\"wpb_wrapper\"><p>Merikontti on ISO-vaatimusten (ISO 6346) mukainen standardoitu tavaratila, jota k\u00e4ytet\u00e4\u00e4n kansainv\u00e4liseen tavaran kuljetukseen tai varastointiin. Merikontit tulivat tunnetuiksi 1950- ja 1960-luvulla. Malcolm Mclean \u2013 merikonttien is\u00e4 \u2013 omisti aikansa suurimman kuljetusyrityksen ja halusi luoda kevyen ja nopean kuljetustavan. H\u00e4n kokeili menetelm\u00e4n toteuttamista eri mitoilla, kunnes nykyinen standardi kehitettiin vuonna 1956. Merikonttien k\u00e4ytt\u00f6\u00f6noton my\u00f6t\u00e4 tavarankuljetuskustannukset laskivat noin kuudesta dollarista muutamaan kymmeneen senttiin. Kuten kaikissa standardeissa, my\u00f6s konteissa on paljon poikkeuksia. Yleens\u00e4 puhutaan 20- tai 40-jalkaisesta kontista, jonka ulkomitat ovat metreiss\u00e4 mitattuna 6 tai 12 metri\u00e4. Kontteja on yleens\u00e4 kahta eri korkeutta: matala eli DC-kontti 2,59 m ja korkea eli <em>High Cube<\/em> (HC) 2,9 m. K\u00e4ytettyjen konttien hintaero on yleens\u00e4 vaatimaton ja riippuu l\u00e4hinn\u00e4 kontin kunnosta. Edell\u00e4 mainittujen (20\u2032 ja 40\u2032) lis\u00e4ksi my\u00f6s seuraavat pituudet ovat yleisi\u00e4:<\/p>\n<ul>\n<li>45-jalkainen kontti \u2013 13,7 m;<\/li>\n<li>10-jalkainen kontti \u2013 3 m;<\/li>\n<\/ul>\n<p>Kontin k\u00e4ytt\u00f6tarkoituksesta ja kuljetettavan tavaran erityisluonteesta riippuen vakiokonttien ja korkeiden konttien lis\u00e4ksi k\u00e4yt\u00f6ss\u00e4 on my\u00f6s erilaisia konttivaihtoehtoja:<\/p>\n<ul>\n<li>p\u00e4\u00e4lt\u00e4 avoin eli <em>Open Top<\/em> (OT)<\/li>\n<li>pariovellinen eli <em> Double Door <\/em>(DD)<\/li>\n<li>tankkikontti;<\/li>\n<li>pelkk\u00e4 pohja kahdella p\u00e4\u00e4tysein\u00e4ll\u00e4, k\u00e4ytet\u00e4\u00e4n suurempien tavaroiden kuljettamiseen<em>(Flat<\/em>-kontti).<\/li>\n<li>jne.<\/li>\n<\/ul>\n<p>Tiedot konttien tarkemmista mitoista l\u00f6ytyv\u00e4t <a href=\"https:\/\/www.miil.ee\/fi\/kontit\/konttien-mitat\/\">t\u00e4\u00e4lt\u00e4<\/a>. Jos etsit 6\u201312 metrin s\u00e4ili\u00f6t\u00e4,<a href=\"\/?product_cat=koik\" target=\"_blank\" rel=\"noreferrer noopener\" aria-label=\" \">tutustu tarjoamiimme kontteihin<\/a> (avataan uudessa v\u00e4lilehdess\u00e4).<\/p>\n<h2>Konttien rakentaminen<\/h2>\n<p>Merikontti on valmistettu s\u00e4\u00e4nkest\u00e4v\u00e4st\u00e4 ter\u00e4ksest\u00e4, joka on eritt\u00e4in kest\u00e4v\u00e4 materiaali. &#8221;Corten Steel\u201d on korroosionkest\u00e4v\u00e4\u00e4, ja pinnoittamattomana se muodostaa ulkopintaan kerroksen, joka suojaa sit\u00e4 happamalta ymp\u00e4rist\u00f6lt\u00e4. Soveltuu hyvin merikuljetuksiin tai varastointiin. Konttia korjattaessa tulee ehdottomasti k\u00e4ytt\u00e4\u00e4 samaa materiaalia. Kontin tehopisteit\u00e4 ovat sen kulmat ja pohja. Kontin pohja on valmistettu lujasta puusta, ja sen alla on 150 mm:n metallipalkit noin 500 mm:n v\u00e4lein, joten pohja kest\u00e4\u00e4 eritt\u00e4in paljon painoa. Itse kontti kest\u00e4\u00e4 noin 25\u201328 tonnia tavaraa, pienempi 3 m:n kontti 10 tonnia. Esimerkiksi t\u00e4ysikokoinen maasturi on kontille varsin kevyt kuorma.<\/p>\n<h2>Miksi ostaa kontti Miil O\u00dc:st\u00e4?<\/h2>\n<p>Jos haluat kotipihalle varastotilan, vajan tai autotallin, on kontti eritt\u00e4in suosittu vaihtoehto. Uusilla varastokonteilla on pieni etu merikontteihin n\u00e4hden, sill\u00e4 niihin on tehtaalla asennettu lukkosuoja, niiden saranat ovat voideltavat, tuuletusaukkoja on enemm\u00e4n ja p\u00e4\u00e4ovi avataan yhdell\u00e4 kahvalla, jotta my\u00f6s pienimm\u00e4t perheenj\u00e4senet p\u00e4\u00e4sev\u00e4t helposti varastotilaan. Miil O\u00dc on suurin ja paras Baltiassa toimiva kontteja myyv\u00e4 ja kuljettava yritys. Tarjoamme uusien varastokonttien ja eristettyjen konttien lis\u00e4ksi my\u00f6s edullisempia, k\u00e4ytettyj\u00e4 merikontteja. Varastossa on heti olemassa yli 150 erilaista konttia, joten sinun ei tarvitse odottaa toimitustasi kohtuuttomia aikoja. Toimitus asiakkaalle on taattu! Kun olet valinnut sopivan kontin, tuomme sen haluamaasi paikkaan ja nostamme sen paikoilleen erityisell\u00e4 konttirekalla. Automme on suunniteltu erityisesti merikonttien kuljettamiseen, ja tavarat saapuvat sinulle t\u00e4sm\u00e4lleen samassa kunnossa kuin ne ovat terminaalissa. Selke\u00e4t hinnat on mainittu kotisivuillamme kontin kuvien ja mittojen kanssa.<\/p>\n<\/div><\/div>[vc_raw_html][\/vc_raw_html]<\/div><\/div><\/div><\/div><\/div><\/section>\n","protected":false},"excerpt":{"rendered":"Merikontti on ISO-vaatimusten (ISO 6346) mukainen standardoitu tavaratila, jota k\u00e4ytet\u00e4\u00e4n kansainv\u00e4liseen tavaran kuljetukseen tai varastointiin. Merikontit tulivat tunnetuiksi 1950- ja 1960-luvulla. Malcolm Mclean \u2013 merikonttien is\u00e4 \u2013 omisti aikansa suurimman kuljetusyrityksen ja halusi luoda kevyen ja nopean kuljetustavan. H\u00e4n kokeili menetelm\u00e4n toteuttamista eri mitoilla, kunnes nykyinen standardi kehitettiin vuonna 1956. Merikonttien k\u00e4ytt\u00f6\u00f6noton my\u00f6t\u00e4 tavarankuljetuskustannukset laskivat...","protected":false},"author":1,"featured_media":0,"parent":0,"menu_order":0,"comment_status":"closed","ping_status":"closed","template":"","meta":{"_acf_changed":false,"footnotes":""},"class_list":["post-12364","page","type-page","status-publish","hentry"],"acf":[],"yoast_head":"<!-- This site is optimized with the Yoast SEO Premium plugin v23.9 (Yoast SEO v27.5) - https:\/\/yoast.com\/product\/yoast-seo-premium-wordpress\/ -->\n<title>Kontit - Miil O\u00dc<\/title>\n<meta name=\"description\" content=\"kontit | Merekonteinerite m\u00fc\u00fck | Merekonteinerite rent | Soojakute m\u00fc\u00fck | Konteinerite transport | Konteinerite m\u00fc\u00fck | Moodulmajade m\u00fc\u00fck\" \/>\n<meta name=\"robots\" content=\"index, follow, max-snippet:-1, max-image-preview:large, max-video-preview:-1\" \/>\n<link rel=\"canonical\" href=\"https:\/\/miil.dev.almic.ee\/fi\/kontit\/\" \/>\n<meta property=\"og:locale\" content=\"fi_FI\" \/>\n<meta property=\"og:type\" content=\"article\" \/>\n<meta property=\"og:title\" content=\"Kontit\" \/>\n<meta property=\"og:description\" content=\"kontit | Merekonteinerite m\u00fc\u00fck | Merekonteinerite rent | Soojakute m\u00fc\u00fck | Konteinerite transport | Konteinerite m\u00fc\u00fck | Moodulmajade m\u00fc\u00fck\" \/>\n<meta property=\"og:url\" content=\"https:\/\/miil.dev.almic.ee\/fi\/kontit\/\" \/>\n<meta property=\"og:site_name\" content=\"Miil O\u00dc\" \/>\n<meta property=\"article:publisher\" content=\"https:\/\/www.facebook.com\/konteinerveod\/\" \/>\n<meta property=\"article:modified_time\" content=\"2023-05-18T11:38:02+00:00\" \/>\n<meta name=\"twitter:card\" content=\"summary_large_image\" \/>\n<meta name=\"twitter:label1\" content=\"Arvioitu lukuaika\" \/>\n\t<meta name=\"twitter:data1\" content=\"3 minuuttia\" \/>\n<script type=\"application\/ld+json\" class=\"yoast-schema-graph\">{\"@context\":\"https:\\\/\\\/schema.org\",\"@graph\":[{\"@type\":\"WebPage\",\"@id\":\"https:\\\/\\\/miil.dev.almic.ee\\\/fi\\\/kontit\\\/\",\"url\":\"https:\\\/\\\/miil.dev.almic.ee\\\/fi\\\/kontit\\\/\",\"name\":\"Kontit - Miil O\u00dc\",\"isPartOf\":{\"@id\":\"https:\\\/\\\/miil.dev.almic.ee\\\/#website\"},\"datePublished\":\"2022-07-28T06:26:31+00:00\",\"dateModified\":\"2023-05-18T11:38:02+00:00\",\"description\":\"kontit | Merekonteinerite m\u00fc\u00fck | Merekonteinerite rent | Soojakute m\u00fc\u00fck | Konteinerite transport | Konteinerite m\u00fc\u00fck | Moodulmajade m\u00fc\u00fck\",\"breadcrumb\":{\"@id\":\"https:\\\/\\\/miil.dev.almic.ee\\\/fi\\\/kontit\\\/#breadcrumb\"},\"inLanguage\":\"fi\",\"potentialAction\":[{\"@type\":\"ReadAction\",\"target\":[\"https:\\\/\\\/miil.dev.almic.ee\\\/fi\\\/kontit\\\/\"]}]},{\"@type\":\"BreadcrumbList\",\"@id\":\"https:\\\/\\\/miil.dev.almic.ee\\\/fi\\\/kontit\\\/#breadcrumb\",\"itemListElement\":[{\"@type\":\"ListItem\",\"position\":1,\"name\":\"Home\",\"item\":\"https:\\\/\\\/miil.dev.almic.ee\\\/fi\\\/\"},{\"@type\":\"ListItem\",\"position\":2,\"name\":\"Kontit\"}]},{\"@type\":\"WebSite\",\"@id\":\"https:\\\/\\\/miil.dev.almic.ee\\\/#website\",\"url\":\"https:\\\/\\\/miil.dev.almic.ee\\\/\",\"name\":\"Miil O\u00dc\",\"description\":\"Konteinerveod\",\"publisher\":{\"@id\":\"https:\\\/\\\/miil.dev.almic.ee\\\/#organization\"},\"potentialAction\":[{\"@type\":\"SearchAction\",\"target\":{\"@type\":\"EntryPoint\",\"urlTemplate\":\"https:\\\/\\\/miil.dev.almic.ee\\\/?s={search_term_string}\"},\"query-input\":{\"@type\":\"PropertyValueSpecification\",\"valueRequired\":true,\"valueName\":\"search_term_string\"}}],\"inLanguage\":\"fi\"},{\"@type\":\"Organization\",\"@id\":\"https:\\\/\\\/miil.dev.almic.ee\\\/#organization\",\"name\":\"Miil O\u00dc\",\"url\":\"https:\\\/\\\/miil.dev.almic.ee\\\/\",\"logo\":{\"@type\":\"ImageObject\",\"inLanguage\":\"fi\",\"@id\":\"https:\\\/\\\/miil.dev.almic.ee\\\/#\\\/schema\\\/logo\\\/image\\\/\",\"url\":\"https:\\\/\\\/www.miil.ee\\\/wp-content\\\/uploads\\\/2022\\\/02\\\/Miil-logo.svg\",\"contentUrl\":\"https:\\\/\\\/www.miil.ee\\\/wp-content\\\/uploads\\\/2022\\\/02\\\/Miil-logo.svg\",\"width\":\"1024\",\"height\":\"1024\",\"caption\":\"Miil O\u00dc\"},\"image\":{\"@id\":\"https:\\\/\\\/miil.dev.almic.ee\\\/#\\\/schema\\\/logo\\\/image\\\/\"},\"sameAs\":[\"https:\\\/\\\/www.facebook.com\\\/konteinerveod\\\/\",\"https:\\\/\\\/www.instagram.com\\\/ou_miil\\\/\"]}]}<\/script>\n<!-- \/ Yoast SEO Premium plugin. -->","yoast_head_json":{"title":"Kontit - Miil O\u00dc","description":"kontit | Merekonteinerite m\u00fc\u00fck | Merekonteinerite rent | Soojakute m\u00fc\u00fck | Konteinerite transport | Konteinerite m\u00fc\u00fck | Moodulmajade m\u00fc\u00fck","robots":{"index":"index","follow":"follow","max-snippet":"max-snippet:-1","max-image-preview":"max-image-preview:large","max-video-preview":"max-video-preview:-1"},"canonical":"https:\/\/miil.dev.almic.ee\/fi\/kontit\/","og_locale":"fi_FI","og_type":"article","og_title":"Kontit","og_description":"kontit | Merekonteinerite m\u00fc\u00fck | Merekonteinerite rent | Soojakute m\u00fc\u00fck | Konteinerite transport | Konteinerite m\u00fc\u00fck | Moodulmajade m\u00fc\u00fck","og_url":"https:\/\/miil.dev.almic.ee\/fi\/kontit\/","og_site_name":"Miil O\u00dc","article_publisher":"https:\/\/www.facebook.com\/konteinerveod\/","article_modified_time":"2023-05-18T11:38:02+00:00","twitter_card":"summary_large_image","twitter_misc":{"Arvioitu lukuaika":"3 minuuttia"},"schema":{"@context":"https:\/\/schema.org","@graph":[{"@type":"WebPage","@id":"https:\/\/miil.dev.almic.ee\/fi\/kontit\/","url":"https:\/\/miil.dev.almic.ee\/fi\/kontit\/","name":"Kontit - Miil O\u00dc","isPartOf":{"@id":"https:\/\/miil.dev.almic.ee\/#website"},"datePublished":"2022-07-28T06:26:31+00:00","dateModified":"2023-05-18T11:38:02+00:00","description":"kontit | Merekonteinerite m\u00fc\u00fck | Merekonteinerite rent | Soojakute m\u00fc\u00fck | Konteinerite transport | Konteinerite m\u00fc\u00fck | Moodulmajade m\u00fc\u00fck","breadcrumb":{"@id":"https:\/\/miil.dev.almic.ee\/fi\/kontit\/#breadcrumb"},"inLanguage":"fi","potentialAction":[{"@type":"ReadAction","target":["https:\/\/miil.dev.almic.ee\/fi\/kontit\/"]}]},{"@type":"BreadcrumbList","@id":"https:\/\/miil.dev.almic.ee\/fi\/kontit\/#breadcrumb","itemListElement":[{"@type":"ListItem","position":1,"name":"Home","item":"https:\/\/miil.dev.almic.ee\/fi\/"},{"@type":"ListItem","position":2,"name":"Kontit"}]},{"@type":"WebSite","@id":"https:\/\/miil.dev.almic.ee\/#website","url":"https:\/\/miil.dev.almic.ee\/","name":"Miil O\u00dc","description":"Konteinerveod","publisher":{"@id":"https:\/\/miil.dev.almic.ee\/#organization"},"potentialAction":[{"@type":"SearchAction","target":{"@type":"EntryPoint","urlTemplate":"https:\/\/miil.dev.almic.ee\/?s={search_term_string}"},"query-input":{"@type":"PropertyValueSpecification","valueRequired":true,"valueName":"search_term_string"}}],"inLanguage":"fi"},{"@type":"Organization","@id":"https:\/\/miil.dev.almic.ee\/#organization","name":"Miil O\u00dc","url":"https:\/\/miil.dev.almic.ee\/","logo":{"@type":"ImageObject","inLanguage":"fi","@id":"https:\/\/miil.dev.almic.ee\/#\/schema\/logo\/image\/","url":"https:\/\/www.miil.ee\/wp-content\/uploads\/2022\/02\/Miil-logo.svg","contentUrl":"https:\/\/www.miil.ee\/wp-content\/uploads\/2022\/02\/Miil-logo.svg","width":"1024","height":"1024","caption":"Miil O\u00dc"},"image":{"@id":"https:\/\/miil.dev.almic.ee\/#\/schema\/logo\/image\/"},"sameAs":["https:\/\/www.facebook.com\/konteinerveod\/","https:\/\/www.instagram.com\/ou_miil\/"]}]}},"_links":{"self":[{"href":"https:\/\/miil.dev.almic.ee\/fi\/wp-json\/wp\/v2\/pages\/12364","targetHints":{"allow":["GET"]}}],"collection":[{"href":"https:\/\/miil.dev.almic.ee\/fi\/wp-json\/wp\/v2\/pages"}],"about":[{"href":"https:\/\/miil.dev.almic.ee\/fi\/wp-json\/wp\/v2\/types\/page"}],"author":[{"embeddable":true,"href":"https:\/\/miil.dev.almic.ee\/fi\/wp-json\/wp\/v2\/users\/1"}],"replies":[{"embeddable":true,"href":"https:\/\/miil.dev.almic.ee\/fi\/wp-json\/wp\/v2\/comments?post=12364"}],"version-history":[{"count":0,"href":"https:\/\/miil.dev.almic.ee\/fi\/wp-json\/wp\/v2\/pages\/12364\/revisions"}],"wp:attachment":[{"href":"https:\/\/miil.dev.almic.ee\/fi\/wp-json\/wp\/v2\/media?parent=12364"}],"curies":[{"name":"wp","href":"https:\/\/api.w.org\/{rel}","templated":true}]}}