{"id":74807,"date":"2024-09-16T15:18:43","date_gmt":"2024-09-16T12:18:43","guid":{"rendered":"https:\/\/www.miil.ee\/?post_type=product&#038;p=74807"},"modified":"2025-03-18T11:10:04","modified_gmt":"2025-03-18T09:10:04","slug":"tool-trolley-metal-work-bench","status":"publish","type":"product","link":"https:\/\/miil.dev.almic.ee\/en\/toode\/tool-trolley-metal-work-bench\/","title":{"rendered":"Tool trolley + Metal work bench"},"content":{"rendered":"<h1>Tool trolley + Metal work bench &#8211; durable and complete solution for every room.<\/h1>\n<p>Tool trolley + Metal work bench, which is perfect for a sea container and also for different rooms. We present to you a new product that is high-quality, durable and presentable.<\/p>\n<p>The strong metal construction ensures stability and a solid base for everyday use.<br \/>\nThe tool trolley consists of a durable and high-quality products.<\/p>\n<p>The kit we sell is perfect for a container, workshop, garage, studio or commercial space. The bench has a stylish and timeless design that adds a modern and industrial look to the room.<\/p>\n<p>Due to its practicality, the tool trolley + Metal work bench is a versatile piece of furniture.<\/p>\n<h2>Tool trolley + Metal work bench includes:<\/h2>\n<p>1\/4&#8243; chuck, short 4-4.5-5-5.5-6-7-8-9-10-11-12-13-14 mm<br \/>\n1\/4&#8243; chuck, long 6-7-8-9-10-11-12-13 mm<br \/>\n1\/4&#8243; Torx chuck E4-E5-E6-E7-E8<br \/>\n1\/4&#8243; flat chuck tip 4-5.5-6.5 mm<br \/>\n1\/4&#8243; cross chuck PH1-PH2-PZ1-PZ2<br \/>\n1\/4&#8243; hexagon socket head 3-4-5-6 mm<br \/>\n1\/4&#8243; Torx chuck T8-T10-T15-T20-T25-T27-T30<br \/>\n1\/4&#8243; socket wrench, offset, 72 teeth, chuck lock<br \/>\n1\/4&#8243; extension shaft 50-100 mm<br \/>\n1\/4\u201d T-handle<br \/>\n1\/4\u201d screwdriver handle<br \/>\n1\/4\u201d gimbal<br \/>\ncross tip PH3-PH4-PZ3-PZ4<br \/>\npatch braid SL8-SL10-SL12 mm<br \/>\nhexagon tip 7-8-10-12-14 mm<br \/>\nTorx bit T40-T45-T50-T55-T60<br \/>\nChuck for turning 1\/2&#8243; bits<br \/>\n1\/2&#8243; short chuck 10-11-12-13-14-15-16-17-18-19-21-22-23-24-27-30-32 mm<br \/>\n1\/2&#8243; long chuck 14-15-17-19-22 mm<br \/>\n1\/2&#8243; candle holder 16-21 mm<br \/>\n1\/2&#8243; extension arm 125-250 mm<br \/>\n1\/2\u201d T-handle adapter<br \/>\n1\/2\u201d gimbal<br \/>\n1\/2&#8243; socket wrench, offset, 72 teeth, cartridge lock<br \/>\nsocket wrench offset 6&#215;7-8&#215;9-10&#215;11-12&#215;13-14&#215;15-16&#215;17-18&#215;19-20&#215;22 mm<br \/>\nopen-end wrench, bent 6-7-8-9-10-11-12-13-14-15-16-17-18-19-20-21-21-22-24 mm<br \/>\nscrewdriver flat SL 6&#215;38-3&#215;100-5&#215;75-6&#215;100-8&#215;150-10&#215;200 mm<br \/>\nscrewdriver cross PH PH2x38-PH0x75-PH1x100-PH2x100-PH3X150-PH4X200 mm<br \/>\nmini L-hexagon, 5-piece<br \/>\nL-hexagon, longer ball end 9-piece<br \/>\nL-Torx, 9-piece<br \/>\nhawk beaks, with locking button 250 mm<br \/>\ncutting pliers 150 mm<br \/>\nsharp-tipped pliers 200 mm<br \/>\nlocking ring pliers inside-outside and straight<br \/>\nlockable tinsmith&#8217;s pliers 250 mm<br \/>\nmeasuring tape 3 m<br \/>\nplastic hammer with 340 mm wooden handle<br \/>\nball-point hammer with fiber shaft 310 mm<\/p>\n<p><strong>Overall dimensions:<\/strong><\/p>\n<ul>\n<li>Height: 195cm<\/li>\n<li>Width: 264cm<\/li>\n<li>Depth: 52.5cm<\/li>\n<li>Desktop height: 93.5cm<\/li>\n<\/ul>\n<p>The perfect solution, for your workspace!<\/p>\n<p><strong>Buy now, pay later<\/strong>\u00a0option available:<\/p>\n<ul>\n<li>For retail customers through our partner\u00a0<a href=\"https:\/\/inbank.ee\/laen\/vaikelaen\">Inbank.ee<\/a>\u00a0using reference code\u00a0\u201cKONTEINER\u201d.<\/li>\n<li>For business clients through our partner\u00a0<a href=\"https:\/\/tenor.my.canva.site\/tenor-miil\">Tenor.ee<\/a><\/li>\n<\/ul>\n<p>Follow us on <a href=\"https:\/\/www.facebook.com\/konteinerveod\/\">Facebook<\/a> or <a href=\"https:\/\/www.instagram.com\/ou_miil\/\">Instagram.<\/a><\/p>\n","protected":false},"excerpt":{"rendered":"<p>Tool trolley + Metal work bench &#8211; durable and complete solution for every room. Tool trolley + Metal work bench, which is perfect for a sea container and also for different rooms. We present to you a new product that is high-quality, durable and presentable. The strong metal construction ensures stability and a solid base&#8230;<\/p>\n","protected":false},"featured_media":74812,"comment_status":"closed","ping_status":"closed","template":"","meta":{"_acf_changed":false},"product_cat":[334],"product_tag":[],"class_list":{"0":"post-74807","1":"product","2":"type-product","3":"status-publish","4":"has-post-thumbnail","6":"product_cat-accessories","8":"first","9":"instock","10":"sale","11":"shipping-taxable","12":"purchasable","13":"product-type-simple"},"acf":[],"yoast_head":"<!-- This site is optimized with the Yoast SEO Premium plugin v23.9 (Yoast SEO v27.5) - https:\/\/yoast.com\/product\/yoast-seo-premium-wordpress\/ -->\n<title>Tool trolley + Metal work bench - Miil O\u00dc<\/title>\n<meta name=\"description\" content=\"Tool trolley + Metal work bench | Tool trolley + tool table | Sale of sea containers | Sea container rental | Sale of warmers | Transport of containers |\" \/>\n<meta name=\"robots\" content=\"index, follow, max-snippet:-1, max-image-preview:large, max-video-preview:-1\" \/>\n<link rel=\"canonical\" href=\"https:\/\/miil.dev.almic.ee\/en\/toode\/tool-trolley-metal-work-bench\/\" \/>\n<meta property=\"og:locale\" content=\"en_US\" \/>\n<meta property=\"og:type\" content=\"article\" \/>\n<meta property=\"og:title\" content=\"Tool trolley + Metal work bench\" \/>\n<meta property=\"og:description\" content=\"Tool trolley + Metal work bench | Tool trolley + tool table | Sale of sea containers | Sea container rental | Sale of warmers | Transport of containers |\" \/>\n<meta property=\"og:url\" content=\"https:\/\/miil.dev.almic.ee\/en\/toode\/tool-trolley-metal-work-bench\/\" \/>\n<meta property=\"og:site_name\" content=\"Miil O\u00dc\" \/>\n<meta property=\"article:publisher\" content=\"https:\/\/www.facebook.com\/konteinerveod\/\" \/>\n<meta property=\"article:modified_time\" content=\"2025-03-18T09:10:04+00:00\" \/>\n<meta property=\"og:image\" content=\"https:\/\/miil.dev.almic.ee\/wp-content\/uploads\/2024\/09\/Tookoha-moodul2.jpg\" \/>\n\t<meta property=\"og:image:width\" content=\"986\" \/>\n\t<meta property=\"og:image:height\" content=\"818\" \/>\n\t<meta property=\"og:image:type\" content=\"image\/jpeg\" \/>\n<meta name=\"twitter:card\" content=\"summary_large_image\" \/>\n<meta name=\"twitter:label1\" content=\"Price\" \/>\n\t<meta name=\"twitter:data1\" content=\"1990,00&nbsp;&euro;\" \/>\n\t<meta name=\"twitter:label2\" content=\"Availability\" \/>\n\t<meta name=\"twitter:data2\" content=\"In stock\" \/>\n<script type=\"application\/ld+json\" class=\"yoast-schema-graph\">{\"@context\":\"https:\\\/\\\/schema.org\",\"@graph\":[{\"@type\":\"WebPage\",\"@id\":\"https:\\\/\\\/miil.dev.almic.ee\\\/en\\\/toode\\\/tool-trolley-metal-work-bench\\\/\",\"url\":\"https:\\\/\\\/miil.dev.almic.ee\\\/en\\\/toode\\\/tool-trolley-metal-work-bench\\\/\",\"name\":\"Tool trolley + Metal work bench - Miil O\u00dc\",\"isPartOf\":{\"@id\":\"https:\\\/\\\/miil.dev.almic.ee\\\/#website\"},\"primaryImageOfPage\":{\"@id\":\"https:\\\/\\\/miil.dev.almic.ee\\\/en\\\/toode\\\/tool-trolley-metal-work-bench\\\/#primaryimage\"},\"image\":{\"@id\":\"https:\\\/\\\/miil.dev.almic.ee\\\/en\\\/toode\\\/tool-trolley-metal-work-bench\\\/#primaryimage\"},\"thumbnailUrl\":\"https:\\\/\\\/miil.dev.almic.ee\\\/wp-content\\\/uploads\\\/2024\\\/09\\\/Tookoha-moodul2.jpg\",\"datePublished\":\"2024-09-16T12:18:43+00:00\",\"dateModified\":\"2025-03-18T09:10:04+00:00\",\"description\":\"Tool trolley + Metal work bench | Tool trolley + tool table | Sale of sea containers | Sea container rental | Sale of warmers | Transport of containers |\",\"breadcrumb\":{\"@id\":\"https:\\\/\\\/miil.dev.almic.ee\\\/en\\\/toode\\\/tool-trolley-metal-work-bench\\\/#breadcrumb\"},\"inLanguage\":\"en-US\",\"potentialAction\":[{\"@type\":\"ReadAction\",\"target\":[\"https:\\\/\\\/miil.dev.almic.ee\\\/en\\\/toode\\\/tool-trolley-metal-work-bench\\\/\"]}]},{\"@type\":\"ImageObject\",\"inLanguage\":\"en-US\",\"@id\":\"https:\\\/\\\/miil.dev.almic.ee\\\/en\\\/toode\\\/tool-trolley-metal-work-bench\\\/#primaryimage\",\"url\":\"https:\\\/\\\/miil.dev.almic.ee\\\/wp-content\\\/uploads\\\/2024\\\/09\\\/Tookoha-moodul2.jpg\",\"contentUrl\":\"https:\\\/\\\/miil.dev.almic.ee\\\/wp-content\\\/uploads\\\/2024\\\/09\\\/Tookoha-moodul2.jpg\",\"width\":986,\"height\":818,\"caption\":\"T\u00f6\u00f6riistak\u00e4ru + t\u00f6\u00f6riistalaud\"},{\"@type\":\"BreadcrumbList\",\"@id\":\"https:\\\/\\\/miil.dev.almic.ee\\\/en\\\/toode\\\/tool-trolley-metal-work-bench\\\/#breadcrumb\",\"itemListElement\":[{\"@type\":\"ListItem\",\"position\":1,\"name\":\"Home\",\"item\":\"https:\\\/\\\/miil.dev.almic.ee\\\/en\\\/\"},{\"@type\":\"ListItem\",\"position\":2,\"name\":\"Shop\",\"item\":\"https:\\\/\\\/miil.dev.almic.ee\\\/en\\\/shop\\\/\"},{\"@type\":\"ListItem\",\"position\":3,\"name\":\"Tool trolley + Metal work bench\"}]},{\"@type\":\"WebSite\",\"@id\":\"https:\\\/\\\/miil.dev.almic.ee\\\/#website\",\"url\":\"https:\\\/\\\/miil.dev.almic.ee\\\/\",\"name\":\"Miil O\u00dc\",\"description\":\"Konteinerveod\",\"publisher\":{\"@id\":\"https:\\\/\\\/miil.dev.almic.ee\\\/#organization\"},\"potentialAction\":[{\"@type\":\"SearchAction\",\"target\":{\"@type\":\"EntryPoint\",\"urlTemplate\":\"https:\\\/\\\/miil.dev.almic.ee\\\/?s={search_term_string}\"},\"query-input\":{\"@type\":\"PropertyValueSpecification\",\"valueRequired\":true,\"valueName\":\"search_term_string\"}}],\"inLanguage\":\"en-US\"},{\"@type\":\"Organization\",\"@id\":\"https:\\\/\\\/miil.dev.almic.ee\\\/#organization\",\"name\":\"Miil O\u00dc\",\"url\":\"https:\\\/\\\/miil.dev.almic.ee\\\/\",\"logo\":{\"@type\":\"ImageObject\",\"inLanguage\":\"en-US\",\"@id\":\"https:\\\/\\\/miil.dev.almic.ee\\\/#\\\/schema\\\/logo\\\/image\\\/\",\"url\":\"https:\\\/\\\/www.miil.ee\\\/wp-content\\\/uploads\\\/2022\\\/02\\\/Miil-logo.svg\",\"contentUrl\":\"https:\\\/\\\/www.miil.ee\\\/wp-content\\\/uploads\\\/2022\\\/02\\\/Miil-logo.svg\",\"width\":\"1024\",\"height\":\"1024\",\"caption\":\"Miil O\u00dc\"},\"image\":{\"@id\":\"https:\\\/\\\/miil.dev.almic.ee\\\/#\\\/schema\\\/logo\\\/image\\\/\"},\"sameAs\":[\"https:\\\/\\\/www.facebook.com\\\/konteinerveod\\\/\",\"https:\\\/\\\/www.instagram.com\\\/ou_miil\\\/\"]}]}<\/script>\n<meta property=\"product:price:amount\" content=\"1990.00\" \/>\n<meta property=\"product:price:currency\" content=\"EUR\" \/>\n<meta property=\"og:availability\" content=\"instock\" \/>\n<meta property=\"product:availability\" content=\"instock\" \/>\n<meta property=\"product:condition\" content=\"new\" \/>\n<!-- \/ Yoast SEO Premium plugin. -->","yoast_head_json":{"title":"Tool trolley + Metal work bench - Miil O\u00dc","description":"Tool trolley + Metal work bench | Tool trolley + tool table | Sale of sea containers | Sea container rental | Sale of warmers | Transport of containers |","robots":{"index":"index","follow":"follow","max-snippet":"max-snippet:-1","max-image-preview":"max-image-preview:large","max-video-preview":"max-video-preview:-1"},"canonical":"https:\/\/miil.dev.almic.ee\/en\/toode\/tool-trolley-metal-work-bench\/","og_locale":"en_US","og_type":"article","og_title":"Tool trolley + Metal work bench","og_description":"Tool trolley + Metal work bench | Tool trolley + tool table | Sale of sea containers | Sea container rental | Sale of warmers | Transport of containers |","og_url":"https:\/\/miil.dev.almic.ee\/en\/toode\/tool-trolley-metal-work-bench\/","og_site_name":"Miil O\u00dc","article_publisher":"https:\/\/www.facebook.com\/konteinerveod\/","article_modified_time":"2025-03-18T09:10:04+00:00","og_image":[{"width":986,"height":818,"url":"https:\/\/miil.dev.almic.ee\/wp-content\/uploads\/2024\/09\/Tookoha-moodul2.jpg","type":"image\/jpeg"}],"twitter_card":"summary_large_image","twitter_misc":{"Price":"1990,00&nbsp;&euro;","Availability":"In stock"},"schema":{"@context":"https:\/\/schema.org","@graph":[{"@type":"WebPage","@id":"https:\/\/miil.dev.almic.ee\/en\/toode\/tool-trolley-metal-work-bench\/","url":"https:\/\/miil.dev.almic.ee\/en\/toode\/tool-trolley-metal-work-bench\/","name":"Tool trolley + Metal work bench - Miil O\u00dc","isPartOf":{"@id":"https:\/\/miil.dev.almic.ee\/#website"},"primaryImageOfPage":{"@id":"https:\/\/miil.dev.almic.ee\/en\/toode\/tool-trolley-metal-work-bench\/#primaryimage"},"image":{"@id":"https:\/\/miil.dev.almic.ee\/en\/toode\/tool-trolley-metal-work-bench\/#primaryimage"},"thumbnailUrl":"https:\/\/miil.dev.almic.ee\/wp-content\/uploads\/2024\/09\/Tookoha-moodul2.jpg","datePublished":"2024-09-16T12:18:43+00:00","dateModified":"2025-03-18T09:10:04+00:00","description":"Tool trolley + Metal work bench | Tool trolley + tool table | Sale of sea containers | Sea container rental | Sale of warmers | Transport of containers |","breadcrumb":{"@id":"https:\/\/miil.dev.almic.ee\/en\/toode\/tool-trolley-metal-work-bench\/#breadcrumb"},"inLanguage":"en-US","potentialAction":[{"@type":"ReadAction","target":["https:\/\/miil.dev.almic.ee\/en\/toode\/tool-trolley-metal-work-bench\/"]}]},{"@type":"ImageObject","inLanguage":"en-US","@id":"https:\/\/miil.dev.almic.ee\/en\/toode\/tool-trolley-metal-work-bench\/#primaryimage","url":"https:\/\/miil.dev.almic.ee\/wp-content\/uploads\/2024\/09\/Tookoha-moodul2.jpg","contentUrl":"https:\/\/miil.dev.almic.ee\/wp-content\/uploads\/2024\/09\/Tookoha-moodul2.jpg","width":986,"height":818,"caption":"T\u00f6\u00f6riistak\u00e4ru + t\u00f6\u00f6riistalaud"},{"@type":"BreadcrumbList","@id":"https:\/\/miil.dev.almic.ee\/en\/toode\/tool-trolley-metal-work-bench\/#breadcrumb","itemListElement":[{"@type":"ListItem","position":1,"name":"Home","item":"https:\/\/miil.dev.almic.ee\/en\/"},{"@type":"ListItem","position":2,"name":"Shop","item":"https:\/\/miil.dev.almic.ee\/en\/shop\/"},{"@type":"ListItem","position":3,"name":"Tool trolley + Metal work bench"}]},{"@type":"WebSite","@id":"https:\/\/miil.dev.almic.ee\/#website","url":"https:\/\/miil.dev.almic.ee\/","name":"Miil O\u00dc","description":"Konteinerveod","publisher":{"@id":"https:\/\/miil.dev.almic.ee\/#organization"},"potentialAction":[{"@type":"SearchAction","target":{"@type":"EntryPoint","urlTemplate":"https:\/\/miil.dev.almic.ee\/?s={search_term_string}"},"query-input":{"@type":"PropertyValueSpecification","valueRequired":true,"valueName":"search_term_string"}}],"inLanguage":"en-US"},{"@type":"Organization","@id":"https:\/\/miil.dev.almic.ee\/#organization","name":"Miil O\u00dc","url":"https:\/\/miil.dev.almic.ee\/","logo":{"@type":"ImageObject","inLanguage":"en-US","@id":"https:\/\/miil.dev.almic.ee\/#\/schema\/logo\/image\/","url":"https:\/\/www.miil.ee\/wp-content\/uploads\/2022\/02\/Miil-logo.svg","contentUrl":"https:\/\/www.miil.ee\/wp-content\/uploads\/2022\/02\/Miil-logo.svg","width":"1024","height":"1024","caption":"Miil O\u00dc"},"image":{"@id":"https:\/\/miil.dev.almic.ee\/#\/schema\/logo\/image\/"},"sameAs":["https:\/\/www.facebook.com\/konteinerveod\/","https:\/\/www.instagram.com\/ou_miil\/"]}]},"product_price_amount":"1990.00","product_price_currency":"EUR","og_availability":"instock","product_availability":"instock","product_condition":"new"},"_links":{"self":[{"href":"https:\/\/miil.dev.almic.ee\/en\/wp-json\/wp\/v2\/product\/74807","targetHints":{"allow":["GET"]}}],"collection":[{"href":"https:\/\/miil.dev.almic.ee\/en\/wp-json\/wp\/v2\/product"}],"about":[{"href":"https:\/\/miil.dev.almic.ee\/en\/wp-json\/wp\/v2\/types\/product"}],"replies":[{"embeddable":true,"href":"https:\/\/miil.dev.almic.ee\/en\/wp-json\/wp\/v2\/comments?post=74807"}],"wp:featuredmedia":[{"embeddable":true,"href":"https:\/\/miil.dev.almic.ee\/en\/wp-json\/wp\/v2\/media\/74812"}],"wp:attachment":[{"href":"https:\/\/miil.dev.almic.ee\/en\/wp-json\/wp\/v2\/media?parent=74807"}],"wp:term":[{"taxonomy":"product_cat","embeddable":true,"href":"https:\/\/miil.dev.almic.ee\/en\/wp-json\/wp\/v2\/product_cat?post=74807"},{"taxonomy":"product_tag","embeddable":true,"href":"https:\/\/miil.dev.almic.ee\/en\/wp-json\/wp\/v2\/product_tag?post=74807"}],"curies":[{"name":"wp","href":"https:\/\/api.w.org\/{rel}","templated":true}]}}