{"id":58498,"date":"2024-03-08T23:05:38","date_gmt":"2024-03-08T21:05:38","guid":{"rendered":"https:\/\/www.miil.ee\/?post_type=product&#038;p=58498"},"modified":"2024-08-21T18:10:32","modified_gmt":"2024-08-21T15:10:32","slug":"20hcos-merekonteiner-miiu2304515","status":"publish","type":"product","link":"https:\/\/miil.dev.almic.ee\/en\/toode\/20hcos-merekonteiner-miiu2304515\/","title":{"rendered":"20HCOS Merekonteiner MIIU2304515"},"content":{"rendered":"<h1>\u201cUUS\u201d ONE-WAY laokonteiner.<\/h1>\n<p>Tegemist on haruldase 20HCOS merekonteineriga, mis on k\u00fcljelt avatav ja k\u00f5rge variant.<br \/>\nV\u00e4rvitooniks tumeroheline RAL6007<br \/>\nK\u00f5ik konteinerid toodetakse Aasias.<br \/>\nUued konteinerid liiguvad meie terminali koos \u00fche suuna kaubaga, et v\u00e4ltida transpordikulusi, mis muidu lisanduks konteineri hinnale.<\/p>\n<p>*Ilmastikukindluse garantii 50 aastat.<br \/>\n*Pildid vastavad reklaamitavale konteinerile.<br \/>\n*Konteineril v\u00f5ib olla transpordil tekkinud v\u00e4iksemaid iluvigu.<br \/>\n*Merekonteineril on kokku neli linki ja saab paigaldada 3+ lukku.<br \/>\n*Laokonteineril on kokku kolm linki, mis asuvad merekonteineri linkidest k\u00f5rgemal.<br \/>\n*Kahe ukse keskel asub lukukaitse.<br \/>\n*Lisa\u00f5hutus k\u00fclgedel.<br \/>\n*J\u00e4relmaks Inbank.ee ja sooduskood \u201cKONTEINER\u201d.<br \/>\n*Kokkuleppel on v\u00f5imalik merekonteineri rent.<br \/>\n*Parima hinna garantii!<\/p>\n<ul>\n<li>Kindel konteiner, kindel kvaliteet!<\/li>\n<\/ul>\n<p>Transpordiks kasutame tavaliselt\u00a0<a href=\"https:\/\/www.miil.ee\/teenused\/kraana\/\">kraanat<\/a>\u00a0v\u00f5i\u00a0<a href=\"https:\/\/www.miil.ee\/teenused\/sideloaders\/\">sideloaderit.<\/a><br \/>\nKeerulisemad kohad lahendame s\u00f5iduauto\u00a0<a href=\"https:\/\/www.miil.ee\/teenused\/sideloaders\/\">j\u00e4relhaagise<\/a>\u00a0abil.<\/p>\n<p>J\u00e4lgi meid\u00a0<a href=\"https:\/\/www.facebook.com\/konteinerveod\/\">Facebookis<\/a>\u00a0v\u00f5i\u00a0<a href=\"https:\/\/www.instagram.com\/ou_miil\/\">Instagramis<\/a><\/p>\n","protected":false},"excerpt":{"rendered":"<p>\u201cUUS\u201d ONE-WAY laokonteiner. Tegemist on haruldase 20HCOS merekonteineriga, mis on k\u00fcljelt avatav ja k\u00f5rge variant. V\u00e4rvitooniks tumeroheline RAL6007 K\u00f5ik konteinerid toodetakse Aasias. Uued konteinerid liiguvad meie terminali koos \u00fche suuna kaubaga, et v\u00e4ltida transpordikulusi, mis muidu lisanduks konteineri hinnale. *Ilmastikukindluse garantii 50 aastat. *Pildid vastavad reklaamitavale konteinerile. *Konteineril v\u00f5ib olla transpordil tekkinud v\u00e4iksemaid iluvigu. *Merekonteineril&#8230;<\/p>\n","protected":false},"featured_media":58503,"comment_status":"closed","ping_status":"closed","template":"","meta":{"_acf_changed":false},"product_cat":[54,131,148],"product_tag":[],"class_list":{"0":"post-58498","1":"product","2":"type-product","3":"status-publish","4":"has-post-thumbnail","6":"product_cat-uued-konteinerid","7":"product_cat-20-6-meetrit-merekonteiner","8":"product_cat-20os-merekonteiner","10":"first","11":"outofstock","12":"shipping-taxable","13":"purchasable","14":"product-type-simple"},"acf":[],"yoast_head":"<!-- This site is optimized with the Yoast SEO Premium plugin v23.9 (Yoast SEO v27.5) - https:\/\/yoast.com\/product\/yoast-seo-premium-wordpress\/ -->\n<title>20HCOS Merekonteiner MIIU2304515 - Miil O\u00dc<\/title>\n<meta name=\"description\" content=\"Merekonteiner 20os, 20 open side, 20 k\u00fclg avatav konteiner, k\u00fcljelt avanev merekonteiner, terve k\u00fclg avatav konteiner, 20os konteiner m\u00fc\u00fcgiks\" \/>\n<meta name=\"robots\" content=\"index, follow, max-snippet:-1, max-image-preview:large, max-video-preview:-1\" \/>\n<link rel=\"canonical\" href=\"https:\/\/miil.dev.almic.ee\/toode\/20hcos-merekonteiner-miiu2304515\/\" \/>\n<meta property=\"og:locale\" content=\"en_US\" \/>\n<meta property=\"og:type\" content=\"article\" \/>\n<meta property=\"og:title\" content=\"20HCOS Merekonteiner MIIU2304515\" \/>\n<meta property=\"og:description\" content=\"Merekonteiner 20os, 20 open side, 20 k\u00fclg avatav konteiner, k\u00fcljelt avanev merekonteiner, terve k\u00fclg avatav konteiner, 20os konteiner m\u00fc\u00fcgiks\" \/>\n<meta property=\"og:url\" content=\"https:\/\/miil.dev.almic.ee\/toode\/20hcos-merekonteiner-miiu2304515\/\" \/>\n<meta property=\"og:site_name\" content=\"Miil O\u00dc\" \/>\n<meta property=\"article:publisher\" content=\"https:\/\/www.facebook.com\/konteinerveod\/\" \/>\n<meta property=\"article:modified_time\" content=\"2024-08-21T15:10:32+00:00\" \/>\n<meta property=\"og:image\" content=\"https:\/\/miil.dev.almic.ee\/wp-content\/uploads\/2024\/03\/High-cume-open-side-container-korge-kulg-avatav-konteiner-merikontti-5-scaled.jpg\" \/>\n\t<meta property=\"og:image:width\" content=\"1900\" \/>\n\t<meta property=\"og:image:height\" content=\"1425\" \/>\n\t<meta property=\"og:image:type\" content=\"image\/jpeg\" \/>\n<meta name=\"twitter:card\" content=\"summary_large_image\" \/>\n<meta name=\"twitter:label1\" content=\"Price\" \/>\n\t<meta name=\"twitter:data1\" content=\"7290,00&nbsp;&euro;\" \/>\n\t<meta name=\"twitter:label2\" content=\"Availability\" \/>\n\t<meta name=\"twitter:data2\" content=\"Out of stock\" \/>\n<script type=\"application\/ld+json\" class=\"yoast-schema-graph\">{\"@context\":\"https:\\\/\\\/schema.org\",\"@graph\":[{\"@type\":\"WebPage\",\"@id\":\"https:\\\/\\\/miil.dev.almic.ee\\\/toode\\\/20hcos-merekonteiner-miiu2304515\\\/\",\"url\":\"https:\\\/\\\/miil.dev.almic.ee\\\/toode\\\/20hcos-merekonteiner-miiu2304515\\\/\",\"name\":\"20HCOS Merekonteiner MIIU2304515 - Miil O\u00dc\",\"isPartOf\":{\"@id\":\"https:\\\/\\\/miil.dev.almic.ee\\\/#website\"},\"primaryImageOfPage\":{\"@id\":\"https:\\\/\\\/miil.dev.almic.ee\\\/toode\\\/20hcos-merekonteiner-miiu2304515\\\/#primaryimage\"},\"image\":{\"@id\":\"https:\\\/\\\/miil.dev.almic.ee\\\/toode\\\/20hcos-merekonteiner-miiu2304515\\\/#primaryimage\"},\"thumbnailUrl\":\"https:\\\/\\\/miil.dev.almic.ee\\\/wp-content\\\/uploads\\\/2024\\\/03\\\/High-cume-open-side-container-korge-kulg-avatav-konteiner-merikontti-5-scaled.jpg\",\"datePublished\":\"2024-03-08T21:05:38+00:00\",\"dateModified\":\"2024-08-21T15:10:32+00:00\",\"description\":\"Merekonteiner 20os, 20 open side, 20 k\u00fclg avatav konteiner, k\u00fcljelt avanev merekonteiner, terve k\u00fclg avatav konteiner, 20os konteiner m\u00fc\u00fcgiks\",\"breadcrumb\":{\"@id\":\"https:\\\/\\\/miil.dev.almic.ee\\\/toode\\\/20hcos-merekonteiner-miiu2304515\\\/#breadcrumb\"},\"inLanguage\":\"en-US\",\"potentialAction\":[{\"@type\":\"ReadAction\",\"target\":[\"https:\\\/\\\/miil.dev.almic.ee\\\/toode\\\/20hcos-merekonteiner-miiu2304515\\\/\"]}]},{\"@type\":\"ImageObject\",\"inLanguage\":\"en-US\",\"@id\":\"https:\\\/\\\/miil.dev.almic.ee\\\/toode\\\/20hcos-merekonteiner-miiu2304515\\\/#primaryimage\",\"url\":\"https:\\\/\\\/miil.dev.almic.ee\\\/wp-content\\\/uploads\\\/2024\\\/03\\\/High-cume-open-side-container-korge-kulg-avatav-konteiner-merikontti-5-scaled.jpg\",\"contentUrl\":\"https:\\\/\\\/miil.dev.almic.ee\\\/wp-content\\\/uploads\\\/2024\\\/03\\\/High-cume-open-side-container-korge-kulg-avatav-konteiner-merikontti-5-scaled.jpg\",\"width\":1900,\"height\":1425,\"caption\":\"k\u00f5rge k\u00fcljelt avatav merekonteiner\"},{\"@type\":\"BreadcrumbList\",\"@id\":\"https:\\\/\\\/miil.dev.almic.ee\\\/toode\\\/20hcos-merekonteiner-miiu2304515\\\/#breadcrumb\",\"itemListElement\":[{\"@type\":\"ListItem\",\"position\":1,\"name\":\"Home\",\"item\":\"https:\\\/\\\/miil.dev.almic.ee\\\/en\\\/\"},{\"@type\":\"ListItem\",\"position\":2,\"name\":\"Shop\",\"item\":\"https:\\\/\\\/miil.dev.almic.ee\\\/en\\\/shop\\\/\"},{\"@type\":\"ListItem\",\"position\":3,\"name\":\"20HCOS Merekonteiner MIIU2304515\"}]},{\"@type\":\"WebSite\",\"@id\":\"https:\\\/\\\/miil.dev.almic.ee\\\/#website\",\"url\":\"https:\\\/\\\/miil.dev.almic.ee\\\/\",\"name\":\"Miil O\u00dc\",\"description\":\"Konteinerveod\",\"publisher\":{\"@id\":\"https:\\\/\\\/miil.dev.almic.ee\\\/#organization\"},\"potentialAction\":[{\"@type\":\"SearchAction\",\"target\":{\"@type\":\"EntryPoint\",\"urlTemplate\":\"https:\\\/\\\/miil.dev.almic.ee\\\/?s={search_term_string}\"},\"query-input\":{\"@type\":\"PropertyValueSpecification\",\"valueRequired\":true,\"valueName\":\"search_term_string\"}}],\"inLanguage\":\"en-US\"},{\"@type\":\"Organization\",\"@id\":\"https:\\\/\\\/miil.dev.almic.ee\\\/#organization\",\"name\":\"Miil O\u00dc\",\"url\":\"https:\\\/\\\/miil.dev.almic.ee\\\/\",\"logo\":{\"@type\":\"ImageObject\",\"inLanguage\":\"en-US\",\"@id\":\"https:\\\/\\\/miil.dev.almic.ee\\\/#\\\/schema\\\/logo\\\/image\\\/\",\"url\":\"https:\\\/\\\/www.miil.ee\\\/wp-content\\\/uploads\\\/2022\\\/02\\\/Miil-logo.svg\",\"contentUrl\":\"https:\\\/\\\/www.miil.ee\\\/wp-content\\\/uploads\\\/2022\\\/02\\\/Miil-logo.svg\",\"width\":\"1024\",\"height\":\"1024\",\"caption\":\"Miil O\u00dc\"},\"image\":{\"@id\":\"https:\\\/\\\/miil.dev.almic.ee\\\/#\\\/schema\\\/logo\\\/image\\\/\"},\"sameAs\":[\"https:\\\/\\\/www.facebook.com\\\/konteinerveod\\\/\",\"https:\\\/\\\/www.instagram.com\\\/ou_miil\\\/\"]}]}<\/script>\n<meta property=\"product:price:amount\" content=\"7290.00\" \/>\n<meta property=\"product:price:currency\" content=\"EUR\" \/>\n<meta property=\"og:availability\" content=\"out of stock\" \/>\n<meta property=\"product:availability\" content=\"out of stock\" \/>\n<meta property=\"product:condition\" content=\"new\" \/>\n<!-- \/ Yoast SEO Premium plugin. -->","yoast_head_json":{"title":"20HCOS Merekonteiner MIIU2304515 - Miil O\u00dc","description":"Merekonteiner 20os, 20 open side, 20 k\u00fclg avatav konteiner, k\u00fcljelt avanev merekonteiner, terve k\u00fclg avatav konteiner, 20os konteiner m\u00fc\u00fcgiks","robots":{"index":"index","follow":"follow","max-snippet":"max-snippet:-1","max-image-preview":"max-image-preview:large","max-video-preview":"max-video-preview:-1"},"canonical":"https:\/\/miil.dev.almic.ee\/toode\/20hcos-merekonteiner-miiu2304515\/","og_locale":"en_US","og_type":"article","og_title":"20HCOS Merekonteiner MIIU2304515","og_description":"Merekonteiner 20os, 20 open side, 20 k\u00fclg avatav konteiner, k\u00fcljelt avanev merekonteiner, terve k\u00fclg avatav konteiner, 20os konteiner m\u00fc\u00fcgiks","og_url":"https:\/\/miil.dev.almic.ee\/toode\/20hcos-merekonteiner-miiu2304515\/","og_site_name":"Miil O\u00dc","article_publisher":"https:\/\/www.facebook.com\/konteinerveod\/","article_modified_time":"2024-08-21T15:10:32+00:00","og_image":[{"width":1900,"height":1425,"url":"https:\/\/miil.dev.almic.ee\/wp-content\/uploads\/2024\/03\/High-cume-open-side-container-korge-kulg-avatav-konteiner-merikontti-5-scaled.jpg","type":"image\/jpeg"}],"twitter_card":"summary_large_image","twitter_misc":{"Price":"7290,00&nbsp;&euro;","Availability":"Out of stock"},"schema":{"@context":"https:\/\/schema.org","@graph":[{"@type":"WebPage","@id":"https:\/\/miil.dev.almic.ee\/toode\/20hcos-merekonteiner-miiu2304515\/","url":"https:\/\/miil.dev.almic.ee\/toode\/20hcos-merekonteiner-miiu2304515\/","name":"20HCOS Merekonteiner MIIU2304515 - Miil O\u00dc","isPartOf":{"@id":"https:\/\/miil.dev.almic.ee\/#website"},"primaryImageOfPage":{"@id":"https:\/\/miil.dev.almic.ee\/toode\/20hcos-merekonteiner-miiu2304515\/#primaryimage"},"image":{"@id":"https:\/\/miil.dev.almic.ee\/toode\/20hcos-merekonteiner-miiu2304515\/#primaryimage"},"thumbnailUrl":"https:\/\/miil.dev.almic.ee\/wp-content\/uploads\/2024\/03\/High-cume-open-side-container-korge-kulg-avatav-konteiner-merikontti-5-scaled.jpg","datePublished":"2024-03-08T21:05:38+00:00","dateModified":"2024-08-21T15:10:32+00:00","description":"Merekonteiner 20os, 20 open side, 20 k\u00fclg avatav konteiner, k\u00fcljelt avanev merekonteiner, terve k\u00fclg avatav konteiner, 20os konteiner m\u00fc\u00fcgiks","breadcrumb":{"@id":"https:\/\/miil.dev.almic.ee\/toode\/20hcos-merekonteiner-miiu2304515\/#breadcrumb"},"inLanguage":"en-US","potentialAction":[{"@type":"ReadAction","target":["https:\/\/miil.dev.almic.ee\/toode\/20hcos-merekonteiner-miiu2304515\/"]}]},{"@type":"ImageObject","inLanguage":"en-US","@id":"https:\/\/miil.dev.almic.ee\/toode\/20hcos-merekonteiner-miiu2304515\/#primaryimage","url":"https:\/\/miil.dev.almic.ee\/wp-content\/uploads\/2024\/03\/High-cume-open-side-container-korge-kulg-avatav-konteiner-merikontti-5-scaled.jpg","contentUrl":"https:\/\/miil.dev.almic.ee\/wp-content\/uploads\/2024\/03\/High-cume-open-side-container-korge-kulg-avatav-konteiner-merikontti-5-scaled.jpg","width":1900,"height":1425,"caption":"k\u00f5rge k\u00fcljelt avatav merekonteiner"},{"@type":"BreadcrumbList","@id":"https:\/\/miil.dev.almic.ee\/toode\/20hcos-merekonteiner-miiu2304515\/#breadcrumb","itemListElement":[{"@type":"ListItem","position":1,"name":"Home","item":"https:\/\/miil.dev.almic.ee\/en\/"},{"@type":"ListItem","position":2,"name":"Shop","item":"https:\/\/miil.dev.almic.ee\/en\/shop\/"},{"@type":"ListItem","position":3,"name":"20HCOS Merekonteiner MIIU2304515"}]},{"@type":"WebSite","@id":"https:\/\/miil.dev.almic.ee\/#website","url":"https:\/\/miil.dev.almic.ee\/","name":"Miil O\u00dc","description":"Konteinerveod","publisher":{"@id":"https:\/\/miil.dev.almic.ee\/#organization"},"potentialAction":[{"@type":"SearchAction","target":{"@type":"EntryPoint","urlTemplate":"https:\/\/miil.dev.almic.ee\/?s={search_term_string}"},"query-input":{"@type":"PropertyValueSpecification","valueRequired":true,"valueName":"search_term_string"}}],"inLanguage":"en-US"},{"@type":"Organization","@id":"https:\/\/miil.dev.almic.ee\/#organization","name":"Miil O\u00dc","url":"https:\/\/miil.dev.almic.ee\/","logo":{"@type":"ImageObject","inLanguage":"en-US","@id":"https:\/\/miil.dev.almic.ee\/#\/schema\/logo\/image\/","url":"https:\/\/www.miil.ee\/wp-content\/uploads\/2022\/02\/Miil-logo.svg","contentUrl":"https:\/\/www.miil.ee\/wp-content\/uploads\/2022\/02\/Miil-logo.svg","width":"1024","height":"1024","caption":"Miil O\u00dc"},"image":{"@id":"https:\/\/miil.dev.almic.ee\/#\/schema\/logo\/image\/"},"sameAs":["https:\/\/www.facebook.com\/konteinerveod\/","https:\/\/www.instagram.com\/ou_miil\/"]}]},"product_price_amount":"7290.00","product_price_currency":"EUR","og_availability":"out of stock","product_availability":"out of stock","product_condition":"new"},"_links":{"self":[{"href":"https:\/\/miil.dev.almic.ee\/en\/wp-json\/wp\/v2\/product\/58498","targetHints":{"allow":["GET"]}}],"collection":[{"href":"https:\/\/miil.dev.almic.ee\/en\/wp-json\/wp\/v2\/product"}],"about":[{"href":"https:\/\/miil.dev.almic.ee\/en\/wp-json\/wp\/v2\/types\/product"}],"replies":[{"embeddable":true,"href":"https:\/\/miil.dev.almic.ee\/en\/wp-json\/wp\/v2\/comments?post=58498"}],"wp:featuredmedia":[{"embeddable":true,"href":"https:\/\/miil.dev.almic.ee\/en\/wp-json\/wp\/v2\/media\/58503"}],"wp:attachment":[{"href":"https:\/\/miil.dev.almic.ee\/en\/wp-json\/wp\/v2\/media?parent=58498"}],"wp:term":[{"taxonomy":"product_cat","embeddable":true,"href":"https:\/\/miil.dev.almic.ee\/en\/wp-json\/wp\/v2\/product_cat?post=58498"},{"taxonomy":"product_tag","embeddable":true,"href":"https:\/\/miil.dev.almic.ee\/en\/wp-json\/wp\/v2\/product_tag?post=58498"}],"curies":[{"name":"wp","href":"https:\/\/api.w.org\/{rel}","templated":true}]}}