{"id":54220,"date":"2023-12-06T17:48:38","date_gmt":"2023-12-06T15:48:38","guid":{"rendered":"https:\/\/www.miil.ee\/?post_type=product&#038;p=54220"},"modified":"2025-03-06T17:57:35","modified_gmt":"2025-03-06T15:57:35","slug":"20dc-storage-container-miiu8722029","status":"publish","type":"product","link":"https:\/\/miil.dev.almic.ee\/en\/toode\/20dc-storage-container-miiu8722029\/","title":{"rendered":"20DC Storage container MIIU8722029 &#8211; TALLINN"},"content":{"rendered":"<h1>&#8220;NEW&#8221; ONE-WAY shipping container MIIU8722029 with roller door.<\/h1>\n<p>Shipping container MIIU8722029 with roller door.<\/p>\n<div class=\"group\/conversation-turn relative flex w-full min-w-0 flex-col agent-turn\">\n<div class=\"flex-col gap-1 md:gap-3\">\n<div class=\"flex max-w-full flex-col flex-grow\">\n<div class=\"min-h-8 text-message flex w-full flex-col items-end gap-2 whitespace-normal break-words text-start [.text-message+&amp;]:mt-5\" dir=\"auto\" data-message-author-role=\"assistant\" data-message-id=\"eb7c1cef-c312-4793-8100-baecd7672404\" data-message-model-slug=\"gpt-4o-mini\">\n<div class=\"flex w-full flex-col gap-1 empty:hidden first:pt-[3px]\">\n<div class=\"markdown prose w-full break-words dark:prose-invert light\">\n<p>A container with a garage door offers versatile use cases, such as providing a portable garage for vehicles or equipment, creating a secure workshop or storage space for tools and materials, or serving as temporary shelter for emergency response teams. It can also be used on farms to store large machinery, in storage facilities to provide larger units for oversized items, or as a mobile retail or pop-up business space.<\/p>\n<p>Additionally, it offers an eco-friendly, budget-friendly housing solution, where the garage door can open up to extend living space outdoors. This flexibility makes it ideal for a range of personal, commercial, and industrial needs.<\/p>\n<\/div>\n<\/div>\n<\/div>\n<\/div>\n<\/div>\n<\/div>\n<p>All containers are manufactured in Asia.<br \/>\nNew containers arrive to our terminal with one-way cargo to avoid transportation costs that would otherwise be added to the price of the container.<\/p>\n<ul>\n<li>Warranty of weather resistance for 50 years.<\/li>\n<li>The pictures correspond to the advertised container.<\/li>\n<li>The container may have minor cosmetic defects from transport.<\/li>\n<li>The sea container has a total of four links and can be fitted with 3+ locks.<\/li>\n<li>The storage container has a total of three links, which are higher than the links of the sea container and also can be fitted with 3+ locks.<\/li>\n<li>The lock guard is located in the middle of the two doors.<\/li>\n<li>Additional ventilation on the sides.<\/li>\n<li>Sea container rental is possible upon agreement.<\/li>\n<li>Best price guarantee!<\/li>\n<\/ul>\n<p><strong>Buy now, pay later<\/strong><span>\u00a0option available:<\/span><br \/>\n<span>For retail customers through our partner\u00a0<\/span><a href=\"https:\/\/inbank.ee\/laen\/vaikelaen\">Inbank.ee<\/a><span>\u00a0using reference code\u00a0<\/span><span>\u201cKONTEINER\u201d.<br \/>\nFor business clients through our partner\u00a0<a href=\"https:\/\/tenor.my.canva.site\/tenor-miil\">Tenor.ee<\/a><\/span><\/p>\n<p>We always make the best offer for an equivalent container.<\/p>\n<h2>Shipping container MIIU8722029 with roller door \u2013 Transport and lifting?<\/h2>\n<p>After choosing a suitable container, we also offer transport.<br \/>\nWe usually use\u00a0<a href=\"https:\/\/www.miil.ee\/en\/services\/crane\/\">crane truck<\/a>\u00a0or\u00a0<a href=\"https:\/\/www.miil.ee\/en\/services\/sideloaders\/\">side loaders<\/a>\u00a0for transport.<br \/>\nWe use the\u00a0<a href=\"https:\/\/www.miil.ee\/en\/services\/ram-backloader\/\">RAM backloader<\/a>\u00a0to cover the most difficult places.<br \/>\nAfter purchase, we store your container at our terminal free of charge for up to six months.<\/p>\n<ul>\n<li>Best price guarantee \u2013 we always make the best offer for the container.<\/li>\n<\/ul>\n<p>Follow us on\u00a0<a href=\"https:\/\/www.facebook.com\/konteinerveod\/\">Facebook<\/a>\u00a0or\u00a0<a href=\"https:\/\/www.instagram.com\/ou_miil\/\">Instagram.<\/a><\/p>\n","protected":false},"excerpt":{"rendered":"<p>The &#8220;NEW&#8221; ONE-WAY shipping container with a roller door offers versatile uses such as a portable garage, secure workshop, or mobile retail space, and comes with a 50-year weather resistance warranty. Transport and installation are flexible, with the option to store containers for up to six months at no additional cost, and a best price guarantee for both retail and business customers.<\/p>\n","protected":false},"featured_media":60778,"comment_status":"closed","ping_status":"closed","template":"","meta":{"_acf_changed":false},"product_cat":[354,450,454],"product_tag":[],"class_list":{"0":"post-54220","1":"product","2":"type-product","3":"status-publish","4":"has-post-thumbnail","6":"product_cat-new-containers","7":"product_cat-20-6-metre-en","8":"product_cat-20-dc-standard","10":"first","11":"instock","12":"sale","13":"shipping-taxable","14":"purchasable","15":"product-type-simple"},"acf":[],"yoast_head":"<!-- This site is optimized with the Yoast SEO Premium plugin v23.9 (Yoast SEO v27.5) - https:\/\/yoast.com\/product\/yoast-seo-premium-wordpress\/ -->\n<title>shipping container MIIU8722029 with roller door - Miil O\u00dc<\/title>\n<meta name=\"description\" content=\"Shipping container MIIU8722029 with roller door | Shipping container sales | Container with a garage door | new sea container | Best in Estonia \u2b50\ufe0f\u2b50\ufe0f\u2b50\ufe0f\u2b50\ufe0f\u2b50\ufe0f\" \/>\n<meta name=\"robots\" content=\"index, follow, max-snippet:-1, max-image-preview:large, max-video-preview:-1\" \/>\n<link rel=\"canonical\" href=\"https:\/\/miil.dev.almic.ee\/en\/toode\/20dc-storage-container-miiu8722029\/\" \/>\n<meta property=\"og:locale\" content=\"en_US\" \/>\n<meta property=\"og:type\" content=\"article\" \/>\n<meta property=\"og:title\" content=\"20DC Storage container MIIU8722029 - TALLINN\" \/>\n<meta property=\"og:description\" content=\"Shipping container MIIU8722029 with roller door | Shipping container sales | Container with a garage door | new sea container | Best in Estonia \u2b50\ufe0f\u2b50\ufe0f\u2b50\ufe0f\u2b50\ufe0f\u2b50\ufe0f\" \/>\n<meta property=\"og:url\" content=\"https:\/\/miil.dev.almic.ee\/en\/toode\/20dc-storage-container-miiu8722029\/\" \/>\n<meta property=\"og:site_name\" content=\"Miil O\u00dc\" \/>\n<meta property=\"article:publisher\" content=\"https:\/\/www.facebook.com\/konteinerveod\/\" \/>\n<meta property=\"article:modified_time\" content=\"2025-03-06T15:57:35+00:00\" \/>\n<meta property=\"og:image\" content=\"https:\/\/miil.dev.almic.ee\/wp-content\/uploads\/2023\/12\/konteinerite-muuk-3.jpg\" \/>\n\t<meta property=\"og:image:width\" content=\"1728\" \/>\n\t<meta property=\"og:image:height\" content=\"1296\" \/>\n\t<meta property=\"og:image:type\" content=\"image\/jpeg\" \/>\n<meta name=\"twitter:card\" content=\"summary_large_image\" \/>\n<meta name=\"twitter:label1\" content=\"Price\" \/>\n\t<meta name=\"twitter:data1\" content=\"4990,00&nbsp;&euro;\" \/>\n\t<meta name=\"twitter:label2\" content=\"Availability\" \/>\n\t<meta name=\"twitter:data2\" content=\"In stock\" \/>\n<script type=\"application\/ld+json\" class=\"yoast-schema-graph\">{\"@context\":\"https:\\\/\\\/schema.org\",\"@graph\":[{\"@type\":\"WebPage\",\"@id\":\"https:\\\/\\\/miil.dev.almic.ee\\\/en\\\/toode\\\/20dc-storage-container-miiu8722029\\\/\",\"url\":\"https:\\\/\\\/miil.dev.almic.ee\\\/en\\\/toode\\\/20dc-storage-container-miiu8722029\\\/\",\"name\":\"shipping container MIIU8722029 with roller door - Miil O\u00dc\",\"isPartOf\":{\"@id\":\"https:\\\/\\\/miil.dev.almic.ee\\\/#website\"},\"primaryImageOfPage\":{\"@id\":\"https:\\\/\\\/miil.dev.almic.ee\\\/en\\\/toode\\\/20dc-storage-container-miiu8722029\\\/#primaryimage\"},\"image\":{\"@id\":\"https:\\\/\\\/miil.dev.almic.ee\\\/en\\\/toode\\\/20dc-storage-container-miiu8722029\\\/#primaryimage\"},\"thumbnailUrl\":\"https:\\\/\\\/miil.dev.almic.ee\\\/wp-content\\\/uploads\\\/2023\\\/12\\\/konteinerite-muuk-3.jpg\",\"datePublished\":\"2023-12-06T15:48:38+00:00\",\"dateModified\":\"2025-03-06T15:57:35+00:00\",\"description\":\"Shipping container MIIU8722029 with roller door | Shipping container sales | Container with a garage door | new sea container | Best in Estonia \u2b50\ufe0f\u2b50\ufe0f\u2b50\ufe0f\u2b50\ufe0f\u2b50\ufe0f\",\"breadcrumb\":{\"@id\":\"https:\\\/\\\/miil.dev.almic.ee\\\/en\\\/toode\\\/20dc-storage-container-miiu8722029\\\/#breadcrumb\"},\"inLanguage\":\"en-US\",\"potentialAction\":[{\"@type\":\"ReadAction\",\"target\":[\"https:\\\/\\\/miil.dev.almic.ee\\\/en\\\/toode\\\/20dc-storage-container-miiu8722029\\\/\"]}]},{\"@type\":\"ImageObject\",\"inLanguage\":\"en-US\",\"@id\":\"https:\\\/\\\/miil.dev.almic.ee\\\/en\\\/toode\\\/20dc-storage-container-miiu8722029\\\/#primaryimage\",\"url\":\"https:\\\/\\\/miil.dev.almic.ee\\\/wp-content\\\/uploads\\\/2023\\\/12\\\/konteinerite-muuk-3.jpg\",\"contentUrl\":\"https:\\\/\\\/miil.dev.almic.ee\\\/wp-content\\\/uploads\\\/2023\\\/12\\\/konteinerite-muuk-3.jpg\",\"width\":1728,\"height\":1296,\"caption\":\"T\u00f5stuksega merekonteiner m\u00fc\u00fck konteiner\"},{\"@type\":\"BreadcrumbList\",\"@id\":\"https:\\\/\\\/miil.dev.almic.ee\\\/en\\\/toode\\\/20dc-storage-container-miiu8722029\\\/#breadcrumb\",\"itemListElement\":[{\"@type\":\"ListItem\",\"position\":1,\"name\":\"Home\",\"item\":\"https:\\\/\\\/miil.dev.almic.ee\\\/en\\\/\"},{\"@type\":\"ListItem\",\"position\":2,\"name\":\"Shop\",\"item\":\"https:\\\/\\\/miil.dev.almic.ee\\\/en\\\/shop\\\/\"},{\"@type\":\"ListItem\",\"position\":3,\"name\":\"20DC Storage container MIIU8722029 &#8211; TALLINN\"}]},{\"@type\":\"WebSite\",\"@id\":\"https:\\\/\\\/miil.dev.almic.ee\\\/#website\",\"url\":\"https:\\\/\\\/miil.dev.almic.ee\\\/\",\"name\":\"Miil O\u00dc\",\"description\":\"Konteinerveod\",\"publisher\":{\"@id\":\"https:\\\/\\\/miil.dev.almic.ee\\\/#organization\"},\"potentialAction\":[{\"@type\":\"SearchAction\",\"target\":{\"@type\":\"EntryPoint\",\"urlTemplate\":\"https:\\\/\\\/miil.dev.almic.ee\\\/?s={search_term_string}\"},\"query-input\":{\"@type\":\"PropertyValueSpecification\",\"valueRequired\":true,\"valueName\":\"search_term_string\"}}],\"inLanguage\":\"en-US\"},{\"@type\":\"Organization\",\"@id\":\"https:\\\/\\\/miil.dev.almic.ee\\\/#organization\",\"name\":\"Miil O\u00dc\",\"url\":\"https:\\\/\\\/miil.dev.almic.ee\\\/\",\"logo\":{\"@type\":\"ImageObject\",\"inLanguage\":\"en-US\",\"@id\":\"https:\\\/\\\/miil.dev.almic.ee\\\/#\\\/schema\\\/logo\\\/image\\\/\",\"url\":\"https:\\\/\\\/www.miil.ee\\\/wp-content\\\/uploads\\\/2022\\\/02\\\/Miil-logo.svg\",\"contentUrl\":\"https:\\\/\\\/www.miil.ee\\\/wp-content\\\/uploads\\\/2022\\\/02\\\/Miil-logo.svg\",\"width\":\"1024\",\"height\":\"1024\",\"caption\":\"Miil O\u00dc\"},\"image\":{\"@id\":\"https:\\\/\\\/miil.dev.almic.ee\\\/#\\\/schema\\\/logo\\\/image\\\/\"},\"sameAs\":[\"https:\\\/\\\/www.facebook.com\\\/konteinerveod\\\/\",\"https:\\\/\\\/www.instagram.com\\\/ou_miil\\\/\"]}]}<\/script>\n<meta property=\"product:price:amount\" content=\"4990.00\" \/>\n<meta property=\"product:price:currency\" content=\"EUR\" \/>\n<meta property=\"og:availability\" content=\"instock\" \/>\n<meta property=\"product:availability\" content=\"instock\" \/>\n<meta property=\"product:retailer_item_id\" content=\"MIIU8722029\" \/>\n<meta property=\"product:condition\" content=\"new\" \/>\n<!-- \/ Yoast SEO Premium plugin. -->","yoast_head_json":{"title":"shipping container MIIU8722029 with roller door - Miil O\u00dc","description":"Shipping container MIIU8722029 with roller door | Shipping container sales | Container with a garage door | new sea container | Best in Estonia \u2b50\ufe0f\u2b50\ufe0f\u2b50\ufe0f\u2b50\ufe0f\u2b50\ufe0f","robots":{"index":"index","follow":"follow","max-snippet":"max-snippet:-1","max-image-preview":"max-image-preview:large","max-video-preview":"max-video-preview:-1"},"canonical":"https:\/\/miil.dev.almic.ee\/en\/toode\/20dc-storage-container-miiu8722029\/","og_locale":"en_US","og_type":"article","og_title":"20DC Storage container MIIU8722029 - TALLINN","og_description":"Shipping container MIIU8722029 with roller door | Shipping container sales | Container with a garage door | new sea container | Best in Estonia \u2b50\ufe0f\u2b50\ufe0f\u2b50\ufe0f\u2b50\ufe0f\u2b50\ufe0f","og_url":"https:\/\/miil.dev.almic.ee\/en\/toode\/20dc-storage-container-miiu8722029\/","og_site_name":"Miil O\u00dc","article_publisher":"https:\/\/www.facebook.com\/konteinerveod\/","article_modified_time":"2025-03-06T15:57:35+00:00","og_image":[{"width":1728,"height":1296,"url":"https:\/\/miil.dev.almic.ee\/wp-content\/uploads\/2023\/12\/konteinerite-muuk-3.jpg","type":"image\/jpeg"}],"twitter_card":"summary_large_image","twitter_misc":{"Price":"4990,00&nbsp;&euro;","Availability":"In stock"},"schema":{"@context":"https:\/\/schema.org","@graph":[{"@type":"WebPage","@id":"https:\/\/miil.dev.almic.ee\/en\/toode\/20dc-storage-container-miiu8722029\/","url":"https:\/\/miil.dev.almic.ee\/en\/toode\/20dc-storage-container-miiu8722029\/","name":"shipping container MIIU8722029 with roller door - Miil O\u00dc","isPartOf":{"@id":"https:\/\/miil.dev.almic.ee\/#website"},"primaryImageOfPage":{"@id":"https:\/\/miil.dev.almic.ee\/en\/toode\/20dc-storage-container-miiu8722029\/#primaryimage"},"image":{"@id":"https:\/\/miil.dev.almic.ee\/en\/toode\/20dc-storage-container-miiu8722029\/#primaryimage"},"thumbnailUrl":"https:\/\/miil.dev.almic.ee\/wp-content\/uploads\/2023\/12\/konteinerite-muuk-3.jpg","datePublished":"2023-12-06T15:48:38+00:00","dateModified":"2025-03-06T15:57:35+00:00","description":"Shipping container MIIU8722029 with roller door | Shipping container sales | Container with a garage door | new sea container | Best in Estonia \u2b50\ufe0f\u2b50\ufe0f\u2b50\ufe0f\u2b50\ufe0f\u2b50\ufe0f","breadcrumb":{"@id":"https:\/\/miil.dev.almic.ee\/en\/toode\/20dc-storage-container-miiu8722029\/#breadcrumb"},"inLanguage":"en-US","potentialAction":[{"@type":"ReadAction","target":["https:\/\/miil.dev.almic.ee\/en\/toode\/20dc-storage-container-miiu8722029\/"]}]},{"@type":"ImageObject","inLanguage":"en-US","@id":"https:\/\/miil.dev.almic.ee\/en\/toode\/20dc-storage-container-miiu8722029\/#primaryimage","url":"https:\/\/miil.dev.almic.ee\/wp-content\/uploads\/2023\/12\/konteinerite-muuk-3.jpg","contentUrl":"https:\/\/miil.dev.almic.ee\/wp-content\/uploads\/2023\/12\/konteinerite-muuk-3.jpg","width":1728,"height":1296,"caption":"T\u00f5stuksega merekonteiner m\u00fc\u00fck konteiner"},{"@type":"BreadcrumbList","@id":"https:\/\/miil.dev.almic.ee\/en\/toode\/20dc-storage-container-miiu8722029\/#breadcrumb","itemListElement":[{"@type":"ListItem","position":1,"name":"Home","item":"https:\/\/miil.dev.almic.ee\/en\/"},{"@type":"ListItem","position":2,"name":"Shop","item":"https:\/\/miil.dev.almic.ee\/en\/shop\/"},{"@type":"ListItem","position":3,"name":"20DC Storage container MIIU8722029 &#8211; TALLINN"}]},{"@type":"WebSite","@id":"https:\/\/miil.dev.almic.ee\/#website","url":"https:\/\/miil.dev.almic.ee\/","name":"Miil O\u00dc","description":"Konteinerveod","publisher":{"@id":"https:\/\/miil.dev.almic.ee\/#organization"},"potentialAction":[{"@type":"SearchAction","target":{"@type":"EntryPoint","urlTemplate":"https:\/\/miil.dev.almic.ee\/?s={search_term_string}"},"query-input":{"@type":"PropertyValueSpecification","valueRequired":true,"valueName":"search_term_string"}}],"inLanguage":"en-US"},{"@type":"Organization","@id":"https:\/\/miil.dev.almic.ee\/#organization","name":"Miil O\u00dc","url":"https:\/\/miil.dev.almic.ee\/","logo":{"@type":"ImageObject","inLanguage":"en-US","@id":"https:\/\/miil.dev.almic.ee\/#\/schema\/logo\/image\/","url":"https:\/\/www.miil.ee\/wp-content\/uploads\/2022\/02\/Miil-logo.svg","contentUrl":"https:\/\/www.miil.ee\/wp-content\/uploads\/2022\/02\/Miil-logo.svg","width":"1024","height":"1024","caption":"Miil O\u00dc"},"image":{"@id":"https:\/\/miil.dev.almic.ee\/#\/schema\/logo\/image\/"},"sameAs":["https:\/\/www.facebook.com\/konteinerveod\/","https:\/\/www.instagram.com\/ou_miil\/"]}]},"product_price_amount":"4990.00","product_price_currency":"EUR","og_availability":"instock","product_availability":"instock","product_retailer_item_id":"MIIU8722029","product_condition":"new"},"_links":{"self":[{"href":"https:\/\/miil.dev.almic.ee\/en\/wp-json\/wp\/v2\/product\/54220","targetHints":{"allow":["GET"]}}],"collection":[{"href":"https:\/\/miil.dev.almic.ee\/en\/wp-json\/wp\/v2\/product"}],"about":[{"href":"https:\/\/miil.dev.almic.ee\/en\/wp-json\/wp\/v2\/types\/product"}],"replies":[{"embeddable":true,"href":"https:\/\/miil.dev.almic.ee\/en\/wp-json\/wp\/v2\/comments?post=54220"}],"wp:featuredmedia":[{"embeddable":true,"href":"https:\/\/miil.dev.almic.ee\/en\/wp-json\/wp\/v2\/media\/60778"}],"wp:attachment":[{"href":"https:\/\/miil.dev.almic.ee\/en\/wp-json\/wp\/v2\/media?parent=54220"}],"wp:term":[{"taxonomy":"product_cat","embeddable":true,"href":"https:\/\/miil.dev.almic.ee\/en\/wp-json\/wp\/v2\/product_cat?post=54220"},{"taxonomy":"product_tag","embeddable":true,"href":"https:\/\/miil.dev.almic.ee\/en\/wp-json\/wp\/v2\/product_tag?post=54220"}],"curies":[{"name":"wp","href":"https:\/\/api.w.org\/{rel}","templated":true}]}}