{"id":15682,"date":"2022-05-18T14:16:05","date_gmt":"2022-05-18T11:16:05","guid":{"rendered":"https:\/\/www.miil.ee\/toode\/rehviriiul-500-sugav-x1800-lai-x2100-korge-1910-valimine-laius-3-tasapinnaga\/"},"modified":"2024-12-16T13:57:58","modified_gmt":"2024-12-16T11:57:58","slug":"tire-rack","status":"publish","type":"product","link":"https:\/\/miil.dev.almic.ee\/en\/toode\/tire-rack\/","title":{"rendered":"Tire rack"},"content":{"rendered":"<h1>Tire rack with 3 levels &#8211; the ideal solution for storing tires<\/h1>\n<p>Tire rack with 3 levels! Store your tires neatly and space-saving with our high-quality Rack for tires. This practical rack is specially designed for safe and orderly storage of tires, ensuring their longevity and protection.<\/p>\n<p>Our Tire Rack has three levels that allow you to easily organize and separate tires of different sizes. The shelf is made of durable material, which ensures its stability and durability for daily use. It measures 500mm deep, 1800mm wide and 2100mm high (1910mm outer width), offering plenty of room to fit multiple tires comfortably.<\/p>\n<p>Ordering is easy and convenient. Visit our website MIIL.ee and select Tire rack from the &#8220;Accessories&#8221; category. The price is only \u20ac220.00 + vat, which makes it a great investment for storing tires in your garage, workshop or commercial space.<\/p>\n<p>Our customers&#8217; satisfaction is our priority. The quality, durability and functionality of the tire rack have received a lot of positive feedback. Our expert team is always ready to help you and answer all your questions and needs.<\/p>\n<p>Order the Tire Rack with 3 levels from the MIIL.ee website today and ensure proper storage and protection for your tires. We are known for our reliable and high quality products and offer a wide range of sea containers and other accessories. Check out our wide range of products and find the best solution for your needs!<\/p>\n<p>This product is in high demand, so don&#8217;t miss this opportunity. Store your tires neatly and organized by choosing our high-quality Tire Rack with 3 levels. Your tires value longer life and effective protection. Order today and enjoy the comfort and quality offered by <a href=\"http:\/\/miil.ee\/en\">MIIL.ee<\/a>.<\/p>\n<p><strong>Buy now, pay later<\/strong><span>\u00a0option available:<\/span><br \/>\n<span><\/span><\/p>\n<ul>\n<li><span>For retail customers through our partner\u00a0<\/span><a href=\"https:\/\/inbank.ee\/laen\/vaikelaen\">Inbank.ee<\/a><span>\u00a0using reference code\u00a0<\/span><span>\u201cKONTEINER\u201d.<br \/>\n<\/span><\/li>\n<li><span>For business clients through our partner\u00a0<a href=\"https:\/\/tenor.my.canva.site\/tenor-miil\">Tenor.ee<\/a><\/span><\/li>\n<\/ul>\n<p>See other shelves and accessories <a href=\"https:\/\/www.miil.ee\/en\/merekonteinerid\/accessories\/\">here!<\/a><\/p>\n<p>Follow us on<span>\u00a0<\/span><a href=\"https:\/\/www.facebook.com\/merekonteiner\/\">Facebook<\/a><span>\u00a0<\/span>or<span>\u00a0<\/span><a href=\"https:\/\/www.instagram.com\/ou_miil\/\">Instagram<\/a><\/p>\n","protected":false},"excerpt":{"rendered":"<p>Tire rack<br \/>\n500 s\u00fcgav x1800 lai x2100 k\u00f5rge, (1910 v\u00e4limine laius)<\/p>\n","protected":false},"featured_media":2369,"comment_status":"closed","ping_status":"closed","template":"","meta":{"_acf_changed":false},"product_cat":[334],"product_tag":[],"class_list":{"0":"post-15682","1":"product","2":"type-product","3":"status-publish","4":"has-post-thumbnail","6":"product_cat-accessories","8":"first","9":"instock","10":"shipping-taxable","11":"purchasable","12":"product-type-simple"},"acf":[],"yoast_head":"<!-- This site is optimized with the Yoast SEO Premium plugin v23.9 (Yoast SEO v27.5) - https:\/\/yoast.com\/product\/yoast-seo-premium-wordpress\/ -->\n<title>Tire rack with 3 levels - Miil O\u00dc<\/title>\n<meta name=\"description\" content=\"Tire rack | Mini houses and cottages | Rent and Sales of cabins | Transportation and repairs | Electrical works and heating \u2b50\ufe0f\u2b50\ufe0f\u2b50\ufe0f\u2b50\ufe0f\u2b50\ufe0f\" \/>\n<meta name=\"robots\" content=\"index, follow, max-snippet:-1, max-image-preview:large, max-video-preview:-1\" \/>\n<link rel=\"canonical\" href=\"https:\/\/miil.dev.almic.ee\/en\/toode\/tire-rack\/\" \/>\n<meta property=\"og:locale\" content=\"en_US\" \/>\n<meta property=\"og:type\" content=\"article\" \/>\n<meta property=\"og:title\" content=\"Tire rack\" \/>\n<meta property=\"og:description\" content=\"Tire rack | Mini houses and cottages | Rent and Sales of cabins | Transportation and repairs | Electrical works and heating \u2b50\ufe0f\u2b50\ufe0f\u2b50\ufe0f\u2b50\ufe0f\u2b50\ufe0f\" \/>\n<meta property=\"og:url\" content=\"https:\/\/miil.dev.almic.ee\/en\/toode\/tire-rack\/\" \/>\n<meta property=\"og:site_name\" content=\"Miil O\u00dc\" \/>\n<meta property=\"article:publisher\" content=\"https:\/\/www.facebook.com\/konteinerveod\/\" \/>\n<meta property=\"article:modified_time\" content=\"2024-12-16T11:57:58+00:00\" \/>\n<meta property=\"og:image\" content=\"https:\/\/miil.dev.almic.ee\/wp-content\/uploads\/2022\/05\/rehviriiul-2-1.jpg\" \/>\n\t<meta property=\"og:image:width\" content=\"719\" \/>\n\t<meta property=\"og:image:height\" content=\"731\" \/>\n\t<meta property=\"og:image:type\" content=\"image\/jpeg\" \/>\n<meta name=\"twitter:card\" content=\"summary_large_image\" \/>\n<meta name=\"twitter:label1\" content=\"Price\" \/>\n\t<meta name=\"twitter:data1\" content=\"220,00&nbsp;&euro;\" \/>\n\t<meta name=\"twitter:label2\" content=\"Availability\" \/>\n\t<meta name=\"twitter:data2\" content=\"In stock\" \/>\n<script type=\"application\/ld+json\" class=\"yoast-schema-graph\">{\"@context\":\"https:\\\/\\\/schema.org\",\"@graph\":[{\"@type\":\"WebPage\",\"@id\":\"https:\\\/\\\/miil.dev.almic.ee\\\/en\\\/toode\\\/tire-rack\\\/\",\"url\":\"https:\\\/\\\/miil.dev.almic.ee\\\/en\\\/toode\\\/tire-rack\\\/\",\"name\":\"Tire rack with 3 levels - Miil O\u00dc\",\"isPartOf\":{\"@id\":\"https:\\\/\\\/miil.dev.almic.ee\\\/#website\"},\"primaryImageOfPage\":{\"@id\":\"https:\\\/\\\/miil.dev.almic.ee\\\/en\\\/toode\\\/tire-rack\\\/#primaryimage\"},\"image\":{\"@id\":\"https:\\\/\\\/miil.dev.almic.ee\\\/en\\\/toode\\\/tire-rack\\\/#primaryimage\"},\"thumbnailUrl\":\"https:\\\/\\\/miil.dev.almic.ee\\\/wp-content\\\/uploads\\\/2022\\\/05\\\/rehviriiul-2-1.jpg\",\"datePublished\":\"2022-05-18T11:16:05+00:00\",\"dateModified\":\"2024-12-16T11:57:58+00:00\",\"description\":\"Tire rack | Mini houses and cottages | Rent and Sales of cabins | Transportation and repairs | Electrical works and heating \u2b50\ufe0f\u2b50\ufe0f\u2b50\ufe0f\u2b50\ufe0f\u2b50\ufe0f\",\"breadcrumb\":{\"@id\":\"https:\\\/\\\/miil.dev.almic.ee\\\/en\\\/toode\\\/tire-rack\\\/#breadcrumb\"},\"inLanguage\":\"en-US\",\"potentialAction\":[{\"@type\":\"ReadAction\",\"target\":[\"https:\\\/\\\/miil.dev.almic.ee\\\/en\\\/toode\\\/tire-rack\\\/\"]}]},{\"@type\":\"ImageObject\",\"inLanguage\":\"en-US\",\"@id\":\"https:\\\/\\\/miil.dev.almic.ee\\\/en\\\/toode\\\/tire-rack\\\/#primaryimage\",\"url\":\"https:\\\/\\\/miil.dev.almic.ee\\\/wp-content\\\/uploads\\\/2022\\\/05\\\/rehviriiul-2-1.jpg\",\"contentUrl\":\"https:\\\/\\\/miil.dev.almic.ee\\\/wp-content\\\/uploads\\\/2022\\\/05\\\/rehviriiul-2-1.jpg\",\"width\":719,\"height\":731},{\"@type\":\"BreadcrumbList\",\"@id\":\"https:\\\/\\\/miil.dev.almic.ee\\\/en\\\/toode\\\/tire-rack\\\/#breadcrumb\",\"itemListElement\":[{\"@type\":\"ListItem\",\"position\":1,\"name\":\"Home\",\"item\":\"https:\\\/\\\/miil.dev.almic.ee\\\/en\\\/\"},{\"@type\":\"ListItem\",\"position\":2,\"name\":\"Shop\",\"item\":\"https:\\\/\\\/miil.dev.almic.ee\\\/en\\\/shop\\\/\"},{\"@type\":\"ListItem\",\"position\":3,\"name\":\"Tire rack\"}]},{\"@type\":\"WebSite\",\"@id\":\"https:\\\/\\\/miil.dev.almic.ee\\\/#website\",\"url\":\"https:\\\/\\\/miil.dev.almic.ee\\\/\",\"name\":\"Miil O\u00dc\",\"description\":\"Konteinerveod\",\"publisher\":{\"@id\":\"https:\\\/\\\/miil.dev.almic.ee\\\/#organization\"},\"potentialAction\":[{\"@type\":\"SearchAction\",\"target\":{\"@type\":\"EntryPoint\",\"urlTemplate\":\"https:\\\/\\\/miil.dev.almic.ee\\\/?s={search_term_string}\"},\"query-input\":{\"@type\":\"PropertyValueSpecification\",\"valueRequired\":true,\"valueName\":\"search_term_string\"}}],\"inLanguage\":\"en-US\"},{\"@type\":\"Organization\",\"@id\":\"https:\\\/\\\/miil.dev.almic.ee\\\/#organization\",\"name\":\"Miil O\u00dc\",\"url\":\"https:\\\/\\\/miil.dev.almic.ee\\\/\",\"logo\":{\"@type\":\"ImageObject\",\"inLanguage\":\"en-US\",\"@id\":\"https:\\\/\\\/miil.dev.almic.ee\\\/#\\\/schema\\\/logo\\\/image\\\/\",\"url\":\"https:\\\/\\\/www.miil.ee\\\/wp-content\\\/uploads\\\/2022\\\/02\\\/Miil-logo.svg\",\"contentUrl\":\"https:\\\/\\\/www.miil.ee\\\/wp-content\\\/uploads\\\/2022\\\/02\\\/Miil-logo.svg\",\"width\":\"1024\",\"height\":\"1024\",\"caption\":\"Miil O\u00dc\"},\"image\":{\"@id\":\"https:\\\/\\\/miil.dev.almic.ee\\\/#\\\/schema\\\/logo\\\/image\\\/\"},\"sameAs\":[\"https:\\\/\\\/www.facebook.com\\\/konteinerveod\\\/\",\"https:\\\/\\\/www.instagram.com\\\/ou_miil\\\/\"]}]}<\/script>\n<meta property=\"product:price:amount\" content=\"220.00\" \/>\n<meta property=\"product:price:currency\" content=\"EUR\" \/>\n<meta property=\"og:availability\" content=\"instock\" \/>\n<meta property=\"product:availability\" content=\"instock\" \/>\n<meta property=\"product:condition\" content=\"new\" \/>\n<!-- \/ Yoast SEO Premium plugin. -->","yoast_head_json":{"title":"Tire rack with 3 levels - Miil O\u00dc","description":"Tire rack | Mini houses and cottages | Rent and Sales of cabins | Transportation and repairs | Electrical works and heating \u2b50\ufe0f\u2b50\ufe0f\u2b50\ufe0f\u2b50\ufe0f\u2b50\ufe0f","robots":{"index":"index","follow":"follow","max-snippet":"max-snippet:-1","max-image-preview":"max-image-preview:large","max-video-preview":"max-video-preview:-1"},"canonical":"https:\/\/miil.dev.almic.ee\/en\/toode\/tire-rack\/","og_locale":"en_US","og_type":"article","og_title":"Tire rack","og_description":"Tire rack | Mini houses and cottages | Rent and Sales of cabins | Transportation and repairs | Electrical works and heating \u2b50\ufe0f\u2b50\ufe0f\u2b50\ufe0f\u2b50\ufe0f\u2b50\ufe0f","og_url":"https:\/\/miil.dev.almic.ee\/en\/toode\/tire-rack\/","og_site_name":"Miil O\u00dc","article_publisher":"https:\/\/www.facebook.com\/konteinerveod\/","article_modified_time":"2024-12-16T11:57:58+00:00","og_image":[{"width":719,"height":731,"url":"https:\/\/miil.dev.almic.ee\/wp-content\/uploads\/2022\/05\/rehviriiul-2-1.jpg","type":"image\/jpeg"}],"twitter_card":"summary_large_image","twitter_misc":{"Price":"220,00&nbsp;&euro;","Availability":"In stock"},"schema":{"@context":"https:\/\/schema.org","@graph":[{"@type":"WebPage","@id":"https:\/\/miil.dev.almic.ee\/en\/toode\/tire-rack\/","url":"https:\/\/miil.dev.almic.ee\/en\/toode\/tire-rack\/","name":"Tire rack with 3 levels - Miil O\u00dc","isPartOf":{"@id":"https:\/\/miil.dev.almic.ee\/#website"},"primaryImageOfPage":{"@id":"https:\/\/miil.dev.almic.ee\/en\/toode\/tire-rack\/#primaryimage"},"image":{"@id":"https:\/\/miil.dev.almic.ee\/en\/toode\/tire-rack\/#primaryimage"},"thumbnailUrl":"https:\/\/miil.dev.almic.ee\/wp-content\/uploads\/2022\/05\/rehviriiul-2-1.jpg","datePublished":"2022-05-18T11:16:05+00:00","dateModified":"2024-12-16T11:57:58+00:00","description":"Tire rack | Mini houses and cottages | Rent and Sales of cabins | Transportation and repairs | Electrical works and heating \u2b50\ufe0f\u2b50\ufe0f\u2b50\ufe0f\u2b50\ufe0f\u2b50\ufe0f","breadcrumb":{"@id":"https:\/\/miil.dev.almic.ee\/en\/toode\/tire-rack\/#breadcrumb"},"inLanguage":"en-US","potentialAction":[{"@type":"ReadAction","target":["https:\/\/miil.dev.almic.ee\/en\/toode\/tire-rack\/"]}]},{"@type":"ImageObject","inLanguage":"en-US","@id":"https:\/\/miil.dev.almic.ee\/en\/toode\/tire-rack\/#primaryimage","url":"https:\/\/miil.dev.almic.ee\/wp-content\/uploads\/2022\/05\/rehviriiul-2-1.jpg","contentUrl":"https:\/\/miil.dev.almic.ee\/wp-content\/uploads\/2022\/05\/rehviriiul-2-1.jpg","width":719,"height":731},{"@type":"BreadcrumbList","@id":"https:\/\/miil.dev.almic.ee\/en\/toode\/tire-rack\/#breadcrumb","itemListElement":[{"@type":"ListItem","position":1,"name":"Home","item":"https:\/\/miil.dev.almic.ee\/en\/"},{"@type":"ListItem","position":2,"name":"Shop","item":"https:\/\/miil.dev.almic.ee\/en\/shop\/"},{"@type":"ListItem","position":3,"name":"Tire rack"}]},{"@type":"WebSite","@id":"https:\/\/miil.dev.almic.ee\/#website","url":"https:\/\/miil.dev.almic.ee\/","name":"Miil O\u00dc","description":"Konteinerveod","publisher":{"@id":"https:\/\/miil.dev.almic.ee\/#organization"},"potentialAction":[{"@type":"SearchAction","target":{"@type":"EntryPoint","urlTemplate":"https:\/\/miil.dev.almic.ee\/?s={search_term_string}"},"query-input":{"@type":"PropertyValueSpecification","valueRequired":true,"valueName":"search_term_string"}}],"inLanguage":"en-US"},{"@type":"Organization","@id":"https:\/\/miil.dev.almic.ee\/#organization","name":"Miil O\u00dc","url":"https:\/\/miil.dev.almic.ee\/","logo":{"@type":"ImageObject","inLanguage":"en-US","@id":"https:\/\/miil.dev.almic.ee\/#\/schema\/logo\/image\/","url":"https:\/\/www.miil.ee\/wp-content\/uploads\/2022\/02\/Miil-logo.svg","contentUrl":"https:\/\/www.miil.ee\/wp-content\/uploads\/2022\/02\/Miil-logo.svg","width":"1024","height":"1024","caption":"Miil O\u00dc"},"image":{"@id":"https:\/\/miil.dev.almic.ee\/#\/schema\/logo\/image\/"},"sameAs":["https:\/\/www.facebook.com\/konteinerveod\/","https:\/\/www.instagram.com\/ou_miil\/"]}]},"product_price_amount":"220.00","product_price_currency":"EUR","og_availability":"instock","product_availability":"instock","product_condition":"new"},"_links":{"self":[{"href":"https:\/\/miil.dev.almic.ee\/en\/wp-json\/wp\/v2\/product\/15682","targetHints":{"allow":["GET"]}}],"collection":[{"href":"https:\/\/miil.dev.almic.ee\/en\/wp-json\/wp\/v2\/product"}],"about":[{"href":"https:\/\/miil.dev.almic.ee\/en\/wp-json\/wp\/v2\/types\/product"}],"replies":[{"embeddable":true,"href":"https:\/\/miil.dev.almic.ee\/en\/wp-json\/wp\/v2\/comments?post=15682"}],"wp:featuredmedia":[{"embeddable":true,"href":"https:\/\/miil.dev.almic.ee\/en\/wp-json\/wp\/v2\/media\/2369"}],"wp:attachment":[{"href":"https:\/\/miil.dev.almic.ee\/en\/wp-json\/wp\/v2\/media?parent=15682"}],"wp:term":[{"taxonomy":"product_cat","embeddable":true,"href":"https:\/\/miil.dev.almic.ee\/en\/wp-json\/wp\/v2\/product_cat?post=15682"},{"taxonomy":"product_tag","embeddable":true,"href":"https:\/\/miil.dev.almic.ee\/en\/wp-json\/wp\/v2\/product_tag?post=15682"}],"curies":[{"name":"wp","href":"https:\/\/api.w.org\/{rel}","templated":true}]}}