{"id":14899,"date":"2022-08-11T21:43:54","date_gmt":"2022-08-11T18:43:54","guid":{"rendered":"https:\/\/www.miil.ee\/toode\/konteinerladu-parnus\/"},"modified":"2025-01-22T16:13:51","modified_gmt":"2025-01-22T14:13:51","slug":"mini-warehouse-parnu","status":"publish","type":"product","link":"https:\/\/miil.dev.almic.ee\/en\/toode\/mini-warehouse-parnu\/","title":{"rendered":"Container Storage P\u00e4rnu &#8211; Keskuse 2"},"content":{"rendered":"<h1>Mini warehouse P\u00e4rnu &#8211; Safe and convenient storage solution<\/h1>\n<p>Mini warehouse P\u00e4rnu Keskuse 2, offers you the ideal space solution if you need a safe and comfortable place to store your goods and assets. This 6-meter container warehouse is equipped with all the necessary features to ensure the protection and easy access of your items.<\/p>\n<p>Our mini-warehouse is equipped with high-quality material that ensures durability and reliability. The warehouse is spacious, providing enough space for various goods and assets. The door is easy to open, which allows for convenient entry and exit.<\/p>\n<p>In addition, this mini warehouse has an additional ventilation system that ensures good ventilation and air circulation, keeping your stored items fresh. In addition, there is a lock guard and a lockable door for added security and protection for your property.<\/p>\n<p>Our mini-warehouse is conveniently located in the Sauga area, offering easy access and quick transport links. The price is only \u20ac90 +vat\/month, making it an affordable option for your storage needs.<br \/>\nLonger period from \u20ac79 +vat\/month.<\/p>\n<p>Mini warehouse P\u00e4rnu is a reliable and professional solution for your storage needs. We are known for our high quality and durable containers and offer competitive prices and flexible rental terms.<\/p>\n<p>In addition, we also offer additional services to make your experience even better. Our professional team is ready to help you plan your storage and advise you on the best solutions. In addition, we also offer a transport service that allows you to easily and conveniently deliver your goods to the container warehouse. We pride ourselves on our customer-centric approach and are committed to your satisfaction.<\/p>\n<p>Choose Nutiladu P\u00e4rnu and entrust your storage needs to us. Contact us today and find out how we can help you!<\/p>\n<h2>Mini warehouse P\u00e4rnu at customers territory.<\/h2>\n<ul>\n<li>At a very good price, you can find a mini warehouse right in your yard.<\/li>\n<li>We rent a container, bring it to the customer and install it &#8211; Mini warehouse right in your yard.<\/li>\n<li>The container does not need a foundation or a very strong surface. Can be installed freely on the lawn.<\/li>\n<li>The container is safe, weatherproof, strong and of high quality.<\/li>\n<li>You can be sure that you will find flexible rental conditions and decent mini-warehouses for every need.<\/li>\n<\/ul>\n<p>We usually use <a href=\"https:\/\/www.miil.ee\/en\/services\/crane\/\">crane truck<\/a> or <a href=\"https:\/\/www.miil.ee\/en\/services\/sideloaders\/\">side loaders<\/a> for transport.<br \/>\nWe use the <a href=\"https:\/\/www.miil.ee\/en\/services\/ram-backloader\/\">RAM backloader<\/a> to cover the most difficult places.<\/p>\n<p>Follow us on <a href=\"https:\/\/www.facebook.com\/konteinerveod\/\">Facebook<\/a> or <a href=\"https:\/\/www.instagram.com\/ou_miil\/\">Instagram.<\/a><\/p>\n","protected":false},"excerpt":{"rendered":"<p>Mini warehouse P\u00e4rnu is located at Keskuse 2, Sauga. Fast and convenient solution to store your goods. Store your stock, winter tires or anything else you might have the need for. Mini warehouse is surrounded with a fence and under 24\/7 video surveillance.<\/p>\n","protected":false},"featured_media":13700,"comment_status":"open","ping_status":"closed","template":"","meta":{"_acf_changed":false},"product_cat":[338,1038],"product_tag":[],"class_list":{"0":"post-14899","1":"product","2":"type-product","3":"status-publish","4":"has-post-thumbnail","6":"product_cat-rental-containers","7":"product_cat-mini-warehouse","9":"first","10":"instock","11":"shipping-taxable","12":"purchasable","13":"product-type-simple"},"acf":[],"yoast_head":"<!-- This site is optimized with the Yoast SEO Premium plugin v23.9 (Yoast SEO v27.5) - https:\/\/yoast.com\/product\/yoast-seo-premium-wordpress\/ -->\n<title>Mini warehouse P\u00e4rnu - Miil O\u00dc<\/title>\n<meta name=\"description\" content=\"Mini warehouse P\u00e4rnu | Container warehouse | Container sales | Container rent | Office cabin sales | Minihouse sales | Containex rent | Containex sales\" \/>\n<meta name=\"robots\" content=\"index, follow, max-snippet:-1, max-image-preview:large, max-video-preview:-1\" \/>\n<link rel=\"canonical\" href=\"https:\/\/miil.dev.almic.ee\/en\/toode\/mini-warehouse-parnu\/\" \/>\n<meta property=\"og:locale\" content=\"en_US\" \/>\n<meta property=\"og:type\" content=\"article\" \/>\n<meta property=\"og:title\" content=\"Container Storage P\u00e4rnu - Keskuse 2\" \/>\n<meta property=\"og:description\" content=\"Mini warehouse P\u00e4rnu | Container warehouse | Container sales | Container rent | Office cabin sales | Minihouse sales | Containex rent | Containex sales\" \/>\n<meta property=\"og:url\" content=\"https:\/\/miil.dev.almic.ee\/en\/toode\/mini-warehouse-parnu\/\" \/>\n<meta property=\"og:site_name\" content=\"Miil O\u00dc\" \/>\n<meta property=\"article:publisher\" content=\"https:\/\/www.facebook.com\/konteinerveod\/\" \/>\n<meta property=\"article:modified_time\" content=\"2025-01-22T14:13:51+00:00\" \/>\n<meta property=\"og:image\" content=\"https:\/\/miil.dev.almic.ee\/wp-content\/uploads\/2022\/08\/konteinerladu-3.jpg\" \/>\n\t<meta property=\"og:image:width\" content=\"864\" \/>\n\t<meta property=\"og:image:height\" content=\"648\" \/>\n\t<meta property=\"og:image:type\" content=\"image\/jpeg\" \/>\n<meta name=\"twitter:card\" content=\"summary_large_image\" \/>\n<meta name=\"twitter:label1\" content=\"Price\" \/>\n\t<meta name=\"twitter:data1\" content=\"90,00&nbsp;&euro;\" \/>\n\t<meta name=\"twitter:label2\" content=\"Availability\" \/>\n\t<meta name=\"twitter:data2\" content=\"In stock\" \/>\n<script type=\"application\/ld+json\" class=\"yoast-schema-graph\">{\"@context\":\"https:\\\/\\\/schema.org\",\"@graph\":[{\"@type\":\"WebPage\",\"@id\":\"https:\\\/\\\/miil.dev.almic.ee\\\/en\\\/toode\\\/mini-warehouse-parnu\\\/\",\"url\":\"https:\\\/\\\/miil.dev.almic.ee\\\/en\\\/toode\\\/mini-warehouse-parnu\\\/\",\"name\":\"Mini warehouse P\u00e4rnu - Miil O\u00dc\",\"isPartOf\":{\"@id\":\"https:\\\/\\\/miil.dev.almic.ee\\\/#website\"},\"primaryImageOfPage\":{\"@id\":\"https:\\\/\\\/miil.dev.almic.ee\\\/en\\\/toode\\\/mini-warehouse-parnu\\\/#primaryimage\"},\"image\":{\"@id\":\"https:\\\/\\\/miil.dev.almic.ee\\\/en\\\/toode\\\/mini-warehouse-parnu\\\/#primaryimage\"},\"thumbnailUrl\":\"https:\\\/\\\/miil.dev.almic.ee\\\/wp-content\\\/uploads\\\/2022\\\/08\\\/konteinerladu-3.jpg\",\"datePublished\":\"2022-08-11T18:43:54+00:00\",\"dateModified\":\"2025-01-22T14:13:51+00:00\",\"description\":\"Mini warehouse P\u00e4rnu | Container warehouse | Container sales | Container rent | Office cabin sales | Minihouse sales | Containex rent | Containex sales\",\"breadcrumb\":{\"@id\":\"https:\\\/\\\/miil.dev.almic.ee\\\/en\\\/toode\\\/mini-warehouse-parnu\\\/#breadcrumb\"},\"inLanguage\":\"en-US\",\"potentialAction\":[{\"@type\":\"ReadAction\",\"target\":[\"https:\\\/\\\/miil.dev.almic.ee\\\/en\\\/toode\\\/mini-warehouse-parnu\\\/\"]}]},{\"@type\":\"ImageObject\",\"inLanguage\":\"en-US\",\"@id\":\"https:\\\/\\\/miil.dev.almic.ee\\\/en\\\/toode\\\/mini-warehouse-parnu\\\/#primaryimage\",\"url\":\"https:\\\/\\\/miil.dev.almic.ee\\\/wp-content\\\/uploads\\\/2022\\\/08\\\/konteinerladu-3.jpg\",\"contentUrl\":\"https:\\\/\\\/miil.dev.almic.ee\\\/wp-content\\\/uploads\\\/2022\\\/08\\\/konteinerladu-3.jpg\",\"width\":864,\"height\":648,\"caption\":\"Miniladu P\u00e4rnu\"},{\"@type\":\"BreadcrumbList\",\"@id\":\"https:\\\/\\\/miil.dev.almic.ee\\\/en\\\/toode\\\/mini-warehouse-parnu\\\/#breadcrumb\",\"itemListElement\":[{\"@type\":\"ListItem\",\"position\":1,\"name\":\"Home\",\"item\":\"https:\\\/\\\/miil.dev.almic.ee\\\/en\\\/\"},{\"@type\":\"ListItem\",\"position\":2,\"name\":\"Shop\",\"item\":\"https:\\\/\\\/miil.dev.almic.ee\\\/en\\\/shop\\\/\"},{\"@type\":\"ListItem\",\"position\":3,\"name\":\"Container Storage P\u00e4rnu &#8211; Keskuse 2\"}]},{\"@type\":\"WebSite\",\"@id\":\"https:\\\/\\\/miil.dev.almic.ee\\\/#website\",\"url\":\"https:\\\/\\\/miil.dev.almic.ee\\\/\",\"name\":\"Miil O\u00dc\",\"description\":\"Konteinerveod\",\"publisher\":{\"@id\":\"https:\\\/\\\/miil.dev.almic.ee\\\/#organization\"},\"potentialAction\":[{\"@type\":\"SearchAction\",\"target\":{\"@type\":\"EntryPoint\",\"urlTemplate\":\"https:\\\/\\\/miil.dev.almic.ee\\\/?s={search_term_string}\"},\"query-input\":{\"@type\":\"PropertyValueSpecification\",\"valueRequired\":true,\"valueName\":\"search_term_string\"}}],\"inLanguage\":\"en-US\"},{\"@type\":\"Organization\",\"@id\":\"https:\\\/\\\/miil.dev.almic.ee\\\/#organization\",\"name\":\"Miil O\u00dc\",\"url\":\"https:\\\/\\\/miil.dev.almic.ee\\\/\",\"logo\":{\"@type\":\"ImageObject\",\"inLanguage\":\"en-US\",\"@id\":\"https:\\\/\\\/miil.dev.almic.ee\\\/#\\\/schema\\\/logo\\\/image\\\/\",\"url\":\"https:\\\/\\\/www.miil.ee\\\/wp-content\\\/uploads\\\/2022\\\/02\\\/Miil-logo.svg\",\"contentUrl\":\"https:\\\/\\\/www.miil.ee\\\/wp-content\\\/uploads\\\/2022\\\/02\\\/Miil-logo.svg\",\"width\":\"1024\",\"height\":\"1024\",\"caption\":\"Miil O\u00dc\"},\"image\":{\"@id\":\"https:\\\/\\\/miil.dev.almic.ee\\\/#\\\/schema\\\/logo\\\/image\\\/\"},\"sameAs\":[\"https:\\\/\\\/www.facebook.com\\\/konteinerveod\\\/\",\"https:\\\/\\\/www.instagram.com\\\/ou_miil\\\/\"]}]}<\/script>\n<meta property=\"product:price:amount\" content=\"90.00\" \/>\n<meta property=\"product:price:currency\" content=\"EUR\" \/>\n<meta property=\"og:availability\" content=\"instock\" \/>\n<meta property=\"product:availability\" content=\"instock\" \/>\n<meta property=\"product:condition\" content=\"new\" \/>\n<!-- \/ Yoast SEO Premium plugin. -->","yoast_head_json":{"title":"Mini warehouse P\u00e4rnu - Miil O\u00dc","description":"Mini warehouse P\u00e4rnu | Container warehouse | Container sales | Container rent | Office cabin sales | Minihouse sales | Containex rent | Containex sales","robots":{"index":"index","follow":"follow","max-snippet":"max-snippet:-1","max-image-preview":"max-image-preview:large","max-video-preview":"max-video-preview:-1"},"canonical":"https:\/\/miil.dev.almic.ee\/en\/toode\/mini-warehouse-parnu\/","og_locale":"en_US","og_type":"article","og_title":"Container Storage P\u00e4rnu - Keskuse 2","og_description":"Mini warehouse P\u00e4rnu | Container warehouse | Container sales | Container rent | Office cabin sales | Minihouse sales | Containex rent | Containex sales","og_url":"https:\/\/miil.dev.almic.ee\/en\/toode\/mini-warehouse-parnu\/","og_site_name":"Miil O\u00dc","article_publisher":"https:\/\/www.facebook.com\/konteinerveod\/","article_modified_time":"2025-01-22T14:13:51+00:00","og_image":[{"width":864,"height":648,"url":"https:\/\/miil.dev.almic.ee\/wp-content\/uploads\/2022\/08\/konteinerladu-3.jpg","type":"image\/jpeg"}],"twitter_card":"summary_large_image","twitter_misc":{"Price":"90,00&nbsp;&euro;","Availability":"In stock"},"schema":{"@context":"https:\/\/schema.org","@graph":[{"@type":"WebPage","@id":"https:\/\/miil.dev.almic.ee\/en\/toode\/mini-warehouse-parnu\/","url":"https:\/\/miil.dev.almic.ee\/en\/toode\/mini-warehouse-parnu\/","name":"Mini warehouse P\u00e4rnu - Miil O\u00dc","isPartOf":{"@id":"https:\/\/miil.dev.almic.ee\/#website"},"primaryImageOfPage":{"@id":"https:\/\/miil.dev.almic.ee\/en\/toode\/mini-warehouse-parnu\/#primaryimage"},"image":{"@id":"https:\/\/miil.dev.almic.ee\/en\/toode\/mini-warehouse-parnu\/#primaryimage"},"thumbnailUrl":"https:\/\/miil.dev.almic.ee\/wp-content\/uploads\/2022\/08\/konteinerladu-3.jpg","datePublished":"2022-08-11T18:43:54+00:00","dateModified":"2025-01-22T14:13:51+00:00","description":"Mini warehouse P\u00e4rnu | Container warehouse | Container sales | Container rent | Office cabin sales | Minihouse sales | Containex rent | Containex sales","breadcrumb":{"@id":"https:\/\/miil.dev.almic.ee\/en\/toode\/mini-warehouse-parnu\/#breadcrumb"},"inLanguage":"en-US","potentialAction":[{"@type":"ReadAction","target":["https:\/\/miil.dev.almic.ee\/en\/toode\/mini-warehouse-parnu\/"]}]},{"@type":"ImageObject","inLanguage":"en-US","@id":"https:\/\/miil.dev.almic.ee\/en\/toode\/mini-warehouse-parnu\/#primaryimage","url":"https:\/\/miil.dev.almic.ee\/wp-content\/uploads\/2022\/08\/konteinerladu-3.jpg","contentUrl":"https:\/\/miil.dev.almic.ee\/wp-content\/uploads\/2022\/08\/konteinerladu-3.jpg","width":864,"height":648,"caption":"Miniladu P\u00e4rnu"},{"@type":"BreadcrumbList","@id":"https:\/\/miil.dev.almic.ee\/en\/toode\/mini-warehouse-parnu\/#breadcrumb","itemListElement":[{"@type":"ListItem","position":1,"name":"Home","item":"https:\/\/miil.dev.almic.ee\/en\/"},{"@type":"ListItem","position":2,"name":"Shop","item":"https:\/\/miil.dev.almic.ee\/en\/shop\/"},{"@type":"ListItem","position":3,"name":"Container Storage P\u00e4rnu &#8211; Keskuse 2"}]},{"@type":"WebSite","@id":"https:\/\/miil.dev.almic.ee\/#website","url":"https:\/\/miil.dev.almic.ee\/","name":"Miil O\u00dc","description":"Konteinerveod","publisher":{"@id":"https:\/\/miil.dev.almic.ee\/#organization"},"potentialAction":[{"@type":"SearchAction","target":{"@type":"EntryPoint","urlTemplate":"https:\/\/miil.dev.almic.ee\/?s={search_term_string}"},"query-input":{"@type":"PropertyValueSpecification","valueRequired":true,"valueName":"search_term_string"}}],"inLanguage":"en-US"},{"@type":"Organization","@id":"https:\/\/miil.dev.almic.ee\/#organization","name":"Miil O\u00dc","url":"https:\/\/miil.dev.almic.ee\/","logo":{"@type":"ImageObject","inLanguage":"en-US","@id":"https:\/\/miil.dev.almic.ee\/#\/schema\/logo\/image\/","url":"https:\/\/www.miil.ee\/wp-content\/uploads\/2022\/02\/Miil-logo.svg","contentUrl":"https:\/\/www.miil.ee\/wp-content\/uploads\/2022\/02\/Miil-logo.svg","width":"1024","height":"1024","caption":"Miil O\u00dc"},"image":{"@id":"https:\/\/miil.dev.almic.ee\/#\/schema\/logo\/image\/"},"sameAs":["https:\/\/www.facebook.com\/konteinerveod\/","https:\/\/www.instagram.com\/ou_miil\/"]}]},"product_price_amount":"90.00","product_price_currency":"EUR","og_availability":"instock","product_availability":"instock","product_condition":"new"},"_links":{"self":[{"href":"https:\/\/miil.dev.almic.ee\/en\/wp-json\/wp\/v2\/product\/14899","targetHints":{"allow":["GET"]}}],"collection":[{"href":"https:\/\/miil.dev.almic.ee\/en\/wp-json\/wp\/v2\/product"}],"about":[{"href":"https:\/\/miil.dev.almic.ee\/en\/wp-json\/wp\/v2\/types\/product"}],"replies":[{"embeddable":true,"href":"https:\/\/miil.dev.almic.ee\/en\/wp-json\/wp\/v2\/comments?post=14899"}],"wp:featuredmedia":[{"embeddable":true,"href":"https:\/\/miil.dev.almic.ee\/en\/wp-json\/wp\/v2\/media\/13700"}],"wp:attachment":[{"href":"https:\/\/miil.dev.almic.ee\/en\/wp-json\/wp\/v2\/media?parent=14899"}],"wp:term":[{"taxonomy":"product_cat","embeddable":true,"href":"https:\/\/miil.dev.almic.ee\/en\/wp-json\/wp\/v2\/product_cat?post=14899"},{"taxonomy":"product_tag","embeddable":true,"href":"https:\/\/miil.dev.almic.ee\/en\/wp-json\/wp\/v2\/product_tag?post=14899"}],"curies":[{"name":"wp","href":"https:\/\/api.w.org\/{rel}","templated":true}]}}