{"id":14894,"date":"2022-08-11T22:02:42","date_gmt":"2022-08-11T19:02:42","guid":{"rendered":"https:\/\/www.miil.ee\/toode\/konteinerladu-kurna\/"},"modified":"2025-01-27T12:01:30","modified_gmt":"2025-01-27T10:01:30","slug":"self-storage-kurna","status":"publish","type":"product","link":"https:\/\/miil.dev.almic.ee\/en\/toode\/self-storage-kurna\/","title":{"rendered":"Container Self-Storage KURNA"},"content":{"rendered":"<h1>Mini warehouse in Kurna<\/h1>\n<p>The mini self-storage warehouse in Kurna is located in close proximity to Ikea and in an excellent logistical location.<br \/>\nAddress is \u00d5llek\u00f6\u00f6gi tee 17, Kurna.<\/p>\n<p>This location is a few minutes away from Tallinn Airport and from the center of J\u00fcri.<br \/>\nThe location along the main road allows you to quickly reach various locations in Harjumaa.<\/p>\n<p>You can store everything in a small warehouse, from furniture to vehicles and other goods.<br \/>\nOur warehouses are new, safe, easily accessible and convenient to use.<\/p>\n<p>To make the container easier to open, they are built with an easy-to-open system.<br \/>\nThere is a lock protection in the center of the container doors to increase security, the territory is under video surveillance and accessible 24\/7.<\/p>\n<h2>Bought a new furniture and there is nowhere to store the old one? Use Self-Storage!<\/h2>\n<p>Store it in the container self-storage and use it when the need arises.<br \/>\nYou can also keep your vehicle over winter in the storage if needed.<\/p>\n<p>There are no additional costs and no hidden fees in our mini warehouses.<br \/>\nSnow removal, lighting, gate opening from the phone, video surveillance and everything else are already included in the price.<br \/>\nThe contract can be extended and terminated at any time.<\/p>\n<p>We are a flexible small warehouse and from us you can find both moving items and permit containers in a location that suits you.<br \/>\nIf you want to store goods at a high quality with at a reasonable price, a small warehouse is definitely helpful.<br \/>\nWe have a few smaller booths, but the average size of the warehouse is about 14m2, it can fit both cars and furniture.<\/p>\n<h2>Container or a office cabin?<\/h2>\n<p>In addition to warehouses, you can also find office cabins, outdoor toilets, containers, sheds, transport and much more from us.<br \/>\nInsulated office cabin is suitable for temporary living, additional space for construction or even a cottage.<\/p>\n<p>We can finish the cabin according to the customer&#8217;s wishes and transport it to the desired location.<br \/>\nWe rent the container in the customer&#8217;s territory under the best conditions, and the goods, as always, are of high quality and neat.<\/p>\n<h2>Self-Storage or a small warehouse in the customer&#8217;s territory.<\/h2>\n<p>You can find a small warehouse in your yard at a very good price.<\/p>\n<ul>\n<li>We rent a container, bring it to the customer and install it &#8211; Small warehouse right in your yard.<\/li>\n<li>The container does not need a foundation or a very strong surface. Can be installed freely on the lawn.<\/li>\n<li>The container is safe, weatherproof, strong and of high quality.<\/li>\n<li>You can be sure that you will find flexible rental conditions and decent mini-warehouses for every need.<\/li>\n<li>We provide service all over Estonia.<\/li>\n<\/ul>\n<p>We usually use <a href=\"https:\/\/www.miil.ee\/en\/services\/crane\/\">crane truck<\/a> or <a href=\"https:\/\/www.miil.ee\/en\/services\/sideloaders\/\">side loaders<\/a> for transport.<br \/>\nWe use the <a href=\"https:\/\/www.miil.ee\/en\/services\/ram-backloader\/\">RAM backloader<\/a> to cover the most difficult places.<\/p>\n<p>Follow us on <a href=\"https:\/\/www.facebook.com\/konteinerveod\/\">Facebook<\/a> or <a href=\"https:\/\/www.instagram.com\/ou_miil\/\">Instagram.<\/a><\/p>\n","protected":false},"excerpt":{"rendered":"<p>Self-Storage Kurna is located at \u00d5llek\u00f6\u00f6gi tee 17, Kurna. Fast and convenient solution to store your goods. Store your stock, winter tires or anything else you might have the need for. Mini warehouse is surrounded with a fence and under 24\/7 video surveillance.<\/p>\n","protected":false},"featured_media":75049,"comment_status":"open","ping_status":"closed","template":"","meta":{"_acf_changed":false},"product_cat":[338,1038],"product_tag":[],"class_list":{"0":"post-14894","1":"product","2":"type-product","3":"status-publish","4":"has-post-thumbnail","6":"product_cat-rental-containers","7":"product_cat-mini-warehouse","9":"first","10":"instock","11":"shipping-taxable","12":"purchasable","13":"product-type-simple"},"acf":[],"yoast_head":"<!-- This site is optimized with the Yoast SEO Premium plugin v23.9 (Yoast SEO v27.5) - https:\/\/yoast.com\/product\/yoast-seo-premium-wordpress\/ -->\n<title>Self-Storage - Miil O\u00dc<\/title>\n<meta name=\"description\" content=\"Self-Storage | Container self storage | Container sales | Container rent | Office cabin sales | Minihouse sales | Containex rent | Containex sales\" \/>\n<meta name=\"robots\" content=\"index, follow, max-snippet:-1, max-image-preview:large, max-video-preview:-1\" \/>\n<link rel=\"canonical\" href=\"https:\/\/miil.dev.almic.ee\/en\/toode\/self-storage-kurna\/\" \/>\n<meta property=\"og:locale\" content=\"en_US\" \/>\n<meta property=\"og:type\" content=\"article\" \/>\n<meta property=\"og:title\" content=\"Container Self-Storage KURNA\" \/>\n<meta property=\"og:description\" content=\"Self-Storage | Container self storage | Container sales | Container rent | Office cabin sales | Minihouse sales | Containex rent | Containex sales\" \/>\n<meta property=\"og:url\" content=\"https:\/\/miil.dev.almic.ee\/en\/toode\/self-storage-kurna\/\" \/>\n<meta property=\"og:site_name\" content=\"Miil O\u00dc\" \/>\n<meta property=\"article:publisher\" content=\"https:\/\/www.facebook.com\/konteinerveod\/\" \/>\n<meta property=\"article:modified_time\" content=\"2025-01-27T10:01:30+00:00\" \/>\n<meta property=\"og:image\" content=\"https:\/\/miil.dev.almic.ee\/wp-content\/uploads\/2022\/08\/kurna-6-uus-scaled.jpg\" \/>\n\t<meta property=\"og:image:width\" content=\"1900\" \/>\n\t<meta property=\"og:image:height\" content=\"1425\" \/>\n\t<meta property=\"og:image:type\" content=\"image\/jpeg\" \/>\n<meta name=\"twitter:card\" content=\"summary_large_image\" \/>\n<meta name=\"twitter:label1\" content=\"Price\" \/>\n\t<meta name=\"twitter:data1\" content=\"90,00&nbsp;&euro;\" \/>\n\t<meta name=\"twitter:label2\" content=\"Availability\" \/>\n\t<meta name=\"twitter:data2\" content=\"In stock\" \/>\n<script type=\"application\/ld+json\" class=\"yoast-schema-graph\">{\"@context\":\"https:\\\/\\\/schema.org\",\"@graph\":[{\"@type\":\"WebPage\",\"@id\":\"https:\\\/\\\/miil.dev.almic.ee\\\/en\\\/toode\\\/self-storage-kurna\\\/\",\"url\":\"https:\\\/\\\/miil.dev.almic.ee\\\/en\\\/toode\\\/self-storage-kurna\\\/\",\"name\":\"Self-Storage - Miil O\u00dc\",\"isPartOf\":{\"@id\":\"https:\\\/\\\/miil.dev.almic.ee\\\/#website\"},\"primaryImageOfPage\":{\"@id\":\"https:\\\/\\\/miil.dev.almic.ee\\\/en\\\/toode\\\/self-storage-kurna\\\/#primaryimage\"},\"image\":{\"@id\":\"https:\\\/\\\/miil.dev.almic.ee\\\/en\\\/toode\\\/self-storage-kurna\\\/#primaryimage\"},\"thumbnailUrl\":\"https:\\\/\\\/miil.dev.almic.ee\\\/wp-content\\\/uploads\\\/2022\\\/08\\\/kurna-6-uus-scaled.jpg\",\"datePublished\":\"2022-08-11T19:02:42+00:00\",\"dateModified\":\"2025-01-27T10:01:30+00:00\",\"description\":\"Self-Storage | Container self storage | Container sales | Container rent | Office cabin sales | Minihouse sales | Containex rent | Containex sales\",\"breadcrumb\":{\"@id\":\"https:\\\/\\\/miil.dev.almic.ee\\\/en\\\/toode\\\/self-storage-kurna\\\/#breadcrumb\"},\"inLanguage\":\"en-US\",\"potentialAction\":[{\"@type\":\"ReadAction\",\"target\":[\"https:\\\/\\\/miil.dev.almic.ee\\\/en\\\/toode\\\/self-storage-kurna\\\/\"]}]},{\"@type\":\"ImageObject\",\"inLanguage\":\"en-US\",\"@id\":\"https:\\\/\\\/miil.dev.almic.ee\\\/en\\\/toode\\\/self-storage-kurna\\\/#primaryimage\",\"url\":\"https:\\\/\\\/miil.dev.almic.ee\\\/wp-content\\\/uploads\\\/2022\\\/08\\\/kurna-6-uus-scaled.jpg\",\"contentUrl\":\"https:\\\/\\\/miil.dev.almic.ee\\\/wp-content\\\/uploads\\\/2022\\\/08\\\/kurna-6-uus-scaled.jpg\",\"width\":1900,\"height\":1425},{\"@type\":\"BreadcrumbList\",\"@id\":\"https:\\\/\\\/miil.dev.almic.ee\\\/en\\\/toode\\\/self-storage-kurna\\\/#breadcrumb\",\"itemListElement\":[{\"@type\":\"ListItem\",\"position\":1,\"name\":\"Home\",\"item\":\"https:\\\/\\\/miil.dev.almic.ee\\\/en\\\/\"},{\"@type\":\"ListItem\",\"position\":2,\"name\":\"Shop\",\"item\":\"https:\\\/\\\/miil.dev.almic.ee\\\/en\\\/shop\\\/\"},{\"@type\":\"ListItem\",\"position\":3,\"name\":\"Container Self-Storage KURNA\"}]},{\"@type\":\"WebSite\",\"@id\":\"https:\\\/\\\/miil.dev.almic.ee\\\/#website\",\"url\":\"https:\\\/\\\/miil.dev.almic.ee\\\/\",\"name\":\"Miil O\u00dc\",\"description\":\"Konteinerveod\",\"publisher\":{\"@id\":\"https:\\\/\\\/miil.dev.almic.ee\\\/#organization\"},\"potentialAction\":[{\"@type\":\"SearchAction\",\"target\":{\"@type\":\"EntryPoint\",\"urlTemplate\":\"https:\\\/\\\/miil.dev.almic.ee\\\/?s={search_term_string}\"},\"query-input\":{\"@type\":\"PropertyValueSpecification\",\"valueRequired\":true,\"valueName\":\"search_term_string\"}}],\"inLanguage\":\"en-US\"},{\"@type\":\"Organization\",\"@id\":\"https:\\\/\\\/miil.dev.almic.ee\\\/#organization\",\"name\":\"Miil O\u00dc\",\"url\":\"https:\\\/\\\/miil.dev.almic.ee\\\/\",\"logo\":{\"@type\":\"ImageObject\",\"inLanguage\":\"en-US\",\"@id\":\"https:\\\/\\\/miil.dev.almic.ee\\\/#\\\/schema\\\/logo\\\/image\\\/\",\"url\":\"https:\\\/\\\/www.miil.ee\\\/wp-content\\\/uploads\\\/2022\\\/02\\\/Miil-logo.svg\",\"contentUrl\":\"https:\\\/\\\/www.miil.ee\\\/wp-content\\\/uploads\\\/2022\\\/02\\\/Miil-logo.svg\",\"width\":\"1024\",\"height\":\"1024\",\"caption\":\"Miil O\u00dc\"},\"image\":{\"@id\":\"https:\\\/\\\/miil.dev.almic.ee\\\/#\\\/schema\\\/logo\\\/image\\\/\"},\"sameAs\":[\"https:\\\/\\\/www.facebook.com\\\/konteinerveod\\\/\",\"https:\\\/\\\/www.instagram.com\\\/ou_miil\\\/\"]}]}<\/script>\n<meta property=\"product:price:amount\" content=\"90.00\" \/>\n<meta property=\"product:price:currency\" content=\"EUR\" \/>\n<meta property=\"og:availability\" content=\"instock\" \/>\n<meta property=\"product:availability\" content=\"instock\" \/>\n<meta property=\"product:condition\" content=\"new\" \/>\n<!-- \/ Yoast SEO Premium plugin. -->","yoast_head_json":{"title":"Self-Storage - Miil O\u00dc","description":"Self-Storage | Container self storage | Container sales | Container rent | Office cabin sales | Minihouse sales | Containex rent | Containex sales","robots":{"index":"index","follow":"follow","max-snippet":"max-snippet:-1","max-image-preview":"max-image-preview:large","max-video-preview":"max-video-preview:-1"},"canonical":"https:\/\/miil.dev.almic.ee\/en\/toode\/self-storage-kurna\/","og_locale":"en_US","og_type":"article","og_title":"Container Self-Storage KURNA","og_description":"Self-Storage | Container self storage | Container sales | Container rent | Office cabin sales | Minihouse sales | Containex rent | Containex sales","og_url":"https:\/\/miil.dev.almic.ee\/en\/toode\/self-storage-kurna\/","og_site_name":"Miil O\u00dc","article_publisher":"https:\/\/www.facebook.com\/konteinerveod\/","article_modified_time":"2025-01-27T10:01:30+00:00","og_image":[{"width":1900,"height":1425,"url":"https:\/\/miil.dev.almic.ee\/wp-content\/uploads\/2022\/08\/kurna-6-uus-scaled.jpg","type":"image\/jpeg"}],"twitter_card":"summary_large_image","twitter_misc":{"Price":"90,00&nbsp;&euro;","Availability":"In stock"},"schema":{"@context":"https:\/\/schema.org","@graph":[{"@type":"WebPage","@id":"https:\/\/miil.dev.almic.ee\/en\/toode\/self-storage-kurna\/","url":"https:\/\/miil.dev.almic.ee\/en\/toode\/self-storage-kurna\/","name":"Self-Storage - Miil O\u00dc","isPartOf":{"@id":"https:\/\/miil.dev.almic.ee\/#website"},"primaryImageOfPage":{"@id":"https:\/\/miil.dev.almic.ee\/en\/toode\/self-storage-kurna\/#primaryimage"},"image":{"@id":"https:\/\/miil.dev.almic.ee\/en\/toode\/self-storage-kurna\/#primaryimage"},"thumbnailUrl":"https:\/\/miil.dev.almic.ee\/wp-content\/uploads\/2022\/08\/kurna-6-uus-scaled.jpg","datePublished":"2022-08-11T19:02:42+00:00","dateModified":"2025-01-27T10:01:30+00:00","description":"Self-Storage | Container self storage | Container sales | Container rent | Office cabin sales | Minihouse sales | Containex rent | Containex sales","breadcrumb":{"@id":"https:\/\/miil.dev.almic.ee\/en\/toode\/self-storage-kurna\/#breadcrumb"},"inLanguage":"en-US","potentialAction":[{"@type":"ReadAction","target":["https:\/\/miil.dev.almic.ee\/en\/toode\/self-storage-kurna\/"]}]},{"@type":"ImageObject","inLanguage":"en-US","@id":"https:\/\/miil.dev.almic.ee\/en\/toode\/self-storage-kurna\/#primaryimage","url":"https:\/\/miil.dev.almic.ee\/wp-content\/uploads\/2022\/08\/kurna-6-uus-scaled.jpg","contentUrl":"https:\/\/miil.dev.almic.ee\/wp-content\/uploads\/2022\/08\/kurna-6-uus-scaled.jpg","width":1900,"height":1425},{"@type":"BreadcrumbList","@id":"https:\/\/miil.dev.almic.ee\/en\/toode\/self-storage-kurna\/#breadcrumb","itemListElement":[{"@type":"ListItem","position":1,"name":"Home","item":"https:\/\/miil.dev.almic.ee\/en\/"},{"@type":"ListItem","position":2,"name":"Shop","item":"https:\/\/miil.dev.almic.ee\/en\/shop\/"},{"@type":"ListItem","position":3,"name":"Container Self-Storage KURNA"}]},{"@type":"WebSite","@id":"https:\/\/miil.dev.almic.ee\/#website","url":"https:\/\/miil.dev.almic.ee\/","name":"Miil O\u00dc","description":"Konteinerveod","publisher":{"@id":"https:\/\/miil.dev.almic.ee\/#organization"},"potentialAction":[{"@type":"SearchAction","target":{"@type":"EntryPoint","urlTemplate":"https:\/\/miil.dev.almic.ee\/?s={search_term_string}"},"query-input":{"@type":"PropertyValueSpecification","valueRequired":true,"valueName":"search_term_string"}}],"inLanguage":"en-US"},{"@type":"Organization","@id":"https:\/\/miil.dev.almic.ee\/#organization","name":"Miil O\u00dc","url":"https:\/\/miil.dev.almic.ee\/","logo":{"@type":"ImageObject","inLanguage":"en-US","@id":"https:\/\/miil.dev.almic.ee\/#\/schema\/logo\/image\/","url":"https:\/\/www.miil.ee\/wp-content\/uploads\/2022\/02\/Miil-logo.svg","contentUrl":"https:\/\/www.miil.ee\/wp-content\/uploads\/2022\/02\/Miil-logo.svg","width":"1024","height":"1024","caption":"Miil O\u00dc"},"image":{"@id":"https:\/\/miil.dev.almic.ee\/#\/schema\/logo\/image\/"},"sameAs":["https:\/\/www.facebook.com\/konteinerveod\/","https:\/\/www.instagram.com\/ou_miil\/"]}]},"product_price_amount":"90.00","product_price_currency":"EUR","og_availability":"instock","product_availability":"instock","product_condition":"new"},"_links":{"self":[{"href":"https:\/\/miil.dev.almic.ee\/en\/wp-json\/wp\/v2\/product\/14894","targetHints":{"allow":["GET"]}}],"collection":[{"href":"https:\/\/miil.dev.almic.ee\/en\/wp-json\/wp\/v2\/product"}],"about":[{"href":"https:\/\/miil.dev.almic.ee\/en\/wp-json\/wp\/v2\/types\/product"}],"replies":[{"embeddable":true,"href":"https:\/\/miil.dev.almic.ee\/en\/wp-json\/wp\/v2\/comments?post=14894"}],"wp:featuredmedia":[{"embeddable":true,"href":"https:\/\/miil.dev.almic.ee\/en\/wp-json\/wp\/v2\/media\/75049"}],"wp:attachment":[{"href":"https:\/\/miil.dev.almic.ee\/en\/wp-json\/wp\/v2\/media?parent=14894"}],"wp:term":[{"taxonomy":"product_cat","embeddable":true,"href":"https:\/\/miil.dev.almic.ee\/en\/wp-json\/wp\/v2\/product_cat?post=14894"},{"taxonomy":"product_tag","embeddable":true,"href":"https:\/\/miil.dev.almic.ee\/en\/wp-json\/wp\/v2\/product_tag?post=14894"}],"curies":[{"name":"wp","href":"https:\/\/api.w.org\/{rel}","templated":true}]}}