{"id":1319,"date":"2022-04-11T20:38:42","date_gmt":"2022-04-11T17:38:42","guid":{"rendered":"https:\/\/www.miil.ee\/tank-container-transport-steam-heating-and-storage\/"},"modified":"2024-11-15T16:28:58","modified_gmt":"2024-11-15T14:28:58","slug":"container-terminal-estonia","status":"publish","type":"page","link":"https:\/\/miil.dev.almic.ee\/en\/services\/container-terminal-estonia\/","title":{"rendered":"Container Terminal Estonia"},"content":{"rendered":"<section class=\"l-section wpb_row height_medium\"><div class=\"l-section-h i-cf\"><div class=\"g-cols vc_row via_flex valign_top type_default stacking_default\"><div class=\"vc_col-sm-12 wpb_column vc_column_container\"><div class=\"vc_column-inner\"><div class=\"wpb_wrapper\"><div class=\"wpb_text_column\"><div class=\"wpb_wrapper\"><p>Container Terminal Estonia is located at Valtsi 1, Lagedi, Harjumaa 75303. It is strategically located by the Tallinn ring road, and by a Rail Baltic terminal.<br \/>\nRail Baltic is expected to be built in its immediate vicinity in the near future. Four kilometers outside Tallinn, the terminal is enclosed by shipping containers and under 24\/7 surveillance, including video surveillance. The total area of the terminal is 21,000 m<sup>2<\/sup>.<br \/>\nContainer terminal is perfect solution to store your new or used shipping containers at safe and visually professional lot.<br \/>\nOur container depot can handle all sizes of containers from all over the world.<br \/>\nYou can directly return your boxes to our terminal from any shipping line with no extra cost.<br \/>\nIf you deal with new and used containers then we can help you to transport, store and sell your boxes.<br \/>\nWe are the best and largest container dealer in Baltic States.<\/p>\n<h2>Storage and transport<\/h2>\n<p>Storage at O\u00dc Miil depot At the container depot of O\u00dc Miil, it is possible to store both empty and loaded containers.<br \/>\nUpon receipt, the containers are photographed from all four sides and the inside \u2013 all damage and other important information will be recorded immediately.<br \/>\nGenerally all containers with cargo what we carry are stored free of charge.<br \/>\nCustomers will receive a notification as soon as the container has been received or dispatched. Also customer can check their stock at any time.<br \/>\nContainer terminal equipment We have a Konecranes 2015 SMV 2115 TC3 reach stacker, Doosan forklift and CAT950 loader with bucket and forklift.<br \/>\nWe are also able to store containers on trailers, load them onto curtainside trailers and lift them with sideloaders and backloaders.<br \/>\nAt the terminal, we have a steam heating system.<br \/>\nWe are able to offer heating tank containers or connecting reefers to the power network.<br \/>\nIf you are interested in our services, request a quote form us at info@miil.ee and we will offer you the best solution.<\/p>\n<h2>Container Terminal Estonia or in Latvia?<\/h2>\n<p>Container Terminal Estonia is not the only place we operate, we have many yards across Estonia.<br \/>\nAlso we do operate in Latvia with sideloader and backloader trucks based locally at Riga.<br \/>\nIf you need we can also help with tank, containers, reefers, modifying and re-certification of the shipping containers.<\/p>\n<ul>\n<li>Storage of empty containers<\/li>\n<li>Storage of loaded containers<\/li>\n<li>Storage of dangerous goods containers<\/li>\n<li>Loading of shipping containers<\/li>\n<li>Unloading of shipping containers<\/li>\n<li>Loading of vehicles into containers<\/li>\n<li>Electrical and steam heating of tank containers<\/li>\n<li>Cleaning and repair of shipping containers<\/li>\n<li>Labelling of dangerous goods shipping containers and removal of labels<\/li>\n<li>Neutralisation of shipping containers<\/li>\n<\/ul>\n<p>For transport we usually use <a href=\"https:\/\/www.miil.ee\/en\/services\/crane\/\">crane truck<\/a>\u00a0or\u00a0<a href=\"https:\/\/www.miil.ee\/en\/services\/sideloaders\/\">sideloader<\/a><\/p>\n<p>Follow us on\u00a0<a href=\"https:\/\/www.facebook.com\/konteinerveod\/\">Facebook<\/a>\u00a0or\u00a0<a href=\"https:\/\/www.instagram.com\/ou_miil\/\">Instagram<\/a><\/p>\n<\/div><\/div><div class=\"w-gallery fit_cover type_grid ratio_1x1 count_0\" style=\"--columns:4;--items-gap:10px;\"><div class=\"w-gallery-no-results\">No results found.<\/div><\/div><\/div><\/div><\/div><\/div><\/div><\/section>\n","protected":false},"excerpt":{"rendered":"Container Terminal Estonia is located at Valtsi 1, Lagedi, Harjumaa 75303. It is strategically located by the Tallinn ring road, and by a Rail Baltic terminal. Rail Baltic is expected to be built in its immediate vicinity in the near future. Four kilometers outside Tallinn, the terminal is enclosed by shipping containers and under 24\/7...","protected":false},"author":1,"featured_media":51877,"parent":1587,"menu_order":0,"comment_status":"closed","ping_status":"closed","template":"","meta":{"_acf_changed":false,"footnotes":""},"class_list":["post-1319","page","type-page","status-publish","has-post-thumbnail","hentry"],"acf":[],"yoast_head":"<!-- This site is optimized with the Yoast SEO Premium plugin v23.9 (Yoast SEO v27.5) - https:\/\/yoast.com\/product\/yoast-seo-premium-wordpress\/ -->\n<title>Container Terminal Estonia - Miil O\u00dc - Container Depot and storage<\/title>\n<meta name=\"description\" content=\"Container Terminal Estonia | Merekonteinerite m\u00fc\u00fck | Merekonteinerite rent | Soojakute m\u00fc\u00fck | Konteinerite transport | Konteinerite m\u00fc\u00fck |\" \/>\n<meta name=\"robots\" content=\"index, follow, max-snippet:-1, max-image-preview:large, max-video-preview:-1\" \/>\n<link rel=\"canonical\" href=\"https:\/\/miil.dev.almic.ee\/en\/services\/container-terminal-estonia\/\" \/>\n<meta property=\"og:locale\" content=\"en_US\" \/>\n<meta property=\"og:type\" content=\"article\" \/>\n<meta property=\"og:title\" content=\"Container Terminal Estonia\" \/>\n<meta property=\"og:description\" content=\"Container Terminal Estonia | Merekonteinerite m\u00fc\u00fck | Merekonteinerite rent | Soojakute m\u00fc\u00fck | Konteinerite transport | Konteinerite m\u00fc\u00fck |\" \/>\n<meta property=\"og:url\" content=\"https:\/\/miil.dev.almic.ee\/en\/services\/container-terminal-estonia\/\" \/>\n<meta property=\"og:site_name\" content=\"Miil O\u00dc\" \/>\n<meta property=\"article:publisher\" content=\"https:\/\/www.facebook.com\/konteinerveod\/\" \/>\n<meta property=\"article:modified_time\" content=\"2024-11-15T14:28:58+00:00\" \/>\n<meta property=\"og:image\" content=\"https:\/\/miil.dev.almic.ee\/wp-content\/uploads\/2023\/11\/konteinerterminal.jpg\" \/>\n\t<meta property=\"og:image:width\" content=\"904\" \/>\n\t<meta property=\"og:image:height\" content=\"864\" \/>\n\t<meta property=\"og:image:type\" content=\"image\/jpeg\" \/>\n<meta name=\"twitter:card\" content=\"summary_large_image\" \/>\n<meta name=\"twitter:label1\" content=\"Est. reading time\" \/>\n\t<meta name=\"twitter:data1\" content=\"3 minutes\" \/>\n<script type=\"application\/ld+json\" class=\"yoast-schema-graph\">{\"@context\":\"https:\\\/\\\/schema.org\",\"@graph\":[{\"@type\":\"WebPage\",\"@id\":\"https:\\\/\\\/miil.dev.almic.ee\\\/en\\\/services\\\/container-terminal-estonia\\\/\",\"url\":\"https:\\\/\\\/miil.dev.almic.ee\\\/en\\\/services\\\/container-terminal-estonia\\\/\",\"name\":\"Container Terminal Estonia - Miil O\u00dc - Container Depot and storage\",\"isPartOf\":{\"@id\":\"https:\\\/\\\/miil.dev.almic.ee\\\/#website\"},\"primaryImageOfPage\":{\"@id\":\"https:\\\/\\\/miil.dev.almic.ee\\\/en\\\/services\\\/container-terminal-estonia\\\/#primaryimage\"},\"image\":{\"@id\":\"https:\\\/\\\/miil.dev.almic.ee\\\/en\\\/services\\\/container-terminal-estonia\\\/#primaryimage\"},\"thumbnailUrl\":\"https:\\\/\\\/miil.dev.almic.ee\\\/wp-content\\\/uploads\\\/2023\\\/11\\\/konteinerterminal.jpg\",\"datePublished\":\"2022-04-11T17:38:42+00:00\",\"dateModified\":\"2024-11-15T14:28:58+00:00\",\"description\":\"Container Terminal Estonia | Merekonteinerite m\u00fc\u00fck | Merekonteinerite rent | Soojakute m\u00fc\u00fck | Konteinerite transport | Konteinerite m\u00fc\u00fck |\",\"breadcrumb\":{\"@id\":\"https:\\\/\\\/miil.dev.almic.ee\\\/en\\\/services\\\/container-terminal-estonia\\\/#breadcrumb\"},\"inLanguage\":\"en-US\",\"potentialAction\":[{\"@type\":\"ReadAction\",\"target\":[\"https:\\\/\\\/miil.dev.almic.ee\\\/en\\\/services\\\/container-terminal-estonia\\\/\"]}]},{\"@type\":\"ImageObject\",\"inLanguage\":\"en-US\",\"@id\":\"https:\\\/\\\/miil.dev.almic.ee\\\/en\\\/services\\\/container-terminal-estonia\\\/#primaryimage\",\"url\":\"https:\\\/\\\/miil.dev.almic.ee\\\/wp-content\\\/uploads\\\/2023\\\/11\\\/konteinerterminal.jpg\",\"contentUrl\":\"https:\\\/\\\/miil.dev.almic.ee\\\/wp-content\\\/uploads\\\/2023\\\/11\\\/konteinerterminal.jpg\",\"width\":904,\"height\":864,\"caption\":\"Container Terminal Estonia\"},{\"@type\":\"BreadcrumbList\",\"@id\":\"https:\\\/\\\/miil.dev.almic.ee\\\/en\\\/services\\\/container-terminal-estonia\\\/#breadcrumb\",\"itemListElement\":[{\"@type\":\"ListItem\",\"position\":1,\"name\":\"Home\",\"item\":\"https:\\\/\\\/miil.dev.almic.ee\\\/en\\\/\"},{\"@type\":\"ListItem\",\"position\":2,\"name\":\"Services\",\"item\":\"https:\\\/\\\/miil.dev.almic.ee\\\/en\\\/services\\\/\"},{\"@type\":\"ListItem\",\"position\":3,\"name\":\"Container Terminal Estonia\"}]},{\"@type\":\"WebSite\",\"@id\":\"https:\\\/\\\/miil.dev.almic.ee\\\/#website\",\"url\":\"https:\\\/\\\/miil.dev.almic.ee\\\/\",\"name\":\"Miil O\u00dc\",\"description\":\"Konteinerveod\",\"publisher\":{\"@id\":\"https:\\\/\\\/miil.dev.almic.ee\\\/#organization\"},\"potentialAction\":[{\"@type\":\"SearchAction\",\"target\":{\"@type\":\"EntryPoint\",\"urlTemplate\":\"https:\\\/\\\/miil.dev.almic.ee\\\/?s={search_term_string}\"},\"query-input\":{\"@type\":\"PropertyValueSpecification\",\"valueRequired\":true,\"valueName\":\"search_term_string\"}}],\"inLanguage\":\"en-US\"},{\"@type\":\"Organization\",\"@id\":\"https:\\\/\\\/miil.dev.almic.ee\\\/#organization\",\"name\":\"Miil O\u00dc\",\"url\":\"https:\\\/\\\/miil.dev.almic.ee\\\/\",\"logo\":{\"@type\":\"ImageObject\",\"inLanguage\":\"en-US\",\"@id\":\"https:\\\/\\\/miil.dev.almic.ee\\\/#\\\/schema\\\/logo\\\/image\\\/\",\"url\":\"https:\\\/\\\/www.miil.ee\\\/wp-content\\\/uploads\\\/2022\\\/02\\\/Miil-logo.svg\",\"contentUrl\":\"https:\\\/\\\/www.miil.ee\\\/wp-content\\\/uploads\\\/2022\\\/02\\\/Miil-logo.svg\",\"width\":\"1024\",\"height\":\"1024\",\"caption\":\"Miil O\u00dc\"},\"image\":{\"@id\":\"https:\\\/\\\/miil.dev.almic.ee\\\/#\\\/schema\\\/logo\\\/image\\\/\"},\"sameAs\":[\"https:\\\/\\\/www.facebook.com\\\/konteinerveod\\\/\",\"https:\\\/\\\/www.instagram.com\\\/ou_miil\\\/\"]}]}<\/script>\n<!-- \/ Yoast SEO Premium plugin. -->","yoast_head_json":{"title":"Container Terminal Estonia - Miil O\u00dc - Container Depot and storage","description":"Container Terminal Estonia | Merekonteinerite m\u00fc\u00fck | Merekonteinerite rent | Soojakute m\u00fc\u00fck | Konteinerite transport | Konteinerite m\u00fc\u00fck |","robots":{"index":"index","follow":"follow","max-snippet":"max-snippet:-1","max-image-preview":"max-image-preview:large","max-video-preview":"max-video-preview:-1"},"canonical":"https:\/\/miil.dev.almic.ee\/en\/services\/container-terminal-estonia\/","og_locale":"en_US","og_type":"article","og_title":"Container Terminal Estonia","og_description":"Container Terminal Estonia | Merekonteinerite m\u00fc\u00fck | Merekonteinerite rent | Soojakute m\u00fc\u00fck | Konteinerite transport | Konteinerite m\u00fc\u00fck |","og_url":"https:\/\/miil.dev.almic.ee\/en\/services\/container-terminal-estonia\/","og_site_name":"Miil O\u00dc","article_publisher":"https:\/\/www.facebook.com\/konteinerveod\/","article_modified_time":"2024-11-15T14:28:58+00:00","og_image":[{"width":904,"height":864,"url":"https:\/\/miil.dev.almic.ee\/wp-content\/uploads\/2023\/11\/konteinerterminal.jpg","type":"image\/jpeg"}],"twitter_card":"summary_large_image","twitter_misc":{"Est. reading time":"3 minutes"},"schema":{"@context":"https:\/\/schema.org","@graph":[{"@type":"WebPage","@id":"https:\/\/miil.dev.almic.ee\/en\/services\/container-terminal-estonia\/","url":"https:\/\/miil.dev.almic.ee\/en\/services\/container-terminal-estonia\/","name":"Container Terminal Estonia - Miil O\u00dc - Container Depot and storage","isPartOf":{"@id":"https:\/\/miil.dev.almic.ee\/#website"},"primaryImageOfPage":{"@id":"https:\/\/miil.dev.almic.ee\/en\/services\/container-terminal-estonia\/#primaryimage"},"image":{"@id":"https:\/\/miil.dev.almic.ee\/en\/services\/container-terminal-estonia\/#primaryimage"},"thumbnailUrl":"https:\/\/miil.dev.almic.ee\/wp-content\/uploads\/2023\/11\/konteinerterminal.jpg","datePublished":"2022-04-11T17:38:42+00:00","dateModified":"2024-11-15T14:28:58+00:00","description":"Container Terminal Estonia | Merekonteinerite m\u00fc\u00fck | Merekonteinerite rent | Soojakute m\u00fc\u00fck | Konteinerite transport | Konteinerite m\u00fc\u00fck |","breadcrumb":{"@id":"https:\/\/miil.dev.almic.ee\/en\/services\/container-terminal-estonia\/#breadcrumb"},"inLanguage":"en-US","potentialAction":[{"@type":"ReadAction","target":["https:\/\/miil.dev.almic.ee\/en\/services\/container-terminal-estonia\/"]}]},{"@type":"ImageObject","inLanguage":"en-US","@id":"https:\/\/miil.dev.almic.ee\/en\/services\/container-terminal-estonia\/#primaryimage","url":"https:\/\/miil.dev.almic.ee\/wp-content\/uploads\/2023\/11\/konteinerterminal.jpg","contentUrl":"https:\/\/miil.dev.almic.ee\/wp-content\/uploads\/2023\/11\/konteinerterminal.jpg","width":904,"height":864,"caption":"Container Terminal Estonia"},{"@type":"BreadcrumbList","@id":"https:\/\/miil.dev.almic.ee\/en\/services\/container-terminal-estonia\/#breadcrumb","itemListElement":[{"@type":"ListItem","position":1,"name":"Home","item":"https:\/\/miil.dev.almic.ee\/en\/"},{"@type":"ListItem","position":2,"name":"Services","item":"https:\/\/miil.dev.almic.ee\/en\/services\/"},{"@type":"ListItem","position":3,"name":"Container Terminal Estonia"}]},{"@type":"WebSite","@id":"https:\/\/miil.dev.almic.ee\/#website","url":"https:\/\/miil.dev.almic.ee\/","name":"Miil O\u00dc","description":"Konteinerveod","publisher":{"@id":"https:\/\/miil.dev.almic.ee\/#organization"},"potentialAction":[{"@type":"SearchAction","target":{"@type":"EntryPoint","urlTemplate":"https:\/\/miil.dev.almic.ee\/?s={search_term_string}"},"query-input":{"@type":"PropertyValueSpecification","valueRequired":true,"valueName":"search_term_string"}}],"inLanguage":"en-US"},{"@type":"Organization","@id":"https:\/\/miil.dev.almic.ee\/#organization","name":"Miil O\u00dc","url":"https:\/\/miil.dev.almic.ee\/","logo":{"@type":"ImageObject","inLanguage":"en-US","@id":"https:\/\/miil.dev.almic.ee\/#\/schema\/logo\/image\/","url":"https:\/\/www.miil.ee\/wp-content\/uploads\/2022\/02\/Miil-logo.svg","contentUrl":"https:\/\/www.miil.ee\/wp-content\/uploads\/2022\/02\/Miil-logo.svg","width":"1024","height":"1024","caption":"Miil O\u00dc"},"image":{"@id":"https:\/\/miil.dev.almic.ee\/#\/schema\/logo\/image\/"},"sameAs":["https:\/\/www.facebook.com\/konteinerveod\/","https:\/\/www.instagram.com\/ou_miil\/"]}]}},"_links":{"self":[{"href":"https:\/\/miil.dev.almic.ee\/en\/wp-json\/wp\/v2\/pages\/1319","targetHints":{"allow":["GET"]}}],"collection":[{"href":"https:\/\/miil.dev.almic.ee\/en\/wp-json\/wp\/v2\/pages"}],"about":[{"href":"https:\/\/miil.dev.almic.ee\/en\/wp-json\/wp\/v2\/types\/page"}],"author":[{"embeddable":true,"href":"https:\/\/miil.dev.almic.ee\/en\/wp-json\/wp\/v2\/users\/1"}],"replies":[{"embeddable":true,"href":"https:\/\/miil.dev.almic.ee\/en\/wp-json\/wp\/v2\/comments?post=1319"}],"version-history":[{"count":0,"href":"https:\/\/miil.dev.almic.ee\/en\/wp-json\/wp\/v2\/pages\/1319\/revisions"}],"up":[{"embeddable":true,"href":"https:\/\/miil.dev.almic.ee\/en\/wp-json\/wp\/v2\/pages\/1587"}],"wp:featuredmedia":[{"embeddable":true,"href":"https:\/\/miil.dev.almic.ee\/en\/wp-json\/wp\/v2\/media\/51877"}],"wp:attachment":[{"href":"https:\/\/miil.dev.almic.ee\/en\/wp-json\/wp\/v2\/media?parent=1319"}],"curies":[{"name":"wp","href":"https:\/\/api.w.org\/{rel}","templated":true}]}}