{"id":1283,"date":"2022-04-11T20:26:04","date_gmt":"2022-04-11T17:26:04","guid":{"rendered":"https:\/\/www.miil.ee\/container-transport\/"},"modified":"2024-11-29T16:57:44","modified_gmt":"2024-11-29T14:57:44","slug":"container-transport","status":"publish","type":"page","link":"https:\/\/miil.dev.almic.ee\/en\/services\/container-transport\/","title":{"rendered":"Container transport"},"content":{"rendered":"<section class=\"l-section wpb_row height_medium\"><div class=\"l-section-h i-cf\"><div class=\"g-cols vc_row via_flex valign_top type_default stacking_default\"><div class=\"vc_col-sm-12 wpb_column vc_column_container\"><div class=\"vc_column-inner\"><div class=\"wpb_wrapper\"><div class=\"g-cols wpb_row via_flex valign_top type_default stacking_default\"><div class=\"vc_col-sm-12 wpb_column vc_column_container\"><div class=\"vc_column-inner\"><div class=\"wpb_wrapper\"><div class=\"wpb_text_column\"><div class=\"wpb_wrapper\"><p>We have a wide selection of equipment in our car park which gives us different solutions for transporting containers. We will always use special equipment depending of the situation.<\/p>\n<p>Our objective is to provide a consistently great customer service experience to ensure customer satisfaction by upholding and implementing the seven \u2018rights\u2019 of logistics in our services. To this end, we have all the capabilities to transport containers of all sizes: sideloaders, backloaders, Van Hool trailers for transporting tank containers, and Krone trailers for transporting shipping containers.<\/p>\n<p>Miil O\u00dc has been awarded the ISO 9001:2015 certification for Quality Management Systems and the ISO 14001:2015 certification for Environmental Management System by Bureau Veritas.<\/p>\n<p>O\u00dc Miil transports your shipping containers, tank containers and other types of container from door to door, wherever you desire. Our permanent places of business are in Estonia and Latvia, but we provide transport within the entire European Union. We guarantee that our customers always receive their containers in the agreed location without any issues.<\/p>\n<h2>Perfect solutions<\/h2>\n<p>Container transport is a transport sector that requires special equipment to provide the service. We ensure that we have all the necessary. In addition our drivers are well trained, polite, communicate in several languages, and we do not compromise on quality.<br \/>\nIn the case of container transport, we have focused on quality.<br \/>\nWe have approximately 30 trucks and 70 trailers.<br \/>\nO\u00dc Miil is an Estonian company.<\/p>\n<h2>Container transport all across Europe<\/h2>\n<p>Although our main locations are in Estonia and Latvia, we also travel Estonia-Europe-Estonia to transport your container to the desired location.<\/p>\n<p>We usually use a <a href=\"https:\/\/www.miil.ee\/en\/services\/crane\/\">crane<\/a> or a <a href=\"https:\/\/www.miil.ee\/en\/services\/sideloaders\/\">sideloader<\/a> for lifting the containers and solve more difficult places with a <a href=\"https:\/\/www.miil.ee\/en\/services\/ram-backloader\/\">RAM backloader<\/a>.<\/p>\n<p>Follow us on <a href=\"https:\/\/www.facebook.com\/konteinerveod\/\">Facebook<\/a> or <a href=\"https:\/\/www.instagram.com\/ou_miil\/\">Instagram<\/a><\/p>\n<\/div><\/div><\/div><\/div><\/div><\/div><div class=\"g-cols wpb_row via_flex valign_top type_default stacking_default\"><div class=\"vc_col-sm-12 wpb_column vc_column_container\"><div class=\"vc_column-inner\"><div class=\"wpb_wrapper\"><div class=\"w-grid type_grid layout_212 cols_3\" id=\"us_grid_1\" style=\"--gap:0.5rem;\" data-filterable=\"true\"><style>@media (max-width:1024px){#us_grid_1 .w-grid-item{width:50%}}@media (max-width:600px){#us_grid_1 .w-grid-list{margin:0}#us_grid_1 .w-grid-item{width:100%;padding:0;margin-bottom:var(--gap,0px)}}.layout_212 .w-grid-item-h{}<\/style><div class=\"w-grid-list\">\t<article class=\"w-grid-item size_1x1 post-79576 attachment type-attachment status-inherit hentry\" data-id=\"79576\">\r\n\t\t<div class=\"w-grid-item-h\">\r\n\t\t\t\t\t\t\t<a ref=\"magnificPopupGrid\" href=\"https:\/\/miil.dev.almic.ee\/wp-content\/uploads\/2024\/11\/kraana-transport-konteinerite-transport-container-terminal-depot-estonia-terminal-helsinki-crane-truck-hiab-crane-4-scaled-1.jpg\" class=\"w-grid-item-anchor\" aria-label=\"kraana-transport-konteinerite-transport-container-terminal-depot-estonia-terminal-helsinki-crane-truck-hiab-crane-4-scaled\"><\/a>\r\n\t\t\t\t\t\t<div class=\"w-post-elm post_image usg_post_image_1 stretched\"><a href=\"https:\/\/miil.dev.almic.ee\/en\/services\/crane\/kraana-transport-konteinerite-transport-container-terminal-depot-estonia-terminal-helsinki-crane-truck-hiab-crane-4-scaled\/\" aria-label=\"kraana-transport-konteinerite-transport-container-terminal-depot-estonia-terminal-helsinki-crane-truck-hiab-crane-4-scaled\"><img loading=\"lazy\" decoding=\"async\" width=\"600\" height=\"600\" src=\"https:\/\/miil.dev.almic.ee\/wp-content\/uploads\/2024\/11\/kraana-transport-konteinerite-transport-container-terminal-depot-estonia-terminal-helsinki-crane-truck-hiab-crane-4-scaled-1-600x600.jpg\" class=\"attachment-us_600_600_crop size-us_600_600_crop\" alt=\"\" srcset=\"https:\/\/miil.dev.almic.ee\/wp-content\/uploads\/2024\/11\/kraana-transport-konteinerite-transport-container-terminal-depot-estonia-terminal-helsinki-crane-truck-hiab-crane-4-scaled-1-600x600.jpg 600w, https:\/\/miil.dev.almic.ee\/wp-content\/uploads\/2024\/11\/kraana-transport-konteinerite-transport-container-terminal-depot-estonia-terminal-helsinki-crane-truck-hiab-crane-4-scaled-1-150x150.jpg 150w, https:\/\/miil.dev.almic.ee\/wp-content\/uploads\/2024\/11\/kraana-transport-konteinerite-transport-container-terminal-depot-estonia-terminal-helsinki-crane-truck-hiab-crane-4-scaled-1-300x300.jpg 300w\" sizes=\"auto, (max-width: 600px) 100vw, 600px\" \/><\/a><\/div>\t\t<\/div>\r\n\t\t\t<\/article>\r\n\t<article class=\"w-grid-item size_1x1 post-80334 attachment type-attachment status-inherit hentry\" data-id=\"80334\">\r\n\t\t<div class=\"w-grid-item-h\">\r\n\t\t\t\t\t\t\t<a ref=\"magnificPopupGrid\" href=\"https:\/\/miil.dev.almic.ee\/wp-content\/uploads\/2024\/11\/reklaamikont.jpg\" class=\"w-grid-item-anchor\" aria-label=\"reklaamikont\"><\/a>\r\n\t\t\t\t\t\t<div class=\"w-post-elm post_image usg_post_image_1 stretched\"><a href=\"https:\/\/miil.dev.almic.ee\/en\/services\/container-transport\/reklaamikont-2\/\" aria-label=\"reklaamikont\"><img loading=\"lazy\" decoding=\"async\" width=\"600\" height=\"600\" src=\"https:\/\/miil.dev.almic.ee\/wp-content\/uploads\/2024\/11\/reklaamikont-600x600.jpg\" class=\"attachment-us_600_600_crop size-us_600_600_crop\" alt=\"\" srcset=\"https:\/\/miil.dev.almic.ee\/wp-content\/uploads\/2024\/11\/reklaamikont-600x600.jpg 600w, https:\/\/miil.dev.almic.ee\/wp-content\/uploads\/2024\/11\/reklaamikont-150x150.jpg 150w, https:\/\/miil.dev.almic.ee\/wp-content\/uploads\/2024\/11\/reklaamikont-300x300.jpg 300w\" sizes=\"auto, (max-width: 600px) 100vw, 600px\" \/><\/a><\/div>\t\t<\/div>\r\n\t\t\t<\/article>\r\n<\/div><div class=\"w-grid-preloader\">\t<div class=\"g-preloader type_1\">\r\n\t\t<div><\/div>\r\n\t<\/div>\r\n\t<\/div>\t<div class=\"w-grid-json hidden\" onclick='return {&quot;action&quot;:&quot;us_ajax_grid&quot;,&quot;infinite_scroll&quot;:0,&quot;max_num_pages&quot;:1,&quot;pagination&quot;:&quot;none&quot;,&quot;template_vars&quot;:{&quot;columns&quot;:&quot;3&quot;,&quot;exclude_items&quot;:&quot;none&quot;,&quot;img_size&quot;:&quot;us_600_600_crop&quot;,&quot;ignore_items_size&quot;:0,&quot;items_layout&quot;:&quot;212&quot;,&quot;items_offset&quot;:&quot;1&quot;,&quot;load_animation&quot;:&quot;none&quot;,&quot;overriding_link&quot;:&quot;%7B%22type%22%3A%22popup_image%22%7D&quot;,&quot;post_id&quot;:0,&quot;query_args&quot;:{&quot;post_type&quot;:[&quot;attachment&quot;],&quot;post__in&quot;:[&quot;79576&quot;,&quot;1093&quot;,&quot;1088&quot;,&quot;1098&quot;,&quot;1103&quot;,&quot;80334&quot;],&quot;post_status&quot;:&quot;inherit&quot;,&quot;post_mime_type&quot;:&quot;image&quot;,&quot;posts_per_page&quot;:&quot;10&quot;},&quot;orderby_query_args&quot;:{&quot;orderby&quot;:{&quot;post__in&quot;:&quot;ASC&quot;},&quot;order&quot;:&quot;ASC&quot;},&quot;type&quot;:&quot;grid&quot;,&quot;us_grid_post_type&quot;:&quot;attachment&quot;,&quot;us_grid_ajax_index&quot;:1,&quot;us_grid_filter_query_string&quot;:null,&quot;us_grid_index&quot;:1,&quot;page_args&quot;:[],&quot;lang&quot;:&quot;en&quot;}}'><\/div>\r\n\t<\/div><\/div><\/div><\/div><\/div><\/div><\/div><\/div><\/div><\/div><\/section>\n","protected":false},"excerpt":{"rendered":"","protected":false},"author":1,"featured_media":75545,"parent":1587,"menu_order":0,"comment_status":"closed","ping_status":"closed","template":"","meta":{"_acf_changed":false,"footnotes":""},"class_list":["post-1283","page","type-page","status-publish","has-post-thumbnail","hentry"],"acf":[],"yoast_head":"<!-- This site is optimized with the Yoast SEO Premium plugin v23.9 (Yoast SEO v27.5) - https:\/\/yoast.com\/product\/yoast-seo-premium-wordpress\/ -->\n<title>Container transport - Miil O\u00dc<\/title>\n<meta name=\"description\" content=\"Container transport | Merekonteinerite m\u00fc\u00fck | Merekonteinerite rent | Soojakute m\u00fc\u00fck | Konteinerite transport | Konteinerite m\u00fc\u00fck\" \/>\n<meta name=\"robots\" content=\"index, follow, max-snippet:-1, max-image-preview:large, max-video-preview:-1\" \/>\n<link rel=\"canonical\" href=\"https:\/\/miil.dev.almic.ee\/en\/services\/container-transport\/\" \/>\n<meta property=\"og:locale\" content=\"en_US\" \/>\n<meta property=\"og:type\" content=\"article\" \/>\n<meta property=\"og:title\" content=\"Container transport\" \/>\n<meta property=\"og:description\" content=\"Container transport | Merekonteinerite m\u00fc\u00fck | Merekonteinerite rent | Soojakute m\u00fc\u00fck | Konteinerite transport | Konteinerite m\u00fc\u00fck\" \/>\n<meta property=\"og:url\" content=\"https:\/\/miil.dev.almic.ee\/en\/services\/container-transport\/\" \/>\n<meta property=\"og:site_name\" content=\"Miil O\u00dc\" \/>\n<meta property=\"article:publisher\" content=\"https:\/\/www.facebook.com\/konteinerveod\/\" \/>\n<meta property=\"article:modified_time\" content=\"2024-11-29T14:57:44+00:00\" \/>\n<meta property=\"og:image\" content=\"https:\/\/miil.dev.almic.ee\/wp-content\/uploads\/2024\/09\/kraana-transport-konteinerite-transport-container-terminal-depot-estonia-terminal-helsinki-crane-truck-hiab-crane-20-scaled.jpg\" \/>\n\t<meta property=\"og:image:width\" content=\"1900\" \/>\n\t<meta property=\"og:image:height\" content=\"1425\" \/>\n\t<meta property=\"og:image:type\" content=\"image\/jpeg\" \/>\n<meta name=\"twitter:card\" content=\"summary_large_image\" \/>\n<meta name=\"twitter:label1\" content=\"Est. reading time\" \/>\n\t<meta name=\"twitter:data1\" content=\"2 minutes\" \/>\n<script type=\"application\/ld+json\" class=\"yoast-schema-graph\">{\"@context\":\"https:\\\/\\\/schema.org\",\"@graph\":[{\"@type\":\"WebPage\",\"@id\":\"https:\\\/\\\/miil.dev.almic.ee\\\/en\\\/services\\\/container-transport\\\/\",\"url\":\"https:\\\/\\\/miil.dev.almic.ee\\\/en\\\/services\\\/container-transport\\\/\",\"name\":\"Container transport - Miil O\u00dc\",\"isPartOf\":{\"@id\":\"https:\\\/\\\/miil.dev.almic.ee\\\/#website\"},\"primaryImageOfPage\":{\"@id\":\"https:\\\/\\\/miil.dev.almic.ee\\\/en\\\/services\\\/container-transport\\\/#primaryimage\"},\"image\":{\"@id\":\"https:\\\/\\\/miil.dev.almic.ee\\\/en\\\/services\\\/container-transport\\\/#primaryimage\"},\"thumbnailUrl\":\"https:\\\/\\\/miil.dev.almic.ee\\\/wp-content\\\/uploads\\\/2024\\\/09\\\/kraana-transport-konteinerite-transport-container-terminal-depot-estonia-terminal-helsinki-crane-truck-hiab-crane-20-scaled.jpg\",\"datePublished\":\"2022-04-11T17:26:04+00:00\",\"dateModified\":\"2024-11-29T14:57:44+00:00\",\"description\":\"Container transport | Merekonteinerite m\u00fc\u00fck | Merekonteinerite rent | Soojakute m\u00fc\u00fck | Konteinerite transport | Konteinerite m\u00fc\u00fck\",\"breadcrumb\":{\"@id\":\"https:\\\/\\\/miil.dev.almic.ee\\\/en\\\/services\\\/container-transport\\\/#breadcrumb\"},\"inLanguage\":\"en-US\",\"potentialAction\":[{\"@type\":\"ReadAction\",\"target\":[\"https:\\\/\\\/miil.dev.almic.ee\\\/en\\\/services\\\/container-transport\\\/\"]}]},{\"@type\":\"ImageObject\",\"inLanguage\":\"en-US\",\"@id\":\"https:\\\/\\\/miil.dev.almic.ee\\\/en\\\/services\\\/container-transport\\\/#primaryimage\",\"url\":\"https:\\\/\\\/miil.dev.almic.ee\\\/wp-content\\\/uploads\\\/2024\\\/09\\\/kraana-transport-konteinerite-transport-container-terminal-depot-estonia-terminal-helsinki-crane-truck-hiab-crane-20-scaled.jpg\",\"contentUrl\":\"https:\\\/\\\/miil.dev.almic.ee\\\/wp-content\\\/uploads\\\/2024\\\/09\\\/kraana-transport-konteinerite-transport-container-terminal-depot-estonia-terminal-helsinki-crane-truck-hiab-crane-20-scaled.jpg\",\"width\":1900,\"height\":1425},{\"@type\":\"BreadcrumbList\",\"@id\":\"https:\\\/\\\/miil.dev.almic.ee\\\/en\\\/services\\\/container-transport\\\/#breadcrumb\",\"itemListElement\":[{\"@type\":\"ListItem\",\"position\":1,\"name\":\"Home\",\"item\":\"https:\\\/\\\/miil.dev.almic.ee\\\/en\\\/\"},{\"@type\":\"ListItem\",\"position\":2,\"name\":\"Services\",\"item\":\"https:\\\/\\\/miil.dev.almic.ee\\\/en\\\/services\\\/\"},{\"@type\":\"ListItem\",\"position\":3,\"name\":\"Container transport\"}]},{\"@type\":\"WebSite\",\"@id\":\"https:\\\/\\\/miil.dev.almic.ee\\\/#website\",\"url\":\"https:\\\/\\\/miil.dev.almic.ee\\\/\",\"name\":\"Miil O\u00dc\",\"description\":\"Konteinerveod\",\"publisher\":{\"@id\":\"https:\\\/\\\/miil.dev.almic.ee\\\/#organization\"},\"potentialAction\":[{\"@type\":\"SearchAction\",\"target\":{\"@type\":\"EntryPoint\",\"urlTemplate\":\"https:\\\/\\\/miil.dev.almic.ee\\\/?s={search_term_string}\"},\"query-input\":{\"@type\":\"PropertyValueSpecification\",\"valueRequired\":true,\"valueName\":\"search_term_string\"}}],\"inLanguage\":\"en-US\"},{\"@type\":\"Organization\",\"@id\":\"https:\\\/\\\/miil.dev.almic.ee\\\/#organization\",\"name\":\"Miil O\u00dc\",\"url\":\"https:\\\/\\\/miil.dev.almic.ee\\\/\",\"logo\":{\"@type\":\"ImageObject\",\"inLanguage\":\"en-US\",\"@id\":\"https:\\\/\\\/miil.dev.almic.ee\\\/#\\\/schema\\\/logo\\\/image\\\/\",\"url\":\"https:\\\/\\\/www.miil.ee\\\/wp-content\\\/uploads\\\/2022\\\/02\\\/Miil-logo.svg\",\"contentUrl\":\"https:\\\/\\\/www.miil.ee\\\/wp-content\\\/uploads\\\/2022\\\/02\\\/Miil-logo.svg\",\"width\":\"1024\",\"height\":\"1024\",\"caption\":\"Miil O\u00dc\"},\"image\":{\"@id\":\"https:\\\/\\\/miil.dev.almic.ee\\\/#\\\/schema\\\/logo\\\/image\\\/\"},\"sameAs\":[\"https:\\\/\\\/www.facebook.com\\\/konteinerveod\\\/\",\"https:\\\/\\\/www.instagram.com\\\/ou_miil\\\/\"]}]}<\/script>\n<!-- \/ Yoast SEO Premium plugin. -->","yoast_head_json":{"title":"Container transport - Miil O\u00dc","description":"Container transport | Merekonteinerite m\u00fc\u00fck | Merekonteinerite rent | Soojakute m\u00fc\u00fck | Konteinerite transport | Konteinerite m\u00fc\u00fck","robots":{"index":"index","follow":"follow","max-snippet":"max-snippet:-1","max-image-preview":"max-image-preview:large","max-video-preview":"max-video-preview:-1"},"canonical":"https:\/\/miil.dev.almic.ee\/en\/services\/container-transport\/","og_locale":"en_US","og_type":"article","og_title":"Container transport","og_description":"Container transport | Merekonteinerite m\u00fc\u00fck | Merekonteinerite rent | Soojakute m\u00fc\u00fck | Konteinerite transport | Konteinerite m\u00fc\u00fck","og_url":"https:\/\/miil.dev.almic.ee\/en\/services\/container-transport\/","og_site_name":"Miil O\u00dc","article_publisher":"https:\/\/www.facebook.com\/konteinerveod\/","article_modified_time":"2024-11-29T14:57:44+00:00","og_image":[{"width":1900,"height":1425,"url":"https:\/\/miil.dev.almic.ee\/wp-content\/uploads\/2024\/09\/kraana-transport-konteinerite-transport-container-terminal-depot-estonia-terminal-helsinki-crane-truck-hiab-crane-20-scaled.jpg","type":"image\/jpeg"}],"twitter_card":"summary_large_image","twitter_misc":{"Est. reading time":"2 minutes"},"schema":{"@context":"https:\/\/schema.org","@graph":[{"@type":"WebPage","@id":"https:\/\/miil.dev.almic.ee\/en\/services\/container-transport\/","url":"https:\/\/miil.dev.almic.ee\/en\/services\/container-transport\/","name":"Container transport - Miil O\u00dc","isPartOf":{"@id":"https:\/\/miil.dev.almic.ee\/#website"},"primaryImageOfPage":{"@id":"https:\/\/miil.dev.almic.ee\/en\/services\/container-transport\/#primaryimage"},"image":{"@id":"https:\/\/miil.dev.almic.ee\/en\/services\/container-transport\/#primaryimage"},"thumbnailUrl":"https:\/\/miil.dev.almic.ee\/wp-content\/uploads\/2024\/09\/kraana-transport-konteinerite-transport-container-terminal-depot-estonia-terminal-helsinki-crane-truck-hiab-crane-20-scaled.jpg","datePublished":"2022-04-11T17:26:04+00:00","dateModified":"2024-11-29T14:57:44+00:00","description":"Container transport | Merekonteinerite m\u00fc\u00fck | Merekonteinerite rent | Soojakute m\u00fc\u00fck | Konteinerite transport | Konteinerite m\u00fc\u00fck","breadcrumb":{"@id":"https:\/\/miil.dev.almic.ee\/en\/services\/container-transport\/#breadcrumb"},"inLanguage":"en-US","potentialAction":[{"@type":"ReadAction","target":["https:\/\/miil.dev.almic.ee\/en\/services\/container-transport\/"]}]},{"@type":"ImageObject","inLanguage":"en-US","@id":"https:\/\/miil.dev.almic.ee\/en\/services\/container-transport\/#primaryimage","url":"https:\/\/miil.dev.almic.ee\/wp-content\/uploads\/2024\/09\/kraana-transport-konteinerite-transport-container-terminal-depot-estonia-terminal-helsinki-crane-truck-hiab-crane-20-scaled.jpg","contentUrl":"https:\/\/miil.dev.almic.ee\/wp-content\/uploads\/2024\/09\/kraana-transport-konteinerite-transport-container-terminal-depot-estonia-terminal-helsinki-crane-truck-hiab-crane-20-scaled.jpg","width":1900,"height":1425},{"@type":"BreadcrumbList","@id":"https:\/\/miil.dev.almic.ee\/en\/services\/container-transport\/#breadcrumb","itemListElement":[{"@type":"ListItem","position":1,"name":"Home","item":"https:\/\/miil.dev.almic.ee\/en\/"},{"@type":"ListItem","position":2,"name":"Services","item":"https:\/\/miil.dev.almic.ee\/en\/services\/"},{"@type":"ListItem","position":3,"name":"Container transport"}]},{"@type":"WebSite","@id":"https:\/\/miil.dev.almic.ee\/#website","url":"https:\/\/miil.dev.almic.ee\/","name":"Miil O\u00dc","description":"Konteinerveod","publisher":{"@id":"https:\/\/miil.dev.almic.ee\/#organization"},"potentialAction":[{"@type":"SearchAction","target":{"@type":"EntryPoint","urlTemplate":"https:\/\/miil.dev.almic.ee\/?s={search_term_string}"},"query-input":{"@type":"PropertyValueSpecification","valueRequired":true,"valueName":"search_term_string"}}],"inLanguage":"en-US"},{"@type":"Organization","@id":"https:\/\/miil.dev.almic.ee\/#organization","name":"Miil O\u00dc","url":"https:\/\/miil.dev.almic.ee\/","logo":{"@type":"ImageObject","inLanguage":"en-US","@id":"https:\/\/miil.dev.almic.ee\/#\/schema\/logo\/image\/","url":"https:\/\/www.miil.ee\/wp-content\/uploads\/2022\/02\/Miil-logo.svg","contentUrl":"https:\/\/www.miil.ee\/wp-content\/uploads\/2022\/02\/Miil-logo.svg","width":"1024","height":"1024","caption":"Miil O\u00dc"},"image":{"@id":"https:\/\/miil.dev.almic.ee\/#\/schema\/logo\/image\/"},"sameAs":["https:\/\/www.facebook.com\/konteinerveod\/","https:\/\/www.instagram.com\/ou_miil\/"]}]}},"_links":{"self":[{"href":"https:\/\/miil.dev.almic.ee\/en\/wp-json\/wp\/v2\/pages\/1283","targetHints":{"allow":["GET"]}}],"collection":[{"href":"https:\/\/miil.dev.almic.ee\/en\/wp-json\/wp\/v2\/pages"}],"about":[{"href":"https:\/\/miil.dev.almic.ee\/en\/wp-json\/wp\/v2\/types\/page"}],"author":[{"embeddable":true,"href":"https:\/\/miil.dev.almic.ee\/en\/wp-json\/wp\/v2\/users\/1"}],"replies":[{"embeddable":true,"href":"https:\/\/miil.dev.almic.ee\/en\/wp-json\/wp\/v2\/comments?post=1283"}],"version-history":[{"count":0,"href":"https:\/\/miil.dev.almic.ee\/en\/wp-json\/wp\/v2\/pages\/1283\/revisions"}],"up":[{"embeddable":true,"href":"https:\/\/miil.dev.almic.ee\/en\/wp-json\/wp\/v2\/pages\/1587"}],"wp:featuredmedia":[{"embeddable":true,"href":"https:\/\/miil.dev.almic.ee\/en\/wp-json\/wp\/v2\/media\/75545"}],"wp:attachment":[{"href":"https:\/\/miil.dev.almic.ee\/en\/wp-json\/wp\/v2\/media?parent=1283"}],"curies":[{"name":"wp","href":"https:\/\/api.w.org\/{rel}","templated":true}]}}