{"id":12355,"date":"2022-07-28T09:24:29","date_gmt":"2022-07-28T06:24:29","guid":{"rendered":"https:\/\/www.miil.ee\/wheel-loader\/"},"modified":"2025-01-10T14:42:18","modified_gmt":"2025-01-10T12:42:18","slug":"wheel-loader","status":"publish","type":"page","link":"https:\/\/miil.dev.almic.ee\/en\/wheel-loader\/","title":{"rendered":"Wheel loader"},"content":{"rendered":"<section class=\"l-section wpb_row height_medium\"><div class=\"l-section-h i-cf\"><div class=\"g-cols vc_row via_flex valign_top type_default stacking_default\"><div class=\"vc_col-sm-12 wpb_column vc_column_container\"><div class=\"vc_column-inner\"><div class=\"wpb_wrapper\"><div class=\"g-cols wpb_row via_flex valign_top type_default stacking_default\"><div class=\"vc_col-sm-6 wpb_column vc_column_container\"><div class=\"vc_column-inner\"><div class=\"wpb_wrapper\"><div class=\"wpb_text_column\"><div class=\"wpb_wrapper\"><p>As of 2022, our fleet includes a CAT950K wheel loader. It is a powerful machine operated by an experienced driver.<\/p>\n<p>* Snow removal<br \/>\n* Loading service<br \/>\n* Construction of yards<br \/>\n* Soil screening<\/p>\n<p>The loader is also suitable for the construction of sewers and roads. The loader together with its driver is transported between sites using our low loader trailer.<\/p>\n<h2>Other services we provide:<\/h2>\n<p>In the container terminal of Miil O\u00dc, we offer the following <a href=\"https:\/\/www.miil.ee\/en\/services\/container-transport\/\">services<\/a>:<\/p>\n<p>* Loading and unloading of shipping containers (including loading of vehicles in containers)<br \/>\n* Fumigation of shipping containers<br \/>\n* Storage of storage containers<br \/>\n* Storage of shipping containers<br \/>\n* Cleaning and repair of containers<br \/>\n* Neutralisation of shipping containers<br \/>\n* Electrical heating of tank containers<br \/>\n* Steam heating of tank containers<br \/>\n* Rental of container trailers<br \/>\n* Conversion of containers<br \/>\n* Painting of containers<\/p>\n<\/div><\/div><\/div><\/div><\/div><div class=\"vc_col-sm-6 wpb_column vc_column_container\"><div class=\"vc_column-inner\"><div class=\"wpb_wrapper\"><div class=\"w-gallery fit_cover type_grid ratio_1x1 count_2\" style=\"--columns:1;--items-gap:10px;\"><div class=\"w-gallery-list\"><div class=\"w-gallery-item\"><div class=\"w-gallery-item-img\"><img loading=\"lazy\" decoding=\"async\" width=\"1024\" height=\"768\" src=\"https:\/\/miil.dev.almic.ee\/wp-content\/uploads\/2025\/01\/lumekoristus-1024x768.jpg\" class=\"attachment-large size-large\" alt=\"snow removal machine\" srcset=\"https:\/\/miil.dev.almic.ee\/wp-content\/uploads\/2025\/01\/lumekoristus-1024x768.jpg 1024w, https:\/\/miil.dev.almic.ee\/wp-content\/uploads\/2025\/01\/lumekoristus-300x225.jpg 300w, https:\/\/miil.dev.almic.ee\/wp-content\/uploads\/2025\/01\/lumekoristus-600x450.jpg 600w, https:\/\/miil.dev.almic.ee\/wp-content\/uploads\/2025\/01\/lumekoristus-scaled.jpg 1900w\" sizes=\"auto, (max-width: 1024px) 100vw, 1024px\" \/><\/div><\/div><div class=\"w-gallery-item\"><div class=\"w-gallery-item-img\"><img loading=\"lazy\" decoding=\"async\" width=\"1024\" height=\"768\" src=\"https:\/\/miil.dev.almic.ee\/wp-content\/uploads\/2025\/01\/lumekoristusmasin-1024x768.jpg\" class=\"attachment-large size-large\" alt=\"snow removal\" srcset=\"https:\/\/miil.dev.almic.ee\/wp-content\/uploads\/2025\/01\/lumekoristusmasin-1024x768.jpg 1024w, https:\/\/miil.dev.almic.ee\/wp-content\/uploads\/2025\/01\/lumekoristusmasin-300x225.jpg 300w, https:\/\/miil.dev.almic.ee\/wp-content\/uploads\/2025\/01\/lumekoristusmasin-600x450.jpg 600w, https:\/\/miil.dev.almic.ee\/wp-content\/uploads\/2025\/01\/lumekoristusmasin-scaled.jpg 1900w\" sizes=\"auto, (max-width: 1024px) 100vw, 1024px\" \/><\/div><\/div><\/div><\/div><\/div><\/div><\/div><\/div><div class=\"g-cols wpb_row via_flex valign_top type_default stacking_default\"><div class=\"vc_col-sm-12 wpb_column vc_column_container\"><div class=\"vc_column-inner\"><div class=\"wpb_wrapper\"><div class=\"wpb_text_column\"><div class=\"wpb_wrapper\"><p>Tell us what you need and ask a quote for a wheel loader or other services <a href=\"mailto:info@miil.ee\">info@miil.ee.<\/a><\/p>\n<p>Thanks to our extensive experience and daily activity in the field of container transport, we are experts on all things container-related. In addition to the above, we also sell new and used shipping containers, storage containers, portable cabins, portable toilets, and security fencing. Our selection includes a wide variety of different solutions, such as fireproof containers. Our list of services also includes the conversion and painting of containers, as well as special container solutions for advertising purposes and much more besides. We have more than 200 shipping containers readily available in storage at all times and it is possible to come see them in person. If a suitable product is not currently in stock, we can order it from Europe (delivery 2 to 3 weeks) or Asia.<\/p>\n<p>We also offer (short- and long-term) rental of shipping containers and the rental of trailers for the transport of containers.<\/p>\n<p>&nbsp;<\/p>\n<p><span>Follow us on\u00a0<\/span><a href=\"https:\/\/www.facebook.com\/konteinerveod\/\">Facebook<\/a><span>\u00a0or\u00a0<\/span><a href=\"https:\/\/www.instagram.com\/ou_miil\/\">Instagram<\/a><\/p>\n<\/div><\/div><div class=\"w-grid type_grid layout_212 cols_2\" id=\"us_grid_1\" style=\"--gap:0.5rem;\" data-filterable=\"true\"><style>@media (max-width:600px){#us_grid_1 .w-grid-list{margin:0}#us_grid_1 .w-grid-item{width:100%;padding:0;margin-bottom:var(--gap,0px)}}.layout_212 .w-grid-item-h{}<\/style><div class=\"w-grid-list\">\t<article class=\"w-grid-item size_1x1 post-8188 attachment type-attachment status-inherit hentry\" data-id=\"8188\">\r\n\t\t<div class=\"w-grid-item-h\">\r\n\t\t\t\t\t\t\t<a ref=\"magnificPopupGrid\" href=\"https:\/\/miil.dev.almic.ee\/wp-content\/uploads\/2022\/05\/Laadur-2.jpg\" class=\"w-grid-item-anchor\" aria-label=\"Laadur 2\"><\/a>\r\n\t\t\t\t\t\t<div class=\"w-post-elm post_image usg_post_image_1 stretched\"><a href=\"https:\/\/miil.dev.almic.ee\/en\/wheel-loader\/laadur-2-2\/\" aria-label=\"Laadur 2\"><img loading=\"lazy\" decoding=\"async\" width=\"936\" height=\"702\" src=\"https:\/\/miil.dev.almic.ee\/wp-content\/uploads\/2022\/05\/Laadur-2.jpg\" class=\"attachment-full size-full\" alt=\"\" srcset=\"https:\/\/miil.dev.almic.ee\/wp-content\/uploads\/2022\/05\/Laadur-2.jpg 936w, https:\/\/miil.dev.almic.ee\/wp-content\/uploads\/2022\/05\/Laadur-2-600x450.jpg 600w, https:\/\/miil.dev.almic.ee\/wp-content\/uploads\/2022\/05\/Laadur-2-300x225.jpg 300w\" sizes=\"auto, (max-width: 936px) 100vw, 936px\" \/><\/a><\/div>\t\t<\/div>\r\n\t\t\t<\/article>\r\n\t<article class=\"w-grid-item size_1x1 post-84081 attachment type-attachment status-inherit hentry\" data-id=\"84081\">\r\n\t\t<div class=\"w-grid-item-h\">\r\n\t\t\t\t\t\t\t<a ref=\"magnificPopupGrid\" href=\"https:\/\/miil.dev.almic.ee\/wp-content\/uploads\/2025\/01\/lumekoristus-scaled.jpg\" class=\"w-grid-item-anchor\" aria-label=\"snow removal machine\"><\/a>\r\n\t\t\t\t\t\t<div class=\"w-post-elm post_image usg_post_image_1 stretched\"><a href=\"https:\/\/miil.dev.almic.ee\/en\/wheel-loader\/lumekoristus-2\/\" aria-label=\"lumekoristus\"><img loading=\"lazy\" decoding=\"async\" width=\"1900\" height=\"1425\" src=\"https:\/\/miil.dev.almic.ee\/wp-content\/uploads\/2025\/01\/lumekoristus-scaled.jpg\" class=\"attachment-full size-full\" alt=\"snow removal machine\" srcset=\"https:\/\/miil.dev.almic.ee\/wp-content\/uploads\/2025\/01\/lumekoristus-scaled.jpg 1900w, https:\/\/miil.dev.almic.ee\/wp-content\/uploads\/2025\/01\/lumekoristus-300x225.jpg 300w, https:\/\/miil.dev.almic.ee\/wp-content\/uploads\/2025\/01\/lumekoristus-1024x768.jpg 1024w, https:\/\/miil.dev.almic.ee\/wp-content\/uploads\/2025\/01\/lumekoristus-600x450.jpg 600w\" sizes=\"auto, (max-width: 1900px) 100vw, 1900px\" \/><\/a><\/div>\t\t<\/div>\r\n\t\t\t<\/article>\r\n\t<article class=\"w-grid-item size_1x1 post-84086 attachment type-attachment status-inherit hentry\" data-id=\"84086\">\r\n\t\t<div class=\"w-grid-item-h\">\r\n\t\t\t\t\t\t\t<a ref=\"magnificPopupGrid\" href=\"https:\/\/miil.dev.almic.ee\/wp-content\/uploads\/2025\/01\/lumekoristusmasin-scaled.jpg\" class=\"w-grid-item-anchor\" aria-label=\"lumel\u00fckkamine, \u0443\u0431\u043e\u0440\u043a\u0430 \u0441\u043d\u0435\u0433\u0430\"><\/a>\r\n\t\t\t\t\t\t<div class=\"w-post-elm post_image usg_post_image_1 stretched\"><a href=\"https:\/\/miil.dev.almic.ee\/en\/wheel-loader\/lumekoristusmasin-2\/\" aria-label=\"lumekoristusmasin\"><img loading=\"lazy\" decoding=\"async\" width=\"1900\" height=\"1425\" src=\"https:\/\/miil.dev.almic.ee\/wp-content\/uploads\/2025\/01\/lumekoristusmasin-scaled.jpg\" class=\"attachment-full size-full\" alt=\"snow removal\" srcset=\"https:\/\/miil.dev.almic.ee\/wp-content\/uploads\/2025\/01\/lumekoristusmasin-scaled.jpg 1900w, https:\/\/miil.dev.almic.ee\/wp-content\/uploads\/2025\/01\/lumekoristusmasin-300x225.jpg 300w, https:\/\/miil.dev.almic.ee\/wp-content\/uploads\/2025\/01\/lumekoristusmasin-1024x768.jpg 1024w, https:\/\/miil.dev.almic.ee\/wp-content\/uploads\/2025\/01\/lumekoristusmasin-600x450.jpg 600w\" sizes=\"auto, (max-width: 1900px) 100vw, 1900px\" \/><\/a><\/div>\t\t<\/div>\r\n\t\t\t<\/article>\r\n<\/div><div class=\"w-grid-preloader\">\t<div class=\"g-preloader type_1\">\r\n\t\t<div><\/div>\r\n\t<\/div>\r\n\t<\/div>\t<div class=\"w-grid-json hidden\" onclick='return {&quot;action&quot;:&quot;us_ajax_grid&quot;,&quot;infinite_scroll&quot;:0,&quot;max_num_pages&quot;:1,&quot;pagination&quot;:&quot;none&quot;,&quot;template_vars&quot;:{&quot;columns&quot;:&quot;2&quot;,&quot;exclude_items&quot;:&quot;none&quot;,&quot;img_size&quot;:&quot;full&quot;,&quot;ignore_items_size&quot;:0,&quot;items_layout&quot;:&quot;212&quot;,&quot;items_offset&quot;:&quot;1&quot;,&quot;load_animation&quot;:&quot;none&quot;,&quot;overriding_link&quot;:&quot;%7B%22type%22%3A%22popup_image%22%7D&quot;,&quot;post_id&quot;:0,&quot;query_args&quot;:{&quot;post_type&quot;:[&quot;attachment&quot;],&quot;post__in&quot;:[&quot;8187&quot;,&quot;8182&quot;,&quot;84081&quot;,&quot;84086&quot;],&quot;post_status&quot;:&quot;inherit&quot;,&quot;post_mime_type&quot;:&quot;image&quot;,&quot;posts_per_page&quot;:999},&quot;orderby_query_args&quot;:{&quot;orderby&quot;:{&quot;post__in&quot;:&quot;ASC&quot;},&quot;order&quot;:&quot;ASC&quot;},&quot;type&quot;:&quot;grid&quot;,&quot;us_grid_post_type&quot;:&quot;attachment&quot;,&quot;us_grid_ajax_index&quot;:1,&quot;us_grid_filter_query_string&quot;:null,&quot;us_grid_index&quot;:1,&quot;page_args&quot;:[],&quot;lang&quot;:&quot;en&quot;}}'><\/div>\r\n\t<\/div><\/div><\/div><\/div><\/div><\/div><\/div><\/div><\/div><\/div><\/section>\n","protected":false},"excerpt":{"rendered":"lumel\u00fckkamine, \u0443\u0431\u043e\u0440\u043a\u0430 \u0441\u043d\u0435\u0433\u0430, snow removal","protected":false},"author":1,"featured_media":22624,"parent":0,"menu_order":0,"comment_status":"closed","ping_status":"closed","template":"","meta":{"_acf_changed":false,"footnotes":""},"class_list":["post-12355","page","type-page","status-publish","has-post-thumbnail","hentry"],"acf":[],"yoast_head":"<!-- This site is optimized with the Yoast SEO Premium plugin v23.9 (Yoast SEO v27.5) - https:\/\/yoast.com\/product\/yoast-seo-premium-wordpress\/ -->\n<title>Wheel loader - Miil O\u00dc<\/title>\n<meta name=\"description\" content=\"Wheel loader | Merekonteinerite m\u00fc\u00fck | Merekonteinerite rent | Soojakute m\u00fc\u00fck | Konteinerite transport | Konteinerite m\u00fc\u00fck\" \/>\n<meta name=\"robots\" content=\"index, follow, max-snippet:-1, max-image-preview:large, max-video-preview:-1\" \/>\n<link rel=\"canonical\" href=\"https:\/\/miil.dev.almic.ee\/en\/wheel-loader\/\" \/>\n<meta property=\"og:locale\" content=\"en_US\" \/>\n<meta property=\"og:type\" content=\"article\" \/>\n<meta property=\"og:title\" content=\"Wheel loader\" \/>\n<meta property=\"og:description\" content=\"Wheel loader | Merekonteinerite m\u00fc\u00fck | Merekonteinerite rent | Soojakute m\u00fc\u00fck | Konteinerite transport | Konteinerite m\u00fc\u00fck\" \/>\n<meta property=\"og:url\" content=\"https:\/\/miil.dev.almic.ee\/en\/wheel-loader\/\" \/>\n<meta property=\"og:site_name\" content=\"Miil O\u00dc\" \/>\n<meta property=\"article:publisher\" content=\"https:\/\/www.facebook.com\/konteinerveod\/\" \/>\n<meta property=\"article:modified_time\" content=\"2025-01-10T12:42:18+00:00\" \/>\n<meta property=\"og:image\" content=\"https:\/\/miil.dev.almic.ee\/wp-content\/uploads\/2022\/11\/222.jpg\" \/>\n\t<meta property=\"og:image:width\" content=\"1080\" \/>\n\t<meta property=\"og:image:height\" content=\"846\" \/>\n\t<meta property=\"og:image:type\" content=\"image\/jpeg\" \/>\n<meta name=\"twitter:card\" content=\"summary_large_image\" \/>\n<meta name=\"twitter:label1\" content=\"Est. reading time\" \/>\n\t<meta name=\"twitter:data1\" content=\"2 minutes\" \/>\n<script type=\"application\/ld+json\" class=\"yoast-schema-graph\">{\"@context\":\"https:\\\/\\\/schema.org\",\"@graph\":[{\"@type\":\"WebPage\",\"@id\":\"https:\\\/\\\/miil.dev.almic.ee\\\/en\\\/wheel-loader\\\/\",\"url\":\"https:\\\/\\\/miil.dev.almic.ee\\\/en\\\/wheel-loader\\\/\",\"name\":\"Wheel loader - Miil O\u00dc\",\"isPartOf\":{\"@id\":\"https:\\\/\\\/miil.dev.almic.ee\\\/#website\"},\"primaryImageOfPage\":{\"@id\":\"https:\\\/\\\/miil.dev.almic.ee\\\/en\\\/wheel-loader\\\/#primaryimage\"},\"image\":{\"@id\":\"https:\\\/\\\/miil.dev.almic.ee\\\/en\\\/wheel-loader\\\/#primaryimage\"},\"thumbnailUrl\":\"https:\\\/\\\/miil.dev.almic.ee\\\/wp-content\\\/uploads\\\/2022\\\/11\\\/222.jpg\",\"datePublished\":\"2022-07-28T06:24:29+00:00\",\"dateModified\":\"2025-01-10T12:42:18+00:00\",\"description\":\"Wheel loader | Merekonteinerite m\u00fc\u00fck | Merekonteinerite rent | Soojakute m\u00fc\u00fck | Konteinerite transport | Konteinerite m\u00fc\u00fck\",\"breadcrumb\":{\"@id\":\"https:\\\/\\\/miil.dev.almic.ee\\\/en\\\/wheel-loader\\\/#breadcrumb\"},\"inLanguage\":\"en-US\",\"potentialAction\":[{\"@type\":\"ReadAction\",\"target\":[\"https:\\\/\\\/miil.dev.almic.ee\\\/en\\\/wheel-loader\\\/\"]}]},{\"@type\":\"ImageObject\",\"inLanguage\":\"en-US\",\"@id\":\"https:\\\/\\\/miil.dev.almic.ee\\\/en\\\/wheel-loader\\\/#primaryimage\",\"url\":\"https:\\\/\\\/miil.dev.almic.ee\\\/wp-content\\\/uploads\\\/2022\\\/11\\\/222.jpg\",\"contentUrl\":\"https:\\\/\\\/miil.dev.almic.ee\\\/wp-content\\\/uploads\\\/2022\\\/11\\\/222.jpg\",\"width\":1080,\"height\":846,\"caption\":\"Lumekoristus\"},{\"@type\":\"BreadcrumbList\",\"@id\":\"https:\\\/\\\/miil.dev.almic.ee\\\/en\\\/wheel-loader\\\/#breadcrumb\",\"itemListElement\":[{\"@type\":\"ListItem\",\"position\":1,\"name\":\"Home\",\"item\":\"https:\\\/\\\/miil.dev.almic.ee\\\/en\\\/\"},{\"@type\":\"ListItem\",\"position\":2,\"name\":\"Wheel loader\"}]},{\"@type\":\"WebSite\",\"@id\":\"https:\\\/\\\/miil.dev.almic.ee\\\/#website\",\"url\":\"https:\\\/\\\/miil.dev.almic.ee\\\/\",\"name\":\"Miil O\u00dc\",\"description\":\"Konteinerveod\",\"publisher\":{\"@id\":\"https:\\\/\\\/miil.dev.almic.ee\\\/#organization\"},\"potentialAction\":[{\"@type\":\"SearchAction\",\"target\":{\"@type\":\"EntryPoint\",\"urlTemplate\":\"https:\\\/\\\/miil.dev.almic.ee\\\/?s={search_term_string}\"},\"query-input\":{\"@type\":\"PropertyValueSpecification\",\"valueRequired\":true,\"valueName\":\"search_term_string\"}}],\"inLanguage\":\"en-US\"},{\"@type\":\"Organization\",\"@id\":\"https:\\\/\\\/miil.dev.almic.ee\\\/#organization\",\"name\":\"Miil O\u00dc\",\"url\":\"https:\\\/\\\/miil.dev.almic.ee\\\/\",\"logo\":{\"@type\":\"ImageObject\",\"inLanguage\":\"en-US\",\"@id\":\"https:\\\/\\\/miil.dev.almic.ee\\\/#\\\/schema\\\/logo\\\/image\\\/\",\"url\":\"https:\\\/\\\/www.miil.ee\\\/wp-content\\\/uploads\\\/2022\\\/02\\\/Miil-logo.svg\",\"contentUrl\":\"https:\\\/\\\/www.miil.ee\\\/wp-content\\\/uploads\\\/2022\\\/02\\\/Miil-logo.svg\",\"width\":\"1024\",\"height\":\"1024\",\"caption\":\"Miil O\u00dc\"},\"image\":{\"@id\":\"https:\\\/\\\/miil.dev.almic.ee\\\/#\\\/schema\\\/logo\\\/image\\\/\"},\"sameAs\":[\"https:\\\/\\\/www.facebook.com\\\/konteinerveod\\\/\",\"https:\\\/\\\/www.instagram.com\\\/ou_miil\\\/\"]}]}<\/script>\n<!-- \/ Yoast SEO Premium plugin. -->","yoast_head_json":{"title":"Wheel loader - Miil O\u00dc","description":"Wheel loader | Merekonteinerite m\u00fc\u00fck | Merekonteinerite rent | Soojakute m\u00fc\u00fck | Konteinerite transport | Konteinerite m\u00fc\u00fck","robots":{"index":"index","follow":"follow","max-snippet":"max-snippet:-1","max-image-preview":"max-image-preview:large","max-video-preview":"max-video-preview:-1"},"canonical":"https:\/\/miil.dev.almic.ee\/en\/wheel-loader\/","og_locale":"en_US","og_type":"article","og_title":"Wheel loader","og_description":"Wheel loader | Merekonteinerite m\u00fc\u00fck | Merekonteinerite rent | Soojakute m\u00fc\u00fck | Konteinerite transport | Konteinerite m\u00fc\u00fck","og_url":"https:\/\/miil.dev.almic.ee\/en\/wheel-loader\/","og_site_name":"Miil O\u00dc","article_publisher":"https:\/\/www.facebook.com\/konteinerveod\/","article_modified_time":"2025-01-10T12:42:18+00:00","og_image":[{"width":1080,"height":846,"url":"https:\/\/miil.dev.almic.ee\/wp-content\/uploads\/2022\/11\/222.jpg","type":"image\/jpeg"}],"twitter_card":"summary_large_image","twitter_misc":{"Est. reading time":"2 minutes"},"schema":{"@context":"https:\/\/schema.org","@graph":[{"@type":"WebPage","@id":"https:\/\/miil.dev.almic.ee\/en\/wheel-loader\/","url":"https:\/\/miil.dev.almic.ee\/en\/wheel-loader\/","name":"Wheel loader - Miil O\u00dc","isPartOf":{"@id":"https:\/\/miil.dev.almic.ee\/#website"},"primaryImageOfPage":{"@id":"https:\/\/miil.dev.almic.ee\/en\/wheel-loader\/#primaryimage"},"image":{"@id":"https:\/\/miil.dev.almic.ee\/en\/wheel-loader\/#primaryimage"},"thumbnailUrl":"https:\/\/miil.dev.almic.ee\/wp-content\/uploads\/2022\/11\/222.jpg","datePublished":"2022-07-28T06:24:29+00:00","dateModified":"2025-01-10T12:42:18+00:00","description":"Wheel loader | Merekonteinerite m\u00fc\u00fck | Merekonteinerite rent | Soojakute m\u00fc\u00fck | Konteinerite transport | Konteinerite m\u00fc\u00fck","breadcrumb":{"@id":"https:\/\/miil.dev.almic.ee\/en\/wheel-loader\/#breadcrumb"},"inLanguage":"en-US","potentialAction":[{"@type":"ReadAction","target":["https:\/\/miil.dev.almic.ee\/en\/wheel-loader\/"]}]},{"@type":"ImageObject","inLanguage":"en-US","@id":"https:\/\/miil.dev.almic.ee\/en\/wheel-loader\/#primaryimage","url":"https:\/\/miil.dev.almic.ee\/wp-content\/uploads\/2022\/11\/222.jpg","contentUrl":"https:\/\/miil.dev.almic.ee\/wp-content\/uploads\/2022\/11\/222.jpg","width":1080,"height":846,"caption":"Lumekoristus"},{"@type":"BreadcrumbList","@id":"https:\/\/miil.dev.almic.ee\/en\/wheel-loader\/#breadcrumb","itemListElement":[{"@type":"ListItem","position":1,"name":"Home","item":"https:\/\/miil.dev.almic.ee\/en\/"},{"@type":"ListItem","position":2,"name":"Wheel loader"}]},{"@type":"WebSite","@id":"https:\/\/miil.dev.almic.ee\/#website","url":"https:\/\/miil.dev.almic.ee\/","name":"Miil O\u00dc","description":"Konteinerveod","publisher":{"@id":"https:\/\/miil.dev.almic.ee\/#organization"},"potentialAction":[{"@type":"SearchAction","target":{"@type":"EntryPoint","urlTemplate":"https:\/\/miil.dev.almic.ee\/?s={search_term_string}"},"query-input":{"@type":"PropertyValueSpecification","valueRequired":true,"valueName":"search_term_string"}}],"inLanguage":"en-US"},{"@type":"Organization","@id":"https:\/\/miil.dev.almic.ee\/#organization","name":"Miil O\u00dc","url":"https:\/\/miil.dev.almic.ee\/","logo":{"@type":"ImageObject","inLanguage":"en-US","@id":"https:\/\/miil.dev.almic.ee\/#\/schema\/logo\/image\/","url":"https:\/\/www.miil.ee\/wp-content\/uploads\/2022\/02\/Miil-logo.svg","contentUrl":"https:\/\/www.miil.ee\/wp-content\/uploads\/2022\/02\/Miil-logo.svg","width":"1024","height":"1024","caption":"Miil O\u00dc"},"image":{"@id":"https:\/\/miil.dev.almic.ee\/#\/schema\/logo\/image\/"},"sameAs":["https:\/\/www.facebook.com\/konteinerveod\/","https:\/\/www.instagram.com\/ou_miil\/"]}]}},"_links":{"self":[{"href":"https:\/\/miil.dev.almic.ee\/en\/wp-json\/wp\/v2\/pages\/12355","targetHints":{"allow":["GET"]}}],"collection":[{"href":"https:\/\/miil.dev.almic.ee\/en\/wp-json\/wp\/v2\/pages"}],"about":[{"href":"https:\/\/miil.dev.almic.ee\/en\/wp-json\/wp\/v2\/types\/page"}],"author":[{"embeddable":true,"href":"https:\/\/miil.dev.almic.ee\/en\/wp-json\/wp\/v2\/users\/1"}],"replies":[{"embeddable":true,"href":"https:\/\/miil.dev.almic.ee\/en\/wp-json\/wp\/v2\/comments?post=12355"}],"version-history":[{"count":0,"href":"https:\/\/miil.dev.almic.ee\/en\/wp-json\/wp\/v2\/pages\/12355\/revisions"}],"wp:featuredmedia":[{"embeddable":true,"href":"https:\/\/miil.dev.almic.ee\/en\/wp-json\/wp\/v2\/media\/22624"}],"wp:attachment":[{"href":"https:\/\/miil.dev.almic.ee\/en\/wp-json\/wp\/v2\/media?parent=12355"}],"curies":[{"name":"wp","href":"https:\/\/api.w.org\/{rel}","templated":true}]}}