{"id":12352,"date":"2022-07-28T09:23:59","date_gmt":"2022-07-28T06:23:59","guid":{"rendered":"https:\/\/www.miil.ee\/frequently-asked-questions\/"},"modified":"2024-12-17T11:32:43","modified_gmt":"2024-12-17T09:32:43","slug":"frequently-asked-questions","status":"publish","type":"page","link":"https:\/\/miil.dev.almic.ee\/en\/frequently-asked-questions\/","title":{"rendered":"Frequently Asked Questions"},"content":{"rendered":"<section class=\"l-section wpb_row faq height_medium\"><div class=\"l-section-h i-cf\"><div class=\"g-cols vc_row via_flex valign_top type_default stacking_default\"><div class=\"vc_col-sm-12 wpb_column vc_column_container\"><div class=\"vc_column-inner\"><div class=\"wpb_wrapper\"><div class=\"w-tabs style_default switch_click accordion type_togglable has_scrolling\" style=\"--sections-title-size:inherit\"><div class=\"w-tabs-sections titles-align_none icon_plus cpos_left\"><div class=\"w-tabs-section\" id=\"s941\" itemscope itemprop=\"mainEntity\" itemtype=\"https:\/\/schema.org\/Question\"><button class=\"w-tabs-section-header\" aria-controls=\"content-s941\" aria-expanded=\"false\"><div class=\"w-tabs-section-title\" itemprop=\"name\">What is the difference between a shipping container and a storage container?<\/div><div class=\"w-tabs-section-control\"><\/div><\/button><div  class=\"w-tabs-section-content\" id=\"content-s941\" itemscope itemprop=\"acceptedAnswer\" itemtype=\"https:\/\/schema.org\/Answer\"><div class=\"w-tabs-section-content-h i-cf\" itemprop=\"text\"><div class=\"wpb_text_column\"><div class=\"wpb_wrapper\"><p>* Storage container: new storage containers have an easy-open door, additional ventilation, a lock guard, and, in some cases, hinges that can be lubricated. Storage containers have been finished in such a way as to allow them to be used in domestic households for the storage of goods. Additionally, the colour tone of the container can be chosen. * Shipping container: used containers are primarily built to be as airtight as possible, as extra ventilation at sea is not beneficial. Shipping containers feature four handles for locking the door.<\/p>\n<\/div><\/div><\/div><\/div><\/div><div class=\"w-tabs-section\" id=\"aadd\" itemscope itemprop=\"mainEntity\" itemtype=\"https:\/\/schema.org\/Question\"><button class=\"w-tabs-section-header\" aria-controls=\"content-aadd\" aria-expanded=\"false\"><div class=\"w-tabs-section-title\" itemprop=\"name\">Are plastic, thin sheet metal or wooden containers\/cabins the same as shipping containers?<\/div><div class=\"w-tabs-section-control\"><\/div><\/button><div  class=\"w-tabs-section-content\" id=\"content-aadd\" itemscope itemprop=\"acceptedAnswer\" itemtype=\"https:\/\/schema.org\/Answer\"><div class=\"w-tabs-section-content-h i-cf\" itemprop=\"text\"><div class=\"wpb_text_column\"><div class=\"wpb_wrapper\"><p>Plastic, wooden and thin sheet metal products are not comparable to shipping containers. Shipping containers are constructed on a sturdy frame that requires no foundation, can be lifted in one piece, and lasts for decades. In addition, shipping containers are secure and relatively fireproof. Plastic or thin sheet metal products usually require an additional foundation as well as assembly, construction, and fastening.<\/p>\n<\/div><\/div><\/div><\/div><\/div><div class=\"w-tabs-section\" id=\"fc9b\" itemscope itemprop=\"mainEntity\" itemtype=\"https:\/\/schema.org\/Question\"><button class=\"w-tabs-section-header\" aria-controls=\"content-fc9b\" aria-expanded=\"false\"><div class=\"w-tabs-section-title\" itemprop=\"name\">Where and how should be a container installed?<\/div><div class=\"w-tabs-section-control\"><\/div><\/button><div  class=\"w-tabs-section-content\" id=\"content-fc9b\" itemscope itemprop=\"acceptedAnswer\" itemtype=\"https:\/\/schema.org\/Answer\"><div class=\"w-tabs-section-content-h i-cf\" itemprop=\"text\"><div class=\"wpb_text_column\"><div class=\"wpb_wrapper\"><p>Containers are very easy to install and they require no foundation. However, it is important to note that containers are transported and lifted using their four corners. The same rule applies to installation: the container should be supported on all corners. Therefore, all corners should be at roughly the same level. It is not necessary to support the container in the middle, in fact, it may do more harm than good, as the end result may be more uneven.<\/p>\n<\/div><\/div><\/div><\/div><\/div><div class=\"w-tabs-section\" id=\"te21\" itemscope itemprop=\"mainEntity\" itemtype=\"https:\/\/schema.org\/Question\"><button class=\"w-tabs-section-header\" aria-controls=\"content-te21\" aria-expanded=\"false\"><div class=\"w-tabs-section-title\" itemprop=\"name\">Is it possible to select the colour of the container?<\/div><div class=\"w-tabs-section-control\"><\/div><\/button><div  class=\"w-tabs-section-content\" id=\"content-te21\" itemscope itemprop=\"acceptedAnswer\" itemtype=\"https:\/\/schema.org\/Answer\"><div class=\"w-tabs-section-content-h i-cf\" itemprop=\"text\"><div class=\"wpb_text_column\"><div class=\"wpb_wrapper\"><p>Yes, we have a wide selection of different colours in stock at all times. If it should be the case that your desired colour is not currently in stock, we can talk and find a suitable solution. If necessary, we can paint or apply stickers on the container according to the client\u2019s wishes. For instance, we have made many containers featuring the colours of the Olympics. As well as containers with real estate advertisements and red and white water rescue containers.<\/p>\n<\/div><\/div><\/div><\/div><\/div><div class=\"w-tabs-section\" id=\"uf9a\" itemscope itemprop=\"mainEntity\" itemtype=\"https:\/\/schema.org\/Question\"><button class=\"w-tabs-section-header\" aria-controls=\"content-uf9a\" aria-expanded=\"false\"><div class=\"w-tabs-section-title\" itemprop=\"name\">Will the container be shipped to my door?<\/div><div class=\"w-tabs-section-control\"><\/div><\/button><div  class=\"w-tabs-section-content\" id=\"content-uf9a\" itemscope itemprop=\"acceptedAnswer\" itemtype=\"https:\/\/schema.org\/Answer\"><div class=\"w-tabs-section-content-h i-cf\" itemprop=\"text\"><div class=\"wpb_text_column\"><div class=\"wpb_wrapper\"><p>Yes. We have special vehicles to provide transport for containers of all sizes within Europe, including oversized cargo. When ordering a container, keep in mind that heavy goods vehicles will be used for transport, thus the surface should be solid and drivable. Specific transport conditions depend on the container ordered and will be agreed prior to delivery.<\/p>\n<\/div><\/div><\/div><\/div><\/div><div class=\"w-tabs-section\" id=\"q113\" itemscope itemprop=\"mainEntity\" itemtype=\"https:\/\/schema.org\/Question\"><button class=\"w-tabs-section-header\" aria-controls=\"content-q113\" aria-expanded=\"false\"><div class=\"w-tabs-section-title\" itemprop=\"name\">I want to move back home from America or Australia, can you help me?<\/div><div class=\"w-tabs-section-control\"><\/div><\/button><div  class=\"w-tabs-section-content\" id=\"content-q113\" itemscope itemprop=\"acceptedAnswer\" itemtype=\"https:\/\/schema.org\/Answer\"><div class=\"w-tabs-section-content-h i-cf\" itemprop=\"text\"><div class=\"wpb_text_column\"><div class=\"wpb_wrapper\"><p>Yes. We will transport your container by road to your desired location in Europe or, alternatively, you can load or unload the goods in our terminal in Lagedi. We will outsource maritime transport and all necessary declarations from experts in the field with no commission fees.<\/p>\n<\/div><\/div><\/div><\/div><\/div><div class=\"w-tabs-section\" id=\"k28a\" itemscope itemprop=\"mainEntity\" itemtype=\"https:\/\/schema.org\/Question\"><button class=\"w-tabs-section-header\" aria-controls=\"content-k28a\" aria-expanded=\"false\"><div class=\"w-tabs-section-title\" itemprop=\"name\">How much weight is allowed in a container?<\/div><div class=\"w-tabs-section-control\"><\/div><\/button><div  class=\"w-tabs-section-content\" id=\"content-k28a\" itemscope itemprop=\"acceptedAnswer\" itemtype=\"https:\/\/schema.org\/Answer\"><div class=\"w-tabs-section-content-h i-cf\" itemprop=\"text\"><div class=\"wpb_text_column\"><div class=\"wpb_wrapper\"><p>The goods stored in the container must meet the maximum load allowance of the container: for example, a standard 6-metre container can hold approximately 28,000 kg of goods and be transported with this load. For reference, a regular passenger car only weighs 2,000 kg on average, thus the full capacity of the container will not usually be needed in domestic households.<\/p>\n<\/div><\/div><\/div><\/div><\/div><div class=\"w-tabs-section\" id=\"j45d\" itemscope itemprop=\"mainEntity\" itemtype=\"https:\/\/schema.org\/Question\"><button class=\"w-tabs-section-header\" aria-controls=\"content-j45d\" aria-expanded=\"false\"><div class=\"w-tabs-section-title\" itemprop=\"name\">How long will my container last?<\/div><div class=\"w-tabs-section-control\"><\/div><\/button><div  class=\"w-tabs-section-content\" id=\"content-j45d\" itemscope itemprop=\"acceptedAnswer\" itemtype=\"https:\/\/schema.org\/Answer\"><div class=\"w-tabs-section-content-h i-cf\" itemprop=\"text\"><div class=\"wpb_text_column\"><div class=\"wpb_wrapper\"><p>Shipping containers and storage containers are primarily intended for maritime transport or storage, therefore they are extremely weatherproof and can last for decades in outdoor conditions.<\/p>\n<\/div><\/div><\/div><\/div><\/div><div class=\"w-tabs-section\" id=\"i609\" itemscope itemprop=\"mainEntity\" itemtype=\"https:\/\/schema.org\/Question\"><button class=\"w-tabs-section-header\" aria-controls=\"content-i609\" aria-expanded=\"false\"><div class=\"w-tabs-section-title\" itemprop=\"name\">How are containers maintained?<\/div><div class=\"w-tabs-section-control\"><\/div><\/button><div  class=\"w-tabs-section-content\" id=\"content-i609\" itemscope itemprop=\"acceptedAnswer\" itemtype=\"https:\/\/schema.org\/Answer\"><div class=\"w-tabs-section-content-h i-cf\" itemprop=\"text\"><div class=\"wpb_text_column\"><div class=\"wpb_wrapper\"><p>Containers do not require extensive maintenance. If you store dry and clean goods in the container and do not physically damage it, it stays presentable for a long time. If the paintwork of the container gets damaged, the surfaces should be repaired to ensure longer product lifetime. In the case of new storage containers, the doors should be greased every couple of years.<\/p>\n<\/div><\/div><\/div><\/div><\/div><div class=\"w-tabs-section\" id=\"f78a\" itemscope itemprop=\"mainEntity\" itemtype=\"https:\/\/schema.org\/Question\"><button class=\"w-tabs-section-header\" aria-controls=\"content-f78a\" aria-expanded=\"false\"><div class=\"w-tabs-section-title\" itemprop=\"name\">Does a container lose its value fast?<\/div><div class=\"w-tabs-section-control\"><\/div><\/button><div  class=\"w-tabs-section-content\" id=\"content-f78a\" itemscope itemprop=\"acceptedAnswer\" itemtype=\"https:\/\/schema.org\/Answer\"><div class=\"w-tabs-section-content-h i-cf\" itemprop=\"text\"><div class=\"wpb_text_column\"><div class=\"wpb_wrapper\"><p>No. Containers are very durable and stable \u2013 the same can be said for their value. As a result, the price differences between new and used containers are very small.<\/p>\n<\/div><\/div><\/div><\/div><\/div><div class=\"w-tabs-section\" id=\"s8f5\" itemscope itemprop=\"mainEntity\" itemtype=\"https:\/\/schema.org\/Question\"><button class=\"w-tabs-section-header\" aria-controls=\"content-s8f5\" aria-expanded=\"false\"><div class=\"w-tabs-section-title\" itemprop=\"name\">I\u2019ve heard that two containers will be delivered for the price of one, is that true?<\/div><div class=\"w-tabs-section-control\"><\/div><\/button><div  class=\"w-tabs-section-content\" id=\"content-s8f5\" itemscope itemprop=\"acceptedAnswer\" itemtype=\"https:\/\/schema.org\/Answer\"><div class=\"w-tabs-section-content-h i-cf\" itemprop=\"text\"><div class=\"wpb_text_column\"><div class=\"wpb_wrapper\"><p>Yes, that is true! If two containers fit on one vehicle, you only pay for the transport of one container. For example, if you buy two 6-metre shipping containers from us, we can deliver and unload them using only one vehicle, thus the price of delivery stays the same.<\/p>\n<\/div><\/div><\/div><\/div><\/div><div class=\"w-tabs-section\" id=\"ma76\" itemscope itemprop=\"mainEntity\" itemtype=\"https:\/\/schema.org\/Question\"><button class=\"w-tabs-section-header\" aria-controls=\"content-ma76\" aria-expanded=\"false\"><div class=\"w-tabs-section-title\" itemprop=\"name\">Are the containers on your website in stock or is there a longer waiting time?<\/div><div class=\"w-tabs-section-control\"><\/div><\/button><div  class=\"w-tabs-section-content\" id=\"content-ma76\" itemscope itemprop=\"acceptedAnswer\" itemtype=\"https:\/\/schema.org\/Answer\"><div class=\"w-tabs-section-content-h i-cf\" itemprop=\"text\"><div class=\"wpb_text_column\"><div class=\"wpb_wrapper\"><p>The containers advertised on our website are all in stock in the terminal of O\u00dc MIIL and there is no waiting time! If you wish, you can also come see the container in person in our terminal before purchase. Our terminal is located at Valtsi 1, Lagedi, and is open Mon\u2013Fri 8:00\u201318:00 and there is no need to notify us of your visit beforehand. If you have no prior experience with containers, we would be happy to introduce and show them to you.<\/p>\n<\/div><\/div><\/div><\/div><\/div><div class=\"w-tabs-section\" id=\"yc28\" itemscope itemprop=\"mainEntity\" itemtype=\"https:\/\/schema.org\/Question\"><button class=\"w-tabs-section-header\" aria-controls=\"content-yc28\" aria-expanded=\"false\"><div class=\"w-tabs-section-title\" itemprop=\"name\">I am interested in one container, but I cannot install it for another month, would it be possible to store the container with you?<\/div><div class=\"w-tabs-section-control\"><\/div><\/button><div  class=\"w-tabs-section-content\" id=\"content-yc28\" itemscope itemprop=\"acceptedAnswer\" itemtype=\"https:\/\/schema.org\/Answer\"><div class=\"w-tabs-section-content-h i-cf\" itemprop=\"text\"><div class=\"wpb_text_column\"><div class=\"wpb_wrapper\"><p>Yes. We will store any containers purchased from us for a reasonable period of time on our premises free of charge. For example, in circumstances where the ground is too wet and the container cannot be unloaded using heavy machinery.<\/p>\n<\/div><\/div><\/div><\/div><\/div><div class=\"w-tabs-section\" id=\"kdb3\" itemscope itemprop=\"mainEntity\" itemtype=\"https:\/\/schema.org\/Question\"><button class=\"w-tabs-section-header\" aria-controls=\"content-kdb3\" aria-expanded=\"false\"><div class=\"w-tabs-section-title\" itemprop=\"name\">Do you also buy containers?<\/div><div class=\"w-tabs-section-control\"><\/div><\/button><div  class=\"w-tabs-section-content\" id=\"content-kdb3\" itemscope itemprop=\"acceptedAnswer\" itemtype=\"https:\/\/schema.org\/Answer\"><div class=\"w-tabs-section-content-h i-cf\" itemprop=\"text\"><div class=\"wpb_text_column\"><div class=\"wpb_wrapper\"><p>Yes, we buy containers of all sizes. Send us your offer together with photographs, location, and price request at <a href=\"mailto:miil@miil.ee\">miil@miil.ee<\/a>.<\/p>\n<\/div><\/div><\/div><\/div><\/div><div class=\"w-tabs-section\" id=\"bf16\" itemscope itemprop=\"mainEntity\" itemtype=\"https:\/\/schema.org\/Question\"><button class=\"w-tabs-section-header\" aria-controls=\"content-bf16\" aria-expanded=\"false\"><div class=\"w-tabs-section-title\" itemprop=\"name\">Can the locations of the windows and doors of portable cabins be chosen?<\/div><div class=\"w-tabs-section-control\"><\/div><\/button><div  class=\"w-tabs-section-content\" id=\"content-bf16\" itemscope itemprop=\"acceptedAnswer\" itemtype=\"https:\/\/schema.org\/Answer\"><div class=\"w-tabs-section-content-h i-cf\" itemprop=\"text\"><div class=\"wpb_text_column\"><div class=\"wpb_wrapper\"><p>Yes. We sell new portable cabins that are unassembled in the form of panels. In most cases, we assemble the portable cabin within one week and install the door and windows included in the set in your desired location. In addition, we also have already assembled portable cabins in stock which can be delivered within a few days.<\/p>\n<\/div><\/div><\/div><\/div><\/div><div class=\"w-tabs-section\" id=\"z0bd\" itemscope itemprop=\"mainEntity\" itemtype=\"https:\/\/schema.org\/Question\"><button class=\"w-tabs-section-header\" aria-controls=\"content-z0bd\" aria-expanded=\"false\"><div class=\"w-tabs-section-title\" itemprop=\"name\">Can portable cabins be connected with each other?<\/div><div class=\"w-tabs-section-control\"><\/div><\/button><div  class=\"w-tabs-section-content\" id=\"content-z0bd\" itemscope itemprop=\"acceptedAnswer\" itemtype=\"https:\/\/schema.org\/Answer\"><div class=\"w-tabs-section-content-h i-cf\" itemprop=\"text\"><div class=\"wpb_text_column\"><div class=\"wpb_wrapper\"><p>Yes. The portable cabins sold by us can be connected along the longer side to create bigger rooms. We assemble portable cabins according to your wishes in our terminal and use a crane truck to install and connect the cabins at your location.<\/p>\n<\/div><\/div><\/div><\/div><\/div><div class=\"w-tabs-section\" id=\"e285\" itemscope itemprop=\"mainEntity\" itemtype=\"https:\/\/schema.org\/Question\"><button class=\"w-tabs-section-header\" aria-controls=\"content-e285\" aria-expanded=\"false\"><div class=\"w-tabs-section-title\" itemprop=\"name\">Is it possible to buy a container or a office cabin on installment?<\/div><div class=\"w-tabs-section-control\"><\/div><\/button><div  class=\"w-tabs-section-content\" id=\"content-e285\" itemscope itemprop=\"acceptedAnswer\" itemtype=\"https:\/\/schema.org\/Answer\"><div class=\"w-tabs-section-content-h i-cf\" itemprop=\"text\"><div class=\"wpb_text_column\"><div class=\"wpb_wrapper\"><p>Yes, <strong>Buy now, pay later<\/strong><span> option is available:<\/span><br \/>\n<span>For retail customers through our partner\u00a0<\/span><a href=\"https:\/\/inbank.ee\/laen\/vaikelaen\">Inbank.ee<\/a><span>\u00a0using reference code\u00a0<\/span><span>\u201cKONTEINER\u201d.<br \/>\nFor business clients through our partner\u00a0<a href=\"https:\/\/tenor.my.canva.site\/tenor-miil\">Tenor.ee<\/a><\/span><\/p>\n<\/div><\/div><\/div><\/div><\/div><\/div><\/div><\/div><\/div><\/div><\/div><\/div><\/section>\n","protected":false},"excerpt":{"rendered":"What is the difference between a shipping container and a storage container?* Storage container: new storage containers have an easy-open door, additional ventilation, a lock guard, and, in some cases, hinges that can be lubricated. Storage containers have been finished in such a way as to allow them to be used in domestic households for...","protected":false},"author":1,"featured_media":0,"parent":0,"menu_order":0,"comment_status":"closed","ping_status":"closed","template":"","meta":{"_acf_changed":false,"footnotes":""},"class_list":["post-12352","page","type-page","status-publish","hentry"],"acf":[],"yoast_head":"<!-- This site is optimized with the Yoast SEO Premium plugin v23.9 (Yoast SEO v27.5) - https:\/\/yoast.com\/product\/yoast-seo-premium-wordpress\/ -->\n<title>Frequently Asked Questions - Miil O\u00dc<\/title>\n<meta name=\"description\" content=\"Frequently asked questions | Merekonteinerite rent | Soojakute m\u00fc\u00fck | Konteinerite transport | Konteinerite m\u00fc\u00fck | Moodulmajade m\u00fc\u00fck\" \/>\n<meta name=\"robots\" content=\"index, follow, max-snippet:-1, max-image-preview:large, max-video-preview:-1\" \/>\n<link rel=\"canonical\" href=\"https:\/\/miil.dev.almic.ee\/en\/frequently-asked-questions\/\" \/>\n<meta property=\"og:locale\" content=\"en_US\" \/>\n<meta property=\"og:type\" content=\"article\" \/>\n<meta property=\"og:title\" content=\"Frequently Asked Questions\" \/>\n<meta property=\"og:description\" content=\"Frequently asked questions | Merekonteinerite rent | Soojakute m\u00fc\u00fck | Konteinerite transport | Konteinerite m\u00fc\u00fck | Moodulmajade m\u00fc\u00fck\" \/>\n<meta property=\"og:url\" content=\"https:\/\/miil.dev.almic.ee\/en\/frequently-asked-questions\/\" \/>\n<meta property=\"og:site_name\" content=\"Miil O\u00dc\" \/>\n<meta property=\"article:publisher\" content=\"https:\/\/www.facebook.com\/konteinerveod\/\" \/>\n<meta property=\"article:modified_time\" content=\"2024-12-17T09:32:43+00:00\" \/>\n<meta name=\"twitter:card\" content=\"summary_large_image\" \/>\n<meta name=\"twitter:label1\" content=\"Est. reading time\" \/>\n\t<meta name=\"twitter:data1\" content=\"6 minutes\" \/>\n<script type=\"application\/ld+json\" class=\"yoast-schema-graph\">{\"@context\":\"https:\\\/\\\/schema.org\",\"@graph\":[{\"@type\":\"WebPage\",\"@id\":\"https:\\\/\\\/miil.dev.almic.ee\\\/en\\\/frequently-asked-questions\\\/\",\"url\":\"https:\\\/\\\/miil.dev.almic.ee\\\/en\\\/frequently-asked-questions\\\/\",\"name\":\"Frequently Asked Questions - Miil O\u00dc\",\"isPartOf\":{\"@id\":\"https:\\\/\\\/miil.dev.almic.ee\\\/#website\"},\"datePublished\":\"2022-07-28T06:23:59+00:00\",\"dateModified\":\"2024-12-17T09:32:43+00:00\",\"description\":\"Frequently asked questions | Merekonteinerite rent | Soojakute m\u00fc\u00fck | Konteinerite transport | Konteinerite m\u00fc\u00fck | Moodulmajade m\u00fc\u00fck\",\"breadcrumb\":{\"@id\":\"https:\\\/\\\/miil.dev.almic.ee\\\/en\\\/frequently-asked-questions\\\/#breadcrumb\"},\"inLanguage\":\"en-US\",\"potentialAction\":[{\"@type\":\"ReadAction\",\"target\":[\"https:\\\/\\\/miil.dev.almic.ee\\\/en\\\/frequently-asked-questions\\\/\"]}]},{\"@type\":\"BreadcrumbList\",\"@id\":\"https:\\\/\\\/miil.dev.almic.ee\\\/en\\\/frequently-asked-questions\\\/#breadcrumb\",\"itemListElement\":[{\"@type\":\"ListItem\",\"position\":1,\"name\":\"Home\",\"item\":\"https:\\\/\\\/miil.dev.almic.ee\\\/en\\\/\"},{\"@type\":\"ListItem\",\"position\":2,\"name\":\"Frequently Asked Questions\"}]},{\"@type\":\"WebSite\",\"@id\":\"https:\\\/\\\/miil.dev.almic.ee\\\/#website\",\"url\":\"https:\\\/\\\/miil.dev.almic.ee\\\/\",\"name\":\"Miil O\u00dc\",\"description\":\"Konteinerveod\",\"publisher\":{\"@id\":\"https:\\\/\\\/miil.dev.almic.ee\\\/#organization\"},\"potentialAction\":[{\"@type\":\"SearchAction\",\"target\":{\"@type\":\"EntryPoint\",\"urlTemplate\":\"https:\\\/\\\/miil.dev.almic.ee\\\/?s={search_term_string}\"},\"query-input\":{\"@type\":\"PropertyValueSpecification\",\"valueRequired\":true,\"valueName\":\"search_term_string\"}}],\"inLanguage\":\"en-US\"},{\"@type\":\"Organization\",\"@id\":\"https:\\\/\\\/miil.dev.almic.ee\\\/#organization\",\"name\":\"Miil O\u00dc\",\"url\":\"https:\\\/\\\/miil.dev.almic.ee\\\/\",\"logo\":{\"@type\":\"ImageObject\",\"inLanguage\":\"en-US\",\"@id\":\"https:\\\/\\\/miil.dev.almic.ee\\\/#\\\/schema\\\/logo\\\/image\\\/\",\"url\":\"https:\\\/\\\/www.miil.ee\\\/wp-content\\\/uploads\\\/2022\\\/02\\\/Miil-logo.svg\",\"contentUrl\":\"https:\\\/\\\/www.miil.ee\\\/wp-content\\\/uploads\\\/2022\\\/02\\\/Miil-logo.svg\",\"width\":\"1024\",\"height\":\"1024\",\"caption\":\"Miil O\u00dc\"},\"image\":{\"@id\":\"https:\\\/\\\/miil.dev.almic.ee\\\/#\\\/schema\\\/logo\\\/image\\\/\"},\"sameAs\":[\"https:\\\/\\\/www.facebook.com\\\/konteinerveod\\\/\",\"https:\\\/\\\/www.instagram.com\\\/ou_miil\\\/\"]}]}<\/script>\n<!-- \/ Yoast SEO Premium plugin. -->","yoast_head_json":{"title":"Frequently Asked Questions - Miil O\u00dc","description":"Frequently asked questions | Merekonteinerite rent | Soojakute m\u00fc\u00fck | Konteinerite transport | Konteinerite m\u00fc\u00fck | Moodulmajade m\u00fc\u00fck","robots":{"index":"index","follow":"follow","max-snippet":"max-snippet:-1","max-image-preview":"max-image-preview:large","max-video-preview":"max-video-preview:-1"},"canonical":"https:\/\/miil.dev.almic.ee\/en\/frequently-asked-questions\/","og_locale":"en_US","og_type":"article","og_title":"Frequently Asked Questions","og_description":"Frequently asked questions | Merekonteinerite rent | Soojakute m\u00fc\u00fck | Konteinerite transport | Konteinerite m\u00fc\u00fck | Moodulmajade m\u00fc\u00fck","og_url":"https:\/\/miil.dev.almic.ee\/en\/frequently-asked-questions\/","og_site_name":"Miil O\u00dc","article_publisher":"https:\/\/www.facebook.com\/konteinerveod\/","article_modified_time":"2024-12-17T09:32:43+00:00","twitter_card":"summary_large_image","twitter_misc":{"Est. reading time":"6 minutes"},"schema":{"@context":"https:\/\/schema.org","@graph":[{"@type":"WebPage","@id":"https:\/\/miil.dev.almic.ee\/en\/frequently-asked-questions\/","url":"https:\/\/miil.dev.almic.ee\/en\/frequently-asked-questions\/","name":"Frequently Asked Questions - Miil O\u00dc","isPartOf":{"@id":"https:\/\/miil.dev.almic.ee\/#website"},"datePublished":"2022-07-28T06:23:59+00:00","dateModified":"2024-12-17T09:32:43+00:00","description":"Frequently asked questions | Merekonteinerite rent | Soojakute m\u00fc\u00fck | Konteinerite transport | Konteinerite m\u00fc\u00fck | Moodulmajade m\u00fc\u00fck","breadcrumb":{"@id":"https:\/\/miil.dev.almic.ee\/en\/frequently-asked-questions\/#breadcrumb"},"inLanguage":"en-US","potentialAction":[{"@type":"ReadAction","target":["https:\/\/miil.dev.almic.ee\/en\/frequently-asked-questions\/"]}]},{"@type":"BreadcrumbList","@id":"https:\/\/miil.dev.almic.ee\/en\/frequently-asked-questions\/#breadcrumb","itemListElement":[{"@type":"ListItem","position":1,"name":"Home","item":"https:\/\/miil.dev.almic.ee\/en\/"},{"@type":"ListItem","position":2,"name":"Frequently Asked Questions"}]},{"@type":"WebSite","@id":"https:\/\/miil.dev.almic.ee\/#website","url":"https:\/\/miil.dev.almic.ee\/","name":"Miil O\u00dc","description":"Konteinerveod","publisher":{"@id":"https:\/\/miil.dev.almic.ee\/#organization"},"potentialAction":[{"@type":"SearchAction","target":{"@type":"EntryPoint","urlTemplate":"https:\/\/miil.dev.almic.ee\/?s={search_term_string}"},"query-input":{"@type":"PropertyValueSpecification","valueRequired":true,"valueName":"search_term_string"}}],"inLanguage":"en-US"},{"@type":"Organization","@id":"https:\/\/miil.dev.almic.ee\/#organization","name":"Miil O\u00dc","url":"https:\/\/miil.dev.almic.ee\/","logo":{"@type":"ImageObject","inLanguage":"en-US","@id":"https:\/\/miil.dev.almic.ee\/#\/schema\/logo\/image\/","url":"https:\/\/www.miil.ee\/wp-content\/uploads\/2022\/02\/Miil-logo.svg","contentUrl":"https:\/\/www.miil.ee\/wp-content\/uploads\/2022\/02\/Miil-logo.svg","width":"1024","height":"1024","caption":"Miil O\u00dc"},"image":{"@id":"https:\/\/miil.dev.almic.ee\/#\/schema\/logo\/image\/"},"sameAs":["https:\/\/www.facebook.com\/konteinerveod\/","https:\/\/www.instagram.com\/ou_miil\/"]}]}},"_links":{"self":[{"href":"https:\/\/miil.dev.almic.ee\/en\/wp-json\/wp\/v2\/pages\/12352","targetHints":{"allow":["GET"]}}],"collection":[{"href":"https:\/\/miil.dev.almic.ee\/en\/wp-json\/wp\/v2\/pages"}],"about":[{"href":"https:\/\/miil.dev.almic.ee\/en\/wp-json\/wp\/v2\/types\/page"}],"author":[{"embeddable":true,"href":"https:\/\/miil.dev.almic.ee\/en\/wp-json\/wp\/v2\/users\/1"}],"replies":[{"embeddable":true,"href":"https:\/\/miil.dev.almic.ee\/en\/wp-json\/wp\/v2\/comments?post=12352"}],"version-history":[{"count":0,"href":"https:\/\/miil.dev.almic.ee\/en\/wp-json\/wp\/v2\/pages\/12352\/revisions"}],"wp:attachment":[{"href":"https:\/\/miil.dev.almic.ee\/en\/wp-json\/wp\/v2\/media?parent=12352"}],"curies":[{"name":"wp","href":"https:\/\/api.w.org\/{rel}","templated":true}]}}